{"id":883,"date":"2021-01-24T21:24:11","date_gmt":"2021-01-24T20:24:11","guid":{"rendered":"https:\/\/gesiic-sorbonne.fr\/?page_id=883"},"modified":"2026-01-27T21:46:07","modified_gmt":"2026-01-27T20:46:07","slug":"modalites-de-candidature-en-master-ii","status":"publish","type":"page","link":"https:\/\/gesiic-sorbonne.fr\/?page_id=883","title":{"rendered":"MODALIT\u00c9S DE CANDIDATURE EN MASTER II"},"content":{"rendered":"\n<p>Cette page pr\u00e9sente les modalit\u00e9 de candidature en Master 2 (pour le master 1, cf. <a href=\"https:\/\/gesiic-sorbonne.fr\/?page_id=879\" target=\"_blank\" rel=\"noreferrer noopener\"><mark style=\"background-color:rgba(0, 0, 0, 0)\" class=\"has-inline-color has-vivid-cyan-blue-color\">ici<\/mark><\/a>) et pour les candidatures \u00e9trang\u00e8res <a href=\"https:\/\/gesiic-sorbonne.fr\/?page_id=3402\" target=\"_blank\" rel=\"noreferrer noopener\"><mark style=\"background-color:rgba(0, 0, 0, 0)\" class=\"has-inline-color has-vivid-cyan-blue-color\">l\u00e0<\/mark><\/a>.<\/p>\n\n\n\n<h3 class=\"wp-block-heading\">CONDITIONS D&rsquo;ADMISSION EN SECONDE ANN\u00c9E<\/h3>\n\n\n\n<p><strong>Pour la formation continue (FC) :<\/strong><\/p>\n\n\n\n<p>Professionnels avec plusieurs ann\u00e9es d\u2019exp\u00e9rience souhaitant compl\u00e9ter leur formation initiale (ing\u00e9nieurs, juristes, architectes, cadres d\u2019entreprise ou collectivit\u00e9s territoriales&#8230;). Voir la page&nbsp;<a href=\"https:\/\/gesiic-sorbonne.fr\/?page_id=913\"><span class=\"has-inline-color has-vivid-cyan-blue-color\">Co\u00fbt de la formation<\/span><\/a>.<\/p>\n\n\n\n<p>Pour les professionnels ne disposant pas d&rsquo;un dipl\u00f4me Bac + 4, la candidature au master GESIIC s&rsquo;accompagne d&rsquo;une proc\u00e9dure de Validation des \u00e9tudes, exp\u00e9riences professionnelles, ou acquis personnels (<a href=\"https:\/\/www.studyrama.com\/pro\/videos\/qu-est-ce-que-la-vapp-validation-des-acquis-professionnels-et-personnels-22009.html\" target=\"_blank\" rel=\"noreferrer noopener\"><mark style=\"background-color:rgba(0, 0, 0, 0)\" class=\"has-inline-color has-vivid-cyan-blue-color\">VAPP<\/mark><\/a>) afin de permettre l&rsquo;inscription dans un master 2. Cette <a href=\"https:\/\/formation-continue.pantheonsorbonne.fr\/valider-ses-acquis\/valider-ses-acquis-personnels-et-professionnels-vapp\"><mark style=\"background-color:rgba(0, 0, 0, 0)\" class=\"has-inline-color has-vivid-cyan-blue-color\">proc\u00e9dure de VAPP<\/mark><\/a> <mark style=\"background-color:rgba(0, 0, 0, 0)\" class=\"has-inline-color has-vivid-cyan-blue-color\"><\/mark>n\u00e9cessite le d\u00e9p\u00f4t d&rsquo;un dossier qui \u00e0 partir de cette ann\u00e9e se fera aussi dans Ecandidat. <\/p>\n\n\n\n<p><strong>Pour la formation initiale (FI) :<\/strong><\/p>\n\n\n\n<p>Etudiants titulaires au minimum d\u2019un Bac + 4 (universit\u00e9, \u00e9coles&#8230;).<\/p>\n\n\n\n<p>Le master GESIIC dispose d&rsquo;un master 1 propre qui est une\u00a0<span class=\"has-inline-color has-vivid-cyan-blue-color\"><a href=\"https:\/\/gesiic-sorbonne.fr\/?page_id=3701\" target=\"_blank\" rel=\"noreferrer noopener\">voie naturelle pour entrer au M2 GESIIC<\/a><\/span>, mais tout bon \u00e9tudiant d&rsquo;un bon dipl\u00f4me de Bac+4 dans un domaine correspondant au GESIIC (gestion, \u00e9conomie, droit, architecture, urbanisme, ing\u00e9nierie&#8230;) a ses chances d&rsquo;int\u00e9grer la seconde ann\u00e9e.<\/p>\n\n\n\n<p><em>Les \u00e9tudiants en formation initiale devront suivre pendant l&rsquo;ann\u00e9e <em>un contrat de professionnalisation<\/em><\/em> <em>(voire un stage pour ceux qui ne peuvent pas). Nous n&rsquo;encourageons pas les candidats \u00e0 d\u00e9marcher les entreprises avant d&rsquo;avoir \u00e9t\u00e9 admis, car ils auront de multiples occasions ensuite (notre jobdating, les offres re\u00e7ues par le master au fil de l&rsquo;eau, leurs recherches&#8230;).&nbsp;<\/em><\/p>\n\n\n\n<div class=\"wp-block-media-text alignwide has-media-on-the-right is-stacked-on-mobile\" style=\"grid-template-columns:auto 18%\"><div class=\"wp-block-media-text__content\">\n<h3 class=\"wp-block-heading\">CANDIDATURE EN SECONDE ANN\u00c9E<\/h3>\n\n\n\n<p>Les candidats au Master 2 en&nbsp;<strong>formation initiale&nbsp;<\/strong>et en&nbsp;<strong>formation continue&nbsp;<\/strong>candidatent au master GESIIC \u00e0 travers une application :&nbsp;<a href=\"https:\/\/ecandidat.univ-paris1.fr\/\" target=\"_blank\" rel=\"noreferrer noopener\"><strong><mark style=\"background-color:rgba(0, 0, 0, 0)\" class=\"has-inline-color has-vivid-cyan-blue-color\">eCandidat<\/mark><\/strong><\/a>. Vous trouverez les pi\u00e8ces n\u00e9cessaires pour votre candidature sur ecandidat.<\/p>\n\n\n\n<p>Dans ecandidat, vous trouverez le master 2 GESIIC :<br>&#8211; pour les FI : dans Candidature Management : formations niveau Master 2 \/ Master 2<br>&#8211; pour les FC : dans Candidature FCPS Droit ou Gestion : formation continue niveau Master 2 \/ Master 2<\/p>\n\n\n\n<p>Apr\u00e8s \u00e9tude du dossier de candidature, les candidats admissibles seront convoqu\u00e9s pour des entretiens de s\u00e9lection par un jury d&rsquo;admission (compos\u00e9 d&rsquo;enseignants du master et de professionnels du secteur). Ils seront inform\u00e9s de la date et de l&rsquo;heure de leur audition et les autres candidats recevront la d\u00e9cision finale de la commission p\u00e9dagogique.<\/p>\n\n\n\n<p>&#8211; D\u00e9p\u00f4t des dossiers :&nbsp;du <mark style=\"background-color:rgba(0, 0, 0, 0)\" class=\"has-inline-color has-vivid-red-color\"><strong>23 F\u00e9vrier au 18 Mars 2026<\/strong><\/mark><strong>. <\/strong><br>&#8211; Jury d&rsquo;admission (pour les candidats admissibles) : 7-10 avril 2026 (en pr\u00e9sentiel, ou distanciel pour les personnes en poste \u00e0 l&rsquo;\u00e9tranger)<br>&#8211; Communication des r\u00e9sultats (de l&rsquo;admission) : avant la fin avril 2026.<\/p>\n\n\n\n<p><em>(Pour l&rsquo;admissibilit\u00e9 comme pour l&rsquo;admission, il est inutile d&rsquo;\u00e9crire pour conna\u00eetre l&rsquo;\u00e9tat de la candidature, toutes nos r\u00e9ponses se feront par ecandidat.)<\/em><\/p>\n<\/div><figure class=\"wp-block-media-text__media\"><img loading=\"lazy\" decoding=\"async\" width=\"140\" height=\"420\" src=\"https:\/\/gesiic-sorbonne.fr\/wp-content\/uploads\/2021\/04\/csm_assistance-telephonique-2016_95a50d91dd.jpg\" alt=\"\" class=\"wp-image-1782 size-full\" srcset=\"https:\/\/gesiic-sorbonne.fr\/wp-content\/uploads\/2021\/04\/csm_assistance-telephonique-2016_95a50d91dd.jpg 140w, https:\/\/gesiic-sorbonne.fr\/wp-content\/uploads\/2021\/04\/csm_assistance-telephonique-2016_95a50d91dd-100x300.jpg 100w\" sizes=\"auto, (max-width: 140px) 100vw, 140px\" \/><\/figure><\/div>\n\n\n\n<p><strong>PREPARATION DE VOTRE CANDIDATURE<\/strong><\/p>\n\n\n\n<p>Pour pr\u00e9parer votre candidature au Master GESIIC, nous vous recommandons de parcourir les diff\u00e9rentes informations de ce site internet. Vous pouvez, en plus rencontrer les \u00e9tudiants et responsables de ce master sur les diff\u00e9rents salons o\u00f9 nous serons pr\u00e9sents (cf. <a href=\"https:\/\/gesiic-sorbonne.fr\/?page_id=611\" target=\"_blank\" rel=\"noreferrer noopener\"><mark style=\"background-color:rgba(0, 0, 0, 0)\" class=\"has-inline-color has-vivid-cyan-blue-color\">liste actualis\u00e9e en bas de cette page<\/mark><\/a>).<\/p>\n\n\n\n<p><mark style=\"background-color:rgba(0, 0, 0, 0)\" class=\"has-inline-color has-vivid-red-color\">Important <\/mark>: La proc\u00e9dure pr\u00e9sent\u00e9e ci-dessous ne concerne que les candidat(e)s ayant d\u00e9j\u00e0 un dipl\u00f4me de bac+4 ou de bac+5. Dans le cas contraire, c\u2019est <a href=\"https:\/\/gesiic-sorbonne.fr\/?page_id=879\" target=\"_blank\" rel=\"noreferrer noopener\"><mark style=\"background-color:rgba(0, 0, 0, 0)\" class=\"has-inline-color has-vivid-cyan-blue-color\">une candidature en Master 1<\/mark><\/a> qu\u2019il faut consid\u00e9rer. Pour les candidats \u00e9trangers, voir la <a href=\"https:\/\/gesiic-sorbonne.fr\/?page_id=3402\" target=\"_blank\" rel=\"noreferrer noopener\"><mark style=\"background-color:rgba(0, 0, 0, 0)\" class=\"has-inline-color has-vivid-cyan-blue-color\">page pr\u00e9vue \u00e0 cet effet<\/mark><\/a>.<\/p>\n","protected":false},"excerpt":{"rendered":"<p>Cette page pr\u00e9sente les modalit\u00e9 de candidature en Master 2 (pour le master 1, cf. ici) et pour les candidatures &hellip; <\/p>\n","protected":false},"author":13,"featured_media":0,"parent":619,"menu_order":0,"comment_status":"closed","ping_status":"closed","template":"","meta":{"_cbd_carousel_blocks":"[]","_monsterinsights_skip_tracking":false,"_monsterinsights_sitenote_active":false,"_monsterinsights_sitenote_note":"","_monsterinsights_sitenote_category":0,"footnotes":""},"class_list":["post-883","page","type-page","status-publish","hentry"],"yoast_head":"<!-- This site is optimized with the Yoast SEO plugin v16.1.1 - https:\/\/yoast.com\/wordpress\/plugins\/seo\/ -->\n<title>MODALIT\u00c9S DE CANDIDATURE EN MASTER II - Gestion et Strat\u00e9gie de l&#039;Investissement Immobilier et de la Construction<\/title>\n<link rel=\"canonical\" href=\"https:\/\/gesiic-sorbonne.fr\/?page_id=883\" \/>\n<meta property=\"og:locale\" content=\"fr_FR\" \/>\n<meta property=\"og:type\" content=\"article\" \/>\n<meta property=\"og:title\" content=\"MODALIT\u00c9S DE CANDIDATURE EN MASTER II - Gestion et Strat\u00e9gie de l&#039;Investissement Immobilier et de la Construction\" \/>\n<meta property=\"og:description\" content=\"Cette page pr\u00e9sente les modalit\u00e9 de candidature en Master 2 (pour le master 1, cf. ici) et pour les candidatures &hellip;\" \/>\n<meta property=\"og:url\" content=\"https:\/\/gesiic-sorbonne.fr\/?page_id=883\" \/>\n<meta property=\"og:site_name\" content=\"Gestion et Strat\u00e9gie de l&#039;Investissement Immobilier et de la Construction\" \/>\n<meta property=\"article:modified_time\" content=\"2026-01-27T20:46:07+00:00\" \/>\n<meta property=\"og:image\" content=\"https:\/\/gesiic-sorbonne.fr\/wp-content\/uploads\/2021\/04\/csm_assistance-telephonique-2016_95a50d91dd.jpg\" \/>\n<meta name=\"twitter:card\" content=\"summary_large_image\" \/>\n<meta name=\"twitter:site\" content=\"@gesiic_sorbonne\" \/>\n<meta name=\"twitter:label1\" content=\"Dur\u00e9e de lecture est.\">\n\t<meta name=\"twitter:data1\" content=\"3 minutes\">\n<script type=\"application\/ld+json\" class=\"yoast-schema-graph\">{\"@context\":\"https:\/\/schema.org\",\"@graph\":[{\"@type\":\"Organization\",\"@id\":\"https:\/\/gesiic-sorbonne.fr\/#organization\",\"name\":\"Master GESIIC de l'universit\\u00e9 Paris I\",\"url\":\"https:\/\/gesiic-sorbonne.fr\/\",\"sameAs\":[\"https:\/\/www.instagram.com\/master2gesiic\/?hl=en\",\"https:\/\/www.linkedin.com\/company\/m2-gesiic\/\",\"https:\/\/twitter.com\/gesiic_sorbonne\"],\"logo\":{\"@type\":\"ImageObject\",\"@id\":\"https:\/\/gesiic-sorbonne.fr\/#logo\",\"inLanguage\":\"fr-FR\",\"url\":\"https:\/\/gesiic-sorbonne.fr\/wp-content\/uploads\/2020\/12\/logo-master-1.png\",\"contentUrl\":\"https:\/\/gesiic-sorbonne.fr\/wp-content\/uploads\/2020\/12\/logo-master-1.png\",\"width\":318,\"height\":226,\"caption\":\"Master GESIIC de l'universit\\u00e9 Paris I\"},\"image\":{\"@id\":\"https:\/\/gesiic-sorbonne.fr\/#logo\"}},{\"@type\":\"WebSite\",\"@id\":\"https:\/\/gesiic-sorbonne.fr\/#website\",\"url\":\"https:\/\/gesiic-sorbonne.fr\/\",\"name\":\"Gestion et Strat\\u00e9gie de l'Investissement Immobilier et de la Construction\",\"description\":\"Nous formons les promoteurs et investisseurs immobiliers de demain qui fa\\u00e7onneront les villes d&#039;apr\\u00e8s-demain\",\"publisher\":{\"@id\":\"https:\/\/gesiic-sorbonne.fr\/#organization\"},\"potentialAction\":[{\"@type\":\"SearchAction\",\"target\":\"https:\/\/gesiic-sorbonne.fr\/?s={search_term_string}\",\"query-input\":\"required name=search_term_string\"}],\"inLanguage\":\"fr-FR\"},{\"@type\":\"ImageObject\",\"@id\":\"https:\/\/gesiic-sorbonne.fr\/?page_id=883#primaryimage\",\"inLanguage\":\"fr-FR\",\"url\":\"https:\/\/gesiic-sorbonne.fr\/wp-content\/uploads\/2021\/04\/csm_assistance-telephonique-2016_95a50d91dd.jpg\",\"contentUrl\":\"https:\/\/gesiic-sorbonne.fr\/wp-content\/uploads\/2021\/04\/csm_assistance-telephonique-2016_95a50d91dd.jpg\",\"width\":140,\"height\":420},{\"@type\":\"WebPage\",\"@id\":\"https:\/\/gesiic-sorbonne.fr\/?page_id=883#webpage\",\"url\":\"https:\/\/gesiic-sorbonne.fr\/?page_id=883\",\"name\":\"MODALIT\\u00c9S DE CANDIDATURE EN MASTER II - Gestion et Strat\\u00e9gie de l&#039;Investissement Immobilier et de la Construction\",\"isPartOf\":{\"@id\":\"https:\/\/gesiic-sorbonne.fr\/#website\"},\"primaryImageOfPage\":{\"@id\":\"https:\/\/gesiic-sorbonne.fr\/?page_id=883#primaryimage\"},\"datePublished\":\"2021-01-24T20:24:11+00:00\",\"dateModified\":\"2026-01-27T20:46:07+00:00\",\"breadcrumb\":{\"@id\":\"https:\/\/gesiic-sorbonne.fr\/?page_id=883#breadcrumb\"},\"inLanguage\":\"fr-FR\",\"potentialAction\":[{\"@type\":\"ReadAction\",\"target\":[\"https:\/\/gesiic-sorbonne.fr\/?page_id=883\"]}]},{\"@type\":\"BreadcrumbList\",\"@id\":\"https:\/\/gesiic-sorbonne.fr\/?page_id=883#breadcrumb\",\"itemListElement\":[{\"@type\":\"ListItem\",\"position\":1,\"item\":{\"@type\":\"WebPage\",\"@id\":\"https:\/\/gesiic-sorbonne.fr\/\",\"url\":\"https:\/\/gesiic-sorbonne.fr\/\",\"name\":\"Accueil\"}},{\"@type\":\"ListItem\",\"position\":2,\"item\":{\"@type\":\"WebPage\",\"@id\":\"https:\/\/gesiic-sorbonne.fr\/?page_id=611\",\"url\":\"https:\/\/gesiic-sorbonne.fr\/?page_id=611\",\"name\":\"PR\\u00c9SENTATION\"}},{\"@type\":\"ListItem\",\"position\":3,\"item\":{\"@type\":\"WebPage\",\"@id\":\"https:\/\/gesiic-sorbonne.fr\/?page_id=619\",\"url\":\"https:\/\/gesiic-sorbonne.fr\/?page_id=619\",\"name\":\"MASTER II\"}},{\"@type\":\"ListItem\",\"position\":4,\"item\":{\"@type\":\"WebPage\",\"@id\":\"https:\/\/gesiic-sorbonne.fr\/?page_id=883\",\"url\":\"https:\/\/gesiic-sorbonne.fr\/?page_id=883\",\"name\":\"MODALIT\\u00c9S DE CANDIDATURE EN MASTER II\"}}]}]}<\/script>\n<!-- \/ Yoast SEO plugin. -->","_links":{"self":[{"href":"https:\/\/gesiic-sorbonne.fr\/index.php?rest_route=\/wp\/v2\/pages\/883","targetHints":{"allow":["GET"]}}],"collection":[{"href":"https:\/\/gesiic-sorbonne.fr\/index.php?rest_route=\/wp\/v2\/pages"}],"about":[{"href":"https:\/\/gesiic-sorbonne.fr\/index.php?rest_route=\/wp\/v2\/types\/page"}],"author":[{"embeddable":true,"href":"https:\/\/gesiic-sorbonne.fr\/index.php?rest_route=\/wp\/v2\/users\/13"}],"replies":[{"embeddable":true,"href":"https:\/\/gesiic-sorbonne.fr\/index.php?rest_route=%2Fwp%2Fv2%2Fcomments&post=883"}],"version-history":[{"count":42,"href":"https:\/\/gesiic-sorbonne.fr\/index.php?rest_route=\/wp\/v2\/pages\/883\/revisions"}],"predecessor-version":[{"id":4075,"href":"https:\/\/gesiic-sorbonne.fr\/index.php?rest_route=\/wp\/v2\/pages\/883\/revisions\/4075"}],"up":[{"embeddable":true,"href":"https:\/\/gesiic-sorbonne.fr\/index.php?rest_route=\/wp\/v2\/pages\/619"}],"wp:attachment":[{"href":"https:\/\/gesiic-sorbonne.fr\/index.php?rest_route=%2Fwp%2Fv2%2Fmedia&parent=883"}],"curies":[{"name":"wp","href":"https:\/\/api.w.org\/{rel}","templated":true}]}}