{"id":879,"date":"2021-01-24T21:18:47","date_gmt":"2021-01-24T20:18:47","guid":{"rendered":"https:\/\/gesiic-sorbonne.fr\/?page_id=879"},"modified":"2026-01-27T21:51:53","modified_gmt":"2026-01-27T20:51:53","slug":"modalites-de-candidature-en-master-i","status":"publish","type":"page","link":"https:\/\/gesiic-sorbonne.fr\/?page_id=879","title":{"rendered":"MODALIT\u00c9S DE CANDIDATURE EN MASTER I"},"content":{"rendered":"\n<div class=\"wp-block-media-text alignwide has-media-on-the-right is-stacked-on-mobile\" style=\"grid-template-columns:auto 21%\"><div class=\"wp-block-media-text__content\">\n<h3 class=\"wp-block-heading\" id=\"candidature-pour-la-premiere-annee\">CANDIDATURE POUR LA PREMI\u00c8RE ANN\u00c9E<\/h3>\n\n\n\n<p><mark style=\"background-color:rgba(0, 0, 0, 0)\" class=\"has-inline-color has-vivid-red-color\"><\/mark><\/p>\n\n\n\n<p><strong>MODALITES ET CALENDRIER<\/strong><\/p>\n\n\n\n<p>Apr\u00e8s \u00e9tude du dossier de candidature, les candidats admissibles seront convoqu\u00e9s pour des entretiens de s\u00e9lection par un jury d\u2019admission (compos\u00e9 d\u2019enseignants du master et de professionnels du secteur). Ils seront inform\u00e9s de la date et de l\u2019heure de leur audition et les autres candidats recevront la d\u00e9cision finale de la commission p\u00e9dagogique. Il leur sera demand\u00e9 de pr\u00e9ciser s&rsquo;ils candidatent pour le parcours RED ou REIM.<\/p>\n\n\n\n<p>Votre candidature en M1 se fera sur le site <a href=\"http:\/\/monmaster.gouv.fr\" target=\"_blank\" rel=\"noreferrer noopener\"><strong>Monmaster<\/strong><\/a>, dans lequel le master GESIIC appara\u00eet comme le parcours GESIIC de la mention <strong><mark style=\"background-color:rgba(0, 0, 0, 0)\" class=\"has-inline-color has-vivid-red-color\">Management Sectoriel<\/mark><\/strong> (et non plus Management strat\u00e9gique comme jusqu&rsquo;en 2024). Prochainement, le lien vers <strong><a href=\"https:\/\/monmaster.gouv.fr\/formation\/0751717J\/2500065W82H1\/detail\" target=\"_blank\" rel=\"noreferrer noopener\"><mark style=\"background-color:rgba(0, 0, 0, 0)\" class=\"has-inline-color has-vivid-cyan-blue-color\">sa fiche<\/mark><\/a><\/strong>. Attention : le master GESIIC \u00e9tant en alternance, les dates de candidatures correspondent au calendrier Monmaster pour les formations en alternance.<\/p>\n\n\n\n<p>Calendrier de la proc\u00e9dure (nationale) MonMaster :<\/p>\n\n\n\n<p>\u2013 D\u00e9p\u00f4t des dossiers sur <a href=\"http:\/\/monmaster.gouv.fr\" target=\"_blank\" rel=\"noreferrer noopener\">Monmaster<\/a> :&nbsp;du <strong><mark style=\"background-color:rgba(0, 0, 0, 0)\" class=\"has-inline-color has-vivid-red-color\">17 f\u00e9vrier au 16 mars 2026<\/mark>.<\/strong><br>\u2013 Examen des candidatures : <br>\u2013 Entretien d\u2019admission (pour les candidats admissibles) : <strong><mark style=\"background-color:rgba(0, 0, 0, 0)\" class=\"has-inline-color has-vivid-red-color\">avril 2026 <\/mark><\/strong>(probablement)<br>\u2013 Communication des r\u00e9sultats (de l\u2019admission) : 30 avril 2026 (pour l&rsquo;alternance) et 12 juin 2026 (pour les FI).<\/p>\n\n\n\n<p><\/p>\n\n\n\n<p><em>(Pour l&rsquo;admissibilit\u00e9 comme pour l&rsquo;admission, il est inutile d&rsquo;\u00e9crire pour conna\u00eetre l&rsquo;\u00e9tat de la candidature, toutes nos r\u00e9ponses se feront par la plateforme de candidature. Pour toute question relative \u00e0 la plate-forme, le minist\u00e8re a cr\u00e9\u00e9 un num\u00e9ro vert (op\u00e9r\u00e9 par l&rsquo;ONISEP et disponible du lundi au vendredi entre 10h et 12h30 et 13h30 et 17h<\/em>) : 0800 002 001<em>)<\/em><\/p>\n\n\n\n<p><strong>PREPARATION DE VOTRE CANDIDATURE<\/strong><\/p>\n\n\n\n<p>Pour pr\u00e9parer votre candidature au Master GESIIC, nous vous recommandons de parcourir les diff\u00e9rentes informations de ce site internet. Vous pouvez, en plus rencontrer les \u00e9tudiants et responsables de ce master sur les diff\u00e9rents salons o\u00f9 nous serons pr\u00e9sents (cf. <a href=\"https:\/\/gesiic-sorbonne.fr\/?page_id=611\" target=\"_blank\" rel=\"noreferrer noopener\"><mark style=\"background-color:rgba(0, 0, 0, 0)\" class=\"has-inline-color has-vivid-cyan-blue-color\">liste actualis\u00e9e en bas de cette page<\/mark><\/a>).<\/p>\n\n\n\n<p><mark style=\"background-color:rgba(0, 0, 0, 0)\" class=\"has-inline-color has-vivid-red-color\">Important <\/mark>: La proc\u00e9dure pr\u00e9sent\u00e9e ci-dessous ne concerne que les candidat(e)s n\u2019ayant pas encore de dipl\u00f4me de bac+4 (ou ne pr\u00e9voyant pas de l&rsquo;obtenir dans les mois qui viennent). Dans le cas contraire, c\u2019est <a href=\"https:\/\/gesiic-sorbonne.fr\/?page_id=619\" target=\"_blank\" rel=\"noreferrer noopener\"><mark style=\"background-color:rgba(0, 0, 0, 0)\" class=\"has-inline-color has-vivid-cyan-blue-color\">une candidature en Master 2<\/mark><\/a> qu\u2019il faut consid\u00e9rer. Pour les candidats \u00e9trangers, voir la <a href=\"https:\/\/gesiic-sorbonne.fr\/?page_id=3402\" target=\"_blank\" rel=\"noreferrer noopener\"><mark style=\"background-color:rgba(0, 0, 0, 0)\" class=\"has-inline-color has-vivid-cyan-blue-color\">page pr\u00e9vue \u00e0 cet effet<\/mark><\/a>.<\/p>\n<\/div><figure class=\"wp-block-media-text__media\"><img loading=\"lazy\" decoding=\"async\" width=\"140\" height=\"420\" src=\"https:\/\/gesiic-sorbonne.fr\/wp-content\/uploads\/2021\/04\/csm_assistance-telephonique-2016_95a50d91dd.jpg\" alt=\"\" class=\"wp-image-1782 size-full\" srcset=\"https:\/\/gesiic-sorbonne.fr\/wp-content\/uploads\/2021\/04\/csm_assistance-telephonique-2016_95a50d91dd.jpg 140w, https:\/\/gesiic-sorbonne.fr\/wp-content\/uploads\/2021\/04\/csm_assistance-telephonique-2016_95a50d91dd-100x300.jpg 100w\" sizes=\"auto, (max-width: 140px) 100vw, 140px\" \/><\/figure><\/div>\n","protected":false},"excerpt":{"rendered":"<p>CANDIDATURE POUR LA PREMI\u00c8RE ANN\u00c9E MODALITES ET CALENDRIER Apr\u00e8s \u00e9tude du dossier de candidature, les candidats admissibles seront convoqu\u00e9s pour &hellip; <\/p>\n","protected":false},"author":13,"featured_media":0,"parent":617,"menu_order":0,"comment_status":"closed","ping_status":"closed","template":"","meta":{"_cbd_carousel_blocks":"[]","_monsterinsights_skip_tracking":false,"_monsterinsights_sitenote_active":false,"_monsterinsights_sitenote_note":"","_monsterinsights_sitenote_category":0,"footnotes":""},"class_list":["post-879","page","type-page","status-publish","hentry"],"yoast_head":"<!-- This site is optimized with the Yoast SEO plugin v16.1.1 - https:\/\/yoast.com\/wordpress\/plugins\/seo\/ -->\n<title>MODALIT\u00c9S DE CANDIDATURE EN MASTER I - Gestion et Strat\u00e9gie de l&#039;Investissement Immobilier et de la Construction<\/title>\n<link rel=\"canonical\" href=\"https:\/\/gesiic-sorbonne.fr\/?page_id=879\" \/>\n<meta property=\"og:locale\" content=\"fr_FR\" \/>\n<meta property=\"og:type\" content=\"article\" \/>\n<meta property=\"og:title\" content=\"MODALIT\u00c9S DE CANDIDATURE EN MASTER I - Gestion et Strat\u00e9gie de l&#039;Investissement Immobilier et de la Construction\" \/>\n<meta property=\"og:description\" content=\"CANDIDATURE POUR LA PREMI\u00c8RE ANN\u00c9E MODALITES ET CALENDRIER Apr\u00e8s \u00e9tude du dossier de candidature, les candidats admissibles seront convoqu\u00e9s pour &hellip;\" \/>\n<meta property=\"og:url\" content=\"https:\/\/gesiic-sorbonne.fr\/?page_id=879\" \/>\n<meta property=\"og:site_name\" content=\"Gestion et Strat\u00e9gie de l&#039;Investissement Immobilier et de la Construction\" \/>\n<meta property=\"article:modified_time\" content=\"2026-01-27T20:51:53+00:00\" \/>\n<meta property=\"og:image\" content=\"https:\/\/gesiic-sorbonne.fr\/wp-content\/uploads\/2021\/04\/csm_assistance-telephonique-2016_95a50d91dd.jpg\" \/>\n<meta name=\"twitter:card\" content=\"summary_large_image\" \/>\n<meta name=\"twitter:site\" content=\"@gesiic_sorbonne\" \/>\n<meta name=\"twitter:label1\" content=\"Dur\u00e9e de lecture est.\">\n\t<meta name=\"twitter:data1\" content=\"2 minutes\">\n<script type=\"application\/ld+json\" class=\"yoast-schema-graph\">{\"@context\":\"https:\/\/schema.org\",\"@graph\":[{\"@type\":\"Organization\",\"@id\":\"https:\/\/gesiic-sorbonne.fr\/#organization\",\"name\":\"Master GESIIC de l'universit\\u00e9 Paris I\",\"url\":\"https:\/\/gesiic-sorbonne.fr\/\",\"sameAs\":[\"https:\/\/www.instagram.com\/master2gesiic\/?hl=en\",\"https:\/\/www.linkedin.com\/company\/m2-gesiic\/\",\"https:\/\/twitter.com\/gesiic_sorbonne\"],\"logo\":{\"@type\":\"ImageObject\",\"@id\":\"https:\/\/gesiic-sorbonne.fr\/#logo\",\"inLanguage\":\"fr-FR\",\"url\":\"https:\/\/gesiic-sorbonne.fr\/wp-content\/uploads\/2020\/12\/logo-master-1.png\",\"contentUrl\":\"https:\/\/gesiic-sorbonne.fr\/wp-content\/uploads\/2020\/12\/logo-master-1.png\",\"width\":318,\"height\":226,\"caption\":\"Master GESIIC de l'universit\\u00e9 Paris I\"},\"image\":{\"@id\":\"https:\/\/gesiic-sorbonne.fr\/#logo\"}},{\"@type\":\"WebSite\",\"@id\":\"https:\/\/gesiic-sorbonne.fr\/#website\",\"url\":\"https:\/\/gesiic-sorbonne.fr\/\",\"name\":\"Gestion et Strat\\u00e9gie de l'Investissement Immobilier et de la Construction\",\"description\":\"Nous formons les promoteurs et investisseurs immobiliers de demain qui fa\\u00e7onneront les villes d&#039;apr\\u00e8s-demain\",\"publisher\":{\"@id\":\"https:\/\/gesiic-sorbonne.fr\/#organization\"},\"potentialAction\":[{\"@type\":\"SearchAction\",\"target\":\"https:\/\/gesiic-sorbonne.fr\/?s={search_term_string}\",\"query-input\":\"required name=search_term_string\"}],\"inLanguage\":\"fr-FR\"},{\"@type\":\"ImageObject\",\"@id\":\"https:\/\/gesiic-sorbonne.fr\/?page_id=879#primaryimage\",\"inLanguage\":\"fr-FR\",\"url\":\"https:\/\/gesiic-sorbonne.fr\/wp-content\/uploads\/2021\/04\/csm_assistance-telephonique-2016_95a50d91dd.jpg\",\"contentUrl\":\"https:\/\/gesiic-sorbonne.fr\/wp-content\/uploads\/2021\/04\/csm_assistance-telephonique-2016_95a50d91dd.jpg\",\"width\":140,\"height\":420},{\"@type\":\"WebPage\",\"@id\":\"https:\/\/gesiic-sorbonne.fr\/?page_id=879#webpage\",\"url\":\"https:\/\/gesiic-sorbonne.fr\/?page_id=879\",\"name\":\"MODALIT\\u00c9S DE CANDIDATURE EN MASTER I - Gestion et Strat\\u00e9gie de l&#039;Investissement Immobilier et de la Construction\",\"isPartOf\":{\"@id\":\"https:\/\/gesiic-sorbonne.fr\/#website\"},\"primaryImageOfPage\":{\"@id\":\"https:\/\/gesiic-sorbonne.fr\/?page_id=879#primaryimage\"},\"datePublished\":\"2021-01-24T20:18:47+00:00\",\"dateModified\":\"2026-01-27T20:51:53+00:00\",\"breadcrumb\":{\"@id\":\"https:\/\/gesiic-sorbonne.fr\/?page_id=879#breadcrumb\"},\"inLanguage\":\"fr-FR\",\"potentialAction\":[{\"@type\":\"ReadAction\",\"target\":[\"https:\/\/gesiic-sorbonne.fr\/?page_id=879\"]}]},{\"@type\":\"BreadcrumbList\",\"@id\":\"https:\/\/gesiic-sorbonne.fr\/?page_id=879#breadcrumb\",\"itemListElement\":[{\"@type\":\"ListItem\",\"position\":1,\"item\":{\"@type\":\"WebPage\",\"@id\":\"https:\/\/gesiic-sorbonne.fr\/\",\"url\":\"https:\/\/gesiic-sorbonne.fr\/\",\"name\":\"Accueil\"}},{\"@type\":\"ListItem\",\"position\":2,\"item\":{\"@type\":\"WebPage\",\"@id\":\"https:\/\/gesiic-sorbonne.fr\/?page_id=611\",\"url\":\"https:\/\/gesiic-sorbonne.fr\/?page_id=611\",\"name\":\"PR\\u00c9SENTATION\"}},{\"@type\":\"ListItem\",\"position\":3,\"item\":{\"@type\":\"WebPage\",\"@id\":\"https:\/\/gesiic-sorbonne.fr\/?page_id=617\",\"url\":\"https:\/\/gesiic-sorbonne.fr\/?page_id=617\",\"name\":\"MASTER I\"}},{\"@type\":\"ListItem\",\"position\":4,\"item\":{\"@type\":\"WebPage\",\"@id\":\"https:\/\/gesiic-sorbonne.fr\/?page_id=879\",\"url\":\"https:\/\/gesiic-sorbonne.fr\/?page_id=879\",\"name\":\"MODALIT\\u00c9S DE CANDIDATURE EN MASTER I\"}}]}]}<\/script>\n<!-- \/ Yoast SEO plugin. -->","_links":{"self":[{"href":"https:\/\/gesiic-sorbonne.fr\/index.php?rest_route=\/wp\/v2\/pages\/879","targetHints":{"allow":["GET"]}}],"collection":[{"href":"https:\/\/gesiic-sorbonne.fr\/index.php?rest_route=\/wp\/v2\/pages"}],"about":[{"href":"https:\/\/gesiic-sorbonne.fr\/index.php?rest_route=\/wp\/v2\/types\/page"}],"author":[{"embeddable":true,"href":"https:\/\/gesiic-sorbonne.fr\/index.php?rest_route=\/wp\/v2\/users\/13"}],"replies":[{"embeddable":true,"href":"https:\/\/gesiic-sorbonne.fr\/index.php?rest_route=%2Fwp%2Fv2%2Fcomments&post=879"}],"version-history":[{"count":54,"href":"https:\/\/gesiic-sorbonne.fr\/index.php?rest_route=\/wp\/v2\/pages\/879\/revisions"}],"predecessor-version":[{"id":4077,"href":"https:\/\/gesiic-sorbonne.fr\/index.php?rest_route=\/wp\/v2\/pages\/879\/revisions\/4077"}],"up":[{"embeddable":true,"href":"https:\/\/gesiic-sorbonne.fr\/index.php?rest_route=\/wp\/v2\/pages\/617"}],"wp:attachment":[{"href":"https:\/\/gesiic-sorbonne.fr\/index.php?rest_route=%2Fwp%2Fv2%2Fmedia&parent=879"}],"curies":[{"name":"wp","href":"https:\/\/api.w.org\/{rel}","templated":true}]}}