{"id":834,"date":"2021-01-24T20:12:07","date_gmt":"2021-01-24T19:12:07","guid":{"rendered":"https:\/\/gesiic-sorbonne.fr\/?page_id=834"},"modified":"2022-01-14T16:02:10","modified_gmt":"2022-01-14T15:02:10","slug":"statistiques-debouches","status":"publish","type":"page","link":"https:\/\/gesiic-sorbonne.fr\/?page_id=834","title":{"rendered":"STATISTIQUES D\u00c9BOUCH\u00c9S"},"content":{"rendered":"\n<p>Quelques statistiques sur les d\u00e9bouch\u00e9s de nos dipl\u00f4m\u00e9s (peu de dipl\u00f4mes d&rsquo;universit\u00e9 ou de grandes \u00e9coles parviennent \u00e0 pr\u00e9senter de tels taux d&rsquo;insertion professionnelle !) <\/p>\n\n\n\n<h3 class=\"wp-block-heading\">TAUX D&rsquo;EMPLOI<\/h3>\n\n\n\n<p>L&rsquo;<a rel=\"noreferrer noopener\" href=\"https:\/\/www.univ-paris1.fr\/services\/orive\/\" target=\"_blank\">Orive<\/a>\u00a0(Observatoire des R\u00e9sultats, de l&rsquo;Insertion professionnelle et de la Vie Etudiante) r\u00e9alise une enqu\u00eate annuelle sur l&rsquo;insertion professionnelle des dipl\u00f4m\u00e9s de master (2 ans apr\u00e8s l&rsquo;obtention de leur dipl\u00f4me). Les r\u00e9sultats sont \u00e0 interpr\u00e9ter avec une grande pr\u00e9caution en raison des effectifs de r\u00e9pondants. <\/p>\n\n\n\n<p>Les derni\u00e8res \u00e9ditions publi\u00e9es pour le master GESIIC : <a href=\"https:\/\/gesiic-sorbonne.fr\/wp-content\/uploads\/2022\/01\/06_Gestion_Enquete-IP_M2017_Fiche-06_31_FI.pdf\" target=\"_blank\" rel=\"noreferrer noopener\">FI<\/a> et <a href=\"https:\/\/gesiic-sorbonne.fr\/wp-content\/uploads\/2022\/01\/20_FCPS_Enquete-IP_M2017_Fiche-20_18_FC.pdf\" target=\"_blank\" rel=\"noreferrer noopener\">FC<\/a>. <\/p>\n\n\n\n<figure class=\"wp-block-table is-style-stripes\"><table><tbody><tr><td><strong>Taux d&#8217;emploi<\/strong><\/td><td><strong>Recherche d&#8217;emploi Facile ou tr\u00e8s facile<\/strong><\/td><\/tr><tr><td>100% <\/td><td>90%<\/td><\/tr><\/tbody><\/table><\/figure>\n\n\n\n<div class=\"wp-block-media-text alignwide is-stacked-on-mobile\" style=\"grid-template-columns:26% auto\"><figure class=\"wp-block-media-text__media\"><a href=\"https:\/\/gesiic-sorbonne.fr\/wp-content\/uploads\/2021\/01\/statistiquesGESIIC2-temps-recherche-emploi.gif\" target=\"_blank\" rel=\"noopener\"><img loading=\"lazy\" decoding=\"async\" width=\"354\" height=\"344\" src=\"https:\/\/gesiic-sorbonne.fr\/wp-content\/uploads\/2021\/01\/statistiquesGESIIC2-temps-recherche-emploi.gif\" alt=\"\" class=\"wp-image-838 size-full\"\/><\/a><\/figure><div class=\"wp-block-media-text__content\">\n<h3 class=\"wp-block-heading\">TEMPS DE RECHERCHE D&rsquo;EMPLOI<\/h3>\n\n\n\n<p>L&rsquo;<span class=\"has-inline-color has-vivid-cyan-blue-color\"><a href=\"https:\/\/www.em-sorbonne.org\/\" target=\"_blank\" rel=\"noreferrer noopener\"><strong><u>AEMS<\/u><\/strong><\/a><\/span>&nbsp;(association des anciens \u00e9tudiants en gestion de Paris 1, autrefois AGS) a r\u00e9alis\u00e9 une&nbsp;<span class=\"has-inline-color has-vivid-cyan-blue-color\"><a href=\"https:\/\/gesiic-sorbonne.fr\/wp-content\/uploads\/2022\/01\/AGS-2018-Guide-etudiant-VF.pdf\" target=\"_blank\" rel=\"noreferrer noopener\"><u>enqu\u00eate<\/u><\/a><\/span><a rel=\"noreferrer noopener\" href=\"https:\/\/www.pantheonsorbonne.fr\/fileadmin\/CEP\/Master-GESIIC\/Docs\/EMS_-_Guide_de_l_etudiant_2019.pdf\" target=\"_blank\"><span class=\"has-inline-color has-vivid-cyan-blue-color\">&nbsp;<\/span><\/a>sur l&rsquo;insertion professionnelle des \u00e9tudiants de l&rsquo;Ecole de Management de la Sorbonne (pour le master GESIIC, voir p. 16).<\/p>\n<\/div><\/div>\n\n\n\n<h3 class=\"wp-block-heading\">&nbsp;TYPES D&rsquo;EMPLOI<\/h3>\n\n\n\n<p>Le master GESIIC a men\u00e9 sur les promotions 2016-18 une enqu\u00eate sur les d\u00e9bouch\u00e9s de ses alumnis, dont voici quelques r\u00e9sultats (\u00e9chantillon = 39 r\u00e9ponses) :<\/p>\n\n\n\n<figure class=\"wp-block-image size-large\"><img loading=\"lazy\" decoding=\"async\" width=\"735\" height=\"266\" src=\"https:\/\/gesiic-sorbonne.fr\/wp-content\/uploads\/2021\/01\/TYPES-DEMPLOI.gif\" alt=\"\" class=\"wp-image-843\"\/><\/figure>\n\n\n\n<h3 class=\"wp-block-heading\">SALAIRES \u00c0 LA SORTIE DU MASTER<\/h3>\n\n\n\n<figure class=\"wp-block-image size-large\"><img loading=\"lazy\" decoding=\"async\" width=\"735\" height=\"192\" src=\"https:\/\/gesiic-sorbonne.fr\/wp-content\/uploads\/2021\/01\/SALAIRES-A-LA-SORTIE-DU-MASTER.gif\" alt=\"\" class=\"wp-image-845\"\/><\/figure>\n","protected":false},"excerpt":{"rendered":"<p>Quelques statistiques sur les d\u00e9bouch\u00e9s de nos dipl\u00f4m\u00e9s (peu de dipl\u00f4mes d&rsquo;universit\u00e9 ou de grandes \u00e9coles parviennent \u00e0 pr\u00e9senter de &hellip; <\/p>\n","protected":false},"author":13,"featured_media":0,"parent":635,"menu_order":0,"comment_status":"closed","ping_status":"closed","template":"","meta":{"_cbd_carousel_blocks":"[]","_monsterinsights_skip_tracking":false,"_monsterinsights_sitenote_active":false,"_monsterinsights_sitenote_note":"","_monsterinsights_sitenote_category":0,"footnotes":""},"class_list":["post-834","page","type-page","status-publish","hentry"],"yoast_head":"<!-- This site is optimized with the Yoast SEO plugin v16.1.1 - https:\/\/yoast.com\/wordpress\/plugins\/seo\/ -->\n<title>STATISTIQUES D\u00c9BOUCH\u00c9S - Gestion et Strat\u00e9gie de l&#039;Investissement Immobilier et de la Construction<\/title>\n<link rel=\"canonical\" href=\"https:\/\/gesiic-sorbonne.fr\/?page_id=834\" \/>\n<meta property=\"og:locale\" content=\"fr_FR\" \/>\n<meta property=\"og:type\" content=\"article\" \/>\n<meta property=\"og:title\" content=\"STATISTIQUES D\u00c9BOUCH\u00c9S - Gestion et Strat\u00e9gie de l&#039;Investissement Immobilier et de la Construction\" \/>\n<meta property=\"og:description\" content=\"Quelques statistiques sur les d\u00e9bouch\u00e9s de nos dipl\u00f4m\u00e9s (peu de dipl\u00f4mes d&rsquo;universit\u00e9 ou de grandes \u00e9coles parviennent \u00e0 pr\u00e9senter de &hellip;\" \/>\n<meta property=\"og:url\" content=\"https:\/\/gesiic-sorbonne.fr\/?page_id=834\" \/>\n<meta property=\"og:site_name\" content=\"Gestion et Strat\u00e9gie de l&#039;Investissement Immobilier et de la Construction\" \/>\n<meta property=\"article:modified_time\" content=\"2022-01-14T15:02:10+00:00\" \/>\n<meta property=\"og:image\" content=\"https:\/\/gesiic-sorbonne.fr\/wp-content\/uploads\/2021\/01\/statistiquesGESIIC2-temps-recherche-emploi.gif\" \/>\n<meta name=\"twitter:card\" content=\"summary_large_image\" \/>\n<meta name=\"twitter:site\" content=\"@gesiic_sorbonne\" \/>\n<meta name=\"twitter:label1\" content=\"Dur\u00e9e de lecture est.\">\n\t<meta name=\"twitter:data1\" content=\"2 minutes\">\n<script type=\"application\/ld+json\" class=\"yoast-schema-graph\">{\"@context\":\"https:\/\/schema.org\",\"@graph\":[{\"@type\":\"Organization\",\"@id\":\"https:\/\/gesiic-sorbonne.fr\/#organization\",\"name\":\"Master GESIIC de l'universit\\u00e9 Paris I\",\"url\":\"https:\/\/gesiic-sorbonne.fr\/\",\"sameAs\":[\"https:\/\/www.instagram.com\/master2gesiic\/?hl=en\",\"https:\/\/www.linkedin.com\/company\/m2-gesiic\/\",\"https:\/\/twitter.com\/gesiic_sorbonne\"],\"logo\":{\"@type\":\"ImageObject\",\"@id\":\"https:\/\/gesiic-sorbonne.fr\/#logo\",\"inLanguage\":\"fr-FR\",\"url\":\"https:\/\/gesiic-sorbonne.fr\/wp-content\/uploads\/2020\/12\/logo-master-1.png\",\"contentUrl\":\"https:\/\/gesiic-sorbonne.fr\/wp-content\/uploads\/2020\/12\/logo-master-1.png\",\"width\":318,\"height\":226,\"caption\":\"Master GESIIC de l'universit\\u00e9 Paris I\"},\"image\":{\"@id\":\"https:\/\/gesiic-sorbonne.fr\/#logo\"}},{\"@type\":\"WebSite\",\"@id\":\"https:\/\/gesiic-sorbonne.fr\/#website\",\"url\":\"https:\/\/gesiic-sorbonne.fr\/\",\"name\":\"Gestion et Strat\\u00e9gie de l'Investissement Immobilier et de la Construction\",\"description\":\"Nous formons les promoteurs et investisseurs immobiliers de demain qui fa\\u00e7onneront les villes d&#039;apr\\u00e8s-demain\",\"publisher\":{\"@id\":\"https:\/\/gesiic-sorbonne.fr\/#organization\"},\"potentialAction\":[{\"@type\":\"SearchAction\",\"target\":\"https:\/\/gesiic-sorbonne.fr\/?s={search_term_string}\",\"query-input\":\"required name=search_term_string\"}],\"inLanguage\":\"fr-FR\"},{\"@type\":\"ImageObject\",\"@id\":\"https:\/\/gesiic-sorbonne.fr\/?page_id=834#primaryimage\",\"inLanguage\":\"fr-FR\",\"url\":\"https:\/\/gesiic-sorbonne.fr\/wp-content\/uploads\/2021\/01\/statistiquesGESIIC2-temps-recherche-emploi.gif\",\"contentUrl\":\"https:\/\/gesiic-sorbonne.fr\/wp-content\/uploads\/2021\/01\/statistiquesGESIIC2-temps-recherche-emploi.gif\",\"width\":354,\"height\":344},{\"@type\":\"WebPage\",\"@id\":\"https:\/\/gesiic-sorbonne.fr\/?page_id=834#webpage\",\"url\":\"https:\/\/gesiic-sorbonne.fr\/?page_id=834\",\"name\":\"STATISTIQUES D\\u00c9BOUCH\\u00c9S - Gestion et Strat\\u00e9gie de l&#039;Investissement Immobilier et de la Construction\",\"isPartOf\":{\"@id\":\"https:\/\/gesiic-sorbonne.fr\/#website\"},\"primaryImageOfPage\":{\"@id\":\"https:\/\/gesiic-sorbonne.fr\/?page_id=834#primaryimage\"},\"datePublished\":\"2021-01-24T19:12:07+00:00\",\"dateModified\":\"2022-01-14T15:02:10+00:00\",\"breadcrumb\":{\"@id\":\"https:\/\/gesiic-sorbonne.fr\/?page_id=834#breadcrumb\"},\"inLanguage\":\"fr-FR\",\"potentialAction\":[{\"@type\":\"ReadAction\",\"target\":[\"https:\/\/gesiic-sorbonne.fr\/?page_id=834\"]}]},{\"@type\":\"BreadcrumbList\",\"@id\":\"https:\/\/gesiic-sorbonne.fr\/?page_id=834#breadcrumb\",\"itemListElement\":[{\"@type\":\"ListItem\",\"position\":1,\"item\":{\"@type\":\"WebPage\",\"@id\":\"https:\/\/gesiic-sorbonne.fr\/\",\"url\":\"https:\/\/gesiic-sorbonne.fr\/\",\"name\":\"Accueil\"}},{\"@type\":\"ListItem\",\"position\":2,\"item\":{\"@type\":\"WebPage\",\"@id\":\"https:\/\/gesiic-sorbonne.fr\/?page_id=629\",\"url\":\"https:\/\/gesiic-sorbonne.fr\/?page_id=629\",\"name\":\"LA VIE DU MASTER\"}},{\"@type\":\"ListItem\",\"position\":3,\"item\":{\"@type\":\"WebPage\",\"@id\":\"https:\/\/gesiic-sorbonne.fr\/?page_id=635\",\"url\":\"https:\/\/gesiic-sorbonne.fr\/?page_id=635\",\"name\":\"D\\u00c9BOUCH\\u00c9S\"}},{\"@type\":\"ListItem\",\"position\":4,\"item\":{\"@type\":\"WebPage\",\"@id\":\"https:\/\/gesiic-sorbonne.fr\/?page_id=834\",\"url\":\"https:\/\/gesiic-sorbonne.fr\/?page_id=834\",\"name\":\"STATISTIQUES D\\u00c9BOUCH\\u00c9S\"}}]}]}<\/script>\n<!-- \/ Yoast SEO plugin. -->","_links":{"self":[{"href":"https:\/\/gesiic-sorbonne.fr\/index.php?rest_route=\/wp\/v2\/pages\/834","targetHints":{"allow":["GET"]}}],"collection":[{"href":"https:\/\/gesiic-sorbonne.fr\/index.php?rest_route=\/wp\/v2\/pages"}],"about":[{"href":"https:\/\/gesiic-sorbonne.fr\/index.php?rest_route=\/wp\/v2\/types\/page"}],"author":[{"embeddable":true,"href":"https:\/\/gesiic-sorbonne.fr\/index.php?rest_route=\/wp\/v2\/users\/13"}],"replies":[{"embeddable":true,"href":"https:\/\/gesiic-sorbonne.fr\/index.php?rest_route=%2Fwp%2Fv2%2Fcomments&post=834"}],"version-history":[{"count":12,"href":"https:\/\/gesiic-sorbonne.fr\/index.php?rest_route=\/wp\/v2\/pages\/834\/revisions"}],"predecessor-version":[{"id":2497,"href":"https:\/\/gesiic-sorbonne.fr\/index.php?rest_route=\/wp\/v2\/pages\/834\/revisions\/2497"}],"up":[{"embeddable":true,"href":"https:\/\/gesiic-sorbonne.fr\/index.php?rest_route=\/wp\/v2\/pages\/635"}],"wp:attachment":[{"href":"https:\/\/gesiic-sorbonne.fr\/index.php?rest_route=%2Fwp%2Fv2%2Fmedia&parent=834"}],"curies":[{"name":"wp","href":"https:\/\/api.w.org\/{rel}","templated":true}]}}