{"id":8,"date":"2020-03-12T11:03:27","date_gmt":"2020-03-12T10:03:27","guid":{"rendered":"http:\/\/gesiic-sorbonne.fr\/?page_id=8"},"modified":"2026-02-12T16:21:17","modified_gmt":"2026-02-12T15:21:17","slug":"actualite","status":"publish","type":"page","link":"https:\/\/gesiic-sorbonne.fr\/?page_id=8","title":{"rendered":"ACTUALIT\u00c9"},"content":{"rendered":"\n<hr class=\"wp-block-separator has-alpha-channel-opacity\"\/>\n\n\n\n<p>Depuis septembre 2025, le GESIIC a ouvert un nouveau master 1 d\u00e9di\u00e9 au management immobilier, en petite promotion (une vingtaine d&rsquo;\u00e9tudiants) et en alternance. Les \u00e9tudiants qui rejoignent le master 1 GESIIC peuvent donc d\u00e9sormais suivre deux ann\u00e9es de master en alternance d\u00e9di\u00e9es \u00e0 l&rsquo;immobilier. Voir tous les d\u00e9tails sur la page consacr\u00e9e au <a href=\"https:\/\/gesiic-sorbonne.fr\/?page_id=3701\" target=\"_blank\" rel=\"noreferrer noopener\"><mark style=\"background-color:rgba(0, 0, 0, 0)\" class=\"has-inline-color has-vivid-cyan-blue-color\">nouveau Master 1 GESIIC<\/mark><\/a>.<\/p>\n\n\n\n<p>Candidatures 2026 :<\/p>\n\n\n\n<p>Toutes les informations sur les campagnes de candidatures sur les pages d\u00e9di\u00e9es pour <a href=\"https:\/\/gesiic-sorbonne.fr\/?page_id=879\" target=\"_blank\" rel=\"noreferrer noopener\"><mark style=\"background-color:rgba(0, 0, 0, 0)\" class=\"has-inline-color has-vivid-cyan-blue-color\">le M1<\/mark><\/a> et <a href=\"https:\/\/gesiic-sorbonne.fr\/?page_id=883\" target=\"_blank\" rel=\"noreferrer noopener\"><mark style=\"background-color:rgba(0, 0, 0, 0)\" class=\"has-inline-color has-vivid-cyan-blue-color\">le M2<\/mark><\/a>, ainsi que <a href=\"https:\/\/gesiic-sorbonne.fr\/?page_id=611\" target=\"_blank\" rel=\"noreferrer noopener\"><mark style=\"background-color:rgba(0, 0, 0, 0)\" class=\"has-inline-color has-vivid-cyan-blue-color\">les salons auxquels le GESIIC participe<\/mark><\/a>.<\/p>\n\n\n\n<hr class=\"wp-block-separator has-alpha-channel-opacity\"\/>\n\n\n\n<div class=\"wp-block-media-text has-media-on-the-right is-stacked-on-mobile\" style=\"grid-template-columns:auto 15%\"><div class=\"wp-block-media-text__content\">\n<p>En 2025, Eduniversal a renouvel\u00e9 son classement du master GESIIC comme <a href=\"https:\/\/www.meilleurs-masters.com\/master-immobilier-droit-et-management.html\" target=\"_blank\" rel=\"noreferrer noopener\"><mark style=\"background-color:rgba(0, 0, 0, 0)\" class=\"has-inline-color has-vivid-cyan-blue-color\">le meilleur master en management immobilier<\/mark><\/a> de France !!!<\/p>\n<\/div><figure class=\"wp-block-media-text__media\"><img loading=\"lazy\" decoding=\"async\" width=\"787\" height=\"1024\" src=\"https:\/\/gesiic-sorbonne.fr\/wp-content\/uploads\/2024\/03\/Eduniversal-logos-MM-787x1024.jpg\" alt=\"\" class=\"wp-image-3507 size-full\" srcset=\"https:\/\/gesiic-sorbonne.fr\/wp-content\/uploads\/2024\/03\/Eduniversal-logos-MM-787x1024.jpg 787w, https:\/\/gesiic-sorbonne.fr\/wp-content\/uploads\/2024\/03\/Eduniversal-logos-MM-230x300.jpg 230w, https:\/\/gesiic-sorbonne.fr\/wp-content\/uploads\/2024\/03\/Eduniversal-logos-MM-768x1000.jpg 768w, https:\/\/gesiic-sorbonne.fr\/wp-content\/uploads\/2024\/03\/Eduniversal-logos-MM-1180x1536.jpg 1180w, https:\/\/gesiic-sorbonne.fr\/wp-content\/uploads\/2024\/03\/Eduniversal-logos-MM.jpg 1405w\" sizes=\"auto, (max-width: 787px) 100vw, 787px\" \/><\/figure><\/div>\n\n\n\n<hr class=\"wp-block-separator has-alpha-channel-opacity\"\/>\n\n\n\n<p>Depuis septembre 2023, il y a d\u00e9sormais <a href=\"https:\/\/gesiic-sorbonne.fr\/?page_id=2997\" target=\"_blank\" rel=\"noreferrer noopener\"><mark style=\"background-color:rgba(0, 0, 0, 0)\" class=\"has-inline-color has-vivid-cyan-blue-color\">2 masters GESIIC<\/mark><\/a> : <\/p>\n\n\n\n<ul class=\"wp-block-list\">\n<li>Le M2 GESIIC-REIM (<mark style=\"background-color:rgba(0, 0, 0, 0)\" class=\"has-inline-color has-vivid-cyan-blue-color\"><a href=\"https:\/\/gesiic-sorbonne.fr\/?page_id=3016\" target=\"_blank\" rel=\"noreferrer noopener\">Real Estate Investment Management<\/a><\/mark>) <\/li>\n\n\n\n<li>Le M2 GESIIC-RED (<mark style=\"background-color:rgba(0, 0, 0, 0)\" class=\"has-inline-color has-vivid-cyan-blue-color\"><a href=\"https:\/\/gesiic-sorbonne.fr\/?page_id=3033\" target=\"_blank\" rel=\"noreferrer noopener\">Real Estate Development<\/a><\/mark>)<\/li>\n<\/ul>\n\n\n\n<p><\/p>\n","protected":false},"excerpt":{"rendered":"<p>Depuis septembre 2025, le GESIIC a ouvert un nouveau master 1 d\u00e9di\u00e9 au management immobilier, en petite promotion (une vingtaine &hellip; <\/p>\n","protected":false},"author":1,"featured_media":0,"parent":0,"menu_order":0,"comment_status":"closed","ping_status":"closed","template":"","meta":{"_cbd_carousel_blocks":"[]","_monsterinsights_skip_tracking":false,"_monsterinsights_sitenote_active":false,"_monsterinsights_sitenote_note":"","_monsterinsights_sitenote_category":0,"footnotes":""},"class_list":["post-8","page","type-page","status-publish","hentry"],"yoast_head":"<!-- This site is optimized with the Yoast SEO plugin v16.1.1 - https:\/\/yoast.com\/wordpress\/plugins\/seo\/ -->\n<title>ACTUALIT\u00c9 - Gestion et Strat\u00e9gie de l&#039;Investissement Immobilier et de la Construction<\/title>\n<link rel=\"canonical\" href=\"https:\/\/gesiic-sorbonne.fr\/?page_id=8\" \/>\n<meta property=\"og:locale\" content=\"fr_FR\" \/>\n<meta property=\"og:type\" content=\"article\" \/>\n<meta property=\"og:title\" content=\"ACTUALIT\u00c9 - Gestion et Strat\u00e9gie de l&#039;Investissement Immobilier et de la Construction\" \/>\n<meta property=\"og:description\" content=\"Depuis septembre 2025, le GESIIC a ouvert un nouveau master 1 d\u00e9di\u00e9 au management immobilier, en petite promotion (une vingtaine &hellip;\" \/>\n<meta property=\"og:url\" content=\"https:\/\/gesiic-sorbonne.fr\/?page_id=8\" \/>\n<meta property=\"og:site_name\" content=\"Gestion et Strat\u00e9gie de l&#039;Investissement Immobilier et de la Construction\" \/>\n<meta property=\"article:modified_time\" content=\"2026-02-12T15:21:17+00:00\" \/>\n<meta property=\"og:image\" content=\"https:\/\/gesiic-sorbonne.fr\/wp-content\/uploads\/2024\/03\/Eduniversal-logos-MM-787x1024.jpg\" \/>\n<meta name=\"twitter:card\" content=\"summary_large_image\" \/>\n<meta name=\"twitter:site\" content=\"@gesiic_sorbonne\" \/>\n<meta name=\"twitter:label1\" content=\"Dur\u00e9e de lecture est.\">\n\t<meta name=\"twitter:data1\" content=\"1 minute\">\n<script type=\"application\/ld+json\" class=\"yoast-schema-graph\">{\"@context\":\"https:\/\/schema.org\",\"@graph\":[{\"@type\":\"Organization\",\"@id\":\"https:\/\/gesiic-sorbonne.fr\/#organization\",\"name\":\"Master GESIIC de l'universit\\u00e9 Paris I\",\"url\":\"https:\/\/gesiic-sorbonne.fr\/\",\"sameAs\":[\"https:\/\/www.instagram.com\/master2gesiic\/?hl=en\",\"https:\/\/www.linkedin.com\/company\/m2-gesiic\/\",\"https:\/\/twitter.com\/gesiic_sorbonne\"],\"logo\":{\"@type\":\"ImageObject\",\"@id\":\"https:\/\/gesiic-sorbonne.fr\/#logo\",\"inLanguage\":\"fr-FR\",\"url\":\"https:\/\/gesiic-sorbonne.fr\/wp-content\/uploads\/2020\/12\/logo-master-1.png\",\"contentUrl\":\"https:\/\/gesiic-sorbonne.fr\/wp-content\/uploads\/2020\/12\/logo-master-1.png\",\"width\":318,\"height\":226,\"caption\":\"Master GESIIC de l'universit\\u00e9 Paris I\"},\"image\":{\"@id\":\"https:\/\/gesiic-sorbonne.fr\/#logo\"}},{\"@type\":\"WebSite\",\"@id\":\"https:\/\/gesiic-sorbonne.fr\/#website\",\"url\":\"https:\/\/gesiic-sorbonne.fr\/\",\"name\":\"Gestion et Strat\\u00e9gie de l'Investissement Immobilier et de la Construction\",\"description\":\"Nous formons les promoteurs et investisseurs immobiliers de demain qui fa\\u00e7onneront les villes d&#039;apr\\u00e8s-demain\",\"publisher\":{\"@id\":\"https:\/\/gesiic-sorbonne.fr\/#organization\"},\"potentialAction\":[{\"@type\":\"SearchAction\",\"target\":\"https:\/\/gesiic-sorbonne.fr\/?s={search_term_string}\",\"query-input\":\"required name=search_term_string\"}],\"inLanguage\":\"fr-FR\"},{\"@type\":\"ImageObject\",\"@id\":\"https:\/\/gesiic-sorbonne.fr\/?page_id=8#primaryimage\",\"inLanguage\":\"fr-FR\",\"url\":\"https:\/\/gesiic-sorbonne.fr\/wp-content\/uploads\/2024\/03\/Eduniversal-logos-MM.jpg\",\"contentUrl\":\"https:\/\/gesiic-sorbonne.fr\/wp-content\/uploads\/2024\/03\/Eduniversal-logos-MM.jpg\",\"width\":1405,\"height\":1829},{\"@type\":\"WebPage\",\"@id\":\"https:\/\/gesiic-sorbonne.fr\/?page_id=8#webpage\",\"url\":\"https:\/\/gesiic-sorbonne.fr\/?page_id=8\",\"name\":\"ACTUALIT\\u00c9 - Gestion et Strat\\u00e9gie de l&#039;Investissement Immobilier et de la Construction\",\"isPartOf\":{\"@id\":\"https:\/\/gesiic-sorbonne.fr\/#website\"},\"primaryImageOfPage\":{\"@id\":\"https:\/\/gesiic-sorbonne.fr\/?page_id=8#primaryimage\"},\"datePublished\":\"2020-03-12T10:03:27+00:00\",\"dateModified\":\"2026-02-12T15:21:17+00:00\",\"breadcrumb\":{\"@id\":\"https:\/\/gesiic-sorbonne.fr\/?page_id=8#breadcrumb\"},\"inLanguage\":\"fr-FR\",\"potentialAction\":[{\"@type\":\"ReadAction\",\"target\":[\"https:\/\/gesiic-sorbonne.fr\/?page_id=8\"]}]},{\"@type\":\"BreadcrumbList\",\"@id\":\"https:\/\/gesiic-sorbonne.fr\/?page_id=8#breadcrumb\",\"itemListElement\":[{\"@type\":\"ListItem\",\"position\":1,\"item\":{\"@type\":\"WebPage\",\"@id\":\"https:\/\/gesiic-sorbonne.fr\/\",\"url\":\"https:\/\/gesiic-sorbonne.fr\/\",\"name\":\"Accueil\"}},{\"@type\":\"ListItem\",\"position\":2,\"item\":{\"@type\":\"WebPage\",\"@id\":\"https:\/\/gesiic-sorbonne.fr\/?page_id=8\",\"url\":\"https:\/\/gesiic-sorbonne.fr\/?page_id=8\",\"name\":\"ACTUALIT\\u00c9\"}}]}]}<\/script>\n<!-- \/ Yoast SEO plugin. -->","_links":{"self":[{"href":"https:\/\/gesiic-sorbonne.fr\/index.php?rest_route=\/wp\/v2\/pages\/8","targetHints":{"allow":["GET"]}}],"collection":[{"href":"https:\/\/gesiic-sorbonne.fr\/index.php?rest_route=\/wp\/v2\/pages"}],"about":[{"href":"https:\/\/gesiic-sorbonne.fr\/index.php?rest_route=\/wp\/v2\/types\/page"}],"author":[{"embeddable":true,"href":"https:\/\/gesiic-sorbonne.fr\/index.php?rest_route=\/wp\/v2\/users\/1"}],"replies":[{"embeddable":true,"href":"https:\/\/gesiic-sorbonne.fr\/index.php?rest_route=%2Fwp%2Fv2%2Fcomments&post=8"}],"version-history":[{"count":67,"href":"https:\/\/gesiic-sorbonne.fr\/index.php?rest_route=\/wp\/v2\/pages\/8\/revisions"}],"predecessor-version":[{"id":4106,"href":"https:\/\/gesiic-sorbonne.fr\/index.php?rest_route=\/wp\/v2\/pages\/8\/revisions\/4106"}],"wp:attachment":[{"href":"https:\/\/gesiic-sorbonne.fr\/index.php?rest_route=%2Fwp%2Fv2%2Fmedia&parent=8"}],"curies":[{"name":"wp","href":"https:\/\/api.w.org\/{rel}","templated":true}]}}