{"id":680,"date":"2020-11-29T20:01:20","date_gmt":"2020-11-29T19:01:20","guid":{"rendered":"https:\/\/gesiic-sorbonne.fr\/?page_id=680"},"modified":"2021-04-24T17:33:21","modified_gmt":"2021-04-24T15:33:21","slug":"master-gesiic-universite-paris-1-pantheon-sorbonne","status":"publish","type":"page","link":"https:\/\/gesiic-sorbonne.fr\/","title":{"rendered":"Welcome page"},"content":{"rendered":"","protected":false},"excerpt":{"rendered":"","protected":false},"author":13,"featured_media":0,"parent":0,"menu_order":0,"comment_status":"closed","ping_status":"closed","template":"template-home.php","meta":{"_cbd_carousel_blocks":"[]","_monsterinsights_skip_tracking":false,"_monsterinsights_sitenote_active":false,"_monsterinsights_sitenote_note":"","_monsterinsights_sitenote_category":0,"footnotes":""},"class_list":["post-680","page","type-page","status-publish","hentry"],"yoast_head":"<!-- This site is optimized with the Yoast SEO plugin v16.1.1 - https:\/\/yoast.com\/wordpress\/plugins\/seo\/ -->\n<title>Welcome page - Gestion et Strat\u00e9gie de l&#039;Investissement Immobilier et de la Construction Gestion et Strat\u00e9gie de l&#039;Investissement Immobilier et de la Construction Nous formons les promoteurs et investisseurs immobiliers de demain qui fa\u00e7onneront les villes d&#039;apr\u00e8s-demain<\/title>\n<meta name=\"description\" content=\"Cr\u00e9\u00e9 en 1985, le Master GESIIC (Gestion et Strat\u00e9gie de l&#039;Investissement immobilier et de la Construction) vise \u00e0 former les cadres de la fili\u00e8re immobili\u00e8re (finance, strat\u00e9gie, droit).\" \/>\n<link rel=\"canonical\" href=\"https:\/\/gesiic-sorbonne.fr\/\" \/>\n<meta property=\"og:locale\" content=\"fr_FR\" \/>\n<meta property=\"og:type\" content=\"article\" \/>\n<meta property=\"og:title\" content=\"Welcome page - Gestion et Strat\u00e9gie de l&#039;Investissement Immobilier et de la Construction Gestion et Strat\u00e9gie de l&#039;Investissement Immobilier et de la Construction Nous formons les promoteurs et investisseurs immobiliers de demain qui fa\u00e7onneront les villes d&#039;apr\u00e8s-demain\" \/>\n<meta property=\"og:description\" content=\"Cr\u00e9\u00e9 en 1985, le Master GESIIC (Gestion et Strat\u00e9gie de l&#039;Investissement immobilier et de la Construction) vise \u00e0 former les cadres de la fili\u00e8re immobili\u00e8re (finance, strat\u00e9gie, droit).\" \/>\n<meta property=\"og:url\" content=\"https:\/\/gesiic-sorbonne.fr\/\" \/>\n<meta property=\"og:site_name\" content=\"Gestion et Strat\u00e9gie de l&#039;Investissement Immobilier et de la Construction\" \/>\n<meta property=\"article:modified_time\" content=\"2021-04-24T15:33:21+00:00\" \/>\n<meta name=\"twitter:card\" content=\"summary_large_image\" \/>\n<meta name=\"twitter:site\" content=\"@gesiic_sorbonne\" \/>\n<script type=\"application\/ld+json\" class=\"yoast-schema-graph\">{\"@context\":\"https:\/\/schema.org\",\"@graph\":[{\"@type\":\"Organization\",\"@id\":\"https:\/\/gesiic-sorbonne.fr\/#organization\",\"name\":\"Master GESIIC de l'universit\\u00e9 Paris I\",\"url\":\"https:\/\/gesiic-sorbonne.fr\/\",\"sameAs\":[\"https:\/\/www.instagram.com\/master2gesiic\/?hl=en\",\"https:\/\/www.linkedin.com\/company\/m2-gesiic\/\",\"https:\/\/twitter.com\/gesiic_sorbonne\"],\"logo\":{\"@type\":\"ImageObject\",\"@id\":\"https:\/\/gesiic-sorbonne.fr\/#logo\",\"inLanguage\":\"fr-FR\",\"url\":\"https:\/\/gesiic-sorbonne.fr\/wp-content\/uploads\/2020\/12\/logo-master-1.png\",\"contentUrl\":\"https:\/\/gesiic-sorbonne.fr\/wp-content\/uploads\/2020\/12\/logo-master-1.png\",\"width\":318,\"height\":226,\"caption\":\"Master GESIIC de l'universit\\u00e9 Paris I\"},\"image\":{\"@id\":\"https:\/\/gesiic-sorbonne.fr\/#logo\"}},{\"@type\":\"WebSite\",\"@id\":\"https:\/\/gesiic-sorbonne.fr\/#website\",\"url\":\"https:\/\/gesiic-sorbonne.fr\/\",\"name\":\"Gestion et Strat\\u00e9gie de l'Investissement Immobilier et de la Construction\",\"description\":\"Nous formons les promoteurs et investisseurs immobiliers de demain qui fa\\u00e7onneront les villes d&#039;apr\\u00e8s-demain\",\"publisher\":{\"@id\":\"https:\/\/gesiic-sorbonne.fr\/#organization\"},\"potentialAction\":[{\"@type\":\"SearchAction\",\"target\":\"https:\/\/gesiic-sorbonne.fr\/?s={search_term_string}\",\"query-input\":\"required name=search_term_string\"}],\"inLanguage\":\"fr-FR\"},{\"@type\":\"WebPage\",\"@id\":\"https:\/\/gesiic-sorbonne.fr\/#webpage\",\"url\":\"https:\/\/gesiic-sorbonne.fr\/\",\"name\":\"Welcome page - Gestion et Strat\\u00e9gie de l&#039;Investissement Immobilier et de la Construction Gestion et Strat\\u00e9gie de l&#039;Investissement Immobilier et de la Construction Nous formons les promoteurs et investisseurs immobiliers de demain qui fa\\u00e7onneront les villes d&#039;apr\\u00e8s-demain\",\"isPartOf\":{\"@id\":\"https:\/\/gesiic-sorbonne.fr\/#website\"},\"datePublished\":\"2020-11-29T19:01:20+00:00\",\"dateModified\":\"2021-04-24T15:33:21+00:00\",\"description\":\"Cr\\u00e9\\u00e9 en 1985, le Master GESIIC (Gestion et Strat\\u00e9gie de l'Investissement immobilier et de la Construction) vise \\u00e0 former les cadres de la fili\\u00e8re immobili\\u00e8re (finance, strat\\u00e9gie, droit).\",\"breadcrumb\":{\"@id\":\"https:\/\/gesiic-sorbonne.fr\/#breadcrumb\"},\"inLanguage\":\"fr-FR\",\"potentialAction\":[{\"@type\":\"ReadAction\",\"target\":[\"https:\/\/gesiic-sorbonne.fr\/\"]}]},{\"@type\":\"BreadcrumbList\",\"@id\":\"https:\/\/gesiic-sorbonne.fr\/#breadcrumb\",\"itemListElement\":[{\"@type\":\"ListItem\",\"position\":1,\"item\":{\"@type\":\"WebPage\",\"@id\":\"https:\/\/gesiic-sorbonne.fr\/\",\"url\":\"https:\/\/gesiic-sorbonne.fr\/\",\"name\":\"Accueil\"}},{\"@type\":\"ListItem\",\"position\":2,\"item\":{\"@type\":\"WebPage\",\"@id\":\"https:\/\/gesiic-sorbonne.fr\/\",\"url\":\"https:\/\/gesiic-sorbonne.fr\/\",\"name\":\"Welcome page\"}}]}]}<\/script>\n<!-- \/ Yoast SEO plugin. -->","_links":{"self":[{"href":"https:\/\/gesiic-sorbonne.fr\/index.php?rest_route=\/wp\/v2\/pages\/680","targetHints":{"allow":["GET"]}}],"collection":[{"href":"https:\/\/gesiic-sorbonne.fr\/index.php?rest_route=\/wp\/v2\/pages"}],"about":[{"href":"https:\/\/gesiic-sorbonne.fr\/index.php?rest_route=\/wp\/v2\/types\/page"}],"author":[{"embeddable":true,"href":"https:\/\/gesiic-sorbonne.fr\/index.php?rest_route=\/wp\/v2\/users\/13"}],"replies":[{"embeddable":true,"href":"https:\/\/gesiic-sorbonne.fr\/index.php?rest_route=%2Fwp%2Fv2%2Fcomments&post=680"}],"version-history":[{"count":3,"href":"https:\/\/gesiic-sorbonne.fr\/index.php?rest_route=\/wp\/v2\/pages\/680\/revisions"}],"predecessor-version":[{"id":2044,"href":"https:\/\/gesiic-sorbonne.fr\/index.php?rest_route=\/wp\/v2\/pages\/680\/revisions\/2044"}],"wp:attachment":[{"href":"https:\/\/gesiic-sorbonne.fr\/index.php?rest_route=%2Fwp%2Fv2%2Fmedia&parent=680"}],"curies":[{"name":"wp","href":"https:\/\/api.w.org\/{rel}","templated":true}]}}