{"id":652,"date":"2020-11-29T15:49:04","date_gmt":"2020-11-29T14:49:04","guid":{"rendered":"https:\/\/gesiic-sorbonne.fr\/?page_id=652"},"modified":"2025-03-29T00:46:01","modified_gmt":"2025-03-28T23:46:01","slug":"associations","status":"publish","type":"page","link":"https:\/\/gesiic-sorbonne.fr\/?page_id=652","title":{"rendered":"ASSOCIATIONS"},"content":{"rendered":"\n<p>Les \u00e9tudiants du master GESIIC participent \u00e0 plusieurs associations : <\/p>\n\n\n\n<div class=\"wp-block-media-text is-stacked-on-mobile\" style=\"grid-template-columns:33% auto\"><figure class=\"wp-block-media-text__media\"><img loading=\"lazy\" decoding=\"async\" width=\"200\" height=\"200\" src=\"https:\/\/gesiic-sorbonne.fr\/wp-content\/uploads\/2023\/12\/Logo-AssoCercle.jpg\" alt=\"\" class=\"wp-image-3376 size-full\" srcset=\"https:\/\/gesiic-sorbonne.fr\/wp-content\/uploads\/2023\/12\/Logo-AssoCercle.jpg 200w, https:\/\/gesiic-sorbonne.fr\/wp-content\/uploads\/2023\/12\/Logo-AssoCercle-150x150.jpg 150w, https:\/\/gesiic-sorbonne.fr\/wp-content\/uploads\/2023\/12\/Logo-AssoCercle-70x70.jpg 70w, https:\/\/gesiic-sorbonne.fr\/wp-content\/uploads\/2023\/12\/Logo-AssoCercle-125x125.jpg 125w\" sizes=\"auto, (max-width: 200px) 100vw, 200px\" \/><\/figure><div class=\"wp-block-media-text__content\">\n<p>En 2022, le master GESIIC a cr\u00e9\u00e9 une nouvelle association, <strong><a href=\"https:\/\/le-cercle-gesiic-1985.assoconnect.com\/page\/3206703-l-association\" target=\"_blank\" rel=\"noreferrer noopener\"><mark style=\"background-color:rgba(0, 0, 0, 0)\" class=\"has-inline-color has-vivid-cyan-blue-color\">Le Cercle GESIIC<\/mark><\/a><\/strong>, qui repr\u00e9sente les \u00e9tudiants et alumnis.<\/p>\n\n\n\n<p>Elle organise des activit\u00e9s permettant de f\u00e9d\u00e9rer le r\u00e9seau du master : visites, conf\u00e9rences, afterworks, ap\u00e9ro des anciens, week-end d&rsquo;int\u00e9gration&#8230;<\/p>\n\n\n\n<p>Vous pourrez retrouver ses activit\u00e9s:<\/p>\n\n\n\n<p>sur son site internet : <a href=\"https:\/\/le-cercle-gesiic-1985.assoconnect.com\"><mark style=\"background-color:rgba(0, 0, 0, 0)\" class=\"has-inline-color has-vivid-cyan-blue-color\">https:\/\/le-cercle-gesiic-1985.assoconnect.com<\/mark><\/a><\/p>\n\n\n\n<p>et sur son LinkedIn : <a href=\"https:\/\/www.linkedin.com\/company\/le-cercle-gesiic\/posts\/\" target=\"_blank\" rel=\"noreferrer noopener\"><mark style=\"background-color:rgba(0, 0, 0, 0)\" class=\"has-inline-color has-vivid-cyan-blue-color\">https:\/\/www.linkedin.com\/company\/le-cercle-gesiic\/posts\/<\/mark><\/a><\/p>\n<\/div><\/div>\n\n\n\n<hr class=\"wp-block-separator has-alpha-channel-opacity\"\/>\n\n\n\n<p>L\u2019Amicale des alumni de l\u2019\u00c9cole de Management de la Sorbonne (<a href=\"https:\/\/www.em-sorbonne.org\/\" target=\"_blank\" rel=\"noreferrer noopener\"><u><mark style=\"background-color:rgba(0, 0, 0, 0)\" class=\"has-inline-color has-vivid-cyan-blue-color\">AEMS<\/mark><\/u><\/a>) existe sous sa forme actuelle depuis 2006. Elle anime et entretient le r\u00e9seau des anciens. Elle organise notamment la&nbsp;Grande C\u00e9r\u00e9monie de Remise des Dipl\u00f4mes, le&nbsp;<a href=\"http:\/\/www.salondesmasters.fr\/\" target=\"_blank\" rel=\"noreferrer noopener\"><mark style=\"background-color:rgba(0, 0, 0, 0)\" class=\"has-inline-color has-vivid-cyan-blue-color\">Salon des Masters de l\u2019\u00c9cole de Management de la Sorbonne<\/mark><\/a>, le Brunch Gestion Sorbonne<mark style=\"background-color:rgba(0, 0, 0, 0)\" class=\"has-inline-color has-vivid-cyan-blue-color\"><\/mark>, des pots des anciens, du mentoring et des conf\u00e9rences th\u00e9matiques.<\/p>\n\n\n<div class=\"wp-block-image\">\n<figure class=\"aligncenter size-full\"><img loading=\"lazy\" decoding=\"async\" width=\"568\" height=\"166\" src=\"https:\/\/gesiic-sorbonne.fr\/wp-content\/uploads\/2022\/06\/logo-AEMS.png\" alt=\"\" class=\"wp-image-2781\" srcset=\"https:\/\/gesiic-sorbonne.fr\/wp-content\/uploads\/2022\/06\/logo-AEMS.png 568w, https:\/\/gesiic-sorbonne.fr\/wp-content\/uploads\/2022\/06\/logo-AEMS-300x88.png 300w\" sizes=\"auto, (max-width: 568px) 100vw, 568px\" \/><\/figure>\n<\/div>\n\n\n<figure class=\"wp-block-embed is-type-video is-provider-youtube wp-block-embed-youtube wp-embed-aspect-16-9 wp-has-aspect-ratio\"><div class=\"wp-block-embed__wrapper\">\n<iframe loading=\"lazy\" title=\"Teaser [Promo 2021] : Grande C\u00e9r\u00e9monie de Remise des Dipl\u00f4mes - Ecole de Management de la Sorbonne\" width=\"750\" height=\"422\" src=\"https:\/\/www.youtube.com\/embed\/Sz3_fn1FIkA?feature=oembed\" frameborder=\"0\" allow=\"accelerometer; autoplay; clipboard-write; encrypted-media; gyroscope; picture-in-picture; web-share\" referrerpolicy=\"strict-origin-when-cross-origin\" allowfullscreen><\/iframe>\n<\/div><figcaption class=\"wp-element-caption\">Pour la version longue de la 31eme GCRD, voici la vid\u00e9o : <a href=\"https:\/\/www.youtube.com\/watch?v=lnXq1DXoMPw&amp;t=14s\">https:\/\/www.youtube.com\/watch?v=lnXq1DXoMPw&amp;t=14s<\/a><\/figcaption><\/figure>\n\n\n\n<hr class=\"wp-block-separator has-alpha-channel-opacity\"\/>\n\n\n\n<div class=\"wp-block-media-text has-media-on-the-right is-stacked-on-mobile\" style=\"grid-template-columns:auto 27%\"><div class=\"wp-block-media-text__content\">\n<p>Depuis 2004, l&rsquo;Association des \u00e9tudiants en Gestion de Paris I anime la vie \u00e9tudiante de l&rsquo;Ecole de Management de la Sorbonne : soir\u00e9e Nuit sauvage, s\u00e9jour au ski, services aux \u00e9tudiants (annales, r\u00e9ductions&#8230;).<\/p>\n\n\n\n<p>Vous pourrez retrouver ses activit\u00e9s sur son <a href=\"https:\/\/agp1.fr\/\" target=\"_blank\" rel=\"noreferrer noopener\"><mark style=\"background-color:rgba(0, 0, 0, 0)\" class=\"has-inline-color has-vivid-cyan-blue-color\">site internet<\/mark><\/a> et son <a href=\"https:\/\/www.facebook.com\/AGP1SorbonneParis1\/?ref=embed_page\" target=\"_blank\" rel=\"noreferrer noopener\"><mark style=\"background-color:rgba(0, 0, 0, 0)\" class=\"has-inline-color has-vivid-cyan-blue-color\">compte LinkedIn<\/mark><\/a>.<\/p>\n<\/div><figure class=\"wp-block-media-text__media\"><img loading=\"lazy\" decoding=\"async\" width=\"150\" height=\"150\" src=\"https:\/\/gesiic-sorbonne.fr\/wp-content\/uploads\/2023\/12\/logo-AGP1.png\" alt=\"\" class=\"wp-image-3377 size-full\" srcset=\"https:\/\/gesiic-sorbonne.fr\/wp-content\/uploads\/2023\/12\/logo-AGP1.png 150w, https:\/\/gesiic-sorbonne.fr\/wp-content\/uploads\/2023\/12\/logo-AGP1-70x70.png 70w, https:\/\/gesiic-sorbonne.fr\/wp-content\/uploads\/2023\/12\/logo-AGP1-125x125.png 125w\" sizes=\"auto, (max-width: 150px) 100vw, 150px\" \/><\/figure><\/div>\n\n\n\n<hr class=\"wp-block-separator has-alpha-channel-opacity\"\/>\n\n\n<div class=\"wp-block-image\">\n<figure class=\"aligncenter size-large is-resized\"><a href=\"https:\/\/www.linkedin.com\/in\/sorbonne-immo-127511a4\/\"><img loading=\"lazy\" decoding=\"async\" width=\"400\" height=\"75\" src=\"https:\/\/gesiic-sorbonne.fr\/wp-content\/uploads\/2021\/03\/association-immo-1.jpg\" alt=\"\" class=\"wp-image-1611\" style=\"width:360px;height:68px\" srcset=\"https:\/\/gesiic-sorbonne.fr\/wp-content\/uploads\/2021\/03\/association-immo-1.jpg 400w, https:\/\/gesiic-sorbonne.fr\/wp-content\/uploads\/2021\/03\/association-immo-1-300x56.jpg 300w\" sizes=\"auto, (max-width: 400px) 100vw, 400px\" \/><\/a><\/figure>\n<\/div>\n\n\n<p>Cr\u00e9\u00e9e en 1995, SORBONNE IMMO a anim\u00e9 le r\u00e9seau des anciens \u00e9tudiants et dipl\u00f4m\u00e9s du Master GESIIC et du DESUP (Dipl\u00f4me d\u2019Etudes Sup\u00e9rieures en Immobilier d\u2019Entreprise) de l\u2019Universit\u00e9 Paris I Panth\u00e9on-Sorbonne. Elle est membre du&nbsp;Club des Clubs Immobiliers.<\/p>\n","protected":false},"excerpt":{"rendered":"<p>Les \u00e9tudiants du master GESIIC participent \u00e0 plusieurs associations : En 2022, le master GESIIC a cr\u00e9\u00e9 une nouvelle association, &hellip; <\/p>\n","protected":false},"author":13,"featured_media":0,"parent":648,"menu_order":0,"comment_status":"closed","ping_status":"closed","template":"","meta":{"_cbd_carousel_blocks":"[]","_monsterinsights_skip_tracking":false,"_monsterinsights_sitenote_active":false,"_monsterinsights_sitenote_note":"","_monsterinsights_sitenote_category":0,"footnotes":""},"class_list":["post-652","page","type-page","status-publish","hentry"],"yoast_head":"<!-- This site is optimized with the Yoast SEO plugin v16.1.1 - https:\/\/yoast.com\/wordpress\/plugins\/seo\/ -->\n<title>ASSOCIATIONS - Gestion et Strat\u00e9gie de l&#039;Investissement Immobilier et de la Construction<\/title>\n<link rel=\"canonical\" href=\"https:\/\/gesiic-sorbonne.fr\/?page_id=652\" \/>\n<meta property=\"og:locale\" content=\"fr_FR\" \/>\n<meta property=\"og:type\" content=\"article\" \/>\n<meta property=\"og:title\" content=\"ASSOCIATIONS - Gestion et Strat\u00e9gie de l&#039;Investissement Immobilier et de la Construction\" \/>\n<meta property=\"og:description\" content=\"Les \u00e9tudiants du master GESIIC participent \u00e0 plusieurs associations : En 2022, le master GESIIC a cr\u00e9\u00e9 une nouvelle association, &hellip;\" \/>\n<meta property=\"og:url\" content=\"https:\/\/gesiic-sorbonne.fr\/?page_id=652\" \/>\n<meta property=\"og:site_name\" content=\"Gestion et Strat\u00e9gie de l&#039;Investissement Immobilier et de la Construction\" \/>\n<meta property=\"article:modified_time\" content=\"2025-03-28T23:46:01+00:00\" \/>\n<meta property=\"og:image\" content=\"https:\/\/gesiic-sorbonne.fr\/wp-content\/uploads\/2023\/12\/Logo-AssoCercle.jpg\" \/>\n<meta name=\"twitter:card\" content=\"summary_large_image\" \/>\n<meta name=\"twitter:site\" content=\"@gesiic_sorbonne\" \/>\n<meta name=\"twitter:label1\" content=\"Dur\u00e9e de lecture est.\">\n\t<meta name=\"twitter:data1\" content=\"2 minutes\">\n<script type=\"application\/ld+json\" class=\"yoast-schema-graph\">{\"@context\":\"https:\/\/schema.org\",\"@graph\":[{\"@type\":\"Organization\",\"@id\":\"https:\/\/gesiic-sorbonne.fr\/#organization\",\"name\":\"Master GESIIC de l'universit\\u00e9 Paris I\",\"url\":\"https:\/\/gesiic-sorbonne.fr\/\",\"sameAs\":[\"https:\/\/www.instagram.com\/master2gesiic\/?hl=en\",\"https:\/\/www.linkedin.com\/company\/m2-gesiic\/\",\"https:\/\/twitter.com\/gesiic_sorbonne\"],\"logo\":{\"@type\":\"ImageObject\",\"@id\":\"https:\/\/gesiic-sorbonne.fr\/#logo\",\"inLanguage\":\"fr-FR\",\"url\":\"https:\/\/gesiic-sorbonne.fr\/wp-content\/uploads\/2020\/12\/logo-master-1.png\",\"contentUrl\":\"https:\/\/gesiic-sorbonne.fr\/wp-content\/uploads\/2020\/12\/logo-master-1.png\",\"width\":318,\"height\":226,\"caption\":\"Master GESIIC de l'universit\\u00e9 Paris I\"},\"image\":{\"@id\":\"https:\/\/gesiic-sorbonne.fr\/#logo\"}},{\"@type\":\"WebSite\",\"@id\":\"https:\/\/gesiic-sorbonne.fr\/#website\",\"url\":\"https:\/\/gesiic-sorbonne.fr\/\",\"name\":\"Gestion et Strat\\u00e9gie de l'Investissement Immobilier et de la Construction\",\"description\":\"Nous formons les promoteurs et investisseurs immobiliers de demain qui fa\\u00e7onneront les villes d&#039;apr\\u00e8s-demain\",\"publisher\":{\"@id\":\"https:\/\/gesiic-sorbonne.fr\/#organization\"},\"potentialAction\":[{\"@type\":\"SearchAction\",\"target\":\"https:\/\/gesiic-sorbonne.fr\/?s={search_term_string}\",\"query-input\":\"required name=search_term_string\"}],\"inLanguage\":\"fr-FR\"},{\"@type\":\"ImageObject\",\"@id\":\"https:\/\/gesiic-sorbonne.fr\/?page_id=652#primaryimage\",\"inLanguage\":\"fr-FR\",\"url\":\"https:\/\/gesiic-sorbonne.fr\/wp-content\/uploads\/2023\/12\/Logo-AssoCercle.jpg\",\"contentUrl\":\"https:\/\/gesiic-sorbonne.fr\/wp-content\/uploads\/2023\/12\/Logo-AssoCercle.jpg\",\"width\":200,\"height\":200},{\"@type\":\"WebPage\",\"@id\":\"https:\/\/gesiic-sorbonne.fr\/?page_id=652#webpage\",\"url\":\"https:\/\/gesiic-sorbonne.fr\/?page_id=652\",\"name\":\"ASSOCIATIONS - Gestion et Strat\\u00e9gie de l&#039;Investissement Immobilier et de la Construction\",\"isPartOf\":{\"@id\":\"https:\/\/gesiic-sorbonne.fr\/#website\"},\"primaryImageOfPage\":{\"@id\":\"https:\/\/gesiic-sorbonne.fr\/?page_id=652#primaryimage\"},\"datePublished\":\"2020-11-29T14:49:04+00:00\",\"dateModified\":\"2025-03-28T23:46:01+00:00\",\"breadcrumb\":{\"@id\":\"https:\/\/gesiic-sorbonne.fr\/?page_id=652#breadcrumb\"},\"inLanguage\":\"fr-FR\",\"potentialAction\":[{\"@type\":\"ReadAction\",\"target\":[\"https:\/\/gesiic-sorbonne.fr\/?page_id=652\"]}]},{\"@type\":\"BreadcrumbList\",\"@id\":\"https:\/\/gesiic-sorbonne.fr\/?page_id=652#breadcrumb\",\"itemListElement\":[{\"@type\":\"ListItem\",\"position\":1,\"item\":{\"@type\":\"WebPage\",\"@id\":\"https:\/\/gesiic-sorbonne.fr\/\",\"url\":\"https:\/\/gesiic-sorbonne.fr\/\",\"name\":\"Accueil\"}},{\"@type\":\"ListItem\",\"position\":2,\"item\":{\"@type\":\"WebPage\",\"@id\":\"https:\/\/gesiic-sorbonne.fr\/?page_id=648\",\"url\":\"https:\/\/gesiic-sorbonne.fr\/?page_id=648\",\"name\":\"NOS PARTENAIRES\"}},{\"@type\":\"ListItem\",\"position\":3,\"item\":{\"@type\":\"WebPage\",\"@id\":\"https:\/\/gesiic-sorbonne.fr\/?page_id=652\",\"url\":\"https:\/\/gesiic-sorbonne.fr\/?page_id=652\",\"name\":\"ASSOCIATIONS\"}}]}]}<\/script>\n<!-- \/ Yoast SEO plugin. -->","_links":{"self":[{"href":"https:\/\/gesiic-sorbonne.fr\/index.php?rest_route=\/wp\/v2\/pages\/652","targetHints":{"allow":["GET"]}}],"collection":[{"href":"https:\/\/gesiic-sorbonne.fr\/index.php?rest_route=\/wp\/v2\/pages"}],"about":[{"href":"https:\/\/gesiic-sorbonne.fr\/index.php?rest_route=\/wp\/v2\/types\/page"}],"author":[{"embeddable":true,"href":"https:\/\/gesiic-sorbonne.fr\/index.php?rest_route=\/wp\/v2\/users\/13"}],"replies":[{"embeddable":true,"href":"https:\/\/gesiic-sorbonne.fr\/index.php?rest_route=%2Fwp%2Fv2%2Fcomments&post=652"}],"version-history":[{"count":17,"href":"https:\/\/gesiic-sorbonne.fr\/index.php?rest_route=\/wp\/v2\/pages\/652\/revisions"}],"predecessor-version":[{"id":3916,"href":"https:\/\/gesiic-sorbonne.fr\/index.php?rest_route=\/wp\/v2\/pages\/652\/revisions\/3916"}],"up":[{"embeddable":true,"href":"https:\/\/gesiic-sorbonne.fr\/index.php?rest_route=\/wp\/v2\/pages\/648"}],"wp:attachment":[{"href":"https:\/\/gesiic-sorbonne.fr\/index.php?rest_route=%2Fwp%2Fv2%2Fmedia&parent=652"}],"curies":[{"name":"wp","href":"https:\/\/api.w.org\/{rel}","templated":true}]}}