{"id":650,"date":"2020-11-29T15:48:43","date_gmt":"2020-11-29T14:48:43","guid":{"rendered":"https:\/\/gesiic-sorbonne.fr\/?page_id=650"},"modified":"2025-08-27T15:17:02","modified_gmt":"2025-08-27T13:17:02","slug":"partenariats","status":"publish","type":"page","link":"https:\/\/gesiic-sorbonne.fr\/?page_id=650","title":{"rendered":"ESPACE ENTREPRISE"},"content":{"rendered":"\n<h3 class=\"wp-block-heading\" id=\"ce-que-le-master-gesiic-peut-apporter-a-vos-salaries\">CE QUE LE MASTER GESIIC PEUT APPORTER \u00c0 VOS SALARI\u00c9S<\/h3>\n\n\n\n<div class=\"wp-block-media-text alignwide has-media-on-the-right is-stacked-on-mobile\" style=\"grid-template-columns:auto 16%\"><div class=\"wp-block-media-text__content\">\n<h4 class=\"wp-block-heading\" id=\"une-annee-de-formation-generaliste-de-tres-haut-niveau\">UNE ANN\u00c9E DE FORMATION G\u00c9N\u00c9RALISTE DE TR\u00c8S HAUT NIVEAU<\/h4>\n\n\n\n<p>Tout d&rsquo;abord, le master GESIIC constitue une opportunit\u00e9 unique de former votre personnel en formation continue \u00e0 travers une ann\u00e9e r\u00e9alis\u00e9e suivant un rythme d&rsquo;alternance pour un&nbsp;<a href=\"https:\/\/gesiic-sorbonne.fr\/?page_id=913\"><mark style=\"background-color:rgba(0, 0, 0, 0)\" class=\"has-inline-color has-vivid-cyan-blue-color\">co\u00fbt<\/mark><\/a>&nbsp;tr\u00e8s raisonnable.<\/p>\n\n\n\n<p>Dans le cadre de la loi ALUR, le renouvellement de la carte professionnelle est soumis tous les 3 ans \u00e0 une obligation de formation continue d&rsquo;une dur\u00e9e minimale de 14 heures par an. En tant qu&rsquo;organisme de formation continue reconnu (Num\u00e9ro de DA : 1175P000475), le dipl\u00f4me du GESIIC peut naturellement entrer dans cette obligation de formation.<\/p>\n\n\n\n<h4 class=\"wp-block-heading\" id=\"votre-partenaire-pour-une-formation-intra\">VOTRE PARTENAIRE POUR UNE FORMATION INTRA<\/h4>\n\n\n\n<p>Fort de l&rsquo;exp\u00e9rience p\u00e9dagogique du master GESIIC, nous pouvons vous proposer de construire, avec vous, un programme de formation d\u00e9di\u00e9 \u00e0 vos seuls salari\u00e9s. De nombreuses modalit\u00e9s peuvent \u00eatre envisag\u00e9es pour une formation sur mesure : th\u00e9matiques, volumes horaires, localisation, intervenants&#8230;<\/p>\n\n\n\n<p><a href=\"mailto:gesiic@univ-paris1.fr\"><span class=\"has-inline-color has-vivid-cyan-blue-color\">Prenez contact avec notre responsable formation courte<\/span><\/a>.<\/p>\n<\/div><figure class=\"wp-block-media-text__media\"><img loading=\"lazy\" decoding=\"async\" width=\"164\" height=\"414\" src=\"https:\/\/gesiic-sorbonne.fr\/wp-content\/uploads\/2021\/01\/logo.png\" alt=\"\" class=\"wp-image-1408 size-full\" srcset=\"https:\/\/gesiic-sorbonne.fr\/wp-content\/uploads\/2021\/01\/logo.png 164w, https:\/\/gesiic-sorbonne.fr\/wp-content\/uploads\/2021\/01\/logo-119x300.png 119w\" sizes=\"auto, (max-width: 164px) 100vw, 164px\" \/><\/figure><\/div>\n\n\n\n<h3 class=\"wp-block-heading\" id=\"ce-que-vous-pouvez-apporter-au-gesiic\">CE QUE VOUS POUVEZ APPORTER AU GESIIC<\/h3>\n\n\n\n<p>Il existe bien \u00e9videmment plusieurs fa\u00e7ons de soutenir notre formation :<\/p>\n\n\n\n<h4 class=\"wp-block-heading\" id=\"proposer-une-offre-d-emploi-de-stage-de-contrat-de-professionnalisation\">PROPOSER UNE OFFRE D&rsquo;EMPLOI \/ DE STAGE \/ DE CONTRAT DE PROFESSIONNALISATION :<\/h4>\n\n\n\n<div class=\"wp-block-media-text alignwide has-media-on-the-right is-stacked-on-mobile\" style=\"grid-template-columns:auto 16%\"><div class=\"wp-block-media-text__content\">\n<h4 class=\"wp-block-heading\" id=\"une-annee-de-formation-generaliste-de-tres-haut-niveau\">PROPOSER UNE OFFRE D&rsquo;EMPLOI \/ DE STAGE \/ DE CONTRAT DE PROFESSIONNALISATION :<\/h4>\n\n\n\n<p>Un contrat de professionnalisation sur une ann\u00e9e (M2) ou deux ann\u00e9es (M1-M2) de septembre (ou octobre) \u00e0 septembre (ou avec une fin anticip\u00e9e). L&rsquo;\u00e9tudiant r\u00e9alise pr\u00e8s de 500 heures \u00e0 l&rsquo;universit\u00e9 (avec un rythme d&rsquo;alternance) et le reste du temps en entreprise. Le co\u00fbt pour l&rsquo;entreprise est de 7 500\u20ac (pour une grande part pris en charge par les organismes). Voir <a href=\"https:\/\/gesiic-sorbonne.fr\/?page_id=913\" target=\"_blank\" rel=\"noreferrer noopener\">notre page sur les co\u00fbts<\/a> pour plus de d\u00e9tails. En cas de questions sur nos contrats de professionnalisation, contacter Nass\u00e9ra DIHMANI :\u00a0<a href=\"mailto:nassera.dihmani@formasup-paris.com\"><mark><mark style=\"background-color:#ffffff\" class=\"has-inline-color has-vivid-cyan-blue-color\">nassera.dihmani@formasup-paris.com<\/mark><\/mark><\/a>\u00a0ou 01 44 26 23 05.<\/p>\n\n\n\n<p>Pour les  \u00e9tudiants ne pouvant r\u00e9aliser un contrat de professionnalisation, nous proposons aussi le stage d&rsquo;une dur\u00e9e de 6 mois (\u00e0 placer entre septembre et septembre). <\/p>\n\n\n\n<p>En nous&nbsp;<a href=\"mailto:M2GESIIC-EMS@univ-paris1.fr\"><mark style=\"background-color:rgba(0, 0, 0, 0)\" class=\"has-inline-color has-vivid-cyan-blue-color\">proposant une offre d&#8217;emploi \/ de stage \/ de contrat de professionnalisation<\/mark><\/a>, vous&nbsp;pouvez compter sur la qualit\u00e9 de nos&nbsp;\u00e9tudiants et fa\u00eetes vivre le r\u00e9seau. Si vous pr\u00e9voyez de nombreux recrutements, n&rsquo;h\u00e9sitez pas \u00e0 nous solliciter pour participer \u00e0 notre <a href=\"https:\/\/gesiic-sorbonne.fr\/?page_id=1138\">jobdating <\/a>annuel.<\/p>\n<\/div><figure class=\"wp-block-media-text__media\"><a href=\"https:\/\/www.formasup-paris.com\/formations\/details\/221\" target=\"_blank\" rel=\"noreferrer noopener\"><img loading=\"lazy\" decoding=\"async\" width=\"150\" height=\"142\" src=\"https:\/\/gesiic-sorbonne.fr\/wp-content\/uploads\/2023\/03\/LogoCFA.png\" alt=\"\" class=\"wp-image-3175 size-full\"\/><\/a><\/figure><\/div>\n\n\n\n<div class=\"wp-block-media-text alignwide is-stacked-on-mobile is-vertically-aligned-center\" style=\"grid-template-columns:16% auto\"><figure class=\"wp-block-media-text__media\"><img loading=\"lazy\" decoding=\"async\" width=\"640\" height=\"400\" src=\"https:\/\/gesiic-sorbonne.fr\/wp-content\/uploads\/2023\/03\/taxe-d-apprentissage.jpg\" alt=\"\" class=\"wp-image-3176 size-full\" srcset=\"https:\/\/gesiic-sorbonne.fr\/wp-content\/uploads\/2023\/03\/taxe-d-apprentissage.jpg 640w, https:\/\/gesiic-sorbonne.fr\/wp-content\/uploads\/2023\/03\/taxe-d-apprentissage-300x188.jpg 300w\" sizes=\"auto, (max-width: 640px) 100vw, 640px\" \/><\/figure><div class=\"wp-block-media-text__content\">\n<h4 class=\"wp-block-heading\" id=\"taxe-d-apprentissage\">TAXE D&rsquo;APPRENTISSAGE :<\/h4>\n\n\n\n<p>En versant votre taxe d&rsquo;apprentissage de mani\u00e8re cibl\u00e9e au Master GESIIC de l&rsquo;Universit\u00e9 de Paris 1, vous contribuez \u00e0 son d\u00e9veloppement. Tous les d\u00e9tails sur la page \u00ab\u00a0<a href=\"https:\/\/gesiic-sorbonne.fr\/?page_id=3153\" target=\"_blank\" rel=\"noreferrer noopener\"><mark style=\"background-color:rgba(0, 0, 0, 0)\" class=\"has-inline-color has-vivid-cyan-blue-color\">Taxe d&rsquo;apprentissage<\/mark><\/a>\u00a0\u00bb qui d\u00e9taille le processus de versement qui a chang\u00e9 plusieurs fois ces derni\u00e8res ann\u00e9es.<\/p>\n<\/div><\/div>\n\n\n\n<div class=\"wp-block-media-text alignwide has-media-on-the-right is-stacked-on-mobile is-vertically-aligned-center\" style=\"grid-template-columns:auto 22%\"><div class=\"wp-block-media-text__content\">\n<h4 class=\"wp-block-heading\">PARTENARIATS<\/h4>\n\n\n\n<p>Nous avons d\u00e9velopp\u00e9 diff\u00e9rents <a href=\"https:\/\/gesiic-sorbonne.fr\/?page_id=648\" target=\"_blank\" rel=\"noreferrer noopener\">partenariats<\/a><a href=\"http:\/\/APPORTER UN CONCOURS FINANCIER \u00c0 L'ORGANISATION D'UN \u00c9V\u00c8NEMENT :\" target=\"_blank\" rel=\"noreferrer noopener\"> <\/a>(insertion, salons, shadow comex&#8230;) pluriannuels que vous pourrez d\u00e9couvrir sur cette page. N&rsquo;h\u00e9sitez pas \u00e0 nous solliciter si vous souhaitez signer le prochain partenariat du master : <a href=\"mailto:gesiic@univ-paris1.fr\">gesiic@univ-paris1.fr<\/a><\/p>\n<\/div><figure class=\"wp-block-media-text__media\"><img loading=\"lazy\" decoding=\"async\" width=\"417\" height=\"383\" src=\"https:\/\/gesiic-sorbonne.fr\/wp-content\/uploads\/2023\/03\/partenariat.jpg\" alt=\"\" class=\"wp-image-3177 size-full\" srcset=\"https:\/\/gesiic-sorbonne.fr\/wp-content\/uploads\/2023\/03\/partenariat.jpg 417w, https:\/\/gesiic-sorbonne.fr\/wp-content\/uploads\/2023\/03\/partenariat-300x276.jpg 300w\" sizes=\"auto, (max-width: 417px) 100vw, 417px\" \/><\/figure><\/div>\n\n\n\n<div class=\"wp-block-media-text alignwide has-media-on-the-right is-stacked-on-mobile is-vertically-aligned-center\" style=\"grid-template-columns:auto 22%\"><div class=\"wp-block-media-text__content\">\n<h4 class=\"wp-block-heading\" id=\"apporter-un-concours-financier-a-l-organisation-d-un-evenement\">APPORTER UN CONCOURS FINANCIER \u00c0 L&rsquo;ORGANISATION D&rsquo;UN \u00c9V\u00c8NEMENT :<\/h4>\n\n\n\n<p>Vous pouvez enfin contribuer au dynamisme du master GESIIC en nous aidant \u00e0 organiser nos propres \u00e9v\u00e8nements ou \u00e0 financer la participation de nos \u00e9tudiants \u00e0 des salons professionnels.<\/p>\n\n\n\n<p>Nous remercions par exemple :<\/p>\n\n\n\n<ul class=\"wp-block-list\">\n<li><a href=\"https:\/\/www.la-francaise.com\/fr\/\" target=\"_blank\" rel=\"noreferrer noopener\"><mark style=\"background-color:rgba(0, 0, 0, 0)\" class=\"has-inline-color has-vivid-cyan-blue-color\">La Fran\u00e7aise<\/mark><\/a> et <a href=\"https:\/\/www.michaelpage.fr\/\" target=\"_blank\" rel=\"noreferrer noopener\"><mark style=\"background-color:rgba(0, 0, 0, 0)\" class=\"has-inline-color has-vivid-cyan-blue-color\">Michael Page<\/mark><\/a> pour le cocktail de la c\u00e9r\u00e9monie de remise des dipl\u00f4mes 2023,<\/li>\n\n\n\n<li><a href=\"https:\/\/www.eiffage-immobilier.fr\/\" target=\"_blank\" rel=\"noreferrer noopener\"><mark style=\"background-color:rgba(0, 0, 0, 0)\" class=\"has-inline-color has-vivid-cyan-blue-color\">Eiffage Immobilier<\/mark><\/a>&nbsp;pour l&rsquo;organisation du voyage d&rsquo;\u00e9tude \u00e0 Dijon.<\/li>\n<\/ul>\n<\/div><figure class=\"wp-block-media-text__media\"><img loading=\"lazy\" decoding=\"async\" width=\"250\" height=\"333\" src=\"https:\/\/gesiic-sorbonne.fr\/wp-content\/uploads\/2023\/03\/Sponsor.jpg\" alt=\"\" class=\"wp-image-3178 size-full\" srcset=\"https:\/\/gesiic-sorbonne.fr\/wp-content\/uploads\/2023\/03\/Sponsor.jpg 250w, https:\/\/gesiic-sorbonne.fr\/wp-content\/uploads\/2023\/03\/Sponsor-225x300.jpg 225w\" sizes=\"auto, (max-width: 250px) 100vw, 250px\" \/><\/figure><\/div>\n\n\n\n<div class=\"wp-block-media-text alignwide has-media-on-the-right is-stacked-on-mobile is-vertically-aligned-center\" style=\"grid-template-columns:auto 22%\"><div class=\"wp-block-media-text__content\">\n<h4 class=\"wp-block-heading\" id=\"gater-nos-etudiants\">G\u00c2TER NOS \u00c9TUDIANTS :<\/h4>\n\n\n\n<p>Les \u00e9tudiants du master sont les futurs d\u00e9cideurs de l&rsquo;industrie immobili\u00e8re. Vous avez la possibilit\u00e9 de leur faciliter l&rsquo;entr\u00e9e dans ce monde. Nous remercions <a href=\"https:\/\/gesiic-sorbonne.fr\/?page_id=648\" target=\"_blank\" rel=\"noreferrer noopener\">nos partenaires<\/a> qui permettent \u00e0 nos \u00e9tudiants d&rsquo;acc\u00e9der \u00e0 des salons professionnels, de b\u00e9n\u00e9ficier de l&rsquo;acc\u00e8s \u00e0 de la presse immobili\u00e8re ou de visiter des b\u00e2timents embl\u00e9matiques.<\/p>\n<\/div><figure class=\"wp-block-media-text__media\"><img loading=\"lazy\" decoding=\"async\" width=\"473\" height=\"507\" src=\"https:\/\/gesiic-sorbonne.fr\/wp-content\/uploads\/2025\/01\/mipimCarree.jpg\" alt=\"\" class=\"wp-image-3769 size-full\" srcset=\"https:\/\/gesiic-sorbonne.fr\/wp-content\/uploads\/2025\/01\/mipimCarree.jpg 473w, https:\/\/gesiic-sorbonne.fr\/wp-content\/uploads\/2025\/01\/mipimCarree-280x300.jpg 280w\" sizes=\"auto, (max-width: 473px) 100vw, 473px\" \/><\/figure><\/div>\n\n\n\n<div class=\"wp-block-media-text alignwide has-media-on-the-right is-stacked-on-mobile\" style=\"grid-template-columns:auto 22%\"><div class=\"wp-block-media-text__content\">\n<h4 class=\"wp-block-heading\" id=\"contribuer-a-la-bibliotheque-du-master\">CONTRIBUER \u00c0 LA BIBLIOTH\u00c8QUE DU MASTER :<\/h4>\n\n\n\n<p>Pour accompagner les \u00e9tudiants dans leur travail, le master a constitu\u00e9 une biblioth\u00e8que d\u2019ouvrages et\/ou de revues professionnelles dans les domaines de l\u2019immobilier et de la construction (immobilier, droit, urbanisme, etc\u2026). Un don d&rsquo;ouvrage neufs ou d\u2019occasion permettrait d&rsquo;enrichir cette base documentaire. De la m\u00eame fa\u00e7on, l&rsquo;acc\u00e8s \u00e0 certaines bases de donn\u00e9es est pr\u00e9cieuse pour nos \u00e9tudiants.<\/p>\n<\/div><figure class=\"wp-block-media-text__media\"><img loading=\"lazy\" decoding=\"async\" width=\"980\" height=\"980\" src=\"https:\/\/gesiic-sorbonne.fr\/wp-content\/uploads\/2025\/01\/pile-text-books-library-free-png.webp\" alt=\"\" class=\"wp-image-3771 size-full\" srcset=\"https:\/\/gesiic-sorbonne.fr\/wp-content\/uploads\/2025\/01\/pile-text-books-library-free-png.webp 980w, https:\/\/gesiic-sorbonne.fr\/wp-content\/uploads\/2025\/01\/pile-text-books-library-free-png-300x300.webp 300w, https:\/\/gesiic-sorbonne.fr\/wp-content\/uploads\/2025\/01\/pile-text-books-library-free-png-150x150.webp 150w, https:\/\/gesiic-sorbonne.fr\/wp-content\/uploads\/2025\/01\/pile-text-books-library-free-png-768x768.webp 768w, https:\/\/gesiic-sorbonne.fr\/wp-content\/uploads\/2025\/01\/pile-text-books-library-free-png-250x250.webp 250w, https:\/\/gesiic-sorbonne.fr\/wp-content\/uploads\/2025\/01\/pile-text-books-library-free-png-70x70.webp 70w, https:\/\/gesiic-sorbonne.fr\/wp-content\/uploads\/2025\/01\/pile-text-books-library-free-png-246x246.webp 246w, https:\/\/gesiic-sorbonne.fr\/wp-content\/uploads\/2025\/01\/pile-text-books-library-free-png-276x276.webp 276w, https:\/\/gesiic-sorbonne.fr\/wp-content\/uploads\/2025\/01\/pile-text-books-library-free-png-125x125.webp 125w\" sizes=\"auto, (max-width: 980px) 100vw, 980px\" \/><\/figure><\/div>\n\n\n\n<hr class=\"wp-block-separator has-alpha-channel-opacity\"\/>\n\n\n\n<p>Pour toute question\/difficult\u00e9\/proposition, n&rsquo;h\u00e9sitez pas \u00e0 contacter notre gestionnaire :<\/p>\n\n\n\n<p>Bureau E613<br>17 rue de la Sorbonne &#8211; 75005 Paris<br><a href=\"mailto:M2GESIIC-EMS@univ-paris1.fr\"><span class=\"has-inline-color has-vivid-cyan-blue-color\">M2GESIIC-EMS@univ-paris1.fr<\/span><\/a><br>Tel 01 40 46 26 76<\/p>\n\n\n\n<div class=\"wp-block-buttons is-layout-flex wp-block-buttons-is-layout-flex\">\n<div class=\"wp-block-button is-style-outline is-style-outline--1\"><a class=\"wp-block-button__link wp-element-button\" href=\"https:\/\/gesiic-sorbonne.fr\/?page_id=648\"><mark style=\"background-color:rgba(0, 0, 0, 0)\" class=\"has-inline-color has-vivid-cyan-blue-color\">Nos Partenaires<\/mark><\/a><\/div>\n<\/div>\n","protected":false},"excerpt":{"rendered":"<p>CE QUE LE MASTER GESIIC PEUT APPORTER \u00c0 VOS SALARI\u00c9S UNE ANN\u00c9E DE FORMATION G\u00c9N\u00c9RALISTE DE TR\u00c8S HAUT NIVEAU Tout &hellip; <\/p>\n","protected":false},"author":13,"featured_media":0,"parent":648,"menu_order":0,"comment_status":"closed","ping_status":"closed","template":"","meta":{"_cbd_carousel_blocks":"[]","_monsterinsights_skip_tracking":false,"_monsterinsights_sitenote_active":false,"_monsterinsights_sitenote_note":"","_monsterinsights_sitenote_category":0,"footnotes":""},"class_list":["post-650","page","type-page","status-publish","hentry"],"yoast_head":"<!-- This site is optimized with the Yoast SEO plugin v16.1.1 - https:\/\/yoast.com\/wordpress\/plugins\/seo\/ -->\n<title>ESPACE ENTREPRISE - Gestion et Strat\u00e9gie de l&#039;Investissement Immobilier et de la Construction<\/title>\n<link rel=\"canonical\" href=\"https:\/\/gesiic-sorbonne.fr\/?page_id=650\" \/>\n<meta property=\"og:locale\" content=\"fr_FR\" \/>\n<meta property=\"og:type\" content=\"article\" \/>\n<meta property=\"og:title\" content=\"ESPACE ENTREPRISE - Gestion et Strat\u00e9gie de l&#039;Investissement Immobilier et de la Construction\" \/>\n<meta property=\"og:description\" content=\"CE QUE LE MASTER GESIIC PEUT APPORTER \u00c0 VOS SALARI\u00c9S UNE ANN\u00c9E DE FORMATION G\u00c9N\u00c9RALISTE DE TR\u00c8S HAUT NIVEAU Tout &hellip;\" \/>\n<meta property=\"og:url\" content=\"https:\/\/gesiic-sorbonne.fr\/?page_id=650\" \/>\n<meta property=\"og:site_name\" content=\"Gestion et Strat\u00e9gie de l&#039;Investissement Immobilier et de la Construction\" \/>\n<meta property=\"article:modified_time\" content=\"2025-08-27T13:17:02+00:00\" \/>\n<meta property=\"og:image\" content=\"https:\/\/gesiic-sorbonne.fr\/wp-content\/uploads\/2021\/01\/logo.png\" \/>\n<meta name=\"twitter:card\" content=\"summary_large_image\" \/>\n<meta name=\"twitter:site\" content=\"@gesiic_sorbonne\" \/>\n<meta name=\"twitter:label1\" content=\"Dur\u00e9e de lecture est.\">\n\t<meta name=\"twitter:data1\" content=\"5 minutes\">\n<script type=\"application\/ld+json\" class=\"yoast-schema-graph\">{\"@context\":\"https:\/\/schema.org\",\"@graph\":[{\"@type\":\"Organization\",\"@id\":\"https:\/\/gesiic-sorbonne.fr\/#organization\",\"name\":\"Master GESIIC de l'universit\\u00e9 Paris I\",\"url\":\"https:\/\/gesiic-sorbonne.fr\/\",\"sameAs\":[\"https:\/\/www.instagram.com\/master2gesiic\/?hl=en\",\"https:\/\/www.linkedin.com\/company\/m2-gesiic\/\",\"https:\/\/twitter.com\/gesiic_sorbonne\"],\"logo\":{\"@type\":\"ImageObject\",\"@id\":\"https:\/\/gesiic-sorbonne.fr\/#logo\",\"inLanguage\":\"fr-FR\",\"url\":\"https:\/\/gesiic-sorbonne.fr\/wp-content\/uploads\/2020\/12\/logo-master-1.png\",\"contentUrl\":\"https:\/\/gesiic-sorbonne.fr\/wp-content\/uploads\/2020\/12\/logo-master-1.png\",\"width\":318,\"height\":226,\"caption\":\"Master GESIIC de l'universit\\u00e9 Paris I\"},\"image\":{\"@id\":\"https:\/\/gesiic-sorbonne.fr\/#logo\"}},{\"@type\":\"WebSite\",\"@id\":\"https:\/\/gesiic-sorbonne.fr\/#website\",\"url\":\"https:\/\/gesiic-sorbonne.fr\/\",\"name\":\"Gestion et Strat\\u00e9gie de l'Investissement Immobilier et de la Construction\",\"description\":\"Nous formons les promoteurs et investisseurs immobiliers de demain qui fa\\u00e7onneront les villes d&#039;apr\\u00e8s-demain\",\"publisher\":{\"@id\":\"https:\/\/gesiic-sorbonne.fr\/#organization\"},\"potentialAction\":[{\"@type\":\"SearchAction\",\"target\":\"https:\/\/gesiic-sorbonne.fr\/?s={search_term_string}\",\"query-input\":\"required name=search_term_string\"}],\"inLanguage\":\"fr-FR\"},{\"@type\":\"ImageObject\",\"@id\":\"https:\/\/gesiic-sorbonne.fr\/?page_id=650#primaryimage\",\"inLanguage\":\"fr-FR\",\"url\":\"https:\/\/gesiic-sorbonne.fr\/wp-content\/uploads\/2021\/01\/logo.png\",\"contentUrl\":\"https:\/\/gesiic-sorbonne.fr\/wp-content\/uploads\/2021\/01\/logo.png\",\"width\":164,\"height\":414},{\"@type\":\"WebPage\",\"@id\":\"https:\/\/gesiic-sorbonne.fr\/?page_id=650#webpage\",\"url\":\"https:\/\/gesiic-sorbonne.fr\/?page_id=650\",\"name\":\"ESPACE ENTREPRISE - Gestion et Strat\\u00e9gie de l&#039;Investissement Immobilier et de la Construction\",\"isPartOf\":{\"@id\":\"https:\/\/gesiic-sorbonne.fr\/#website\"},\"primaryImageOfPage\":{\"@id\":\"https:\/\/gesiic-sorbonne.fr\/?page_id=650#primaryimage\"},\"datePublished\":\"2020-11-29T14:48:43+00:00\",\"dateModified\":\"2025-08-27T13:17:02+00:00\",\"breadcrumb\":{\"@id\":\"https:\/\/gesiic-sorbonne.fr\/?page_id=650#breadcrumb\"},\"inLanguage\":\"fr-FR\",\"potentialAction\":[{\"@type\":\"ReadAction\",\"target\":[\"https:\/\/gesiic-sorbonne.fr\/?page_id=650\"]}]},{\"@type\":\"BreadcrumbList\",\"@id\":\"https:\/\/gesiic-sorbonne.fr\/?page_id=650#breadcrumb\",\"itemListElement\":[{\"@type\":\"ListItem\",\"position\":1,\"item\":{\"@type\":\"WebPage\",\"@id\":\"https:\/\/gesiic-sorbonne.fr\/\",\"url\":\"https:\/\/gesiic-sorbonne.fr\/\",\"name\":\"Accueil\"}},{\"@type\":\"ListItem\",\"position\":2,\"item\":{\"@type\":\"WebPage\",\"@id\":\"https:\/\/gesiic-sorbonne.fr\/?page_id=648\",\"url\":\"https:\/\/gesiic-sorbonne.fr\/?page_id=648\",\"name\":\"NOS PARTENAIRES\"}},{\"@type\":\"ListItem\",\"position\":3,\"item\":{\"@type\":\"WebPage\",\"@id\":\"https:\/\/gesiic-sorbonne.fr\/?page_id=650\",\"url\":\"https:\/\/gesiic-sorbonne.fr\/?page_id=650\",\"name\":\"ESPACE ENTREPRISE\"}}]}]}<\/script>\n<!-- \/ Yoast SEO plugin. -->","_links":{"self":[{"href":"https:\/\/gesiic-sorbonne.fr\/index.php?rest_route=\/wp\/v2\/pages\/650","targetHints":{"allow":["GET"]}}],"collection":[{"href":"https:\/\/gesiic-sorbonne.fr\/index.php?rest_route=\/wp\/v2\/pages"}],"about":[{"href":"https:\/\/gesiic-sorbonne.fr\/index.php?rest_route=\/wp\/v2\/types\/page"}],"author":[{"embeddable":true,"href":"https:\/\/gesiic-sorbonne.fr\/index.php?rest_route=\/wp\/v2\/users\/13"}],"replies":[{"embeddable":true,"href":"https:\/\/gesiic-sorbonne.fr\/index.php?rest_route=%2Fwp%2Fv2%2Fcomments&post=650"}],"version-history":[{"count":57,"href":"https:\/\/gesiic-sorbonne.fr\/index.php?rest_route=\/wp\/v2\/pages\/650\/revisions"}],"predecessor-version":[{"id":3977,"href":"https:\/\/gesiic-sorbonne.fr\/index.php?rest_route=\/wp\/v2\/pages\/650\/revisions\/3977"}],"up":[{"embeddable":true,"href":"https:\/\/gesiic-sorbonne.fr\/index.php?rest_route=\/wp\/v2\/pages\/648"}],"wp:attachment":[{"href":"https:\/\/gesiic-sorbonne.fr\/index.php?rest_route=%2Fwp%2Fv2%2Fmedia&parent=650"}],"curies":[{"name":"wp","href":"https:\/\/api.w.org\/{rel}","templated":true}]}}