{"id":635,"date":"2020-11-29T15:44:21","date_gmt":"2020-11-29T14:44:21","guid":{"rendered":"https:\/\/gesiic-sorbonne.fr\/?page_id=635"},"modified":"2025-01-24T15:43:39","modified_gmt":"2025-01-24T14:43:39","slug":"debouches","status":"publish","type":"page","link":"https:\/\/gesiic-sorbonne.fr\/?page_id=635","title":{"rendered":"D\u00c9BOUCH\u00c9S"},"content":{"rendered":"\n<p>La branche immobili\u00e8re est&nbsp;<a href=\"https:\/\/www.insee.fr\/fr\/statistiques\/2830197#tableau-Donnees\" target=\"_blank\" rel=\"noreferrer noopener\"><span class=\"has-inline-color has-vivid-cyan-blue-color\">l&rsquo;une des plus importantes de notre \u00e9conomie<\/span><\/a> (cliquer sur Tableau). Les dipl\u00f4m\u00e9s du master GESIIC trouvent rapidement un emploi dans un secteur actuellement tr\u00e8s favorable aux dipl\u00f4m\u00e9s :<\/p>\n\n\n\n<div class=\"wp-block-group\"><div class=\"wp-block-group__inner-container is-layout-flow wp-block-group-is-layout-flow\">\n<div class=\"wp-block-buttons is-layout-flex wp-block-buttons-is-layout-flex\">\n<div class=\"wp-block-button is-style-outline is-style-outline--1\"><a class=\"wp-block-button__link wp-element-button\" href=\"https:\/\/www.youtube.com\/watch?v=ajO9Nlc0s5E\" style=\"border-radius:6px\" target=\"_blank\" rel=\"noreferrer noopener\"><mark style=\"background-color:rgba(0, 0, 0, 0)\" class=\"has-inline-color has-vivid-cyan-blue-color\">Vid\u00e9o des m\u00e9tiers du secteur<\/mark><\/a><\/div>\n\n\n\n<div class=\"wp-block-button is-style-outline is-style-outline--2\"><a class=\"wp-block-button__link wp-element-button\" href=\"https:\/\/gesiic-sorbonne.fr\/?page_id=834\" style=\"border-radius:6px\" target=\"_blank\" rel=\"noreferrer noopener\"><mark style=\"background-color:rgba(0, 0, 0, 0)\" class=\"has-inline-color has-vivid-cyan-blue-color\">Statistique d\u00e9bouch\u00e9s GESIIC<\/mark><\/a><\/div>\n\n\n\n<div class=\"wp-block-button is-style-outline is-style-outline--3\"><a class=\"wp-block-button__link wp-element-button\" href=\"https:\/\/gesiic-sorbonne.fr\/wp-content\/uploads\/2022\/01\/Statembauches.gif\" style=\"border-radius:6px\" target=\"_blank\" rel=\"noreferrer noopener\"><mark style=\"background-color:rgba(0, 0, 0, 0)\" class=\"has-inline-color has-vivid-cyan-blue-color\">Statistiques recrutement du secteur<\/mark><\/a><\/div>\n<\/div>\n\n\n\n<p><\/p>\n\n\n\n<p>L&rsquo;insertion professionnelle est facilit\u00e9e par la tenue d&rsquo;un <a href=\"https:\/\/gesiic-sorbonne.fr\/?page_id=1138\" target=\"_blank\" rel=\"noreferrer noopener\"><mark style=\"background-color:rgba(0, 0, 0, 0)\" class=\"has-inline-color has-vivid-cyan-blue-color\">jobdating<\/mark> <\/a>propre au master GESIIC (au cours duquel les principaux employeurs de l&rsquo;immobilier viennent en Sorbonne recruter nos \u00e9tudiants), par notre <a href=\"https:\/\/gesiic-sorbonne.fr\/?page_id=648\" target=\"_blank\" rel=\"noreferrer noopener\"><mark style=\"background-color:rgba(0, 0, 0, 0)\" class=\"has-inline-color has-vivid-cyan-blue-color\">partenariat avec le cabinet Michael Page<\/mark><\/a> et par l&rsquo;orientation tr\u00e8s professionnalisante du master GESIIC (contrat de professionnalisation ou stage de 6 mois, <em><a href=\"https:\/\/gesiic-sorbonne.fr\/?page_id=2462\" target=\"_blank\" rel=\"noreferrer noopener\"><mark style=\"background-color:rgba(0, 0, 0, 0)\" class=\"has-inline-color has-vivid-cyan-blue-color\">shadow comex<\/mark><\/a><\/em>, <a href=\"https:\/\/gesiic-sorbonne.fr\/?page_id=3091\" target=\"_blank\" rel=\"noreferrer noopener\"><mark style=\"background-color:rgba(0, 0, 0, 0)\" class=\"has-inline-color has-vivid-cyan-blue-color\">atelier de n\u00e9gociation<\/mark><\/a> &#8230;)<\/p>\n<\/div><\/div>\n\n\n\n<div class=\"wp-block-media-text alignwide is-stacked-on-mobile is-image-fill-element\" style=\"grid-template-columns:31% auto\"><figure class=\"wp-block-media-text__media\"><img loading=\"lazy\" decoding=\"async\" width=\"600\" height=\"400\" src=\"https:\/\/gesiic-sorbonne.fr\/wp-content\/uploads\/2022\/06\/Metiers2.jpg\" alt=\"\" class=\"wp-image-2747 size-full\" style=\"object-position:5% 67%\" srcset=\"https:\/\/gesiic-sorbonne.fr\/wp-content\/uploads\/2022\/06\/Metiers2.jpg 600w, https:\/\/gesiic-sorbonne.fr\/wp-content\/uploads\/2022\/06\/Metiers2-300x200.jpg 300w, https:\/\/gesiic-sorbonne.fr\/wp-content\/uploads\/2022\/06\/Metiers2-370x247.jpg 370w\" sizes=\"auto, (max-width: 600px) 100vw, 600px\" \/><\/figure><div class=\"wp-block-media-text__content\">\n<h3 class=\"wp-block-heading\">M\u00c9TIERS OU FONCTIONS ACCESSIBLES AUX DIPL\u00d4M\u00c9S :<\/h3>\n\n\n\n<ul class=\"wp-block-list\">\n<li>Asset Manager (Gestionnaire d&rsquo;actifs),   (M)<\/li>\n\n\n\n<li>Fund Manager (Gestionnaire de fonds), (M)<\/li>\n\n\n\n<li>Responsable de programme immobilier, (D)<\/li>\n\n\n\n<li>D\u00e9veloppeur foncier, (D)<\/li>\n\n\n\n<li>Analyste immobilier,<\/li>\n\n\n\n<li>Broker immobilier (Consultant),              (M ou D)<\/li>\n\n\n\n<li>Expert immobilier, (M ou D)<\/li>\n\n\n\n<li>Directeur immobilier,                               (M)<\/li>\n\n\n\n<li>Responsable gestion immobili\u00e8re,<\/li>\n\n\n\n<li>Property Manager ou Facility Manager&#8230;<\/li>\n<\/ul>\n<\/div><\/div>\n\n\n\n<p> (<em>\u00ab\u00a0D\u00a0\u00bb ou \u00ab\u00a0M\u00a0\u00bb correspondent aux parcours, RED ou REIM, qui forment plus sp\u00e9cifiquement \u00e0 ces m\u00e9tiers<\/em>).<\/p>\n\n\n\n<h3 class=\"wp-block-heading\">INTERNATIONAL&nbsp;<\/h3>\n\n\n\n<p>L&rsquo;accr\u00e9ditation RICS (<span class=\"has-inline-color has-vivid-cyan-blue-color\"><a href=\"https:\/\/www.rics.org\/fr\/\" target=\"_blank\" rel=\"noreferrer noopener\">Royal Institution of Chartered Surveyors<\/a><\/span>) du master GESIIC permet \u00e0 ses \u00e9tudiants de s&rsquo;engager dans le processus pour devenir membre (individuel) de la RICS. L&rsquo;appartenance \u00e0 la RICS leur conf\u00e8re un titre reconnu dans le monde entier, des possibilit\u00e9s de formation continue, d&rsquo;assistance, d&rsquo;information et de soutien&#8230; <\/p>\n\n\n\n<h3 class=\"wp-block-heading\">POUR EN CONNA\u00ceTRE PLUS SUR LES M\u00c9TIERS DE L&rsquo;INDUSTRIE IMMOBILI\u00c8RE<\/h3>\n\n\n\n<p>Vous \u00e9clairer les \u00e9tudiants sur les m\u00e9tiers de l&rsquo;industrie immobili\u00e8re, le master GESIIC organise chaque ann\u00e9e une <a href=\"https:\/\/gesiic-sorbonne.fr\/?page_id=2556\" target=\"_blank\" rel=\"noreferrer noopener\"><mark style=\"background-color:rgba(0, 0, 0, 0)\" class=\"has-inline-color has-vivid-cyan-blue-color\">conf\u00e9rence sur les m\u00e9tiers de l&rsquo;immobilier<\/mark><\/a>. Vous pourrez t\u00e9l\u00e9charger sur cette page les pr\u00e9sentations effectu\u00e9es lors des derni\u00e8res conf\u00e9rences d\u00e9taillant les m\u00e9tiers et les carri\u00e8res dans ce secteur. <\/p>\n\n\n\n<p>Vous pourrez trouver plus d&rsquo;information sur les m\u00e9tiers de l&rsquo;industrie immobili\u00e8re dans :<\/p>\n\n\n\n<ul class=\"wp-block-list\">\n<li>une&nbsp;<a href=\"http:\/\/www.youtube.com\/embed\/xYlHw1c6bEc\"><mark style=\"background-color:rgba(0, 0, 0, 0)\" class=\"has-inline-color has-vivid-cyan-blue-color\">vid\u00e9o<\/mark><\/a>&nbsp;p\u00e9dagogique (Fondation Palladio)<\/li>\n\n\n\n<li>le&nbsp;<mark style=\"background-color:rgba(0, 0, 0, 0)\" class=\"has-inline-color has-vivid-cyan-blue-color\"><a href=\"https:\/\/extranet.fnaim.fr\/fede\/dossiers-editoriaux\/PublishingImages\/Pages\/metiers-de-l-immobilier\/AGEFOS_PME_2014_referentiel_des_metiers_du_secteur_de_l_immobilier_APEC.pdf\" target=\"_blank\" rel=\"noreferrer noopener\">r\u00e9f\u00e9rentiel<\/a><\/mark>&nbsp;des m\u00e9tiers cadres du secteur immobilier (APEC)<\/li>\n\n\n\n<li>les \u00e9tudes&nbsp;sur les m\u00e9tiers de l&rsquo;immobilier et de la Ville&nbsp;(Palladio, BI, E&amp;Y) (Editions <a href=\"https:\/\/gesiic-sorbonne.fr\/wp-content\/uploads\/2023\/07\/ey-panorama-immo-episode-20230216.pdf\" target=\"_blank\" rel=\"noreferrer noopener\"><mark style=\"background-color:rgba(0, 0, 0, 0)\" class=\"has-inline-color has-vivid-cyan-blue-color\">2023<\/mark><\/a>, <a href=\"https:\/\/gesiic-sorbonne.fr\/wp-content\/uploads\/2021\/06\/RealEstateUrbanEmploymentMonitor_5eEdition2021_volet_metiers.pdf\" target=\"_blank\" rel=\"noreferrer noopener\"><mark style=\"background-color:rgba(0, 0, 0, 0)\" class=\"has-inline-color has-vivid-cyan-blue-color\">2021<\/mark><\/a>, <a href=\"https:\/\/gesiic-sorbonne.fr\/wp-content\/uploads\/2021\/06\/RealEstateUrbanEmployment-Monitor_4e_Edition2020_volet_metiers-1.pdf\" target=\"_blank\" rel=\"noreferrer noopener\">2020<\/a>,&nbsp;<mark style=\"background-color:rgba(0, 0, 0, 0)\" class=\"has-inline-color has-vivid-cyan-blue-color\"><a href=\"https:\/\/www.pantheonsorbonne.fr\/fileadmin\/CEP\/Master-GESIIC\/Docs\/real-estate--urban-employment-monitor-edition-2019.pdf\" target=\"_blank\" rel=\"noreferrer noopener\">2019<\/a><\/mark>,&nbsp;<a href=\"https:\/\/www.pantheonsorbonne.fr\/fileadmin\/CEP\/Master-GESIIC\/Docs\/2018-ey-observatoire-des-metiers-de-limmobilier-et-de-la-ville.pdf\" target=\"_blank\" rel=\"noreferrer noopener\">2018<\/a>, <a href=\"https:\/\/www.pantheonsorbonne.fr\/fileadmin\/CEP\/Master-GESIIC\/Docs\/RealEstate_UrbanEmploymentMonitor_FirstEdition2017_EY-BI-Palladio.pdf\" target=\"_blank\" rel=\"noreferrer noopener\">2017<\/a>)<\/li>\n\n\n\n<li>des podcasts  : <a href=\"https:\/\/rss.com\/podcasts\/desbriquesetdesbrocs\/462705\/\" target=\"_blank\" rel=\"noreferrer noopener\"><mark style=\"background-color:rgba(0, 0, 0, 0)\" class=\"has-inline-color has-vivid-cyan-blue-color\">Asset manager<\/mark><\/a>, <a href=\"https:\/\/rss.com\/podcasts\/desbriquesetdesbrocs\/964834\/\" target=\"_blank\" rel=\"noreferrer noopener\"><mark style=\"background-color:rgba(0, 0, 0, 0)\" class=\"has-inline-color has-vivid-cyan-blue-color\">Fund manager<\/mark><\/a> (\u00ab\u00a0Des <em>Briques<\/em> et des <em>Brocs<\/em>\u00ab\u00a0), <a href=\"https:\/\/www.mysweetimmo.com\/2023\/03\/11\/responsable-de-programme-un-metier-recherche-helene-dauphin-nexity\/\" target=\"_blank\" rel=\"noreferrer noopener\"><mark style=\"background-color:rgba(0, 0, 0, 0)\" class=\"has-inline-color has-vivid-cyan-blue-color\">Responsable de programme<\/mark><\/a> (mysweetimmo)<\/li>\n<\/ul>\n\n\n\n<h3 class=\"wp-block-heading\">ALTERNANCE<\/h3>\n\n\n\n<p>Les m\u00e9tiers de l&rsquo;immobilier auxquels le master GESIIC forment (cf. ci-dessus) sont hautement professionnalis\u00e9s. Ils n\u00e9cessitent \u00e0 la fois une formation sp\u00e9cifique (droit de l&rsquo;immobilier, finance immobili\u00e8re, strat\u00e9gie immobili\u00e8re&#8230;), mais aussi une immersion dans la pratique professionnelle. Cette immersion est rendue possible par un rythme d&rsquo;alternance qui voit les \u00e9tudiants (en formation initiale ou continue) exercer des missions en entreprise pendant leur ann\u00e9e de cours de master 2.<\/p>\n\n\n\n<p>Ecoutons dans ce podcast (de <a href=\"https:\/\/www.mysweetimmo.com\/2023\/03\/02\/metier-immobilier-lalternance-une-bonne-porte-dentree-dans-la-promotion-margot-renet-eiffage\/\" target=\"_blank\" rel=\"noreferrer noopener\"><mark style=\"background-color:rgba(0, 0, 0, 0)\" class=\"has-inline-color has-vivid-cyan-blue-color\">MysweetImmo<\/mark><\/a>), une charg\u00e9 des ressources humaines d&rsquo;Eiffage expliquer l&rsquo;importance de l&rsquo;alternance pour les m\u00e9tiers de l&rsquo;immobilier :<\/p>\n\n\n\n<figure class=\"wp-block-audio\"><audio controls src=\"https:\/\/gesiic-sorbonne.fr\/wp-content\/uploads\/2023\/07\/704-Lalternance-une-bonne-porte-dentree-dans-la-promotion-Margot-Renet-Eiffage.mp3\"><\/audio><\/figure>\n\n\n\n<p><\/p>\n\n\n\n<h3 class=\"wp-block-heading\">CARTES PROFESSIONNELLES<\/h3>\n\n\n\n<p>La profession d&rsquo;agent immobilier est encadr\u00e9e et r\u00e9glement\u00e9e par la loi n\u00b070-9 du 2 janvier 1970 dite \u00ab\u00a0Loi Hoguet\u00a0\u00bb qui cr\u00e9e une carte professionnelle n\u00e9cessaire \u00e0 l&rsquo;activit\u00e9 des services immobiliers. Le dipl\u00f4me du master GESIIC permet de remplir la condition de dipl\u00f4me. <\/p>\n\n\n\n<p><u><a href=\"https:\/\/www.pantheonsorbonne.fr\/diplomes\/gesiic\/espace-entreprise\/\" target=\"_blank\" rel=\"noreferrer noopener\"><mark style=\"background-color:rgba(0, 0, 0, 0)\" class=\"has-inline-color has-vivid-cyan-blue-color\">Formation sp\u00e9<\/mark><\/a><a href=\"https:\/\/gesiic-sorbonne.fr\/?page_id=650\" target=\"_blank\" rel=\"noreferrer noopener\"><mark style=\"background-color:rgba(0, 0, 0, 0)\" class=\"has-inline-color has-vivid-cyan-blue-color\">cifique pour le renouvellement de la carte professionnelle dans le cadre de la loi ALUR<\/mark><\/a><\/u>.<\/p>\n\n\n\n<hr class=\"wp-block-separator has-css-opacity\"\/>\n\n\n\n<h3 class=\"wp-block-heading\">T\u00c9MOIGNAGE : ENTR\u00c9E DANS LA VIE PROFESSIONNELLE<\/h3>\n\n\n\n<div class=\"wp-block-media-text alignwide is-stacked-on-mobile\" style=\"grid-template-columns:19% auto\"><figure class=\"wp-block-media-text__media\"><img loading=\"lazy\" decoding=\"async\" width=\"167\" height=\"224\" src=\"https:\/\/gesiic-sorbonne.fr\/wp-content\/uploads\/2021\/01\/Florent-POIROUX.jpg\" alt=\"\" class=\"wp-image-853 size-full\"\/><\/figure><div class=\"wp-block-media-text__content\">\n<figure class=\"wp-block-table\"><table><tbody><tr><td><em><br>\u00ab\u00a0La reconnaissance du Master GESIIC de l&rsquo;universit\u00e9 de Paris Panth\u00e9on-Sorbonne m&rsquo;a permis de trouver un stage en promotion immobili\u00e8re chez KAUFMAN &amp; BROAD. Les connaissances acquises mais surtout les enseignements pratiques dispens\u00e9s par les professionnels ainsi que le m\u00e9moire de recherche en tutorat avec un professionnel reconnu du secteur immobilier enseignant dans le master m&rsquo;ont permis de conforter mon entr\u00e9e dans la vie professionnelle.\u00a0\u00bb<\/em><\/td><\/tr><\/tbody><\/table><figcaption class=\"wp-element-caption\">Florent POIROUX &#8211; Promotion 2012 (Major) (Formation initiale)<br>Responsable de Programmes chez KAUFMAN &amp; BROAD<\/figcaption><\/figure>\n<\/div><\/div>\n","protected":false},"excerpt":{"rendered":"<p>La branche immobili\u00e8re est&nbsp;l&rsquo;une des plus importantes de notre \u00e9conomie (cliquer sur Tableau). Les dipl\u00f4m\u00e9s du master GESIIC trouvent rapidement &hellip; <\/p>\n","protected":false},"author":13,"featured_media":0,"parent":629,"menu_order":0,"comment_status":"closed","ping_status":"closed","template":"","meta":{"_cbd_carousel_blocks":"[]","_monsterinsights_skip_tracking":false,"_monsterinsights_sitenote_active":false,"_monsterinsights_sitenote_note":"","_monsterinsights_sitenote_category":0,"footnotes":""},"class_list":["post-635","page","type-page","status-publish","hentry"],"yoast_head":"<!-- This site is optimized with the Yoast SEO plugin v16.1.1 - https:\/\/yoast.com\/wordpress\/plugins\/seo\/ -->\n<title>D\u00c9BOUCH\u00c9S - Gestion et Strat\u00e9gie de l&#039;Investissement Immobilier et de la Construction<\/title>\n<link rel=\"canonical\" href=\"https:\/\/gesiic-sorbonne.fr\/?page_id=635\" \/>\n<meta property=\"og:locale\" content=\"fr_FR\" \/>\n<meta property=\"og:type\" content=\"article\" \/>\n<meta property=\"og:title\" content=\"D\u00c9BOUCH\u00c9S - Gestion et Strat\u00e9gie de l&#039;Investissement Immobilier et de la Construction\" \/>\n<meta property=\"og:description\" content=\"La branche immobili\u00e8re est&nbsp;l&rsquo;une des plus importantes de notre \u00e9conomie (cliquer sur Tableau). Les dipl\u00f4m\u00e9s du master GESIIC trouvent rapidement &hellip;\" \/>\n<meta property=\"og:url\" content=\"https:\/\/gesiic-sorbonne.fr\/?page_id=635\" \/>\n<meta property=\"og:site_name\" content=\"Gestion et Strat\u00e9gie de l&#039;Investissement Immobilier et de la Construction\" \/>\n<meta property=\"article:modified_time\" content=\"2025-01-24T14:43:39+00:00\" \/>\n<meta property=\"og:image\" content=\"https:\/\/gesiic-sorbonne.fr\/wp-content\/uploads\/2022\/06\/Metiers2.jpg\" \/>\n<meta name=\"twitter:card\" content=\"summary_large_image\" \/>\n<meta name=\"twitter:site\" content=\"@gesiic_sorbonne\" \/>\n<meta name=\"twitter:label1\" content=\"Dur\u00e9e de lecture est.\">\n\t<meta name=\"twitter:data1\" content=\"3 minutes\">\n<script type=\"application\/ld+json\" class=\"yoast-schema-graph\">{\"@context\":\"https:\/\/schema.org\",\"@graph\":[{\"@type\":\"Organization\",\"@id\":\"https:\/\/gesiic-sorbonne.fr\/#organization\",\"name\":\"Master GESIIC de l'universit\\u00e9 Paris I\",\"url\":\"https:\/\/gesiic-sorbonne.fr\/\",\"sameAs\":[\"https:\/\/www.instagram.com\/master2gesiic\/?hl=en\",\"https:\/\/www.linkedin.com\/company\/m2-gesiic\/\",\"https:\/\/twitter.com\/gesiic_sorbonne\"],\"logo\":{\"@type\":\"ImageObject\",\"@id\":\"https:\/\/gesiic-sorbonne.fr\/#logo\",\"inLanguage\":\"fr-FR\",\"url\":\"https:\/\/gesiic-sorbonne.fr\/wp-content\/uploads\/2020\/12\/logo-master-1.png\",\"contentUrl\":\"https:\/\/gesiic-sorbonne.fr\/wp-content\/uploads\/2020\/12\/logo-master-1.png\",\"width\":318,\"height\":226,\"caption\":\"Master GESIIC de l'universit\\u00e9 Paris I\"},\"image\":{\"@id\":\"https:\/\/gesiic-sorbonne.fr\/#logo\"}},{\"@type\":\"WebSite\",\"@id\":\"https:\/\/gesiic-sorbonne.fr\/#website\",\"url\":\"https:\/\/gesiic-sorbonne.fr\/\",\"name\":\"Gestion et Strat\\u00e9gie de l'Investissement Immobilier et de la Construction\",\"description\":\"Nous formons les promoteurs et investisseurs immobiliers de demain qui fa\\u00e7onneront les villes d&#039;apr\\u00e8s-demain\",\"publisher\":{\"@id\":\"https:\/\/gesiic-sorbonne.fr\/#organization\"},\"potentialAction\":[{\"@type\":\"SearchAction\",\"target\":\"https:\/\/gesiic-sorbonne.fr\/?s={search_term_string}\",\"query-input\":\"required name=search_term_string\"}],\"inLanguage\":\"fr-FR\"},{\"@type\":\"ImageObject\",\"@id\":\"https:\/\/gesiic-sorbonne.fr\/?page_id=635#primaryimage\",\"inLanguage\":\"fr-FR\",\"url\":\"https:\/\/gesiic-sorbonne.fr\/wp-content\/uploads\/2022\/06\/Metiers2.jpg\",\"contentUrl\":\"https:\/\/gesiic-sorbonne.fr\/wp-content\/uploads\/2022\/06\/Metiers2.jpg\",\"width\":600,\"height\":400},{\"@type\":\"WebPage\",\"@id\":\"https:\/\/gesiic-sorbonne.fr\/?page_id=635#webpage\",\"url\":\"https:\/\/gesiic-sorbonne.fr\/?page_id=635\",\"name\":\"D\\u00c9BOUCH\\u00c9S - Gestion et Strat\\u00e9gie de l&#039;Investissement Immobilier et de la Construction\",\"isPartOf\":{\"@id\":\"https:\/\/gesiic-sorbonne.fr\/#website\"},\"primaryImageOfPage\":{\"@id\":\"https:\/\/gesiic-sorbonne.fr\/?page_id=635#primaryimage\"},\"datePublished\":\"2020-11-29T14:44:21+00:00\",\"dateModified\":\"2025-01-24T14:43:39+00:00\",\"breadcrumb\":{\"@id\":\"https:\/\/gesiic-sorbonne.fr\/?page_id=635#breadcrumb\"},\"inLanguage\":\"fr-FR\",\"potentialAction\":[{\"@type\":\"ReadAction\",\"target\":[\"https:\/\/gesiic-sorbonne.fr\/?page_id=635\"]}]},{\"@type\":\"BreadcrumbList\",\"@id\":\"https:\/\/gesiic-sorbonne.fr\/?page_id=635#breadcrumb\",\"itemListElement\":[{\"@type\":\"ListItem\",\"position\":1,\"item\":{\"@type\":\"WebPage\",\"@id\":\"https:\/\/gesiic-sorbonne.fr\/\",\"url\":\"https:\/\/gesiic-sorbonne.fr\/\",\"name\":\"Accueil\"}},{\"@type\":\"ListItem\",\"position\":2,\"item\":{\"@type\":\"WebPage\",\"@id\":\"https:\/\/gesiic-sorbonne.fr\/?page_id=629\",\"url\":\"https:\/\/gesiic-sorbonne.fr\/?page_id=629\",\"name\":\"LA VIE DU MASTER\"}},{\"@type\":\"ListItem\",\"position\":3,\"item\":{\"@type\":\"WebPage\",\"@id\":\"https:\/\/gesiic-sorbonne.fr\/?page_id=635\",\"url\":\"https:\/\/gesiic-sorbonne.fr\/?page_id=635\",\"name\":\"D\\u00c9BOUCH\\u00c9S\"}}]}]}<\/script>\n<!-- \/ Yoast SEO plugin. -->","_links":{"self":[{"href":"https:\/\/gesiic-sorbonne.fr\/index.php?rest_route=\/wp\/v2\/pages\/635","targetHints":{"allow":["GET"]}}],"collection":[{"href":"https:\/\/gesiic-sorbonne.fr\/index.php?rest_route=\/wp\/v2\/pages"}],"about":[{"href":"https:\/\/gesiic-sorbonne.fr\/index.php?rest_route=\/wp\/v2\/types\/page"}],"author":[{"embeddable":true,"href":"https:\/\/gesiic-sorbonne.fr\/index.php?rest_route=\/wp\/v2\/users\/13"}],"replies":[{"embeddable":true,"href":"https:\/\/gesiic-sorbonne.fr\/index.php?rest_route=%2Fwp%2Fv2%2Fcomments&post=635"}],"version-history":[{"count":65,"href":"https:\/\/gesiic-sorbonne.fr\/index.php?rest_route=\/wp\/v2\/pages\/635\/revisions"}],"predecessor-version":[{"id":3803,"href":"https:\/\/gesiic-sorbonne.fr\/index.php?rest_route=\/wp\/v2\/pages\/635\/revisions\/3803"}],"up":[{"embeddable":true,"href":"https:\/\/gesiic-sorbonne.fr\/index.php?rest_route=\/wp\/v2\/pages\/629"}],"wp:attachment":[{"href":"https:\/\/gesiic-sorbonne.fr\/index.php?rest_route=%2Fwp%2Fv2%2Fmedia&parent=635"}],"curies":[{"name":"wp","href":"https:\/\/api.w.org\/{rel}","templated":true}]}}