{"id":633,"date":"2020-11-29T15:43:53","date_gmt":"2020-11-29T14:43:53","guid":{"rendered":"https:\/\/gesiic-sorbonne.fr\/?page_id=633"},"modified":"2024-11-19T22:51:10","modified_gmt":"2024-11-19T21:51:10","slug":"evenements","status":"publish","type":"page","link":"https:\/\/gesiic-sorbonne.fr\/?page_id=633","title":{"rendered":"EV\u00c8NEMENTS"},"content":{"rendered":"\n<p>D\u00e9couvrez les \u00e9v\u00e8nements r\u00e9alis\u00e9s par le master Gesiic (en cliquant sur les titres) :<\/p>\n\n\n\n<figure class=\"wp-block-gallery has-nested-images columns-default is-cropped wp-block-gallery-1 is-layout-flex wp-block-gallery-is-layout-flex\">\n<figure class=\"wp-block-image size-full\"><img loading=\"lazy\" decoding=\"async\" width=\"850\" height=\"382\" data-id=\"2444\" src=\"https:\/\/gesiic-sorbonne.fr\/wp-content\/uploads\/2021\/12\/M1-shadowWework2021.jpg\" alt=\"\" class=\"wp-image-2444\" srcset=\"https:\/\/gesiic-sorbonne.fr\/wp-content\/uploads\/2021\/12\/M1-shadowWework2021.jpg 850w, https:\/\/gesiic-sorbonne.fr\/wp-content\/uploads\/2021\/12\/M1-shadowWework2021-300x135.jpg 300w, https:\/\/gesiic-sorbonne.fr\/wp-content\/uploads\/2021\/12\/M1-shadowWework2021-768x345.jpg 768w, https:\/\/gesiic-sorbonne.fr\/wp-content\/uploads\/2021\/12\/M1-shadowWework2021-848x382.jpg 848w\" sizes=\"auto, (max-width: 850px) 100vw, 850px\" \/><figcaption class=\"wp-element-caption\"><strong><span class=\"has-inline-color has-white-color\"><font size=\"15\"><a href=\"https:\/\/gesiic-sorbonne.fr\/?page_id=2462\">Shadow comex<\/a><\/font><\/span><\/strong><\/figcaption><\/figure>\n\n\n\n<figure class=\"wp-block-image size-full\"><img loading=\"lazy\" decoding=\"async\" width=\"600\" height=\"444\" data-id=\"3110\" src=\"https:\/\/gesiic-sorbonne.fr\/wp-content\/uploads\/2023\/03\/Ateliernego2023site.jpg\" alt=\"\" class=\"wp-image-3110\" srcset=\"https:\/\/gesiic-sorbonne.fr\/wp-content\/uploads\/2023\/03\/Ateliernego2023site.jpg 600w, https:\/\/gesiic-sorbonne.fr\/wp-content\/uploads\/2023\/03\/Ateliernego2023site-300x222.jpg 300w\" sizes=\"auto, (max-width: 600px) 100vw, 600px\" \/><figcaption class=\"wp-element-caption\"><strong><mark style=\"background-color:rgba(0, 0, 0, 0)\" class=\"has-inline-color has-white-color\"><font size=\"15\"><a href=\"https:\/\/gesiic-sorbonne.fr\/?page_id=3091\">Atelier n\u00e9gociation<\/a><\/font><\/mark><\/strong><\/figcaption><\/figure>\n\n\n\n<figure class=\"wp-block-image size-full\"><img loading=\"lazy\" decoding=\"async\" width=\"680\" height=\"343\" data-id=\"1224\" src=\"https:\/\/gesiic-sorbonne.fr\/wp-content\/uploads\/2021\/01\/Jobdating2019v1.jpg\" alt=\"\" class=\"wp-image-1224\" srcset=\"https:\/\/gesiic-sorbonne.fr\/wp-content\/uploads\/2021\/01\/Jobdating2019v1.jpg 680w, https:\/\/gesiic-sorbonne.fr\/wp-content\/uploads\/2021\/01\/Jobdating2019v1-300x151.jpg 300w\" sizes=\"auto, (max-width: 680px) 100vw, 680px\" \/><figcaption class=\"wp-element-caption\"><a href=\"https:\/\/gesiic-sorbonne.fr\/?page_id=1138\"><strong><font size=\"15\"><mark style=\"background-color:rgba(0, 0, 0, 0)\" class=\"has-inline-color has-white-color\">Jobdating<\/mark><\/font><\/strong><\/a><\/figcaption><\/figure>\n\n\n\n<figure class=\"wp-block-image size-large\"><img loading=\"lazy\" decoding=\"async\" width=\"275\" height=\"166\" data-id=\"1435\" src=\"https:\/\/gesiic-sorbonne.fr\/wp-content\/uploads\/2021\/01\/Voyages-detudes.jpg\" alt=\"\" class=\"wp-image-1435\"\/><figcaption class=\"wp-element-caption\"><a href=\"https:\/\/gesiic-sorbonne.fr\/?page_id=1443\"><strong><span class=\"has-inline-color has-white-color\"><font size=\"15\">Voyages d&rsquo;\u00e9tudes<\/font><\/span><\/strong><\/a><\/figcaption><\/figure>\n\n\n\n<figure class=\"wp-block-image size-large\"><img loading=\"lazy\" decoding=\"async\" width=\"300\" height=\"200\" data-id=\"1432\" src=\"https:\/\/gesiic-sorbonne.fr\/wp-content\/uploads\/2021\/01\/Conferences.jpg\" alt=\"\" class=\"wp-image-1432\"\/><figcaption class=\"wp-element-caption\"><strong><a href=\"https:\/\/gesiic-sorbonne.fr\/?page_id=1661\"><span class=\"has-inline-color has-white-color\"><font size=\"15\">Conf\u00e9rences<\/font><\/span><\/a><\/strong><\/figcaption><\/figure>\n\n\n\n<figure class=\"wp-block-image size-full\"><img loading=\"lazy\" decoding=\"async\" width=\"600\" height=\"312\" data-id=\"2619\" src=\"https:\/\/gesiic-sorbonne.fr\/wp-content\/uploads\/2022\/03\/2022-confmetiers.jpg\" alt=\"\" class=\"wp-image-2619\" srcset=\"https:\/\/gesiic-sorbonne.fr\/wp-content\/uploads\/2022\/03\/2022-confmetiers.jpg 600w, https:\/\/gesiic-sorbonne.fr\/wp-content\/uploads\/2022\/03\/2022-confmetiers-300x156.jpg 300w\" sizes=\"auto, (max-width: 600px) 100vw, 600px\" \/><figcaption class=\"wp-element-caption\"><strong><mark style=\"background-color:rgba(0, 0, 0, 0)\" class=\"has-inline-color has-white-color\"><font size=\"15\"><a href=\"https:\/\/gesiic-sorbonne.fr\/?page_id=2556\">Conf\u00e9rence m\u00e9tiers<\/a><\/font><\/mark><\/strong><\/figcaption><\/figure>\n\n\n\n<figure class=\"wp-block-image size-large\"><img loading=\"lazy\" decoding=\"async\" width=\"299\" height=\"200\" data-id=\"1433\" src=\"https:\/\/gesiic-sorbonne.fr\/wp-content\/uploads\/2021\/01\/International.jpg\" alt=\"\" class=\"wp-image-1433\"\/><figcaption class=\"wp-element-caption\"><a href=\"https:\/\/gesiic-sorbonne.fr\/?page_id=1676\"><strong><span class=\"has-inline-color has-white-color\"><font size=\"15\">International<\/font><\/span><\/strong><\/a><\/figcaption><\/figure>\n\n\n\n<figure class=\"wp-block-image size-large\"><img loading=\"lazy\" decoding=\"async\" width=\"300\" height=\"200\" data-id=\"1431\" src=\"https:\/\/gesiic-sorbonne.fr\/wp-content\/uploads\/2021\/01\/Afterworks.gif\" alt=\"\" class=\"wp-image-1431\"\/><figcaption class=\"wp-element-caption\"><strong><a href=\"https:\/\/gesiic-sorbonne.fr\/?page_id=1464\"><span class=\"has-inline-color has-white-color\"><font size=\"15\">Afterworks<\/font><\/span><\/a><\/strong><\/figcaption><\/figure>\n\n\n\n<figure class=\"wp-block-image size-full\"><img loading=\"lazy\" decoding=\"async\" width=\"600\" height=\"429\" data-id=\"3108\" src=\"https:\/\/gesiic-sorbonne.fr\/wp-content\/uploads\/2021\/09\/CRD2023.jpg\" alt=\"\" class=\"wp-image-3108\" srcset=\"https:\/\/gesiic-sorbonne.fr\/wp-content\/uploads\/2021\/09\/CRD2023.jpg 600w, https:\/\/gesiic-sorbonne.fr\/wp-content\/uploads\/2021\/09\/CRD2023-300x215.jpg 300w\" sizes=\"auto, (max-width: 600px) 100vw, 600px\" \/><figcaption class=\"wp-element-caption\"><strong><mark style=\"background-color:rgba(0, 0, 0, 0)\" class=\"has-inline-color has-white-color\"><font size=\"15\"><a href=\"https:\/\/gesiic-sorbonne.fr\/?page_id=3385\" target=\"_blank\" rel=\"noreferrer noopener\">Remise dipl\u00f4mes<\/a><\/font><\/mark><\/strong><\/figcaption><\/figure>\n<\/figure>\n\n\n\n<hr class=\"wp-block-separator has-css-opacity\"\/>\n\n\n\n<h3 class=\"wp-block-heading\">T\u00c9MOIGNAGE :<\/h3>\n\n\n\n<div class=\"wp-block-media-text alignwide is-stacked-on-mobile\" style=\"grid-template-columns:16% auto\"><figure class=\"wp-block-media-text__media\"><img loading=\"lazy\" decoding=\"async\" width=\"204\" height=\"192\" src=\"https:\/\/gesiic-sorbonne.fr\/wp-content\/uploads\/2023\/12\/Bablon.jpg\" alt=\"\" class=\"wp-image-3383 size-full\"\/><\/figure><div class=\"wp-block-media-text__content\">\n<p><em>\u00ab\u00a0Dipl\u00f4m\u00e9e d\u2019un Master 2 en droit de l\u2019immobilier, je souhaitais, en int\u00e9grant le Master GESIIC, diversifier mes comp\u00e9tences dans le domaine de l\u2019immobilier.<\/em><br><em>Chaque ann\u00e9e, le Master GESIIC permet \u00e0 ses \u00e9tudiants de participer \u00e0 de nombreux \u00e9v\u00e8nements (afterworks organis\u00e9s par les \u00e9l\u00e8ves, jobdating, voyages d\u2019\u00e9tudes, participation au MAPIC, MIPIM\u2026). Cela permet non seulement de renforcer la coh\u00e9sion qui existe au sein de la promotion, de renforcer notre r\u00e9seau, de rencontrer de nombreux professionnels mais cela contribue \u00e9galement \u00e0 la visibilit\u00e9 et \u00e0 la renomm\u00e9e du Master GESIIC aupr\u00e8s des professionnels de l\u2019immobilier.<\/em><br><em>Le jobdating a notamment permis \u00e0 certains de mes camarades de trouver une alternance voire un CDI afin de poursuivre leur carri\u00e8re\u00a0\u00bb<\/em><\/p>\n\n\n\n<p class=\"has-text-align-right\">Lucile BABLON &#8211; Promotion 2019 (Major) (FC)<br>Responsable de programme &#8211; Nexity<\/p>\n<\/div><\/div>\n\n\n\n<p><\/p>\n","protected":false},"excerpt":{"rendered":"<p>D\u00e9couvrez les \u00e9v\u00e8nements r\u00e9alis\u00e9s par le master Gesiic (en cliquant sur les titres) : T\u00c9MOIGNAGE : \u00ab\u00a0Dipl\u00f4m\u00e9e d\u2019un Master 2 &hellip; <\/p>\n","protected":false},"author":13,"featured_media":0,"parent":629,"menu_order":0,"comment_status":"closed","ping_status":"closed","template":"","meta":{"_cbd_carousel_blocks":"[]","_monsterinsights_skip_tracking":false,"_monsterinsights_sitenote_active":false,"_monsterinsights_sitenote_note":"","_monsterinsights_sitenote_category":0,"footnotes":""},"class_list":["post-633","page","type-page","status-publish","hentry"],"yoast_head":"<!-- This site is optimized with the Yoast SEO plugin v16.1.1 - https:\/\/yoast.com\/wordpress\/plugins\/seo\/ -->\n<title>EV\u00c8NEMENTS - Gestion et Strat\u00e9gie de l&#039;Investissement Immobilier et de la Construction<\/title>\n<link rel=\"canonical\" href=\"https:\/\/gesiic-sorbonne.fr\/?page_id=633\" \/>\n<meta property=\"og:locale\" content=\"fr_FR\" \/>\n<meta property=\"og:type\" content=\"article\" \/>\n<meta property=\"og:title\" content=\"EV\u00c8NEMENTS - Gestion et Strat\u00e9gie de l&#039;Investissement Immobilier et de la Construction\" \/>\n<meta property=\"og:description\" content=\"D\u00e9couvrez les \u00e9v\u00e8nements r\u00e9alis\u00e9s par le master Gesiic (en cliquant sur les titres) : T\u00c9MOIGNAGE : \u00ab\u00a0Dipl\u00f4m\u00e9e d\u2019un Master 2 &hellip;\" \/>\n<meta property=\"og:url\" content=\"https:\/\/gesiic-sorbonne.fr\/?page_id=633\" \/>\n<meta property=\"og:site_name\" content=\"Gestion et Strat\u00e9gie de l&#039;Investissement Immobilier et de la Construction\" \/>\n<meta property=\"article:modified_time\" content=\"2024-11-19T21:51:10+00:00\" \/>\n<meta property=\"og:image\" content=\"https:\/\/gesiic-sorbonne.fr\/wp-content\/uploads\/2021\/12\/M1-shadowWework2021.jpg\" \/>\n<meta name=\"twitter:card\" content=\"summary_large_image\" \/>\n<meta name=\"twitter:site\" content=\"@gesiic_sorbonne\" \/>\n<meta name=\"twitter:label1\" content=\"Dur\u00e9e de lecture est.\">\n\t<meta name=\"twitter:data1\" content=\"3 minutes\">\n<script type=\"application\/ld+json\" class=\"yoast-schema-graph\">{\"@context\":\"https:\/\/schema.org\",\"@graph\":[{\"@type\":\"Organization\",\"@id\":\"https:\/\/gesiic-sorbonne.fr\/#organization\",\"name\":\"Master GESIIC de l'universit\\u00e9 Paris I\",\"url\":\"https:\/\/gesiic-sorbonne.fr\/\",\"sameAs\":[\"https:\/\/www.instagram.com\/master2gesiic\/?hl=en\",\"https:\/\/www.linkedin.com\/company\/m2-gesiic\/\",\"https:\/\/twitter.com\/gesiic_sorbonne\"],\"logo\":{\"@type\":\"ImageObject\",\"@id\":\"https:\/\/gesiic-sorbonne.fr\/#logo\",\"inLanguage\":\"fr-FR\",\"url\":\"https:\/\/gesiic-sorbonne.fr\/wp-content\/uploads\/2020\/12\/logo-master-1.png\",\"contentUrl\":\"https:\/\/gesiic-sorbonne.fr\/wp-content\/uploads\/2020\/12\/logo-master-1.png\",\"width\":318,\"height\":226,\"caption\":\"Master GESIIC de l'universit\\u00e9 Paris I\"},\"image\":{\"@id\":\"https:\/\/gesiic-sorbonne.fr\/#logo\"}},{\"@type\":\"WebSite\",\"@id\":\"https:\/\/gesiic-sorbonne.fr\/#website\",\"url\":\"https:\/\/gesiic-sorbonne.fr\/\",\"name\":\"Gestion et Strat\\u00e9gie de l'Investissement Immobilier et de la Construction\",\"description\":\"Nous formons les promoteurs et investisseurs immobiliers de demain qui fa\\u00e7onneront les villes d&#039;apr\\u00e8s-demain\",\"publisher\":{\"@id\":\"https:\/\/gesiic-sorbonne.fr\/#organization\"},\"potentialAction\":[{\"@type\":\"SearchAction\",\"target\":\"https:\/\/gesiic-sorbonne.fr\/?s={search_term_string}\",\"query-input\":\"required name=search_term_string\"}],\"inLanguage\":\"fr-FR\"},{\"@type\":\"ImageObject\",\"@id\":\"https:\/\/gesiic-sorbonne.fr\/?page_id=633#primaryimage\",\"inLanguage\":\"fr-FR\",\"url\":\"https:\/\/gesiic-sorbonne.fr\/wp-content\/uploads\/2021\/12\/M1-shadowWework2021.jpg\",\"contentUrl\":\"https:\/\/gesiic-sorbonne.fr\/wp-content\/uploads\/2021\/12\/M1-shadowWework2021.jpg\",\"width\":850,\"height\":382},{\"@type\":\"WebPage\",\"@id\":\"https:\/\/gesiic-sorbonne.fr\/?page_id=633#webpage\",\"url\":\"https:\/\/gesiic-sorbonne.fr\/?page_id=633\",\"name\":\"EV\\u00c8NEMENTS - Gestion et Strat\\u00e9gie de l&#039;Investissement Immobilier et de la Construction\",\"isPartOf\":{\"@id\":\"https:\/\/gesiic-sorbonne.fr\/#website\"},\"primaryImageOfPage\":{\"@id\":\"https:\/\/gesiic-sorbonne.fr\/?page_id=633#primaryimage\"},\"datePublished\":\"2020-11-29T14:43:53+00:00\",\"dateModified\":\"2024-11-19T21:51:10+00:00\",\"breadcrumb\":{\"@id\":\"https:\/\/gesiic-sorbonne.fr\/?page_id=633#breadcrumb\"},\"inLanguage\":\"fr-FR\",\"potentialAction\":[{\"@type\":\"ReadAction\",\"target\":[\"https:\/\/gesiic-sorbonne.fr\/?page_id=633\"]}]},{\"@type\":\"BreadcrumbList\",\"@id\":\"https:\/\/gesiic-sorbonne.fr\/?page_id=633#breadcrumb\",\"itemListElement\":[{\"@type\":\"ListItem\",\"position\":1,\"item\":{\"@type\":\"WebPage\",\"@id\":\"https:\/\/gesiic-sorbonne.fr\/\",\"url\":\"https:\/\/gesiic-sorbonne.fr\/\",\"name\":\"Accueil\"}},{\"@type\":\"ListItem\",\"position\":2,\"item\":{\"@type\":\"WebPage\",\"@id\":\"https:\/\/gesiic-sorbonne.fr\/?page_id=629\",\"url\":\"https:\/\/gesiic-sorbonne.fr\/?page_id=629\",\"name\":\"LA VIE DU MASTER\"}},{\"@type\":\"ListItem\",\"position\":3,\"item\":{\"@type\":\"WebPage\",\"@id\":\"https:\/\/gesiic-sorbonne.fr\/?page_id=633\",\"url\":\"https:\/\/gesiic-sorbonne.fr\/?page_id=633\",\"name\":\"EV\\u00c8NEMENTS\"}}]}]}<\/script>\n<!-- \/ Yoast SEO plugin. -->","_links":{"self":[{"href":"https:\/\/gesiic-sorbonne.fr\/index.php?rest_route=\/wp\/v2\/pages\/633","targetHints":{"allow":["GET"]}}],"collection":[{"href":"https:\/\/gesiic-sorbonne.fr\/index.php?rest_route=\/wp\/v2\/pages"}],"about":[{"href":"https:\/\/gesiic-sorbonne.fr\/index.php?rest_route=\/wp\/v2\/types\/page"}],"author":[{"embeddable":true,"href":"https:\/\/gesiic-sorbonne.fr\/index.php?rest_route=\/wp\/v2\/users\/13"}],"replies":[{"embeddable":true,"href":"https:\/\/gesiic-sorbonne.fr\/index.php?rest_route=%2Fwp%2Fv2%2Fcomments&post=633"}],"version-history":[{"count":33,"href":"https:\/\/gesiic-sorbonne.fr\/index.php?rest_route=\/wp\/v2\/pages\/633\/revisions"}],"predecessor-version":[{"id":3700,"href":"https:\/\/gesiic-sorbonne.fr\/index.php?rest_route=\/wp\/v2\/pages\/633\/revisions\/3700"}],"up":[{"embeddable":true,"href":"https:\/\/gesiic-sorbonne.fr\/index.php?rest_route=\/wp\/v2\/pages\/629"}],"wp:attachment":[{"href":"https:\/\/gesiic-sorbonne.fr\/index.php?rest_route=%2Fwp%2Fv2%2Fmedia&parent=633"}],"curies":[{"name":"wp","href":"https:\/\/api.w.org\/{rel}","templated":true}]}}