{"id":631,"date":"2020-11-29T15:43:10","date_gmt":"2020-11-29T14:43:10","guid":{"rendered":"https:\/\/gesiic-sorbonne.fr\/?page_id=631"},"modified":"2025-09-11T13:28:19","modified_gmt":"2025-09-11T11:28:19","slug":"promotions","status":"publish","type":"page","link":"https:\/\/gesiic-sorbonne.fr\/?page_id=631","title":{"rendered":"PROMOTIONS"},"content":{"rendered":"\n<div class=\"wp-block-cover has-custom-content-position is-position-bottom-right\" style=\"min-height:406px;aspect-ratio:unset;\"><img loading=\"lazy\" decoding=\"async\" width=\"1289\" height=\"654\" class=\"wp-block-cover__image-background wp-image-2473\" alt=\"\" src=\"https:\/\/gesiic-sorbonne.fr\/wp-content\/uploads\/2021\/12\/Promo2021-22-M1M2.jpg\" data-object-fit=\"cover\" srcset=\"https:\/\/gesiic-sorbonne.fr\/wp-content\/uploads\/2021\/12\/Promo2021-22-M1M2.jpg 1289w, https:\/\/gesiic-sorbonne.fr\/wp-content\/uploads\/2021\/12\/Promo2021-22-M1M2-300x152.jpg 300w, https:\/\/gesiic-sorbonne.fr\/wp-content\/uploads\/2021\/12\/Promo2021-22-M1M2-1024x520.jpg 1024w, https:\/\/gesiic-sorbonne.fr\/wp-content\/uploads\/2021\/12\/Promo2021-22-M1M2-768x390.jpg 768w\" sizes=\"auto, (max-width: 1289px) 100vw, 1289px\" \/><span aria-hidden=\"true\" class=\"wp-block-cover__background has-background-dim\"><\/span><div class=\"wp-block-cover__inner-container is-layout-flow wp-block-cover-is-layout-flow\">\n<p class=\"has-text-align-right has-large-font-size\">Master 1 et 2<\/p>\n<\/div><\/div>\n\n\n\n<p>Les promotions du master GESIIC sont constitu\u00e9es d\u2019\u00e9tudiants provenant d\u2019horizon divers&nbsp;: les professionnels de formation continue avec plusieurs ann\u00e9es d\u2019exp\u00e9rience c\u00f4toient des \u00e9tudiants de formation initiale venant d\u2019universit\u00e9 ou d\u2019\u00e9coles. C\u2019est une des grandes richesses de cette formation.<\/p>\n\n\n\n<figure class=\"wp-block-table is-style-stripes\"><table><tbody><tr><td class=\"has-text-align-center\" data-align=\"center\">FORMATION CONTINUE \/ INITIALE<\/td><td class=\"has-text-align-center\" data-align=\"center\">GENRE&nbsp;<\/td><\/tr><tr><td class=\"has-text-align-center\" data-align=\"center\"><img decoding=\"async\" src=\"https:\/\/gesiic-sorbonne.fr\/wp-content\/uploads\/2021\/01\/1.png\"><\/td><td class=\"has-text-align-center\" data-align=\"center\"><img decoding=\"async\" src=\"https:\/\/gesiic-sorbonne.fr\/wp-content\/uploads\/2021\/01\/3.png\"><\/td><\/tr><\/tbody><\/table><\/figure>\n\n\n\n<h3 class=\"wp-block-heading\">LES \u00c9TUDIANTS DE FORMATION INITIALE :<\/h3>\n\n\n\n<p>Les \u00e9tudiants de formation initiale ont tous int\u00e9gr\u00e9 le master avec un dipl\u00f4me de niveau Bac+4 (master 1), voire master 2. Dans les graphiques suivants, vous pourrez appr\u00e9hender le cursus suivi par ces \u00e9tudiants avant d&rsquo;int\u00e9grer le GESIIC :&nbsp;<\/p>\n\n\n\n<figure class=\"wp-block-table is-style-stripes\"><table><tbody><tr><td class=\"has-text-align-center\" data-align=\"center\">DISCIPLINE<\/td><td class=\"has-text-align-center\" data-align=\"center\">ETABLISSEMENT<\/td><\/tr><tr><td class=\"has-text-align-center\" data-align=\"center\"><img decoding=\"async\" src=\"https:\/\/gesiic-sorbonne.fr\/wp-content\/uploads\/2021\/01\/4.png\"><\/td><td class=\"has-text-align-center\" data-align=\"center\"><img decoding=\"async\" src=\"https:\/\/gesiic-sorbonne.fr\/wp-content\/uploads\/2021\/01\/5.png\"><\/td><\/tr><\/tbody><\/table><\/figure>\n\n\n\n<h3 class=\"wp-block-heading\">LES PROFESSIONNELS DE FORMATION CONTINUE :<\/h3>\n\n\n\n<div class=\"wp-block-media-text alignwide has-media-on-the-right is-stacked-on-mobile\" style=\"grid-template-columns:auto 43%\"><div class=\"wp-block-media-text__content\">\n<p>Les professionnels de formation continue ont des profils extr\u00eamement vari\u00e9s car ils d\u00e9cident de candidater au master GESIIC \u00e0 des \u00e9tapes diff\u00e9rentes de leur carri\u00e8re et proviennent de divers secteurs de l&rsquo;industrie immobili\u00e8re et de la construction.<\/p>\n\n\n\n<p><em>(statistiques r\u00e9alis\u00e9es sur les \u00e9tudiants de la promotion 2020-2021)<\/em><\/p>\n<\/div><figure class=\"wp-block-media-text__media\"><img loading=\"lazy\" decoding=\"async\" width=\"400\" height=\"232\" src=\"https:\/\/gesiic-sorbonne.fr\/wp-content\/uploads\/2021\/01\/6.png\" alt=\"\" class=\"wp-image-1012 size-full\" srcset=\"https:\/\/gesiic-sorbonne.fr\/wp-content\/uploads\/2021\/01\/6.png 400w, https:\/\/gesiic-sorbonne.fr\/wp-content\/uploads\/2021\/01\/6-300x174.png 300w\" sizes=\"auto, (max-width: 400px) 100vw, 400px\" \/><\/figure><\/div>\n\n\n\n<h3 class=\"wp-block-heading\">Galeries Promotions<\/h3>\n\n\n\n<div class=\"wp-block-buttons is-layout-flex wp-block-buttons-is-layout-flex\">\n<div class=\"wp-block-button is-style-outline is-style-outline--1\"><a class=\"wp-block-button__link wp-element-button\" href=\"https:\/\/gesiic-sorbonne.fr\/?p=3989\">PROMOTION 2025-26<\/a><\/div>\n\n\n\n<div class=\"wp-block-button is-style-outline is-style-outline--2\"><a class=\"wp-block-button__link wp-element-button\" href=\"https:\/\/gesiic-sorbonne.fr\/?p=3626\">PROMOTION 2024-25<\/a><\/div>\n\n\n\n<div class=\"wp-block-button is-style-outline is-style-outline--3\"><a class=\"wp-block-button__link wp-element-button\" href=\"https:\/\/gesiic-sorbonne.fr\/?p=3267\">PROMOTION 2023-24<\/a><\/div>\n\n\n\n<div class=\"wp-block-button is-style-outline is-style-outline--4\"><a class=\"wp-block-button__link wp-element-button\" href=\"https:\/\/gesiic-sorbonne.fr\/?p=2853\">PROMOTION 2022-23<\/a><\/div>\n\n\n\n<div class=\"wp-block-button is-style-outline is-style-outline--5\"><a class=\"wp-block-button__link wp-element-button\" href=\"https:\/\/gesiic-sorbonne.fr\/?p=2340\">PROMOTION 2021-22<\/a><\/div>\n\n\n\n<div class=\"wp-block-button is-style-outline is-style-outline--6\"><a class=\"wp-block-button__link wp-element-button\" href=\"https:\/\/gesiic-sorbonne.fr\/?p=1022\">PROMOTION 2020-21<\/a><\/div>\n\n\n\n<div class=\"wp-block-button is-style-outline is-style-outline--7\"><a class=\"wp-block-button__link wp-element-button\" href=\"https:\/\/gesiic-sorbonne.fr\/?p=1028\">PROMOTION 2019-20<\/a><\/div>\n\n\n\n<div class=\"wp-block-button is-style-outline is-style-outline--8\"><a class=\"wp-block-button__link wp-element-button\" href=\"https:\/\/gesiic-sorbonne.fr\/?p=1036\">PROMOTION 2018-19<\/a><\/div>\n\n\n\n<div class=\"wp-block-button is-style-outline is-style-outline--9\"><a class=\"wp-block-button__link wp-element-button\" href=\"https:\/\/gesiic-sorbonne.fr\/?p=1051\">PROMOTION 2017-18<\/a><\/div>\n\n\n\n<div class=\"wp-block-button is-style-outline is-style-outline--10\"><a class=\"wp-block-button__link wp-element-button\" href=\"https:\/\/gesiic-sorbonne.fr\/?p=1068\">PROMOTION 2016-17<\/a><\/div>\n\n\n\n<div class=\"wp-block-button is-style-outline is-style-outline--11\"><a class=\"wp-block-button__link wp-element-button\" href=\"https:\/\/gesiic-sorbonne.fr\/?p=1083\">PROMOTION 2015-16<\/a><\/div>\n\n\n\n<div class=\"wp-block-button is-style-outline is-style-outline--12\"><a class=\"wp-block-button__link wp-element-button\" href=\"https:\/\/gesiic-sorbonne.fr\/?p=1094\">PROMOTION 2014-15<\/a><\/div>\n\n\n\n<div class=\"wp-block-button is-style-outline is-style-outline--13\"><a class=\"wp-block-button__link wp-element-button\" href=\"https:\/\/gesiic-sorbonne.fr\/?p=1104\">PROMOTION 2013-14<\/a><\/div>\n\n\n\n<div class=\"wp-block-button is-style-outline is-style-outline--14\"><a class=\"wp-block-button__link wp-element-button\" href=\"https:\/\/gesiic-sorbonne.fr\/?p=1112\">PROMOTION 2012-13<\/a><\/div>\n\n\n\n<div class=\"wp-block-button is-style-outline is-style-outline--15\"><a class=\"wp-block-button__link wp-element-button\" href=\"https:\/\/gesiic-sorbonne.fr\/?p=1116\">PROMOTION 2011-12<\/a><\/div>\n<\/div>\n\n\n\n<p><\/p>\n","protected":false},"excerpt":{"rendered":"<p>Les promotions du master GESIIC sont constitu\u00e9es d\u2019\u00e9tudiants provenant d\u2019horizon divers&nbsp;: les professionnels de formation continue avec plusieurs ann\u00e9es d\u2019exp\u00e9rience &hellip; <\/p>\n","protected":false},"author":13,"featured_media":0,"parent":629,"menu_order":0,"comment_status":"closed","ping_status":"closed","template":"","meta":{"_cbd_carousel_blocks":"[]","_monsterinsights_skip_tracking":false,"_monsterinsights_sitenote_active":false,"_monsterinsights_sitenote_note":"","_monsterinsights_sitenote_category":0,"footnotes":""},"class_list":["post-631","page","type-page","status-publish","hentry"],"yoast_head":"<!-- This site is optimized with the Yoast SEO plugin v16.1.1 - https:\/\/yoast.com\/wordpress\/plugins\/seo\/ -->\n<title>PROMOTIONS - Gestion et Strat\u00e9gie de l&#039;Investissement Immobilier et de la Construction<\/title>\n<link rel=\"canonical\" href=\"https:\/\/gesiic-sorbonne.fr\/?page_id=631\" \/>\n<meta property=\"og:locale\" content=\"fr_FR\" \/>\n<meta property=\"og:type\" content=\"article\" \/>\n<meta property=\"og:title\" content=\"PROMOTIONS - Gestion et Strat\u00e9gie de l&#039;Investissement Immobilier et de la Construction\" \/>\n<meta property=\"og:description\" content=\"Les promotions du master GESIIC sont constitu\u00e9es d\u2019\u00e9tudiants provenant d\u2019horizon divers&nbsp;: les professionnels de formation continue avec plusieurs ann\u00e9es d\u2019exp\u00e9rience &hellip;\" \/>\n<meta property=\"og:url\" content=\"https:\/\/gesiic-sorbonne.fr\/?page_id=631\" \/>\n<meta property=\"og:site_name\" content=\"Gestion et Strat\u00e9gie de l&#039;Investissement Immobilier et de la Construction\" \/>\n<meta property=\"article:modified_time\" content=\"2025-09-11T11:28:19+00:00\" \/>\n<meta property=\"og:image\" content=\"https:\/\/gesiic-sorbonne.fr\/wp-content\/uploads\/2021\/12\/Promo2021-22-M1M2.jpg\" \/>\n<meta name=\"twitter:card\" content=\"summary_large_image\" \/>\n<meta name=\"twitter:site\" content=\"@gesiic_sorbonne\" \/>\n<meta name=\"twitter:label1\" content=\"Dur\u00e9e de lecture est.\">\n\t<meta name=\"twitter:data1\" content=\"2 minutes\">\n<script type=\"application\/ld+json\" class=\"yoast-schema-graph\">{\"@context\":\"https:\/\/schema.org\",\"@graph\":[{\"@type\":\"Organization\",\"@id\":\"https:\/\/gesiic-sorbonne.fr\/#organization\",\"name\":\"Master GESIIC de l'universit\\u00e9 Paris I\",\"url\":\"https:\/\/gesiic-sorbonne.fr\/\",\"sameAs\":[\"https:\/\/www.instagram.com\/master2gesiic\/?hl=en\",\"https:\/\/www.linkedin.com\/company\/m2-gesiic\/\",\"https:\/\/twitter.com\/gesiic_sorbonne\"],\"logo\":{\"@type\":\"ImageObject\",\"@id\":\"https:\/\/gesiic-sorbonne.fr\/#logo\",\"inLanguage\":\"fr-FR\",\"url\":\"https:\/\/gesiic-sorbonne.fr\/wp-content\/uploads\/2020\/12\/logo-master-1.png\",\"contentUrl\":\"https:\/\/gesiic-sorbonne.fr\/wp-content\/uploads\/2020\/12\/logo-master-1.png\",\"width\":318,\"height\":226,\"caption\":\"Master GESIIC de l'universit\\u00e9 Paris I\"},\"image\":{\"@id\":\"https:\/\/gesiic-sorbonne.fr\/#logo\"}},{\"@type\":\"WebSite\",\"@id\":\"https:\/\/gesiic-sorbonne.fr\/#website\",\"url\":\"https:\/\/gesiic-sorbonne.fr\/\",\"name\":\"Gestion et Strat\\u00e9gie de l'Investissement Immobilier et de la Construction\",\"description\":\"Nous formons les promoteurs et investisseurs immobiliers de demain qui fa\\u00e7onneront les villes d&#039;apr\\u00e8s-demain\",\"publisher\":{\"@id\":\"https:\/\/gesiic-sorbonne.fr\/#organization\"},\"potentialAction\":[{\"@type\":\"SearchAction\",\"target\":\"https:\/\/gesiic-sorbonne.fr\/?s={search_term_string}\",\"query-input\":\"required name=search_term_string\"}],\"inLanguage\":\"fr-FR\"},{\"@type\":\"ImageObject\",\"@id\":\"https:\/\/gesiic-sorbonne.fr\/?page_id=631#primaryimage\",\"inLanguage\":\"fr-FR\",\"url\":\"https:\/\/gesiic-sorbonne.fr\/wp-content\/uploads\/2021\/12\/Promo2021-22-M1M2.jpg\",\"contentUrl\":\"https:\/\/gesiic-sorbonne.fr\/wp-content\/uploads\/2021\/12\/Promo2021-22-M1M2.jpg\",\"width\":1289,\"height\":654},{\"@type\":\"WebPage\",\"@id\":\"https:\/\/gesiic-sorbonne.fr\/?page_id=631#webpage\",\"url\":\"https:\/\/gesiic-sorbonne.fr\/?page_id=631\",\"name\":\"PROMOTIONS - Gestion et Strat\\u00e9gie de l&#039;Investissement Immobilier et de la Construction\",\"isPartOf\":{\"@id\":\"https:\/\/gesiic-sorbonne.fr\/#website\"},\"primaryImageOfPage\":{\"@id\":\"https:\/\/gesiic-sorbonne.fr\/?page_id=631#primaryimage\"},\"datePublished\":\"2020-11-29T14:43:10+00:00\",\"dateModified\":\"2025-09-11T11:28:19+00:00\",\"breadcrumb\":{\"@id\":\"https:\/\/gesiic-sorbonne.fr\/?page_id=631#breadcrumb\"},\"inLanguage\":\"fr-FR\",\"potentialAction\":[{\"@type\":\"ReadAction\",\"target\":[\"https:\/\/gesiic-sorbonne.fr\/?page_id=631\"]}]},{\"@type\":\"BreadcrumbList\",\"@id\":\"https:\/\/gesiic-sorbonne.fr\/?page_id=631#breadcrumb\",\"itemListElement\":[{\"@type\":\"ListItem\",\"position\":1,\"item\":{\"@type\":\"WebPage\",\"@id\":\"https:\/\/gesiic-sorbonne.fr\/\",\"url\":\"https:\/\/gesiic-sorbonne.fr\/\",\"name\":\"Accueil\"}},{\"@type\":\"ListItem\",\"position\":2,\"item\":{\"@type\":\"WebPage\",\"@id\":\"https:\/\/gesiic-sorbonne.fr\/?page_id=629\",\"url\":\"https:\/\/gesiic-sorbonne.fr\/?page_id=629\",\"name\":\"LA VIE DU MASTER\"}},{\"@type\":\"ListItem\",\"position\":3,\"item\":{\"@type\":\"WebPage\",\"@id\":\"https:\/\/gesiic-sorbonne.fr\/?page_id=631\",\"url\":\"https:\/\/gesiic-sorbonne.fr\/?page_id=631\",\"name\":\"PROMOTIONS\"}}]}]}<\/script>\n<!-- \/ Yoast SEO plugin. -->","_links":{"self":[{"href":"https:\/\/gesiic-sorbonne.fr\/index.php?rest_route=\/wp\/v2\/pages\/631","targetHints":{"allow":["GET"]}}],"collection":[{"href":"https:\/\/gesiic-sorbonne.fr\/index.php?rest_route=\/wp\/v2\/pages"}],"about":[{"href":"https:\/\/gesiic-sorbonne.fr\/index.php?rest_route=\/wp\/v2\/types\/page"}],"author":[{"embeddable":true,"href":"https:\/\/gesiic-sorbonne.fr\/index.php?rest_route=\/wp\/v2\/users\/13"}],"replies":[{"embeddable":true,"href":"https:\/\/gesiic-sorbonne.fr\/index.php?rest_route=%2Fwp%2Fv2%2Fcomments&post=631"}],"version-history":[{"count":40,"href":"https:\/\/gesiic-sorbonne.fr\/index.php?rest_route=\/wp\/v2\/pages\/631\/revisions"}],"predecessor-version":[{"id":3994,"href":"https:\/\/gesiic-sorbonne.fr\/index.php?rest_route=\/wp\/v2\/pages\/631\/revisions\/3994"}],"up":[{"embeddable":true,"href":"https:\/\/gesiic-sorbonne.fr\/index.php?rest_route=\/wp\/v2\/pages\/629"}],"wp:attachment":[{"href":"https:\/\/gesiic-sorbonne.fr\/index.php?rest_route=%2Fwp%2Fv2%2Fmedia&parent=631"}],"curies":[{"name":"wp","href":"https:\/\/api.w.org\/{rel}","templated":true}]}}