{"id":617,"date":"2020-11-29T15:33:28","date_gmt":"2020-11-29T14:33:28","guid":{"rendered":"https:\/\/gesiic-sorbonne.fr\/?page_id=617"},"modified":"2024-10-22T12:43:43","modified_gmt":"2024-10-22T10:43:43","slug":"master-1","status":"publish","type":"page","link":"https:\/\/gesiic-sorbonne.fr\/?page_id=617","title":{"rendered":"MASTER I"},"content":{"rendered":"\n<p><mark style=\"background-color:rgba(0, 0, 0, 0)\" class=\"has-inline-color has-vivid-red-color\"><strong>Attention <\/strong><\/mark>: la page ci-dessous repr\u00e9sente le master 1 GESIIC actuel. Mais \u00e0 partir de <mark style=\"background-color:rgba(0, 0, 0, 0)\" class=\"has-inline-color has-vivid-red-color\"><strong>septembre 2025<\/strong>,<\/mark> <strong><mark style=\"background-color:rgba(0, 0, 0, 0)\" class=\"has-inline-color has-vivid-red-color\">le master 1 GESIIC conna\u00eet une transformation importante : il bascule en alternance, change de mention et de maquette, au profit de cours en petits effectifs, d\u00e9di\u00e9s \u00e0 l&rsquo;immobilier.<\/mark><\/strong> (Plus de d\u00e9tails sur cette transformation prochainement).<\/p>\n\n\n\n<h3 class=\"wp-block-heading\">INT\u00c9GRER LE MASTER GESIIC EN PREMI\u00c8RE ANN\u00c9E<\/h3>\n\n\n\n<p>Les \u00e9tudiants de formation initiale souhaitant rejoindre le master GESIIC ont d\u00e9sormais la possibilit\u00e9 de le faire au niveau de la premi\u00e8re ann\u00e9e de master. Ils passent pour cela un concours (commun \u00e0 l&rsquo;ensemble des mentions de master propos\u00e9es par l&rsquo;Ecole de Management de la Sorbonne) pour lequel ils choisissent le parcours GESIIC de la mention Management Strat\u00e9gique. (Cf. <a href=\"https:\/\/gesiic-sorbonne.fr\/?page_id=879\" target=\"_blank\" rel=\"noreferrer noopener\"><mark style=\"background-color:rgba(0, 0, 0, 0)\" class=\"has-inline-color has-vivid-cyan-blue-color\">page sur les candidatures en 1e ann\u00e9e<\/mark><\/a>)<\/p>\n\n\n\n<p>Ce concours est compos\u00e9 d&rsquo;une admissibilit\u00e9 (sur dossier) et d&rsquo;un oral d&rsquo;admission. Il est ouvert tout naturellement aux \u00e9tudiants de troisi\u00e8me ann\u00e9e de licence de l&rsquo;Ecole de Management de la Sorbonne mais aussi \u00e0 tout \u00e9tudiant de formation initiale suivant un cursus de niveau licence en coh\u00e9rence avec les enseignements du master.<\/p>\n\n\n\n<p>Les \u00e9tudiants qui rejoignent le master GESIIC en premi\u00e8re ann\u00e9e continueront l&rsquo;ann\u00e9e suivante en seconde ann\u00e9e de ce master, \u00e0 la condition de valider leur ann\u00e9e.<\/p>\n\n\n\n<h3 class=\"wp-block-heading\">LES COURS EN PREMI\u00c8RE ANN\u00c9E<\/h3>\n\n\n\n<p>Le GESIIC est un des quatre parcours de la&nbsp;<a href=\"https:\/\/www.pantheonsorbonne.fr\/ufr\/ufr06\/formations\/master\/master-mention-management-strategique\/\" target=\"_blank\" rel=\"noreferrer noopener\"><mark style=\"background-color:rgba(0, 0, 0, 0)\" class=\"has-inline-color has-vivid-cyan-blue-color\">mention Management strat\u00e9gique<\/mark><\/a>&nbsp;:<\/p>\n\n\n\n<figure class=\"wp-block-table is-style-stripes\"><table><tbody><tr><td class=\"has-text-align-center\" data-align=\"center\"><strong>1 master mention management strat\u00e9gique, 4 parcours<\/strong><\/td><\/tr><tr><td class=\"has-text-align-left\" data-align=\"left\"><strong><a href=\"http:\/\/gesiic-sorbonne.fr\">Gestion et Strat\u00e9gie de l\u2019Investissement Immobilier et de la Construction (GESIIC<\/a><a rel=\"noreferrer noopener\" href=\"https:\/\/www.pantheonsorbonne.fr\/ufr\/ufr06\/formations\/master\/master-mention-management-strategique\/\" target=\"_blank\">)<\/a><\/strong><\/td><\/tr><tr><td class=\"has-text-align-left\" data-align=\"left\"><a href=\"https:\/\/management-master-cmsi.pantheonsorbonne.fr\/\" target=\"_blank\" rel=\"noreferrer noopener\"><strong>Conseil en Management Strat\u00e9gique International (CMSI)<\/strong><\/a><\/td><\/tr><tr><td class=\"has-text-align-left\" data-align=\"left\"><strong><a href=\"https:\/\/www.pantheonsorbonne.fr\/diplomes\/m2ggrc\/\" target=\"_blank\" rel=\"noreferrer noopener\">Gestion Globale des Risques et des Crises (GGRC)<\/a><\/strong><\/td><\/tr><tr><td class=\"has-text-align-left\" data-align=\"left\"><strong><a href=\"https:\/\/www.pantheonsorbonne.fr\/diplomes\/master2emep\/\" target=\"_blank\" rel=\"noreferrer noopener\">Entrepreneuriat et Management des Entreprises Patrimoniales (EMEP)<\/a><\/strong><\/td><\/tr><\/tbody><\/table><\/figure>\n\n\n\n<p>Les \u00e9tudiants de formation initiale qui rejoignent le GESIIC en premi\u00e8re ann\u00e9e de master suivent les&nbsp;<a href=\"https:\/\/gesiic-sorbonne.fr\/wp-content\/uploads\/2021\/04\/Maquettes-M1-MS-2021.pdf\" target=\"_blank\" rel=\"noreferrer noopener\"><mark style=\"background-color:rgba(0, 0, 0, 0)\" class=\"has-inline-color has-vivid-cyan-blue-color\">cours<\/mark><\/a>&nbsp;de cette mention&nbsp;<a href=\"https:\/\/management.pantheonsorbonne.fr\/master-management-strategique\" target=\"_blank\" rel=\"noreferrer noopener\"><mark style=\"background-color:rgba(0, 0, 0, 0)\" class=\"has-inline-color has-vivid-cyan-blue-color\">Management Strat\u00e9gique<\/mark><\/a>, qui inclue d\u00e9sormais un <strong>cours de Transaction immobili\u00e8re<\/strong>.<\/p>\n\n\n<div class=\"wp-block-image\">\n<figure class=\"aligncenter size-full\"><img loading=\"lazy\" decoding=\"async\" width=\"850\" height=\"382\" src=\"https:\/\/gesiic-sorbonne.fr\/wp-content\/uploads\/2021\/12\/M1-shadowWework2021.jpg\" alt=\"\" class=\"wp-image-2444\" srcset=\"https:\/\/gesiic-sorbonne.fr\/wp-content\/uploads\/2021\/12\/M1-shadowWework2021.jpg 850w, https:\/\/gesiic-sorbonne.fr\/wp-content\/uploads\/2021\/12\/M1-shadowWework2021-300x135.jpg 300w, https:\/\/gesiic-sorbonne.fr\/wp-content\/uploads\/2021\/12\/M1-shadowWework2021-768x345.jpg 768w, https:\/\/gesiic-sorbonne.fr\/wp-content\/uploads\/2021\/12\/M1-shadowWework2021-848x382.jpg 848w\" sizes=\"auto, (max-width: 850px) 100vw, 850px\" \/><figcaption class=\"wp-element-caption\"><em>Groupe d&rsquo;\u00e9tudiants du M1 GESIIC au shadow comex (Business Strategy) 2021 chez Wework.<\/em><\/figcaption><\/figure>\n<\/div>\n\n<div class=\"wp-block-image\">\n<figure class=\"aligncenter size-full is-resized\"><img loading=\"lazy\" decoding=\"async\" width=\"753\" height=\"271\" src=\"https:\/\/gesiic-sorbonne.fr\/wp-content\/uploads\/2022\/12\/M1ShadowBruxelles.jpg\" alt=\"\" class=\"wp-image-2952\" style=\"width:845px;height:304px\" srcset=\"https:\/\/gesiic-sorbonne.fr\/wp-content\/uploads\/2022\/12\/M1ShadowBruxelles.jpg 753w, https:\/\/gesiic-sorbonne.fr\/wp-content\/uploads\/2022\/12\/M1ShadowBruxelles-300x108.jpg 300w, https:\/\/gesiic-sorbonne.fr\/wp-content\/uploads\/2022\/12\/M1ShadowBruxelles-750x271.jpg 750w\" sizes=\"auto, (max-width: 753px) 100vw, 753px\" \/><figcaption class=\"wp-element-caption\"><em>Groupe d&rsquo;\u00e9tudiants du M1 GESIIC au shadow comex (Business Strategy) 2022 au si\u00e8ge de Besix (Bruxelles).<\/em><\/figcaption><\/figure>\n<\/div>\n\n\n<p>Ils sont aussi invit\u00e9s (d\u00e8s la premi\u00e8re ann\u00e9e) \u00e0 participer aux \u00e9v\u00e8nements du master GESIIC : jobdating, shadow comex, visites de terrain, afterworks et conf\u00e9rences (cf. le bouton \u00ab\u00a0Ev\u00e8nements\u00a0\u00bb ci-dessous). Par exemple, lors des shadow comex, les M1 constituent des \u00e9quipes de consultants qui sont amen\u00e9s \u00e0 proposer une strat\u00e9gie immobili\u00e8re \u00e0 un shadow comex constitu\u00e9 de (vrais) responsables immobiliers en entreprise.<\/p>\n\n\n\n<div class=\"wp-block-buttons is-layout-flex wp-block-buttons-is-layout-flex\">\n<div class=\"wp-block-button is-style-outline is-style-outline--1\"><a class=\"wp-block-button__link wp-element-button\" href=\"https:\/\/gesiic-sorbonne.fr\/?page_id=879\" style=\"border-radius:6px\"><mark style=\"background-color:rgba(0, 0, 0, 0)\" class=\"has-inline-color has-vivid-cyan-blue-color\">MODALITES DE CANDIDATURE EN MASTER I<\/mark><\/a><\/div>\n\n\n\n<div class=\"wp-block-button is-style-outline is-style-outline--2\"><a class=\"wp-block-button__link wp-element-button\" href=\"https:\/\/gesiic-sorbonne.fr\/?page_id=633\" style=\"border-radius:6px\"><mark style=\"background-color:rgba(0, 0, 0, 0)\" class=\"has-inline-color has-vivid-cyan-blue-color\">EV\u00c8NEMENTS<\/mark><\/a><\/div>\n<\/div>\n\n\n\n<hr class=\"wp-block-separator has-css-opacity\"\/>\n\n\n\n<div class=\"wp-block-media-text alignwide is-stacked-on-mobile\" style=\"grid-template-columns:15% auto\"><figure class=\"wp-block-media-text__media\"><img loading=\"lazy\" decoding=\"async\" width=\"197\" height=\"297\" src=\"https:\/\/gesiic-sorbonne.fr\/wp-content\/uploads\/2021\/04\/paul.png\" alt=\"\" class=\"wp-image-1833 size-full\"\/><\/figure><div class=\"wp-block-media-text__content\">\n<p><em>\u00ab\u00a0A l\u2019issue de ma formation juridique et passionn\u00e9 par l\u2019immobilier, j\u2019ai d\u00e9cid\u00e9 de rejoindre le master 1 GESIIC. Ce master, fort de sa pluridisciplinarit\u00e9, m\u2019a offert une vision globale et un esprit critique de la discipline immobili\u00e8re.<br><br>D\u00e8s ma premi\u00e8re ann\u00e9e de master, j&rsquo;ai pu participer au job-dating, aux ateliers de Shadow Comex, \u00e0 un voyage d\u2019\u00e9tude et \u00e0 des afterworks de qualit\u00e9. Ce master a confirm\u00e9 mon app\u00e9tence pour les professions immobili\u00e8res. J\u2019ai particuli\u00e8rement aim\u00e9 l\u2019alliance entre le pragmatisme des enseignements et les immersions professionnelles propos\u00e9es (stage et alternance). <br><br>Ce master m\u2019a permis de rencontrer les bonnes personnes au bon moment et je suis certain que cette formation sera le moteur du lancement de mes activit\u00e9s.\u00a0\u00bb<\/em><\/p>\n\n\n\n<p class=\"has-text-align-right\">Paul VILLEDIEU \u2013 alternant direction immobili\u00e8re EDF<br>Etudiant master GESIIC \u2013 promotion 2019-2021<\/p>\n<\/div><\/div>\n","protected":false},"excerpt":{"rendered":"<p>Attention : la page ci-dessous repr\u00e9sente le master 1 GESIIC actuel. Mais \u00e0 partir de septembre 2025, le master 1 &hellip; <\/p>\n","protected":false},"author":13,"featured_media":0,"parent":611,"menu_order":0,"comment_status":"closed","ping_status":"closed","template":"","meta":{"_cbd_carousel_blocks":"[]","_monsterinsights_skip_tracking":false,"_monsterinsights_sitenote_active":false,"_monsterinsights_sitenote_note":"","_monsterinsights_sitenote_category":0,"footnotes":""},"class_list":["post-617","page","type-page","status-publish","hentry"],"yoast_head":"<!-- This site is optimized with the Yoast SEO plugin v16.1.1 - https:\/\/yoast.com\/wordpress\/plugins\/seo\/ -->\n<title>MASTER I - Gestion et Strat\u00e9gie de l&#039;Investissement Immobilier et de la Construction<\/title>\n<link rel=\"canonical\" href=\"https:\/\/gesiic-sorbonne.fr\/?page_id=617\" \/>\n<meta property=\"og:locale\" content=\"fr_FR\" \/>\n<meta property=\"og:type\" content=\"article\" \/>\n<meta property=\"og:title\" content=\"MASTER I - Gestion et Strat\u00e9gie de l&#039;Investissement Immobilier et de la Construction\" \/>\n<meta property=\"og:description\" content=\"Attention : la page ci-dessous repr\u00e9sente le master 1 GESIIC actuel. Mais \u00e0 partir de septembre 2025, le master 1 &hellip;\" \/>\n<meta property=\"og:url\" content=\"https:\/\/gesiic-sorbonne.fr\/?page_id=617\" \/>\n<meta property=\"og:site_name\" content=\"Gestion et Strat\u00e9gie de l&#039;Investissement Immobilier et de la Construction\" \/>\n<meta property=\"article:modified_time\" content=\"2024-10-22T10:43:43+00:00\" \/>\n<meta property=\"og:image\" content=\"https:\/\/gesiic-sorbonne.fr\/wp-content\/uploads\/2021\/12\/M1-shadowWework2021.jpg\" \/>\n<meta name=\"twitter:card\" content=\"summary_large_image\" \/>\n<meta name=\"twitter:site\" content=\"@gesiic_sorbonne\" \/>\n<meta name=\"twitter:label1\" content=\"Dur\u00e9e de lecture est.\">\n\t<meta name=\"twitter:data1\" content=\"3 minutes\">\n<script type=\"application\/ld+json\" class=\"yoast-schema-graph\">{\"@context\":\"https:\/\/schema.org\",\"@graph\":[{\"@type\":\"Organization\",\"@id\":\"https:\/\/gesiic-sorbonne.fr\/#organization\",\"name\":\"Master GESIIC de l'universit\\u00e9 Paris I\",\"url\":\"https:\/\/gesiic-sorbonne.fr\/\",\"sameAs\":[\"https:\/\/www.instagram.com\/master2gesiic\/?hl=en\",\"https:\/\/www.linkedin.com\/company\/m2-gesiic\/\",\"https:\/\/twitter.com\/gesiic_sorbonne\"],\"logo\":{\"@type\":\"ImageObject\",\"@id\":\"https:\/\/gesiic-sorbonne.fr\/#logo\",\"inLanguage\":\"fr-FR\",\"url\":\"https:\/\/gesiic-sorbonne.fr\/wp-content\/uploads\/2020\/12\/logo-master-1.png\",\"contentUrl\":\"https:\/\/gesiic-sorbonne.fr\/wp-content\/uploads\/2020\/12\/logo-master-1.png\",\"width\":318,\"height\":226,\"caption\":\"Master GESIIC de l'universit\\u00e9 Paris I\"},\"image\":{\"@id\":\"https:\/\/gesiic-sorbonne.fr\/#logo\"}},{\"@type\":\"WebSite\",\"@id\":\"https:\/\/gesiic-sorbonne.fr\/#website\",\"url\":\"https:\/\/gesiic-sorbonne.fr\/\",\"name\":\"Gestion et Strat\\u00e9gie de l'Investissement Immobilier et de la Construction\",\"description\":\"Nous formons les promoteurs et investisseurs immobiliers de demain qui fa\\u00e7onneront les villes d&#039;apr\\u00e8s-demain\",\"publisher\":{\"@id\":\"https:\/\/gesiic-sorbonne.fr\/#organization\"},\"potentialAction\":[{\"@type\":\"SearchAction\",\"target\":\"https:\/\/gesiic-sorbonne.fr\/?s={search_term_string}\",\"query-input\":\"required name=search_term_string\"}],\"inLanguage\":\"fr-FR\"},{\"@type\":\"ImageObject\",\"@id\":\"https:\/\/gesiic-sorbonne.fr\/?page_id=617#primaryimage\",\"inLanguage\":\"fr-FR\",\"url\":\"https:\/\/gesiic-sorbonne.fr\/wp-content\/uploads\/2021\/12\/M1-shadowWework2021.jpg\",\"contentUrl\":\"https:\/\/gesiic-sorbonne.fr\/wp-content\/uploads\/2021\/12\/M1-shadowWework2021.jpg\",\"width\":850,\"height\":382},{\"@type\":\"WebPage\",\"@id\":\"https:\/\/gesiic-sorbonne.fr\/?page_id=617#webpage\",\"url\":\"https:\/\/gesiic-sorbonne.fr\/?page_id=617\",\"name\":\"MASTER I - Gestion et Strat\\u00e9gie de l&#039;Investissement Immobilier et de la Construction\",\"isPartOf\":{\"@id\":\"https:\/\/gesiic-sorbonne.fr\/#website\"},\"primaryImageOfPage\":{\"@id\":\"https:\/\/gesiic-sorbonne.fr\/?page_id=617#primaryimage\"},\"datePublished\":\"2020-11-29T14:33:28+00:00\",\"dateModified\":\"2024-10-22T10:43:43+00:00\",\"breadcrumb\":{\"@id\":\"https:\/\/gesiic-sorbonne.fr\/?page_id=617#breadcrumb\"},\"inLanguage\":\"fr-FR\",\"potentialAction\":[{\"@type\":\"ReadAction\",\"target\":[\"https:\/\/gesiic-sorbonne.fr\/?page_id=617\"]}]},{\"@type\":\"BreadcrumbList\",\"@id\":\"https:\/\/gesiic-sorbonne.fr\/?page_id=617#breadcrumb\",\"itemListElement\":[{\"@type\":\"ListItem\",\"position\":1,\"item\":{\"@type\":\"WebPage\",\"@id\":\"https:\/\/gesiic-sorbonne.fr\/\",\"url\":\"https:\/\/gesiic-sorbonne.fr\/\",\"name\":\"Accueil\"}},{\"@type\":\"ListItem\",\"position\":2,\"item\":{\"@type\":\"WebPage\",\"@id\":\"https:\/\/gesiic-sorbonne.fr\/?page_id=611\",\"url\":\"https:\/\/gesiic-sorbonne.fr\/?page_id=611\",\"name\":\"PR\\u00c9SENTATION\"}},{\"@type\":\"ListItem\",\"position\":3,\"item\":{\"@type\":\"WebPage\",\"@id\":\"https:\/\/gesiic-sorbonne.fr\/?page_id=617\",\"url\":\"https:\/\/gesiic-sorbonne.fr\/?page_id=617\",\"name\":\"MASTER I\"}}]}]}<\/script>\n<!-- \/ Yoast SEO plugin. -->","_links":{"self":[{"href":"https:\/\/gesiic-sorbonne.fr\/index.php?rest_route=\/wp\/v2\/pages\/617","targetHints":{"allow":["GET"]}}],"collection":[{"href":"https:\/\/gesiic-sorbonne.fr\/index.php?rest_route=\/wp\/v2\/pages"}],"about":[{"href":"https:\/\/gesiic-sorbonne.fr\/index.php?rest_route=\/wp\/v2\/types\/page"}],"author":[{"embeddable":true,"href":"https:\/\/gesiic-sorbonne.fr\/index.php?rest_route=\/wp\/v2\/users\/13"}],"replies":[{"embeddable":true,"href":"https:\/\/gesiic-sorbonne.fr\/index.php?rest_route=%2Fwp%2Fv2%2Fcomments&post=617"}],"version-history":[{"count":31,"href":"https:\/\/gesiic-sorbonne.fr\/index.php?rest_route=\/wp\/v2\/pages\/617\/revisions"}],"predecessor-version":[{"id":3673,"href":"https:\/\/gesiic-sorbonne.fr\/index.php?rest_route=\/wp\/v2\/pages\/617\/revisions\/3673"}],"up":[{"embeddable":true,"href":"https:\/\/gesiic-sorbonne.fr\/index.php?rest_route=\/wp\/v2\/pages\/611"}],"wp:attachment":[{"href":"https:\/\/gesiic-sorbonne.fr\/index.php?rest_route=%2Fwp%2Fv2%2Fmedia&parent=617"}],"curies":[{"name":"wp","href":"https:\/\/api.w.org\/{rel}","templated":true}]}}