{"id":615,"date":"2020-11-29T15:33:10","date_gmt":"2020-11-29T14:33:10","guid":{"rendered":"https:\/\/gesiic-sorbonne.fr\/?page_id=615"},"modified":"2022-02-09T16:39:38","modified_gmt":"2022-02-09T15:39:38","slug":"mot-du-directeur-master","status":"publish","type":"page","link":"https:\/\/gesiic-sorbonne.fr\/?page_id=615","title":{"rendered":"MOT DU DIRECTEUR DU MASTER"},"content":{"rendered":"\n<div class=\"wp-block-columns is-layout-flex wp-container-core-columns-is-layout-9d6595d7 wp-block-columns-is-layout-flex\">\n<div class=\"wp-block-column is-layout-flow wp-block-column-is-layout-flow\" style=\"flex-basis:100%\">\n<div class=\"wp-block-group\"><div class=\"wp-block-group__inner-container is-layout-flow wp-block-group-is-layout-flow\">\n<div class=\"wp-block-columns is-layout-flex wp-container-core-columns-is-layout-9d6595d7 wp-block-columns-is-layout-flex\">\n<div class=\"wp-block-column is-layout-flow wp-block-column-is-layout-flow\" style=\"flex-basis:100%\">\n<div class=\"wp-block-media-text alignwide has-media-on-the-right is-stacked-on-mobile is-vertically-aligned-center is-image-fill\" style=\"grid-template-columns:auto 51%\"><figure class=\"wp-block-media-text__media\" style=\"background-image:url(https:\/\/gesiic-sorbonne.fr\/wp-content\/uploads\/2021\/03\/Directeur-1024x1005.jpg);background-position:77% 50%\"><img loading=\"lazy\" decoding=\"async\" width=\"1024\" height=\"1005\" src=\"https:\/\/gesiic-sorbonne.fr\/wp-content\/uploads\/2021\/03\/Directeur-1024x1005.jpg\" alt=\"Directeur du master\" class=\"wp-image-1527 size-full\" srcset=\"https:\/\/gesiic-sorbonne.fr\/wp-content\/uploads\/2021\/03\/Directeur-1024x1005.jpg 1024w, https:\/\/gesiic-sorbonne.fr\/wp-content\/uploads\/2021\/03\/Directeur-300x295.jpg 300w, https:\/\/gesiic-sorbonne.fr\/wp-content\/uploads\/2021\/03\/Directeur-768x754.jpg 768w, https:\/\/gesiic-sorbonne.fr\/wp-content\/uploads\/2021\/03\/Directeur-70x70.jpg 70w, https:\/\/gesiic-sorbonne.fr\/wp-content\/uploads\/2021\/03\/Directeur.jpg 1310w\" sizes=\"auto, (max-width: 1024px) 100vw, 1024px\" \/><\/figure><div class=\"wp-block-media-text__content\">\n<blockquote class=\"wp-block-quote is-layout-flow wp-block-quote-is-layout-flow\"><p>Le master GESIIC se porte bien !\u00a0\u00a0\u00a0\u00a0\u00a0\u00a0\u00a0\u00a0\u00a0\u00a0\u00a0\u00a0\u00a0\u00a0<\/p><p>Depuis 2013, le nombre de candidatures a cru en moyenne de 20% par an. Ce d\u00e9sir toujours plus grand de rejoindre le master couronne une organisation p\u00e9dagogique tr\u00e8s originale de son master 2 : professionnels en formation continue et \u00e9tudiants en formation initiale forment une promotion d&rsquo;une vingtaine d&rsquo;\u00e9tudiants qui suivent tous les cours ensemble. Le master GESIIC combine en effet deux dimensions souvent dissoci\u00e9es : une approche universitaire (avec des cours et des partiels, des enseignants chercheurs et un m\u00e9moire de recherche) et dans le m\u00eame temps une approche tr\u00e8s professionnalisante (avec une scolarit\u00e9 en alternance \u00e0 travers des contrats professionnels, de nombreux cours assur\u00e9s par des intervenants professionnels et moult \u00e9v\u00e8nements de terrain (visites, salons, afterworks, shadow comex, jobdating&#8230;).<\/p><p>Ce succ\u00e8s couronne aussi une dynamique.\u00a0 En quelques ann\u00e9es, le master GESIIC a ouvert un master 1, instaur\u00e9 des contrats de professionnalisation, introduit une certification Altus, obtenu l\u2019accr\u00e9ditation RICS, mis en ligne un annuaire des anciens, d\u00e9velopp\u00e9 un jobdating annuel, des afterworks, des shadow comex, un programme de mentoring, une plateforme e-learning, de nouveaux partenariats, etc. Les entreprises du secteur ne s\u2019y trompent pas en \u00e9tant toujours plus nombreuses \u00e0 souhaiter participer \u00e0 notre jobdating et recruter nos \u00e9tudiants. Cette confiance renouvel\u00e9e dans un contexte macro-\u00e9conomique d\u00e9licat est un atout pr\u00e9cieux pour nos \u00e9tudiants.<\/p><\/blockquote>\n\n\n\n<p class=\"has-text-align-right\"><strong>Guillaume CHANSON &#8211; Directeur du master GESIIC<\/strong><\/p>\n<\/div><\/div>\n<\/div>\n<\/div>\n<\/div><\/div>\n<\/div>\n<\/div>\n","protected":false},"excerpt":{"rendered":"<p>Le master GESIIC se porte bien !\u00a0\u00a0\u00a0\u00a0\u00a0\u00a0\u00a0\u00a0\u00a0\u00a0\u00a0\u00a0\u00a0\u00a0 Depuis 2013, le nombre de candidatures a cru en moyenne de 20% par &hellip; <\/p>\n","protected":false},"author":13,"featured_media":0,"parent":611,"menu_order":0,"comment_status":"closed","ping_status":"closed","template":"","meta":{"_cbd_carousel_blocks":"[]","_monsterinsights_skip_tracking":false,"_monsterinsights_sitenote_active":false,"_monsterinsights_sitenote_note":"","_monsterinsights_sitenote_category":0,"footnotes":""},"class_list":["post-615","page","type-page","status-publish","hentry"],"yoast_head":"<!-- This site is optimized with the Yoast SEO plugin v16.1.1 - https:\/\/yoast.com\/wordpress\/plugins\/seo\/ -->\n<title>MOT DU DIRECTEUR DU MASTER - Gestion et Strat\u00e9gie de l&#039;Investissement Immobilier et de la Construction<\/title>\n<link rel=\"canonical\" href=\"https:\/\/gesiic-sorbonne.fr\/?page_id=615\" \/>\n<meta property=\"og:locale\" content=\"fr_FR\" \/>\n<meta property=\"og:type\" content=\"article\" \/>\n<meta property=\"og:title\" content=\"MOT DU DIRECTEUR DU MASTER - Gestion et Strat\u00e9gie de l&#039;Investissement Immobilier et de la Construction\" \/>\n<meta property=\"og:description\" content=\"Le master GESIIC se porte bien !\u00a0\u00a0\u00a0\u00a0\u00a0\u00a0\u00a0\u00a0\u00a0\u00a0\u00a0\u00a0\u00a0\u00a0 Depuis 2013, le nombre de candidatures a cru en moyenne de 20% par &hellip;\" \/>\n<meta property=\"og:url\" content=\"https:\/\/gesiic-sorbonne.fr\/?page_id=615\" \/>\n<meta property=\"og:site_name\" content=\"Gestion et Strat\u00e9gie de l&#039;Investissement Immobilier et de la Construction\" \/>\n<meta property=\"article:modified_time\" content=\"2022-02-09T15:39:38+00:00\" \/>\n<meta property=\"og:image\" content=\"https:\/\/gesiic-sorbonne.fr\/wp-content\/uploads\/2021\/03\/Directeur-1024x1005.jpg\" \/>\n<meta name=\"twitter:card\" content=\"summary_large_image\" \/>\n<meta name=\"twitter:site\" content=\"@gesiic_sorbonne\" \/>\n<meta name=\"twitter:label1\" content=\"Dur\u00e9e de lecture est.\">\n\t<meta name=\"twitter:data1\" content=\"2 minutes\">\n<script type=\"application\/ld+json\" class=\"yoast-schema-graph\">{\"@context\":\"https:\/\/schema.org\",\"@graph\":[{\"@type\":\"Organization\",\"@id\":\"https:\/\/gesiic-sorbonne.fr\/#organization\",\"name\":\"Master GESIIC de l'universit\\u00e9 Paris I\",\"url\":\"https:\/\/gesiic-sorbonne.fr\/\",\"sameAs\":[\"https:\/\/www.instagram.com\/master2gesiic\/?hl=en\",\"https:\/\/www.linkedin.com\/company\/m2-gesiic\/\",\"https:\/\/twitter.com\/gesiic_sorbonne\"],\"logo\":{\"@type\":\"ImageObject\",\"@id\":\"https:\/\/gesiic-sorbonne.fr\/#logo\",\"inLanguage\":\"fr-FR\",\"url\":\"https:\/\/gesiic-sorbonne.fr\/wp-content\/uploads\/2020\/12\/logo-master-1.png\",\"contentUrl\":\"https:\/\/gesiic-sorbonne.fr\/wp-content\/uploads\/2020\/12\/logo-master-1.png\",\"width\":318,\"height\":226,\"caption\":\"Master GESIIC de l'universit\\u00e9 Paris I\"},\"image\":{\"@id\":\"https:\/\/gesiic-sorbonne.fr\/#logo\"}},{\"@type\":\"WebSite\",\"@id\":\"https:\/\/gesiic-sorbonne.fr\/#website\",\"url\":\"https:\/\/gesiic-sorbonne.fr\/\",\"name\":\"Gestion et Strat\\u00e9gie de l'Investissement Immobilier et de la Construction\",\"description\":\"Nous formons les promoteurs et investisseurs immobiliers de demain qui fa\\u00e7onneront les villes d&#039;apr\\u00e8s-demain\",\"publisher\":{\"@id\":\"https:\/\/gesiic-sorbonne.fr\/#organization\"},\"potentialAction\":[{\"@type\":\"SearchAction\",\"target\":\"https:\/\/gesiic-sorbonne.fr\/?s={search_term_string}\",\"query-input\":\"required name=search_term_string\"}],\"inLanguage\":\"fr-FR\"},{\"@type\":\"ImageObject\",\"@id\":\"https:\/\/gesiic-sorbonne.fr\/?page_id=615#primaryimage\",\"inLanguage\":\"fr-FR\",\"url\":\"https:\/\/gesiic-sorbonne.fr\/wp-content\/uploads\/2021\/03\/Directeur.jpg\",\"contentUrl\":\"https:\/\/gesiic-sorbonne.fr\/wp-content\/uploads\/2021\/03\/Directeur.jpg\",\"width\":1310,\"height\":1286},{\"@type\":\"WebPage\",\"@id\":\"https:\/\/gesiic-sorbonne.fr\/?page_id=615#webpage\",\"url\":\"https:\/\/gesiic-sorbonne.fr\/?page_id=615\",\"name\":\"MOT DU DIRECTEUR DU MASTER - Gestion et Strat\\u00e9gie de l&#039;Investissement Immobilier et de la Construction\",\"isPartOf\":{\"@id\":\"https:\/\/gesiic-sorbonne.fr\/#website\"},\"primaryImageOfPage\":{\"@id\":\"https:\/\/gesiic-sorbonne.fr\/?page_id=615#primaryimage\"},\"datePublished\":\"2020-11-29T14:33:10+00:00\",\"dateModified\":\"2022-02-09T15:39:38+00:00\",\"breadcrumb\":{\"@id\":\"https:\/\/gesiic-sorbonne.fr\/?page_id=615#breadcrumb\"},\"inLanguage\":\"fr-FR\",\"potentialAction\":[{\"@type\":\"ReadAction\",\"target\":[\"https:\/\/gesiic-sorbonne.fr\/?page_id=615\"]}]},{\"@type\":\"BreadcrumbList\",\"@id\":\"https:\/\/gesiic-sorbonne.fr\/?page_id=615#breadcrumb\",\"itemListElement\":[{\"@type\":\"ListItem\",\"position\":1,\"item\":{\"@type\":\"WebPage\",\"@id\":\"https:\/\/gesiic-sorbonne.fr\/\",\"url\":\"https:\/\/gesiic-sorbonne.fr\/\",\"name\":\"Accueil\"}},{\"@type\":\"ListItem\",\"position\":2,\"item\":{\"@type\":\"WebPage\",\"@id\":\"https:\/\/gesiic-sorbonne.fr\/?page_id=611\",\"url\":\"https:\/\/gesiic-sorbonne.fr\/?page_id=611\",\"name\":\"PR\\u00c9SENTATION\"}},{\"@type\":\"ListItem\",\"position\":3,\"item\":{\"@type\":\"WebPage\",\"@id\":\"https:\/\/gesiic-sorbonne.fr\/?page_id=615\",\"url\":\"https:\/\/gesiic-sorbonne.fr\/?page_id=615\",\"name\":\"MOT DU DIRECTEUR DU MASTER\"}}]}]}<\/script>\n<!-- \/ Yoast SEO plugin. -->","_links":{"self":[{"href":"https:\/\/gesiic-sorbonne.fr\/index.php?rest_route=\/wp\/v2\/pages\/615","targetHints":{"allow":["GET"]}}],"collection":[{"href":"https:\/\/gesiic-sorbonne.fr\/index.php?rest_route=\/wp\/v2\/pages"}],"about":[{"href":"https:\/\/gesiic-sorbonne.fr\/index.php?rest_route=\/wp\/v2\/types\/page"}],"author":[{"embeddable":true,"href":"https:\/\/gesiic-sorbonne.fr\/index.php?rest_route=\/wp\/v2\/users\/13"}],"replies":[{"embeddable":true,"href":"https:\/\/gesiic-sorbonne.fr\/index.php?rest_route=%2Fwp%2Fv2%2Fcomments&post=615"}],"version-history":[{"count":30,"href":"https:\/\/gesiic-sorbonne.fr\/index.php?rest_route=\/wp\/v2\/pages\/615\/revisions"}],"predecessor-version":[{"id":2574,"href":"https:\/\/gesiic-sorbonne.fr\/index.php?rest_route=\/wp\/v2\/pages\/615\/revisions\/2574"}],"up":[{"embeddable":true,"href":"https:\/\/gesiic-sorbonne.fr\/index.php?rest_route=\/wp\/v2\/pages\/611"}],"wp:attachment":[{"href":"https:\/\/gesiic-sorbonne.fr\/index.php?rest_route=%2Fwp%2Fv2%2Fmedia&parent=615"}],"curies":[{"name":"wp","href":"https:\/\/api.w.org\/{rel}","templated":true}]}}