{"id":611,"date":"2020-11-29T15:34:43","date_gmt":"2020-11-29T14:34:43","guid":{"rendered":"https:\/\/gesiic-sorbonne.fr\/?page_id=611"},"modified":"2026-03-14T01:51:09","modified_gmt":"2026-03-14T00:51:09","slug":"master-gesiic","status":"publish","type":"page","link":"https:\/\/gesiic-sorbonne.fr\/?page_id=611","title":{"rendered":"PR\u00c9SENTATION"},"content":{"rendered":"\n<p>Cr\u00e9\u00e9 en 1985, le Master GESIIC (Gestion et Strat\u00e9gie de l&rsquo;Investissement immobilier et de la Construction) vise \u00e0 former les cadres de la fili\u00e8re immobili\u00e8re (finance, strat\u00e9gie, droit).<\/p>\n\n\n\n<p>Le master GESIIC accueille des&nbsp;\u00e9tudiants en&nbsp;<strong>formation initiale<\/strong>&nbsp;et des salari\u00e9s en&nbsp;<strong>formation continue<\/strong>. Les cours ont lieu environ 6 jours par mois, permettant aux \u00e9tudiants de r\u00e9aliser un&nbsp;<strong>contrat de professionnalisation<\/strong>&nbsp;ou un stage pendant l&rsquo;ann\u00e9e et aux salari\u00e9s de suivre cette formation tout en continuant leurs missions en entreprise.<\/p>\n\n\n\n<p>Le master GESIIC est class\u00e9 meilleur master en immobilier (management et droit) de France (Eduniversal 2023,24, 25) et il est mont\u00e9 sur la 3\u00e8me marche du podium national des Troph\u00e9es de la p\u00e9dagogie 2024 (qui analysait plus de 2000 masters universitaires de toutes disciplines confondues). Le GESIIC a \u00e9t\u00e9 \u00e9valu\u00e9 triple A par l\u2019Agence d\u2019\u00e9valuation de la recherche et de l\u2019enseignement sup\u00e9rieur (<a href=\"http:\/\/www.hceres.fr\/PRESENTATION\/Missions\"><u><mark style=\"background-color:rgba(0, 0, 0, 0)\" class=\"has-inline-color has-vivid-cyan-blue-color\"><span style=\"text-decoration: underline;\">HCERES<\/span><\/mark><\/u><\/a>). Il est class\u00e9 par le magazine&nbsp;<a href=\"http:\/\/www.letudiant.fr\/etudes\/3es-cycles-et-masters\/les-meilleurs-masters-a-la-fac-la-selection-de-l-etudiant\/les-meilleurs-masters-a-la-fac-notre-selection-de-m2-droit-et-economie-gestion.html\" target=\"_blank\" rel=\"noreferrer noopener\"><u><mark style=\"background-color:rgba(0, 0, 0, 0)\" class=\"has-inline-color has-vivid-cyan-blue-color\">L&rsquo;Etudiant<\/mark><\/u><\/a>&nbsp;comme l&rsquo;un des meilleurs masters universitaires de France (toutes disciplines confondues) et par le magazine&nbsp;<a href=\"http:\/\/www.magazine-decideurs.com\/\" target=\"_blank\" rel=\"noreferrer noopener\"><u><mark style=\"background-color:rgba(0, 0, 0, 0)\" class=\"has-inline-color has-vivid-cyan-blue-color\">D\u00e9cideurs<\/mark>&nbsp;<\/u><\/a>comme un acteur \u00ab\u00a0incontournable\u00a0\u00bb de la formation immobili\u00e8re. Il est ouvert sur l&rsquo;international, tant par son <mark style=\"background-color:rgba(0, 0, 0, 0)\" class=\"has-inline-color has-vivid-cyan-blue-color\"><a href=\"https:\/\/gesiic-sorbonne.fr\/?page_id=1743\" target=\"_blank\" rel=\"noreferrer noopener\">accr\u00e9ditation<\/a><\/mark>&nbsp;&nbsp;par la Royal Institution of Chartered Surveyors (<a href=\"https:\/\/www.rics.org\/fr\/\"><u><mark style=\"background-color:rgba(0, 0, 0, 0)\" class=\"has-inline-color has-vivid-cyan-blue-color\">RICS<\/mark><\/u><\/a>) que par son&nbsp;<u><a href=\"https:\/\/gesiic-sorbonne.fr\/?page_id=1676\" target=\"_blank\" rel=\"noreferrer noopener\"><mark style=\"background-color:rgba(0, 0, 0, 0)\" class=\"has-inline-color has-vivid-cyan-blue-color\">partenariat<\/mark><\/a><\/u>&nbsp;avec l\u2019Executive Master Immobilier (Bruxelles). Il fait d\u00e9sormais partie des 50 meilleurs masters mondiaux en Real Estate Management (<a href=\"https:\/\/www.best-masters.com\/ranking-master-real-estate-management-construction.html\" target=\"_blank\" rel=\"noreferrer noopener\"><mark style=\"background-color:rgba(0, 0, 0, 0)\" class=\"has-inline-color has-vivid-cyan-blue-color\">classement Eduniversal &#8211; Real Estate Management<\/mark><\/a>).<\/p>\n\n\n\n<p>Les \u00e9tudiants du master connaissent une excellente insertion professionnelle comme en t\u00e9moignent les&nbsp;<a href=\"https:\/\/gesiic-sorbonne.fr\/?page_id=834\"><u><span class=\"has-inline-color has-vivid-cyan-blue-color\">statistiques d&rsquo;insertion<\/span><\/u><\/a>&nbsp;et le succ\u00e8s du&nbsp;<a href=\"https:\/\/gesiic-sorbonne.fr\/?page_id=1138\"><span class=\"has-inline-color has-vivid-cyan-blue-color\">jobdating<\/span><\/a> qu&rsquo;il organise annuellement.<\/p>\n\n\n\n<p>Le Master Gestion et Strat\u00e9gie de l&rsquo;Investissement Immobilier et de la Construction est organis\u00e9 par l\u2019<a href=\"https:\/\/www.univ-paris1.fr\/ufr\/ufr06\/\" target=\"_blank\" rel=\"noreferrer noopener\"><u><mark style=\"background-color:rgba(0, 0, 0, 0)\" class=\"has-inline-color has-vivid-cyan-blue-color\">\u00c9cole de <\/mark><\/u><\/a><u><a href=\"https:\/\/management.pantheonsorbonne.fr\/\" target=\"_blank\" rel=\"noreferrer noopener\"><mark style=\"background-color:rgba(0, 0, 0, 0)\" class=\"has-inline-color has-vivid-cyan-blue-color\">Management de la Sorbonne<\/mark><\/a><\/u>&nbsp;(EMS) et constitue d\u00e9sormais un parcours de la mention \u00ab\u00a0Management sectoriel\u00a0\u00bb.&nbsp;Il est possible d&rsquo;int\u00e9grer le GESIIC&nbsp;au niveau du <a href=\"https:\/\/gesiic-sorbonne.fr\/?page_id=3701\" target=\"_blank\" rel=\"noreferrer noopener\"><mark style=\"background-color:rgba(0, 0, 0, 0)\" class=\"has-inline-color has-vivid-cyan-blue-color\">master 1<\/mark><\/a> ou du <a href=\"https:\/\/gesiic-sorbonne.fr\/?page_id=619\"><u><mark style=\"background-color:rgba(0, 0, 0, 0)\" class=\"has-inline-color has-vivid-cyan-blue-color\">master 2<\/mark><\/u><\/a>.<\/p>\n\n\n<div class=\"wp-block-image\">\n<figure class=\"aligncenter size-full\"><img loading=\"lazy\" decoding=\"async\" width=\"850\" height=\"196\" src=\"https:\/\/gesiic-sorbonne.fr\/wp-content\/uploads\/2021\/09\/Masterclass2021-panoramiqueresized.jpg\" alt=\"\" class=\"wp-image-2350\" srcset=\"https:\/\/gesiic-sorbonne.fr\/wp-content\/uploads\/2021\/09\/Masterclass2021-panoramiqueresized.jpg 850w, https:\/\/gesiic-sorbonne.fr\/wp-content\/uploads\/2021\/09\/Masterclass2021-panoramiqueresized-300x69.jpg 300w, https:\/\/gesiic-sorbonne.fr\/wp-content\/uploads\/2021\/09\/Masterclass2021-panoramiqueresized-768x177.jpg 768w, https:\/\/gesiic-sorbonne.fr\/wp-content\/uploads\/2021\/09\/Masterclass2021-panoramiqueresized-848x196.jpg 848w\" sizes=\"auto, (max-width: 850px) 100vw, 850px\" \/><\/figure>\n<\/div>\n\n\n<hr class=\"wp-block-separator has-alpha-channel-opacity\"\/>\n\n\n\n<p>Vous pourrez rencontrer les responsables du master GESIIC (et les \u00e9tudiants) lors des \u00e9v\u00e8nements suivants (chaque ann\u00e9e les dates sont affich\u00e9es d\u00e8s qu&rsquo;elles sont connues) :<\/p>\n\n\n\n<ul class=\"wp-block-list\">\n<li><a href=\"http:\/\/agp1.fr\/evenements-pedagogiques\/\" target=\"_blank\" rel=\"noreferrer noopener\"><mark style=\"background-color:rgba(0, 0, 0, 0)\" class=\"has-inline-color has-vivid-cyan-blue-color\">Brunch Gestion Sorbonne<\/mark><\/a>&nbsp;g\u00e9n\u00e9ralement en d\u00e9cembre (pour les \u00e9tudiants de l&rsquo;EMS : 2 d\u00e9cembre 2025)<\/li>\n\n\n\n<li><a href=\"https:\/\/gesiic-sorbonne.fr\/?page_id=2556\" target=\"_blank\" rel=\"noreferrer noopener\"><mark style=\"background-color:rgba(0, 0, 0, 0)\" class=\"has-inline-color has-vivid-cyan-blue-color\">Conf\u00e9rence des m\u00e9tiers de l&rsquo;immobilier<\/mark><\/a> du master GESIIC g\u00e9n\u00e9ralement en f\u00e9vrier (Centre Panth\u00e9on : <strong><mark style=\"background-color:rgba(0, 0, 0, 0)\" class=\"has-inline-color has-vivid-red-color\">17 f\u00e9vrier 2026<\/mark><\/strong>)<\/li>\n\n\n\n<li>Une Session Zoom (Q\/A) propre au master GESIIC&nbsp;le <mark style=\"background-color:rgba(0, 0, 0, 0)\" class=\"has-inline-color has-vivid-red-color\"><strong>25 f\u00e9vrier 2026<\/strong><\/mark> \u00e0 18h00 : <a href=\"https:\/\/pantheonsorbonne.zoom.us\/j\/93939118139?pwd=SXspjJQr6MQCHA47zpLaamoeGEyEbl.1\" target=\"_blank\" rel=\"noreferrer noopener\"><strong>Lien Zoom<\/strong><\/a>.<\/li>\n\n\n\n<li><a href=\"https:\/\/formation-continue.pantheonsorbonne.fr\/evenements\/journees-portes-ouvertes-2025-formation-continue\" target=\"_blank\" rel=\"noreferrer noopener\"><mark style=\"background-color:rgba(0, 0, 0, 0)\" class=\"has-inline-color has-vivid-cyan-blue-color\">Journ\u00e9es portes ouvertes de la FCPS<\/mark><\/a> : (Centre Broca : jeudi <strong>26 f\u00e9vrier 2026<\/strong> &#8211; de 18h \u00e0 20h30)<\/li>\n\n\n\n<li><mark style=\"background-color:rgba(0, 0, 0, 0)\" class=\"has-inline-color has-vivid-cyan-blue-color\"><strong><a href=\"https:\/\/management.pantheonsorbonne.fr\/evenements\/salon-masters-de-lems-2026\" target=\"_blank\" rel=\"noreferrer noopener\">Salon des Masters de Gestion<\/a><\/strong><\/mark>\u00a0g\u00e9n\u00e9ralement en f\u00e9vrier\/mars (Centre Panth\u00e9on : <strong><mark style=\"background-color:rgba(0, 0, 0, 0)\" class=\"has-inline-color has-vivid-red-color\">14 mars 2026<\/mark><\/strong>).<strong><mark style=\"background-color:rgba(0, 0, 0, 0)\" class=\"has-inline-color has-vivid-cyan-blue-color\"><a href=\"https:\/\/www.helloasso.com\/associations\/agp1\/evenements\/billetterie-du-salon-des-masters-de-l-ems\" target=\"_blank\" rel=\"noreferrer noopener\">Page de l&rsquo;\u00e9v\u00e8nement<\/a> <\/mark><\/strong>(pour s&rsquo;inscrire). Pour ceux qui ne peuvent y assister en pr\u00e9sentiel, une pr\u00e9sentation du master GESIIC est organis\u00e9e dans une session zoom \u00e0 10h30 : <a href=\"https:\/\/pantheonsorbonne.zoom.us\/j\/93967278023?pwd=bnQZhP0Ixf94aF3xWDT6MpHKqqt0Gz.1\"><mark style=\"background-color:rgba(0, 0, 0, 0)\" class=\"has-inline-color has-vivid-cyan-blue-color\"><strong>Lien Zoom<\/strong><\/mark><\/a>.<\/li>\n\n\n\n<li>et parfois <a href=\"https:\/\/salon-masters.com\/\" target=\"_blank\" rel=\"noreferrer noopener\"><mark style=\"background-color:rgba(0, 0, 0, 0)\" class=\"has-inline-color has-vivid-cyan-blue-color\">Salon des meilleurs Masters\/ MS et MBA Eduniversal<\/mark><\/a> (le GESIIC ne participe pas en 2026)<\/li>\n<\/ul>\n\n\n\n<p><\/p>\n\n\n\n<div class=\"wp-block-buttons is-horizontal is-content-justification-center is-layout-flex wp-container-core-buttons-is-layout-499968f5 wp-block-buttons-is-layout-flex\">\n<div class=\"wp-block-button is-style-fill\"><a class=\"wp-block-button__link has-white-color has-text-color has-background wp-element-button\" href=\"https:\/\/gesiic-sorbonne.fr\/?page_id=617\" style=\"border-radius:5px;background-color:#031838\">MASTER I<\/a><\/div>\n\n\n\n<div class=\"wp-block-button is-style-fill\"><a class=\"wp-block-button__link has-white-color has-text-color has-background wp-element-button\" href=\"https:\/\/gesiic-sorbonne.fr\/?page_id=619\" style=\"border-radius:5px;background-color:#031838\">MASTER II<\/a><\/div>\n\n\n\n<div class=\"wp-block-button is-style-fill\"><a class=\"wp-block-button__link has-white-color has-text-color has-background wp-element-button\" href=\"https:\/\/gesiic-sorbonne.fr\/?page_id=625\" style=\"border-radius:5px;background-color:#031838\">CORPS ENSEIGNANT<\/a><\/div>\n\n\n\n<div class=\"wp-block-button is-style-fill\"><a class=\"wp-block-button__link has-white-color has-text-color has-background wp-element-button\" href=\"https:\/\/gesiic-sorbonne.fr\/?page_id=635\" style=\"border-radius:5px;background-color:#031838\">D\u00c9BOUCH\u00c9S<\/a><\/div>\n\n\n\n<div class=\"wp-block-button is-style-fill\"><a class=\"wp-block-button__link has-white-color has-text-color has-background wp-element-button\" href=\"https:\/\/gesiic-sorbonne.fr\/?page_id=633\" style=\"border-radius:5px;background-color:#031838\">EV\u00c8NEMENTS<\/a><\/div>\n<\/div>\n\n\n\n<p><em>(Ce site n&rsquo;est pas celui de l&rsquo;universit\u00e9 Paris 1, mais de l&rsquo;\u00e9quipe p\u00e9dagogique du master).<\/em><\/p>\n\n\n\n<p><\/p>\n","protected":false},"excerpt":{"rendered":"<p>Cr\u00e9\u00e9 en 1985, le Master GESIIC (Gestion et Strat\u00e9gie de l&rsquo;Investissement immobilier et de la Construction) vise \u00e0 former les &hellip; <\/p>\n","protected":false},"author":13,"featured_media":0,"parent":0,"menu_order":0,"comment_status":"closed","ping_status":"closed","template":"","meta":{"_cbd_carousel_blocks":"[]","_monsterinsights_skip_tracking":false,"_monsterinsights_sitenote_active":false,"_monsterinsights_sitenote_note":"","_monsterinsights_sitenote_category":0,"footnotes":""},"class_list":["post-611","page","type-page","status-publish","hentry"],"yoast_head":"<!-- This site is optimized with the Yoast SEO plugin v16.1.1 - https:\/\/yoast.com\/wordpress\/plugins\/seo\/ -->\n<title>PR\u00c9SENTATION - Gestion et Strat\u00e9gie de l&#039;Investissement Immobilier et de la Construction<\/title>\n<meta name=\"description\" content=\"Gestion et Strat\u00e9gie de l&#039;Investissement Immobilier et de la Construction -\" \/>\n<link rel=\"canonical\" href=\"https:\/\/gesiic-sorbonne.fr\/?page_id=611\" \/>\n<meta property=\"og:locale\" content=\"fr_FR\" \/>\n<meta property=\"og:type\" content=\"article\" \/>\n<meta property=\"og:title\" content=\"PR\u00c9SENTATION - Gestion et Strat\u00e9gie de l&#039;Investissement Immobilier et de la Construction\" \/>\n<meta property=\"og:description\" content=\"Gestion et Strat\u00e9gie de l&#039;Investissement Immobilier et de la Construction -\" \/>\n<meta property=\"og:url\" content=\"https:\/\/gesiic-sorbonne.fr\/?page_id=611\" \/>\n<meta property=\"og:site_name\" content=\"Gestion et Strat\u00e9gie de l&#039;Investissement Immobilier et de la Construction\" \/>\n<meta property=\"article:modified_time\" content=\"2026-03-14T00:51:09+00:00\" \/>\n<meta property=\"og:image\" content=\"https:\/\/gesiic-sorbonne.fr\/wp-content\/uploads\/2021\/09\/Masterclass2021-panoramiqueresized.jpg\" \/>\n<meta name=\"twitter:card\" content=\"summary_large_image\" \/>\n<meta name=\"twitter:site\" content=\"@gesiic_sorbonne\" \/>\n<meta name=\"twitter:label1\" content=\"Dur\u00e9e de lecture est.\">\n\t<meta name=\"twitter:data1\" content=\"2 minutes\">\n<script type=\"application\/ld+json\" class=\"yoast-schema-graph\">{\"@context\":\"https:\/\/schema.org\",\"@graph\":[{\"@type\":\"Organization\",\"@id\":\"https:\/\/gesiic-sorbonne.fr\/#organization\",\"name\":\"Master GESIIC de l'universit\\u00e9 Paris I\",\"url\":\"https:\/\/gesiic-sorbonne.fr\/\",\"sameAs\":[\"https:\/\/www.instagram.com\/master2gesiic\/?hl=en\",\"https:\/\/www.linkedin.com\/company\/m2-gesiic\/\",\"https:\/\/twitter.com\/gesiic_sorbonne\"],\"logo\":{\"@type\":\"ImageObject\",\"@id\":\"https:\/\/gesiic-sorbonne.fr\/#logo\",\"inLanguage\":\"fr-FR\",\"url\":\"https:\/\/gesiic-sorbonne.fr\/wp-content\/uploads\/2020\/12\/logo-master-1.png\",\"contentUrl\":\"https:\/\/gesiic-sorbonne.fr\/wp-content\/uploads\/2020\/12\/logo-master-1.png\",\"width\":318,\"height\":226,\"caption\":\"Master GESIIC de l'universit\\u00e9 Paris I\"},\"image\":{\"@id\":\"https:\/\/gesiic-sorbonne.fr\/#logo\"}},{\"@type\":\"WebSite\",\"@id\":\"https:\/\/gesiic-sorbonne.fr\/#website\",\"url\":\"https:\/\/gesiic-sorbonne.fr\/\",\"name\":\"Gestion et Strat\\u00e9gie de l'Investissement Immobilier et de la Construction\",\"description\":\"Nous formons les promoteurs et investisseurs immobiliers de demain qui fa\\u00e7onneront les villes d&#039;apr\\u00e8s-demain\",\"publisher\":{\"@id\":\"https:\/\/gesiic-sorbonne.fr\/#organization\"},\"potentialAction\":[{\"@type\":\"SearchAction\",\"target\":\"https:\/\/gesiic-sorbonne.fr\/?s={search_term_string}\",\"query-input\":\"required name=search_term_string\"}],\"inLanguage\":\"fr-FR\"},{\"@type\":\"ImageObject\",\"@id\":\"https:\/\/gesiic-sorbonne.fr\/?page_id=611#primaryimage\",\"inLanguage\":\"fr-FR\",\"url\":\"https:\/\/gesiic-sorbonne.fr\/wp-content\/uploads\/2021\/09\/Masterclass2021-panoramiqueresized.jpg\",\"contentUrl\":\"https:\/\/gesiic-sorbonne.fr\/wp-content\/uploads\/2021\/09\/Masterclass2021-panoramiqueresized.jpg\",\"width\":850,\"height\":196},{\"@type\":\"WebPage\",\"@id\":\"https:\/\/gesiic-sorbonne.fr\/?page_id=611#webpage\",\"url\":\"https:\/\/gesiic-sorbonne.fr\/?page_id=611\",\"name\":\"PR\\u00c9SENTATION - Gestion et Strat\\u00e9gie de l&#039;Investissement Immobilier et de la Construction\",\"isPartOf\":{\"@id\":\"https:\/\/gesiic-sorbonne.fr\/#website\"},\"primaryImageOfPage\":{\"@id\":\"https:\/\/gesiic-sorbonne.fr\/?page_id=611#primaryimage\"},\"datePublished\":\"2020-11-29T14:34:43+00:00\",\"dateModified\":\"2026-03-14T00:51:09+00:00\",\"description\":\"Gestion et Strat\\u00e9gie de l&#039;Investissement Immobilier et de la Construction -\",\"breadcrumb\":{\"@id\":\"https:\/\/gesiic-sorbonne.fr\/?page_id=611#breadcrumb\"},\"inLanguage\":\"fr-FR\",\"potentialAction\":[{\"@type\":\"ReadAction\",\"target\":[\"https:\/\/gesiic-sorbonne.fr\/?page_id=611\"]}]},{\"@type\":\"BreadcrumbList\",\"@id\":\"https:\/\/gesiic-sorbonne.fr\/?page_id=611#breadcrumb\",\"itemListElement\":[{\"@type\":\"ListItem\",\"position\":1,\"item\":{\"@type\":\"WebPage\",\"@id\":\"https:\/\/gesiic-sorbonne.fr\/\",\"url\":\"https:\/\/gesiic-sorbonne.fr\/\",\"name\":\"Accueil\"}},{\"@type\":\"ListItem\",\"position\":2,\"item\":{\"@type\":\"WebPage\",\"@id\":\"https:\/\/gesiic-sorbonne.fr\/?page_id=611\",\"url\":\"https:\/\/gesiic-sorbonne.fr\/?page_id=611\",\"name\":\"PR\\u00c9SENTATION\"}}]}]}<\/script>\n<!-- \/ Yoast SEO plugin. -->","_links":{"self":[{"href":"https:\/\/gesiic-sorbonne.fr\/index.php?rest_route=\/wp\/v2\/pages\/611","targetHints":{"allow":["GET"]}}],"collection":[{"href":"https:\/\/gesiic-sorbonne.fr\/index.php?rest_route=\/wp\/v2\/pages"}],"about":[{"href":"https:\/\/gesiic-sorbonne.fr\/index.php?rest_route=\/wp\/v2\/types\/page"}],"author":[{"embeddable":true,"href":"https:\/\/gesiic-sorbonne.fr\/index.php?rest_route=\/wp\/v2\/users\/13"}],"replies":[{"embeddable":true,"href":"https:\/\/gesiic-sorbonne.fr\/index.php?rest_route=%2Fwp%2Fv2%2Fcomments&post=611"}],"version-history":[{"count":107,"href":"https:\/\/gesiic-sorbonne.fr\/index.php?rest_route=\/wp\/v2\/pages\/611\/revisions"}],"predecessor-version":[{"id":4133,"href":"https:\/\/gesiic-sorbonne.fr\/index.php?rest_route=\/wp\/v2\/pages\/611\/revisions\/4133"}],"wp:attachment":[{"href":"https:\/\/gesiic-sorbonne.fr\/index.php?rest_route=%2Fwp%2Fv2%2Fmedia&parent=611"}],"curies":[{"name":"wp","href":"https:\/\/api.w.org\/{rel}","templated":true}]}}