{"id":3701,"date":"2024-11-24T18:29:10","date_gmt":"2024-11-24T17:29:10","guid":{"rendered":"https:\/\/gesiic-sorbonne.fr\/?page_id=3701"},"modified":"2026-01-27T22:20:14","modified_gmt":"2026-01-27T21:20:14","slug":"master-1-gesiic","status":"publish","type":"page","link":"https:\/\/gesiic-sorbonne.fr\/?page_id=3701","title":{"rendered":"MASTER 1 GESIIC"},"content":{"rendered":"\n<p>A partir de septembre 2025, le master 1 GESIIC sera officiellement le parcours GESIIC de la mention \u00ab\u00a0Management Sectoriel\u00a0\u00bb (et non plus \u00ab\u00a0Management Strat\u00e9gique\u00a0\u00bb). A cette occasion, il va subir trois transformations importantes : <\/p>\n\n\n\n<ul class=\"wp-block-list\">\n<li>une formation <strong>d\u00e9di\u00e9e au management immobilier<\/strong> : tous les cours du M1 GESIIC portent d\u00e9sormais sur le management immobilier. <\/li>\n\n\n\n<li>une formation <strong>en petite promotion<\/strong> : les cours sont destin\u00e9s aux seuls \u00e9tudiants du M1 GESIIC, ce qui repr\u00e9sente une vingtaine d&rsquo;\u00e9tudiants (\u00e0 l&rsquo;exception de deux cours mutualis\u00e9s). <\/li>\n\n\n\n<li>une formation <strong>en alternance<\/strong> : les \u00e9tudiants pourront d\u00e9sormais d\u00e8s le M1 signer un contrat de professionnalisation de deux ans avec des entreprises de l&rsquo;immobilier. Le rythme des cours est adapt\u00e9 \u00e0 l&rsquo;alternance (temps \u00e0 l&rsquo;universite et temps en entreprise). <\/li>\n<\/ul>\n\n\n\n<p>Ces trois \u00e9volutions consacrent le GESIIC comme un <strong>master de management immobilier en 2 ans professionnalisant<\/strong>.<\/p>\n\n\n\n<figure class=\"wp-block-embed is-type-video is-provider-youtube wp-block-embed-youtube wp-embed-aspect-16-9 wp-has-aspect-ratio\"><div class=\"wp-block-embed__wrapper\">\n<iframe loading=\"lazy\" title=\"Interview Radio Immo du directeur du Master GESIIC (Guillaume Chanson) lors du MAPIC 2024\" width=\"750\" height=\"422\" src=\"https:\/\/www.youtube.com\/embed\/abiHc61s_Vs?feature=oembed\" frameborder=\"0\" allow=\"accelerometer; autoplay; clipboard-write; encrypted-media; gyroscope; picture-in-picture; web-share\" referrerpolicy=\"strict-origin-when-cross-origin\" allowfullscreen><\/iframe>\n<\/div><\/figure>\n\n\n\n<h3 class=\"wp-block-heading\">LES MATI\u00c8RES en M1 GESIIC<\/h3>\n\n\n\n<p>La formation est assur\u00e9e par des enseignants-chercheurs (professeurs et ma\u00eetres de conf\u00e9rences) et des professionnels dont l\u2019expertise est reconnue au niveau national et international. Elle s\u2019articule autour des cinq modules suivants :<\/p>\n\n\n\n<div class=\"wp-block-columns is-layout-flex wp-container-core-columns-is-layout-9d6595d7 wp-block-columns-is-layout-flex\">\n<div class=\"wp-block-column is-layout-flow wp-block-column-is-layout-flow\">\n<h4 class=\"wp-block-heading\">Strat\u00e9gie immobili\u00e8re<\/h4>\n\n\n\n<ul class=\"wp-block-list\">\n<li>Strat\u00e9gie d\u2019entreprise<\/li>\n\n\n\n<li>Business models pour l\u2019immobilier<\/li>\n\n\n\n<li>Innovation dans l\u2019immobilier<\/li>\n\n\n\n<li>Cr\u00e9ation de valeur immobili\u00e8re<\/li>\n\n\n\n<li>Economie immobili\u00e8re<\/li>\n<\/ul>\n\n\n\n<h4 class=\"wp-block-heading\">R\u00e8gles et normes immobili\u00e8res<\/h4>\n\n\n\n<ul class=\"wp-block-list\">\n<li>Droit de la n\u00e9gociation immobili\u00e8re<\/li>\n\n\n\n<li>R\u00e8gles de concurrence et immobilier<\/li>\n<\/ul>\n<\/div>\n\n\n\n<div class=\"wp-block-column is-layout-flow wp-block-column-is-layout-flow\">\n<h4 class=\"wp-block-heading\">Gestion appliqu\u00e9e \u00e0 l\u2019immobilier<\/h4>\n\n\n\n<ul class=\"wp-block-list\">\n<li>Transaction immobili\u00e8re<\/li>\n\n\n\n<li>Financement de projets d\u2019infrastructure<\/li>\n\n\n\n<li>Marketing immobilier<\/li>\n\n\n\n<li>Finance de march\u00e9 et immobilier<\/li>\n<\/ul>\n<\/div>\n\n\n\n<div class=\"wp-block-column is-layout-flow wp-block-column-is-layout-flow\">\n<h4 class=\"wp-block-heading\">Mise en perspective<\/h4>\n\n\n\n<ul class=\"wp-block-list\">\n<li>Recherche en Management<\/li>\n\n\n\n<li>Grands enjeux du management<\/li>\n\n\n\n<li>Outils, IA et management<\/li>\n<\/ul>\n\n\n\n<p><\/p>\n\n\n\n<h4 class=\"wp-block-heading\">Mise en situation<\/h4>\n\n\n\n<ul class=\"wp-block-list\">\n<li>Conduite d&rsquo;un projet r\u00e9el <\/li>\n\n\n\n<li>Comit\u00e9 d&rsquo;engagement,<\/li>\n\n\n\n<li>Professionnalisation<\/li>\n<\/ul>\n<\/div>\n<\/div>\n\n\n<div class=\"wp-block-image\">\n<figure class=\"aligncenter size-full\"><img loading=\"lazy\" decoding=\"async\" width=\"800\" height=\"532\" src=\"https:\/\/gesiic-sorbonne.fr\/wp-content\/uploads\/2024\/11\/M1GESIIC.jpg\" alt=\"\" class=\"wp-image-3702\" srcset=\"https:\/\/gesiic-sorbonne.fr\/wp-content\/uploads\/2024\/11\/M1GESIIC.jpg 800w, https:\/\/gesiic-sorbonne.fr\/wp-content\/uploads\/2024\/11\/M1GESIIC-300x200.jpg 300w, https:\/\/gesiic-sorbonne.fr\/wp-content\/uploads\/2024\/11\/M1GESIIC-768x511.jpg 768w, https:\/\/gesiic-sorbonne.fr\/wp-content\/uploads\/2024\/11\/M1GESIIC-370x247.jpg 370w\" sizes=\"auto, (max-width: 800px) 100vw, 800px\" \/><figcaption class=\"wp-element-caption\"><em>Les \u00e9tudiant.e.s du M1 GESIIC dans la cour de la Sorbonne<\/em><\/figcaption><\/figure>\n<\/div>\n\n\n<hr class=\"wp-block-separator has-alpha-channel-opacity\"\/>\n\n\n\n<h3 class=\"wp-block-heading\">CHOIX P\u00c9DAGOGIQUES<\/h3>\n\n\n\n<p>Le master GESIIC se positionne comme un master professionnalisant. En compl\u00e9ment des \u00ab\u00a0cours\u00a0\u00bb list\u00e9s ci-dessous, il s&rsquo;attache \u00e0 former les futurs cadres de l&rsquo;industrie immobili\u00e8re \u00e0 travers une approche \u00ab\u00a0projet r\u00e9aliste\u00a0\u00bb :<\/p>\n\n\n\n<ul class=\"wp-block-list\">\n<li>Comit\u00e9 d&rsquo;engagement : inspir\u00e9 des <em><a href=\"https:\/\/gesiic-sorbonne.fr\/?page_id=2462\" target=\"_blank\" rel=\"noreferrer noopener\"><mark style=\"background-color:rgba(0, 0, 0, 0)\" class=\"has-inline-color has-vivid-cyan-blue-color\">Shadow comex<\/mark><\/a><\/em> du M2 GESIIC (qui connaissent un grand succ\u00e8s), le comit\u00e9 d&rsquo;engagement est un exercice p\u00e9dagogique propre au M1 GESIIC. Sur l&rsquo;ann\u00e9e, les \u00e9tudiants (par groupe) doivent construire et pr\u00e9senter un projet immobilier devant un comit\u00e9 d\u2019engagement (fictif). Pour que la mise en situation soit (quasi-)parfaite, les \u00e9tudiants pr\u00e9sentent dans la salle o\u00f9 se tient le comit\u00e9 d&rsquo;engagement des Nouveaux Constructeurs devant des professionnels qui en sont membres.<\/li>\n\n\n\n<li>Projet GESIIC : chaque \u00e9tudiant, en bin\u00f4me, va r\u00e9aliser durant l&rsquo;ann\u00e9e un projet de l&rsquo;id\u00e9e jusqu&rsquo;\u00e0 la cl\u00f4ture.<\/li>\n<\/ul>\n\n\n<div class=\"wp-block-image\">\n<figure class=\"aligncenter size-full\"><img loading=\"lazy\" decoding=\"async\" width=\"756\" height=\"307\" src=\"https:\/\/gesiic-sorbonne.fr\/wp-content\/uploads\/2026\/01\/Comitedengagement2025.jpg\" alt=\"\" class=\"wp-image-4083\" srcset=\"https:\/\/gesiic-sorbonne.fr\/wp-content\/uploads\/2026\/01\/Comitedengagement2025.jpg 756w, https:\/\/gesiic-sorbonne.fr\/wp-content\/uploads\/2026\/01\/Comitedengagement2025-300x122.jpg 300w\" sizes=\"auto, (max-width: 756px) 100vw, 756px\" \/><figcaption class=\"wp-element-caption\"><em>Responsables D\u00e9veloppement et RH des Nouveaux constructeurs devant les \u00e9tudiants du M1 GESIIC en Sorbonne (2025).<\/em><\/figcaption><\/figure>\n<\/div>\n\n\n<hr class=\"wp-block-separator has-alpha-channel-opacity\"\/>\n\n\n\n<h3 class=\"wp-block-heading\">DEBOUCHES<\/h3>\n\n\n\n<div class=\"wp-block-group\"><div class=\"wp-block-group__inner-container is-layout-constrained wp-block-group-is-layout-constrained\">\n<p>En validant le Master 1 GESIIC, les \u00e9tudiants peuvent rejoindre (de droit) le Master 2 GESIIC (dans l&rsquo;un de ses 2 parcours <a href=\"https:\/\/gesiic-sorbonne.fr\/?page_id=3033\" target=\"_blank\" rel=\"noreferrer noopener\"><mark style=\"background-color:rgba(0, 0, 0, 0)\" class=\"has-inline-color has-vivid-cyan-blue-color\">Red<\/mark><\/a> ou <a href=\"https:\/\/gesiic-sorbonne.fr\/?page_id=3016\" target=\"_blank\" rel=\"noreferrer noopener\"><mark style=\"background-color:rgba(0, 0, 0, 0)\" class=\"has-inline-color has-vivid-cyan-blue-color\">Reim<\/mark><\/a>).<\/p>\n<\/div><\/div>\n\n\n\n<p>Chacun de ces parcours est sp\u00e9cialis\u00e9 sur diff\u00e9rents m\u00e9tiers de l&rsquo;immobilier :<\/p>\n\n\n\n<figure class=\"wp-block-table\"><table class=\"has-fixed-layout\"><tbody><tr><td class=\"has-text-align-center\" data-align=\"center\"><a href=\"https:\/\/gesiic-sorbonne.fr\/?page_id=3033\" target=\"_blank\" rel=\"noreferrer noopener\"><img loading=\"lazy\" decoding=\"async\" width=\"200\" height=\"200\" class=\"wp-image-3001\" style=\"width: 200px;\" src=\"https:\/\/gesiic-sorbonne.fr\/wp-content\/uploads\/2023\/02\/Cadre-RED.gif\" alt=\"\"><\/a><\/td><td class=\"has-text-align-center\" data-align=\"center\"><strong>Asset management immobilier<\/strong><br><strong>Conseil immobilier<br>Direction immobili\u00e8re<\/strong><br><strong>Expertise immobili\u00e8re<\/strong><br><strong>Investissement immobilier<\/strong><br><strong>Promotion immobili\u00e8re<\/strong><\/td><td class=\"has-text-align-center\" data-align=\"center\"><a href=\"https:\/\/gesiic-sorbonne.fr\/?page_id=3016\" target=\"_blank\" rel=\"noreferrer noopener\"><img loading=\"lazy\" decoding=\"async\" width=\"200\" height=\"200\" class=\"wp-image-3004\" style=\"width: 200px;\" src=\"https:\/\/gesiic-sorbonne.fr\/wp-content\/uploads\/2023\/02\/Cadre-REIM.gif\" alt=\"\"><\/a><\/td><\/tr><\/tbody><\/table><\/figure>\n\n\n\n<hr class=\"wp-block-separator has-alpha-channel-opacity\"\/>\n\n\n\n<h3 class=\"wp-block-heading\">RAYONNEMENT<\/h3>\n\n\n\n<div class=\"wp-block-group\"><div class=\"wp-block-group__inner-container is-layout-constrained wp-block-group-is-layout-constrained\">\n<div class=\"wp-block-media-text is-stacked-on-mobile\" style=\"grid-template-columns:25% auto\"><figure class=\"wp-block-media-text__media\"><img loading=\"lazy\" decoding=\"async\" width=\"600\" height=\"472\" src=\"https:\/\/gesiic-sorbonne.fr\/wp-content\/uploads\/2024\/09\/LOGO-TP-2024_avec_date_V1.png\" alt=\"\" class=\"wp-image-3643 size-full\" srcset=\"https:\/\/gesiic-sorbonne.fr\/wp-content\/uploads\/2024\/09\/LOGO-TP-2024_avec_date_V1.png 600w, https:\/\/gesiic-sorbonne.fr\/wp-content\/uploads\/2024\/09\/LOGO-TP-2024_avec_date_V1-300x236.png 300w\" sizes=\"auto, (max-width: 600px) 100vw, 600px\" \/><\/figure><div class=\"wp-block-media-text__content\">\n<p>Le master GESIIC est class\u00e9 meilleur master en immobilier (management et droit) de France (Eduniversal 2023,24).<\/p>\n<\/div><\/div>\n\n\n\n<div class=\"wp-block-media-text has-media-on-the-right is-stacked-on-mobile\" style=\"grid-template-columns:auto 20%\"><div class=\"wp-block-media-text__content\">\n<p>Le master GESIIC est <a href=\"https:\/\/gesiic-sorbonne.fr\/?page_id=1743\" target=\"_blank\" rel=\"noreferrer noopener\"><mark style=\"background-color:rgba(0, 0, 0, 0)\" class=\"has-inline-color has-vivid-cyan-blue-color\">accr\u00e9dit\u00e9 par Royal Institution of Chartered Surveyors<\/mark><\/a> (RICS), la plus importante organisationnelle professionnelle de l&rsquo;immobilier au monde.<\/p>\n<\/div><figure class=\"wp-block-media-text__media\"><img loading=\"lazy\" decoding=\"async\" width=\"248\" height=\"247\" src=\"https:\/\/gesiic-sorbonne.fr\/wp-content\/uploads\/2021\/01\/csm_RICS-__-R-AccreditedCourse-Logo_f1d785f4e5.jpg\" alt=\"\" class=\"wp-image-1147 size-full\" srcset=\"https:\/\/gesiic-sorbonne.fr\/wp-content\/uploads\/2021\/01\/csm_RICS-__-R-AccreditedCourse-Logo_f1d785f4e5.jpg 248w, https:\/\/gesiic-sorbonne.fr\/wp-content\/uploads\/2021\/01\/csm_RICS-__-R-AccreditedCourse-Logo_f1d785f4e5-150x150.jpg 150w, https:\/\/gesiic-sorbonne.fr\/wp-content\/uploads\/2021\/01\/csm_RICS-__-R-AccreditedCourse-Logo_f1d785f4e5-70x70.jpg 70w, https:\/\/gesiic-sorbonne.fr\/wp-content\/uploads\/2021\/01\/csm_RICS-__-R-AccreditedCourse-Logo_f1d785f4e5-246x246.jpg 246w, https:\/\/gesiic-sorbonne.fr\/wp-content\/uploads\/2021\/01\/csm_RICS-__-R-AccreditedCourse-Logo_f1d785f4e5-125x125.jpg 125w\" sizes=\"auto, (max-width: 248px) 100vw, 248px\" \/><\/figure><\/div>\n\n\n\n<p>Le master GESIIC a d\u00e9velopp\u00e9 de <a href=\"https:\/\/gesiic-sorbonne.fr\/?page_id=648\" target=\"_blank\" rel=\"noreferrer noopener\"><mark style=\"background-color:rgba(0, 0, 0, 0)\" class=\"has-inline-color has-vivid-cyan-blue-color\">nombreux partenariats<\/mark><\/a> avec les acteurs de l&rsquo;immobilier :<\/p>\n<\/div><\/div>\n\n\n\n<figure class=\"wp-block-gallery has-nested-images columns-default is-cropped wp-block-gallery-1 is-layout-flex wp-block-gallery-is-layout-flex\">\n<figure class=\"wp-block-image size-large\"><img loading=\"lazy\" decoding=\"async\" width=\"400\" height=\"400\" data-id=\"3703\" src=\"https:\/\/gesiic-sorbonne.fr\/wp-content\/uploads\/2024\/11\/Logo-ASPIM400x400.jpg\" alt=\"\" class=\"wp-image-3703\" srcset=\"https:\/\/gesiic-sorbonne.fr\/wp-content\/uploads\/2024\/11\/Logo-ASPIM400x400.jpg 400w, https:\/\/gesiic-sorbonne.fr\/wp-content\/uploads\/2024\/11\/Logo-ASPIM400x400-300x300.jpg 300w, https:\/\/gesiic-sorbonne.fr\/wp-content\/uploads\/2024\/11\/Logo-ASPIM400x400-150x150.jpg 150w, https:\/\/gesiic-sorbonne.fr\/wp-content\/uploads\/2024\/11\/Logo-ASPIM400x400-250x250.jpg 250w, https:\/\/gesiic-sorbonne.fr\/wp-content\/uploads\/2024\/11\/Logo-ASPIM400x400-70x70.jpg 70w, https:\/\/gesiic-sorbonne.fr\/wp-content\/uploads\/2024\/11\/Logo-ASPIM400x400-246x246.jpg 246w, https:\/\/gesiic-sorbonne.fr\/wp-content\/uploads\/2024\/11\/Logo-ASPIM400x400-276x276.jpg 276w, https:\/\/gesiic-sorbonne.fr\/wp-content\/uploads\/2024\/11\/Logo-ASPIM400x400-125x125.jpg 125w\" sizes=\"auto, (max-width: 400px) 100vw, 400px\" \/><\/figure>\n\n\n\n<figure class=\"wp-block-image size-large\"><img loading=\"lazy\" decoding=\"async\" width=\"1024\" height=\"830\" data-id=\"3634\" src=\"https:\/\/gesiic-sorbonne.fr\/wp-content\/uploads\/2024\/09\/ADI-LogotypeSans-RVB-1024x830.png\" alt=\"\" class=\"wp-image-3634\" srcset=\"https:\/\/gesiic-sorbonne.fr\/wp-content\/uploads\/2024\/09\/ADI-LogotypeSans-RVB-1024x830.png 1024w, https:\/\/gesiic-sorbonne.fr\/wp-content\/uploads\/2024\/09\/ADI-LogotypeSans-RVB-300x243.png 300w, https:\/\/gesiic-sorbonne.fr\/wp-content\/uploads\/2024\/09\/ADI-LogotypeSans-RVB-768x623.png 768w, https:\/\/gesiic-sorbonne.fr\/wp-content\/uploads\/2024\/09\/ADI-LogotypeSans-RVB-1536x1245.png 1536w, https:\/\/gesiic-sorbonne.fr\/wp-content\/uploads\/2024\/09\/ADI-LogotypeSans-RVB.png 1787w\" sizes=\"auto, (max-width: 1024px) 100vw, 1024px\" \/><\/figure>\n\n\n\n<figure class=\"wp-block-image size-large\"><img loading=\"lazy\" decoding=\"async\" width=\"512\" height=\"301\" data-id=\"2390\" src=\"https:\/\/gesiic-sorbonne.fr\/wp-content\/uploads\/2021\/10\/fpi-logo.png\" alt=\"\" class=\"wp-image-2390\" srcset=\"https:\/\/gesiic-sorbonne.fr\/wp-content\/uploads\/2021\/10\/fpi-logo.png 512w, https:\/\/gesiic-sorbonne.fr\/wp-content\/uploads\/2021\/10\/fpi-logo-300x176.png 300w\" sizes=\"auto, (max-width: 512px) 100vw, 512px\" \/><\/figure>\n<\/figure>\n\n\n\n<hr class=\"wp-block-separator has-alpha-channel-opacity\"\/>\n\n\n\n<hr class=\"wp-block-separator has-alpha-channel-opacity\"\/>\n\n\n\n<div class=\"wp-block-buttons is-layout-flex wp-block-buttons-is-layout-flex\">\n<div class=\"wp-block-button is-style-outline is-style-outline--2\"><a class=\"wp-block-button__link wp-element-button\" href=\"https:\/\/gesiic-sorbonne.fr\/?page_id=879\" style=\"border-radius:6px\" target=\"_blank\" rel=\"noreferrer noopener\"><mark style=\"background-color:rgba(0, 0, 0, 0)\" class=\"has-inline-color has-vivid-cyan-blue-color\">MODALITES DE CANDIDATURE EN MASTER I<\/mark><\/a><\/div>\n\n\n\n<div class=\"wp-block-button is-style-outline is-style-outline--3\"><a class=\"wp-block-button__link wp-element-button\" href=\"https:\/\/gesiic-sorbonne.fr\/?page_id=633\" style=\"border-radius:6px\"><mark style=\"background-color:rgba(0, 0, 0, 0)\" class=\"has-inline-color has-vivid-cyan-blue-color\">EV\u00c8NEMENTS<\/mark><\/a><\/div>\n<\/div>\n\n\n\n<p><em>Pour une pr\u00e9sentation des derniers changements <em> dans le master GESIIC<\/em><\/em> (<em>d\u00e9doublement&#8230;), cf. <a href=\"https:\/\/gesiic-sorbonne.fr\/?page_id=2997\"><mark style=\"background-color:rgba(0, 0, 0, 0)\" class=\"has-inline-color has-vivid-cyan-blue-color\">la page consacr\u00e9e au nouveau master GESIIC<\/mark><\/a>.<\/em><\/p>\n\n\n\n<hr class=\"wp-block-separator has-css-opacity\"\/>\n\n\n\n<p><\/p>\n","protected":false},"excerpt":{"rendered":"<p>A partir de septembre 2025, le master 1 GESIIC sera officiellement le parcours GESIIC de la mention \u00ab\u00a0Management Sectoriel\u00a0\u00bb (et &hellip; <\/p>\n","protected":false},"author":4,"featured_media":0,"parent":611,"menu_order":0,"comment_status":"closed","ping_status":"closed","template":"","meta":{"_cbd_carousel_blocks":"[]","_monsterinsights_skip_tracking":false,"_monsterinsights_sitenote_active":false,"_monsterinsights_sitenote_note":"","_monsterinsights_sitenote_category":0,"footnotes":""},"class_list":["post-3701","page","type-page","status-publish","hentry"],"yoast_head":"<!-- This site is optimized with the Yoast SEO plugin v16.1.1 - https:\/\/yoast.com\/wordpress\/plugins\/seo\/ -->\n<title>MASTER 1 GESIIC - Gestion et Strat\u00e9gie de l&#039;Investissement Immobilier et de la Construction<\/title>\n<link rel=\"canonical\" href=\"https:\/\/gesiic-sorbonne.fr\/?page_id=3701\" \/>\n<meta property=\"og:locale\" content=\"fr_FR\" \/>\n<meta property=\"og:type\" content=\"article\" \/>\n<meta property=\"og:title\" content=\"MASTER 1 GESIIC - Gestion et Strat\u00e9gie de l&#039;Investissement Immobilier et de la Construction\" \/>\n<meta property=\"og:description\" content=\"A partir de septembre 2025, le master 1 GESIIC sera officiellement le parcours GESIIC de la mention \u00ab\u00a0Management Sectoriel\u00a0\u00bb (et &hellip;\" \/>\n<meta property=\"og:url\" content=\"https:\/\/gesiic-sorbonne.fr\/?page_id=3701\" \/>\n<meta property=\"og:site_name\" content=\"Gestion et Strat\u00e9gie de l&#039;Investissement Immobilier et de la Construction\" \/>\n<meta property=\"article:modified_time\" content=\"2026-01-27T21:20:14+00:00\" \/>\n<meta property=\"og:image\" content=\"https:\/\/gesiic-sorbonne.fr\/wp-content\/uploads\/2024\/11\/M1GESIIC.jpg\" \/>\n<meta name=\"twitter:card\" content=\"summary_large_image\" \/>\n<meta name=\"twitter:site\" content=\"@gesiic_sorbonne\" \/>\n<meta name=\"twitter:label1\" content=\"Dur\u00e9e de lecture est.\">\n\t<meta name=\"twitter:data1\" content=\"4 minutes\">\n<script type=\"application\/ld+json\" class=\"yoast-schema-graph\">{\"@context\":\"https:\/\/schema.org\",\"@graph\":[{\"@type\":\"Organization\",\"@id\":\"https:\/\/gesiic-sorbonne.fr\/#organization\",\"name\":\"Master GESIIC de l'universit\\u00e9 Paris I\",\"url\":\"https:\/\/gesiic-sorbonne.fr\/\",\"sameAs\":[\"https:\/\/www.instagram.com\/master2gesiic\/?hl=en\",\"https:\/\/www.linkedin.com\/company\/m2-gesiic\/\",\"https:\/\/twitter.com\/gesiic_sorbonne\"],\"logo\":{\"@type\":\"ImageObject\",\"@id\":\"https:\/\/gesiic-sorbonne.fr\/#logo\",\"inLanguage\":\"fr-FR\",\"url\":\"https:\/\/gesiic-sorbonne.fr\/wp-content\/uploads\/2020\/12\/logo-master-1.png\",\"contentUrl\":\"https:\/\/gesiic-sorbonne.fr\/wp-content\/uploads\/2020\/12\/logo-master-1.png\",\"width\":318,\"height\":226,\"caption\":\"Master GESIIC de l'universit\\u00e9 Paris I\"},\"image\":{\"@id\":\"https:\/\/gesiic-sorbonne.fr\/#logo\"}},{\"@type\":\"WebSite\",\"@id\":\"https:\/\/gesiic-sorbonne.fr\/#website\",\"url\":\"https:\/\/gesiic-sorbonne.fr\/\",\"name\":\"Gestion et Strat\\u00e9gie de l'Investissement Immobilier et de la Construction\",\"description\":\"Nous formons les promoteurs et investisseurs immobiliers de demain qui fa\\u00e7onneront les villes d&#039;apr\\u00e8s-demain\",\"publisher\":{\"@id\":\"https:\/\/gesiic-sorbonne.fr\/#organization\"},\"potentialAction\":[{\"@type\":\"SearchAction\",\"target\":\"https:\/\/gesiic-sorbonne.fr\/?s={search_term_string}\",\"query-input\":\"required name=search_term_string\"}],\"inLanguage\":\"fr-FR\"},{\"@type\":\"ImageObject\",\"@id\":\"https:\/\/gesiic-sorbonne.fr\/?page_id=3701#primaryimage\",\"inLanguage\":\"fr-FR\",\"url\":\"https:\/\/gesiic-sorbonne.fr\/wp-content\/uploads\/2024\/11\/M1GESIIC.jpg\",\"contentUrl\":\"https:\/\/gesiic-sorbonne.fr\/wp-content\/uploads\/2024\/11\/M1GESIIC.jpg\",\"width\":800,\"height\":532},{\"@type\":\"WebPage\",\"@id\":\"https:\/\/gesiic-sorbonne.fr\/?page_id=3701#webpage\",\"url\":\"https:\/\/gesiic-sorbonne.fr\/?page_id=3701\",\"name\":\"MASTER 1 GESIIC - Gestion et Strat\\u00e9gie de l&#039;Investissement Immobilier et de la Construction\",\"isPartOf\":{\"@id\":\"https:\/\/gesiic-sorbonne.fr\/#website\"},\"primaryImageOfPage\":{\"@id\":\"https:\/\/gesiic-sorbonne.fr\/?page_id=3701#primaryimage\"},\"datePublished\":\"2024-11-24T17:29:10+00:00\",\"dateModified\":\"2026-01-27T21:20:14+00:00\",\"breadcrumb\":{\"@id\":\"https:\/\/gesiic-sorbonne.fr\/?page_id=3701#breadcrumb\"},\"inLanguage\":\"fr-FR\",\"potentialAction\":[{\"@type\":\"ReadAction\",\"target\":[\"https:\/\/gesiic-sorbonne.fr\/?page_id=3701\"]}]},{\"@type\":\"BreadcrumbList\",\"@id\":\"https:\/\/gesiic-sorbonne.fr\/?page_id=3701#breadcrumb\",\"itemListElement\":[{\"@type\":\"ListItem\",\"position\":1,\"item\":{\"@type\":\"WebPage\",\"@id\":\"https:\/\/gesiic-sorbonne.fr\/\",\"url\":\"https:\/\/gesiic-sorbonne.fr\/\",\"name\":\"Accueil\"}},{\"@type\":\"ListItem\",\"position\":2,\"item\":{\"@type\":\"WebPage\",\"@id\":\"https:\/\/gesiic-sorbonne.fr\/?page_id=611\",\"url\":\"https:\/\/gesiic-sorbonne.fr\/?page_id=611\",\"name\":\"PR\\u00c9SENTATION\"}},{\"@type\":\"ListItem\",\"position\":3,\"item\":{\"@type\":\"WebPage\",\"@id\":\"https:\/\/gesiic-sorbonne.fr\/?page_id=3701\",\"url\":\"https:\/\/gesiic-sorbonne.fr\/?page_id=3701\",\"name\":\"MASTER 1 GESIIC\"}}]}]}<\/script>\n<!-- \/ Yoast SEO plugin. -->","_links":{"self":[{"href":"https:\/\/gesiic-sorbonne.fr\/index.php?rest_route=\/wp\/v2\/pages\/3701","targetHints":{"allow":["GET"]}}],"collection":[{"href":"https:\/\/gesiic-sorbonne.fr\/index.php?rest_route=\/wp\/v2\/pages"}],"about":[{"href":"https:\/\/gesiic-sorbonne.fr\/index.php?rest_route=\/wp\/v2\/types\/page"}],"author":[{"embeddable":true,"href":"https:\/\/gesiic-sorbonne.fr\/index.php?rest_route=\/wp\/v2\/users\/4"}],"replies":[{"embeddable":true,"href":"https:\/\/gesiic-sorbonne.fr\/index.php?rest_route=%2Fwp%2Fv2%2Fcomments&post=3701"}],"version-history":[{"count":7,"href":"https:\/\/gesiic-sorbonne.fr\/index.php?rest_route=\/wp\/v2\/pages\/3701\/revisions"}],"predecessor-version":[{"id":4084,"href":"https:\/\/gesiic-sorbonne.fr\/index.php?rest_route=\/wp\/v2\/pages\/3701\/revisions\/4084"}],"up":[{"embeddable":true,"href":"https:\/\/gesiic-sorbonne.fr\/index.php?rest_route=\/wp\/v2\/pages\/611"}],"wp:attachment":[{"href":"https:\/\/gesiic-sorbonne.fr\/index.php?rest_route=%2Fwp%2Fv2%2Fmedia&parent=3701"}],"curies":[{"name":"wp","href":"https:\/\/api.w.org\/{rel}","templated":true}]}}