{"id":3555,"date":"2024-06-03T19:23:52","date_gmt":"2024-06-03T17:23:52","guid":{"rendered":"https:\/\/gesiic-sorbonne.fr\/?page_id=3555"},"modified":"2024-06-03T19:23:52","modified_gmt":"2024-06-03T17:23:52","slug":"jobdating-2024","status":"publish","type":"page","link":"https:\/\/gesiic-sorbonne.fr\/?page_id=3555","title":{"rendered":"Jobdating 2024"},"content":{"rendered":"\n<p>Le master GESIIC organisait le 28 mai 2024 la 8\u00e8me \u00e9dition de son jobdating. Les \u00e9tudiants anciens, actuels et futurs (des nouveaux parcours RED et REIM) ont particip\u00e9 aux entretiens de recrutement propos\u00e9s par les nombreuses entreprises pr\u00e9sentes :<\/p>\n\n\n\n<figure class=\"wp-block-table\"><table><tbody><tr><td class=\"has-text-align-center\" data-align=\"center\"><img loading=\"lazy\" decoding=\"async\" width=\"600\" height=\"337\" class=\"wp-image-3556\" style=\"width: 600px;\" src=\"https:\/\/gesiic-sorbonne.fr\/wp-content\/uploads\/2024\/06\/Jobdating2024i1.jpg\" alt=\"\" srcset=\"https:\/\/gesiic-sorbonne.fr\/wp-content\/uploads\/2024\/06\/Jobdating2024i1.jpg 891w, https:\/\/gesiic-sorbonne.fr\/wp-content\/uploads\/2024\/06\/Jobdating2024i1-300x168.jpg 300w, https:\/\/gesiic-sorbonne.fr\/wp-content\/uploads\/2024\/06\/Jobdating2024i1-768x431.jpg 768w\" sizes=\"auto, (max-width: 600px) 100vw, 600px\" \/><\/td><td class=\"has-text-align-center\" data-align=\"center\"><img loading=\"lazy\" decoding=\"async\" width=\"280\" height=\"338\" class=\"wp-image-3558\" style=\"width: 280px;\" src=\"https:\/\/gesiic-sorbonne.fr\/wp-content\/uploads\/2024\/06\/Jobdating2024i3.jpg\" alt=\"\" srcset=\"https:\/\/gesiic-sorbonne.fr\/wp-content\/uploads\/2024\/06\/Jobdating2024i3.jpg 414w, https:\/\/gesiic-sorbonne.fr\/wp-content\/uploads\/2024\/06\/Jobdating2024i3-248x300.jpg 248w\" sizes=\"auto, (max-width: 280px) 100vw, 280px\" \/><\/td><\/tr><tr><td class=\"has-text-align-center\" data-align=\"center\"><img loading=\"lazy\" decoding=\"async\" width=\"600\" height=\"346\" class=\"wp-image-3557\" style=\"width: 600px;\" src=\"https:\/\/gesiic-sorbonne.fr\/wp-content\/uploads\/2024\/06\/Jobdating2024i2.jpg\" alt=\"\" srcset=\"https:\/\/gesiic-sorbonne.fr\/wp-content\/uploads\/2024\/06\/Jobdating2024i2.jpg 867w, https:\/\/gesiic-sorbonne.fr\/wp-content\/uploads\/2024\/06\/Jobdating2024i2-300x173.jpg 300w, https:\/\/gesiic-sorbonne.fr\/wp-content\/uploads\/2024\/06\/Jobdating2024i2-768x443.jpg 768w\" sizes=\"auto, (max-width: 600px) 100vw, 600px\" \/><\/td><td class=\"has-text-align-center\" data-align=\"center\"><img loading=\"lazy\" decoding=\"async\" width=\"350\" height=\"296\" class=\"wp-image-3559\" style=\"width: 350px;\" src=\"https:\/\/gesiic-sorbonne.fr\/wp-content\/uploads\/2024\/06\/Jobdating2024i4.jpg\" alt=\"\" srcset=\"https:\/\/gesiic-sorbonne.fr\/wp-content\/uploads\/2024\/06\/Jobdating2024i4.jpg 591w, https:\/\/gesiic-sorbonne.fr\/wp-content\/uploads\/2024\/06\/Jobdating2024i4-300x254.jpg 300w\" sizes=\"auto, (max-width: 350px) 100vw, 350px\" \/><\/td><\/tr><\/tbody><\/table><\/figure>\n\n\n\n<div class=\"wp-block-columns is-layout-flex wp-container-core-columns-is-layout-9d6595d7 wp-block-columns-is-layout-flex\">\n<div class=\"wp-block-column is-layout-flow wp-block-column-is-layout-flow\" style=\"flex-basis:100%\"><\/div>\n<\/div>\n\n\n\n<p><strong>LES ENTREPRISES RECRUTEUSES<\/strong><\/p>\n\n\n\n<ul class=\"wp-block-list\">\n<li>Altarea<\/li>\n\n\n\n<li>Angeris<\/li>\n\n\n\n<li>Besix<\/li>\n\n\n\n<li>BNP Paribas RE<\/li>\n\n\n\n<li>Bouygues<\/li>\n\n\n\n<li>Cap Synth\u00e8se<\/li>\n\n\n\n<li>CBRE<\/li>\n\n\n\n<li>CDC Habitat<\/li>\n\n\n\n<li>Constructa<\/li>\n\n\n\n<li>Knight Franck<\/li>\n\n\n\n<li>Marignan<\/li>\n\n\n\n<li>Michael Page<\/li>\n\n\n\n<li>Nexity<\/li>\n\n\n\n<li>Oneur<\/li>\n\n\n\n<li>Parella<\/li>\n\n\n\n<li>SCC<\/li>\n\n\n\n<li>Unibail Rodamco<\/li>\n<\/ul>\n\n\n\n<p>Les \u00e9tudiants postulaient pour des emplois en CDI, des contrats de professionnalisation et des stages.<\/p>\n\n\n\n<p>Retour \u00e0 la page <a href=\"https:\/\/gesiic-sorbonne.fr\/?page_id=1138\"><mark style=\"background-color:rgba(0, 0, 0, 0)\" class=\"has-inline-color has-vivid-cyan-blue-color\">Jobdating<\/mark><\/a>.<\/p>\n","protected":false},"excerpt":{"rendered":"<p>Le master GESIIC organisait le 28 mai 2024 la 8\u00e8me \u00e9dition de son jobdating. Les \u00e9tudiants anciens, actuels et futurs &hellip; <\/p>\n","protected":false},"author":4,"featured_media":0,"parent":0,"menu_order":0,"comment_status":"closed","ping_status":"closed","template":"","meta":{"_cbd_carousel_blocks":"[]","_monsterinsights_skip_tracking":false,"_monsterinsights_sitenote_active":false,"_monsterinsights_sitenote_note":"","_monsterinsights_sitenote_category":0,"footnotes":""},"class_list":["post-3555","page","type-page","status-publish","hentry"],"yoast_head":"<!-- This site is optimized with the Yoast SEO plugin v16.1.1 - https:\/\/yoast.com\/wordpress\/plugins\/seo\/ -->\n<title>Jobdating 2024 - Gestion et Strat\u00e9gie de l&#039;Investissement Immobilier et de la Construction<\/title>\n<link rel=\"canonical\" href=\"https:\/\/gesiic-sorbonne.fr\/?page_id=3555\" \/>\n<meta property=\"og:locale\" content=\"fr_FR\" \/>\n<meta property=\"og:type\" content=\"article\" \/>\n<meta property=\"og:title\" content=\"Jobdating 2024 - Gestion et Strat\u00e9gie de l&#039;Investissement Immobilier et de la Construction\" \/>\n<meta property=\"og:description\" content=\"Le master GESIIC organisait le 28 mai 2024 la 8\u00e8me \u00e9dition de son jobdating. Les \u00e9tudiants anciens, actuels et futurs &hellip;\" \/>\n<meta property=\"og:url\" content=\"https:\/\/gesiic-sorbonne.fr\/?page_id=3555\" \/>\n<meta property=\"og:site_name\" content=\"Gestion et Strat\u00e9gie de l&#039;Investissement Immobilier et de la Construction\" \/>\n<meta property=\"og:image\" content=\"https:\/\/gesiic-sorbonne.fr\/wp-content\/uploads\/2024\/06\/Jobdating2024i1.jpg\" \/>\n<meta name=\"twitter:card\" content=\"summary_large_image\" \/>\n<meta name=\"twitter:site\" content=\"@gesiic_sorbonne\" \/>\n<meta name=\"twitter:label1\" content=\"Dur\u00e9e de lecture est.\">\n\t<meta name=\"twitter:data1\" content=\"2 minutes\">\n<script type=\"application\/ld+json\" class=\"yoast-schema-graph\">{\"@context\":\"https:\/\/schema.org\",\"@graph\":[{\"@type\":\"Organization\",\"@id\":\"https:\/\/gesiic-sorbonne.fr\/#organization\",\"name\":\"Master GESIIC de l'universit\\u00e9 Paris I\",\"url\":\"https:\/\/gesiic-sorbonne.fr\/\",\"sameAs\":[\"https:\/\/www.instagram.com\/master2gesiic\/?hl=en\",\"https:\/\/www.linkedin.com\/company\/m2-gesiic\/\",\"https:\/\/twitter.com\/gesiic_sorbonne\"],\"logo\":{\"@type\":\"ImageObject\",\"@id\":\"https:\/\/gesiic-sorbonne.fr\/#logo\",\"inLanguage\":\"fr-FR\",\"url\":\"https:\/\/gesiic-sorbonne.fr\/wp-content\/uploads\/2020\/12\/logo-master-1.png\",\"contentUrl\":\"https:\/\/gesiic-sorbonne.fr\/wp-content\/uploads\/2020\/12\/logo-master-1.png\",\"width\":318,\"height\":226,\"caption\":\"Master GESIIC de l'universit\\u00e9 Paris I\"},\"image\":{\"@id\":\"https:\/\/gesiic-sorbonne.fr\/#logo\"}},{\"@type\":\"WebSite\",\"@id\":\"https:\/\/gesiic-sorbonne.fr\/#website\",\"url\":\"https:\/\/gesiic-sorbonne.fr\/\",\"name\":\"Gestion et Strat\\u00e9gie de l'Investissement Immobilier et de la Construction\",\"description\":\"Nous formons les promoteurs et investisseurs immobiliers de demain qui fa\\u00e7onneront les villes d&#039;apr\\u00e8s-demain\",\"publisher\":{\"@id\":\"https:\/\/gesiic-sorbonne.fr\/#organization\"},\"potentialAction\":[{\"@type\":\"SearchAction\",\"target\":\"https:\/\/gesiic-sorbonne.fr\/?s={search_term_string}\",\"query-input\":\"required name=search_term_string\"}],\"inLanguage\":\"fr-FR\"},{\"@type\":\"ImageObject\",\"@id\":\"https:\/\/gesiic-sorbonne.fr\/?page_id=3555#primaryimage\",\"inLanguage\":\"fr-FR\",\"url\":\"https:\/\/gesiic-sorbonne.fr\/wp-content\/uploads\/2024\/06\/Jobdating2024i1.jpg\",\"contentUrl\":\"https:\/\/gesiic-sorbonne.fr\/wp-content\/uploads\/2024\/06\/Jobdating2024i1.jpg\",\"width\":891,\"height\":500},{\"@type\":\"WebPage\",\"@id\":\"https:\/\/gesiic-sorbonne.fr\/?page_id=3555#webpage\",\"url\":\"https:\/\/gesiic-sorbonne.fr\/?page_id=3555\",\"name\":\"Jobdating 2024 - Gestion et Strat\\u00e9gie de l&#039;Investissement Immobilier et de la Construction\",\"isPartOf\":{\"@id\":\"https:\/\/gesiic-sorbonne.fr\/#website\"},\"primaryImageOfPage\":{\"@id\":\"https:\/\/gesiic-sorbonne.fr\/?page_id=3555#primaryimage\"},\"datePublished\":\"2024-06-03T17:23:52+00:00\",\"dateModified\":\"2024-06-03T17:23:52+00:00\",\"breadcrumb\":{\"@id\":\"https:\/\/gesiic-sorbonne.fr\/?page_id=3555#breadcrumb\"},\"inLanguage\":\"fr-FR\",\"potentialAction\":[{\"@type\":\"ReadAction\",\"target\":[\"https:\/\/gesiic-sorbonne.fr\/?page_id=3555\"]}]},{\"@type\":\"BreadcrumbList\",\"@id\":\"https:\/\/gesiic-sorbonne.fr\/?page_id=3555#breadcrumb\",\"itemListElement\":[{\"@type\":\"ListItem\",\"position\":1,\"item\":{\"@type\":\"WebPage\",\"@id\":\"https:\/\/gesiic-sorbonne.fr\/\",\"url\":\"https:\/\/gesiic-sorbonne.fr\/\",\"name\":\"Accueil\"}},{\"@type\":\"ListItem\",\"position\":2,\"item\":{\"@type\":\"WebPage\",\"@id\":\"https:\/\/gesiic-sorbonne.fr\/?page_id=3555\",\"url\":\"https:\/\/gesiic-sorbonne.fr\/?page_id=3555\",\"name\":\"Jobdating 2024\"}}]}]}<\/script>\n<!-- \/ Yoast SEO plugin. -->","_links":{"self":[{"href":"https:\/\/gesiic-sorbonne.fr\/index.php?rest_route=\/wp\/v2\/pages\/3555","targetHints":{"allow":["GET"]}}],"collection":[{"href":"https:\/\/gesiic-sorbonne.fr\/index.php?rest_route=\/wp\/v2\/pages"}],"about":[{"href":"https:\/\/gesiic-sorbonne.fr\/index.php?rest_route=\/wp\/v2\/types\/page"}],"author":[{"embeddable":true,"href":"https:\/\/gesiic-sorbonne.fr\/index.php?rest_route=\/wp\/v2\/users\/4"}],"replies":[{"embeddable":true,"href":"https:\/\/gesiic-sorbonne.fr\/index.php?rest_route=%2Fwp%2Fv2%2Fcomments&post=3555"}],"version-history":[{"count":7,"href":"https:\/\/gesiic-sorbonne.fr\/index.php?rest_route=\/wp\/v2\/pages\/3555\/revisions"}],"predecessor-version":[{"id":3566,"href":"https:\/\/gesiic-sorbonne.fr\/index.php?rest_route=\/wp\/v2\/pages\/3555\/revisions\/3566"}],"wp:attachment":[{"href":"https:\/\/gesiic-sorbonne.fr\/index.php?rest_route=%2Fwp%2Fv2%2Fmedia&parent=3555"}],"curies":[{"name":"wp","href":"https:\/\/api.w.org\/{rel}","templated":true}]}}