{"id":3473,"date":"2024-02-26T05:50:15","date_gmt":"2024-02-26T04:50:15","guid":{"rendered":"https:\/\/gesiic-sorbonne.fr\/?page_id=3473"},"modified":"2024-10-23T17:08:02","modified_gmt":"2024-10-23T15:08:02","slug":"associations-professionnelles","status":"publish","type":"page","link":"https:\/\/gesiic-sorbonne.fr\/?page_id=3473","title":{"rendered":"ASSOCIATIONS PROFESSIONNELLES"},"content":{"rendered":"\n<p>Parce que le master GESIIC s&#8217;emploie \u00e0 former les cadres de l&rsquo;industrie immobili\u00e8res de demain, il a su nouer des relations \u00e9troites avec les employeurs (cf. page <a href=\"https:\/\/gesiic-sorbonne.fr\/?page_id=648\" target=\"_blank\" rel=\"noreferrer noopener\"><mark style=\"background-color:rgba(0, 0, 0, 0)\" class=\"has-inline-color has-vivid-cyan-blue-color\">partenariats<\/mark><\/a>) et leurs associations professionnelles. Ces partenariats confirment la reconnaissance de la qualit\u00e9 p\u00e9dagogique du master par les institutions du secteur, mais il permet aussi \u00e0 nos \u00e9tudiants de b\u00e9n\u00e9ficier d&rsquo;un acc\u00e8s privil\u00e9gi\u00e9 \u00e0 ces derni\u00e8res.<\/p>\n\n\n\n<h2 class=\"wp-block-heading\">ASPIM :<\/h2>\n\n\n\n<figure class=\"wp-block-table\"><table><tbody><tr><td class=\"has-text-align-center\" data-align=\"center\"><img loading=\"lazy\" decoding=\"async\" width=\"300\" height=\"195\" class=\"wp-image-3474\" style=\"width: 300px;\" src=\"https:\/\/gesiic-sorbonne.fr\/wp-content\/uploads\/2024\/02\/ASPIM_logo_denominationcomplete_couleur-1.png\" alt=\"\" srcset=\"https:\/\/gesiic-sorbonne.fr\/wp-content\/uploads\/2024\/02\/ASPIM_logo_denominationcomplete_couleur-1.png 2401w, https:\/\/gesiic-sorbonne.fr\/wp-content\/uploads\/2024\/02\/ASPIM_logo_denominationcomplete_couleur-1-300x195.png 300w, https:\/\/gesiic-sorbonne.fr\/wp-content\/uploads\/2024\/02\/ASPIM_logo_denominationcomplete_couleur-1-1024x664.png 1024w, https:\/\/gesiic-sorbonne.fr\/wp-content\/uploads\/2024\/02\/ASPIM_logo_denominationcomplete_couleur-1-768x498.png 768w, https:\/\/gesiic-sorbonne.fr\/wp-content\/uploads\/2024\/02\/ASPIM_logo_denominationcomplete_couleur-1-1536x997.png 1536w, https:\/\/gesiic-sorbonne.fr\/wp-content\/uploads\/2024\/02\/ASPIM_logo_denominationcomplete_couleur-1-2048x1329.png 2048w\" sizes=\"auto, (max-width: 300px) 100vw, 300px\" \/><\/td><td class=\"has-text-align-center\" data-align=\"center\"> <img loading=\"lazy\" decoding=\"async\" width=\"300\" height=\"277\" class=\"wp-image-3475\" style=\"width: 300px;\" src=\"https:\/\/gesiic-sorbonne.fr\/wp-content\/uploads\/2024\/02\/ASPIM.jpg\" alt=\"\" srcset=\"https:\/\/gesiic-sorbonne.fr\/wp-content\/uploads\/2024\/02\/ASPIM.jpg 400w, https:\/\/gesiic-sorbonne.fr\/wp-content\/uploads\/2024\/02\/ASPIM-300x277.jpg 300w\" sizes=\"auto, (max-width: 300px) 100vw, 300px\" \/> <\/td><\/tr><\/tbody><\/table><figcaption class=\"wp-element-caption\">Le master GESIIC-REIM a conclu un partenariat pluriannuel avec l&rsquo;<a href=\"https:\/\/www.aspim.fr\/\" target=\"_blank\" rel=\"noreferrer noopener\"><mark style=\"background-color:rgba(0, 0, 0, 0)\" class=\"has-inline-color has-vivid-cyan-blue-color\"><strong>ASPIM<\/strong><\/mark><\/a> qui permet \u00e0 nos \u00e9tudiants d&rsquo;\u00eatre associ\u00e9s aux travaux de cette association qui repr\u00e9sente les int\u00e9r\u00eats des gestionnaires de fonds d&rsquo;investissement alternatif (FIA) en immobilier (SCPI, OPCI&#8230;).<\/figcaption><\/figure>\n\n\n\n<hr class=\"wp-block-separator has-alpha-channel-opacity\"\/>\n\n\n\n<h2 class=\"wp-block-heading\">FPI :<\/h2>\n\n\n\n<figure class=\"wp-block-table\"><table><tbody><tr><td class=\"has-text-align-center\" data-align=\"center\"><img loading=\"lazy\" decoding=\"async\" width=\"300\" height=\"225\" class=\"wp-image-3514\" style=\"width: 300px;\" src=\"https:\/\/gesiic-sorbonne.fr\/wp-content\/uploads\/2024\/03\/FPI-GESIIC.gif\" alt=\"\"><\/td><td class=\"has-text-align-center\" data-align=\"center\"> <img loading=\"lazy\" decoding=\"async\" width=\"300\" height=\"176\" class=\"wp-image-2390\" style=\"width: 300px;\" src=\"https:\/\/gesiic-sorbonne.fr\/wp-content\/uploads\/2021\/10\/fpi-logo.png\" alt=\"\" srcset=\"https:\/\/gesiic-sorbonne.fr\/wp-content\/uploads\/2021\/10\/fpi-logo.png 512w, https:\/\/gesiic-sorbonne.fr\/wp-content\/uploads\/2021\/10\/fpi-logo-300x176.png 300w\" sizes=\"auto, (max-width: 300px) 100vw, 300px\" \/> <\/td><\/tr><\/tbody><\/table><figcaption class=\"wp-element-caption\">Le master GESIIC-RED a conclu un partenariat pluriannuel avec la <a href=\"https:\/\/fpifrance.fr\/\" target=\"_blank\" rel=\"noreferrer noopener\"><mark style=\"background-color:rgba(0, 0, 0, 0)\" class=\"has-inline-color has-vivid-cyan-blue-color\"><strong>FPI<\/strong><\/mark><\/a> qui permet \u00e0 nos \u00e9tudiants d&rsquo;\u00eatre associ\u00e9s aux travaux de cette association qui repr\u00e9sente les int\u00e9r\u00eats des promoteurs immobiliers.<\/figcaption><\/figure>\n\n\n\n<hr class=\"wp-block-separator has-alpha-channel-opacity\"\/>\n\n\n\n<h2 class=\"wp-block-heading\">ADI :<\/h2>\n\n\n\n<figure class=\"wp-block-table\"><table><tbody><tr><td class=\"has-text-align-center\" data-align=\"center\"><img loading=\"lazy\" decoding=\"async\" width=\"250\" height=\"203\" class=\"wp-image-3634\" style=\"width: 250px;\" src=\"https:\/\/gesiic-sorbonne.fr\/wp-content\/uploads\/2024\/09\/ADI-LogotypeSans-RVB.png\" alt=\"\" srcset=\"https:\/\/gesiic-sorbonne.fr\/wp-content\/uploads\/2024\/09\/ADI-LogotypeSans-RVB.png 1787w, https:\/\/gesiic-sorbonne.fr\/wp-content\/uploads\/2024\/09\/ADI-LogotypeSans-RVB-300x243.png 300w, https:\/\/gesiic-sorbonne.fr\/wp-content\/uploads\/2024\/09\/ADI-LogotypeSans-RVB-1024x830.png 1024w, https:\/\/gesiic-sorbonne.fr\/wp-content\/uploads\/2024\/09\/ADI-LogotypeSans-RVB-768x623.png 768w, https:\/\/gesiic-sorbonne.fr\/wp-content\/uploads\/2024\/09\/ADI-LogotypeSans-RVB-1536x1245.png 1536w\" sizes=\"auto, (max-width: 250px) 100vw, 250px\" \/><\/td><td class=\"has-text-align-center\" data-align=\"center\"><img loading=\"lazy\" decoding=\"async\" width=\"500\" height=\"295\" class=\"wp-image-3635\" style=\"width: 500px;\" src=\"https:\/\/gesiic-sorbonne.fr\/wp-content\/uploads\/2024\/09\/ADI2024.jpg\" alt=\"\" srcset=\"https:\/\/gesiic-sorbonne.fr\/wp-content\/uploads\/2024\/09\/ADI2024.jpg 508w, https:\/\/gesiic-sorbonne.fr\/wp-content\/uploads\/2024\/09\/ADI2024-300x177.jpg 300w\" sizes=\"auto, (max-width: 500px) 100vw, 500px\" \/><\/td><\/tr><\/tbody><\/table><figcaption class=\"wp-element-caption\">Le master GESIIC-REIM a conclu un partenariat pluriannuel avec l&rsquo;<a href=\"https:\/\/www.adi-france.fr\/\" target=\"_blank\" rel=\"noreferrer noopener\"><strong><mark style=\"background-color:rgba(0, 0, 0, 0)\" class=\"has-inline-color has-vivid-cyan-blue-color\">ADI<\/mark><\/strong><\/a> qui permet \u00e0 nos \u00e9tudiants d&rsquo;\u00eatre associ\u00e9s aux travaux de cette association qui repr\u00e9sente les int\u00e9r\u00eats des directeurs immobiliers.<\/figcaption><\/figure>\n\n\n\n<hr class=\"wp-block-separator has-alpha-channel-opacity\"\/>\n\n\n\n<h2 class=\"wp-block-heading\">RICS :<\/h2>\n\n\n\n<figure class=\"wp-block-table\"><table><tbody><tr><td class=\"has-text-align-center\" data-align=\"center\"><img loading=\"lazy\" decoding=\"async\" width=\"150\" height=\"150\" class=\"wp-image-3478\" style=\"width: 150px;\" src=\"https:\/\/gesiic-sorbonne.fr\/wp-content\/uploads\/2024\/02\/logo_RICS.png\" alt=\"\" srcset=\"https:\/\/gesiic-sorbonne.fr\/wp-content\/uploads\/2024\/02\/logo_RICS.png 225w, https:\/\/gesiic-sorbonne.fr\/wp-content\/uploads\/2024\/02\/logo_RICS-150x150.png 150w, https:\/\/gesiic-sorbonne.fr\/wp-content\/uploads\/2024\/02\/logo_RICS-70x70.png 70w, https:\/\/gesiic-sorbonne.fr\/wp-content\/uploads\/2024\/02\/logo_RICS-125x125.png 125w\" sizes=\"auto, (max-width: 150px) 100vw, 150px\" \/><\/td><td class=\"has-text-align-center\" data-align=\"center\">  <img loading=\"lazy\" decoding=\"async\" width=\"500\" height=\"305\" class=\"wp-image-3479\" style=\"width: 500px;\" src=\"https:\/\/gesiic-sorbonne.fr\/wp-content\/uploads\/2024\/02\/GTRics.jpg\" alt=\"\" srcset=\"https:\/\/gesiic-sorbonne.fr\/wp-content\/uploads\/2024\/02\/GTRics.jpg 600w, https:\/\/gesiic-sorbonne.fr\/wp-content\/uploads\/2024\/02\/GTRics-300x183.jpg 300w\" sizes=\"auto, (max-width: 500px) 100vw, 500px\" \/><\/td><\/tr><\/tbody><\/table><figcaption class=\"wp-element-caption\">Au-del\u00e0 de son <mark style=\"background-color:rgba(0, 0, 0, 0)\" class=\"has-inline-color has-vivid-cyan-blue-color\"><a href=\"https:\/\/gesiic-sorbonne.fr\/?page_id=1743\" target=\"_blank\" rel=\"noreferrer noopener\">accr\u00e9ditation<\/a><\/mark>, le master GESIIC a d\u00e9velopp\u00e9 un ensemble de collaborations avec la RICS (Royal Institution of Chartered Surveyors), l&rsquo;organisation de r\u00e9f\u00e9rence internationale pour les professionnels de l&rsquo;immobilier. Le master GESIIC \u00e9tant associ\u00e9 au groupe de travail \u00ab\u00a0Corporate Real Estate and Property Management\u00a0\u00bb, ses \u00e9tudiants participent \u00e0 son \u00e9v\u00e9nement annuel. De plus, certaines ann\u00e9es, le voyage annuel se d\u00e9roule \u00e0 Londres et la d\u00e9l\u00e9gation est accueillie par la RICS \u00e0 son si\u00e8ge.<\/figcaption><\/figure>\n\n\n\n<hr class=\"wp-block-separator has-alpha-channel-opacity\"\/>\n\n\n\n<h2 class=\"wp-block-heading\">TheFrenchProptech :<\/h2>\n\n\n\n<figure class=\"wp-block-table\"><table><tbody><tr><td class=\"has-text-align-center\" data-align=\"center\"><img loading=\"lazy\" decoding=\"async\" width=\"250\" height=\"209\" class=\"wp-image-2850\" style=\"width: 250px;\" src=\"https:\/\/gesiic-sorbonne.fr\/wp-content\/uploads\/2022\/09\/LogoTFP.png\" alt=\"\" srcset=\"https:\/\/gesiic-sorbonne.fr\/wp-content\/uploads\/2022\/09\/LogoTFP.png 3055w, https:\/\/gesiic-sorbonne.fr\/wp-content\/uploads\/2022\/09\/LogoTFP-300x251.png 300w, https:\/\/gesiic-sorbonne.fr\/wp-content\/uploads\/2022\/09\/LogoTFP-1024x857.png 1024w, https:\/\/gesiic-sorbonne.fr\/wp-content\/uploads\/2022\/09\/LogoTFP-768x643.png 768w, https:\/\/gesiic-sorbonne.fr\/wp-content\/uploads\/2022\/09\/LogoTFP-1536x1285.png 1536w, https:\/\/gesiic-sorbonne.fr\/wp-content\/uploads\/2022\/09\/LogoTFP-2048x1713.png 2048w\" sizes=\"auto, (max-width: 250px) 100vw, 250px\" \/><\/td><td class=\"has-text-align-center\" data-align=\"center\">  <img loading=\"lazy\" decoding=\"async\" width=\"450\" height=\"170\" class=\"wp-image-2851\" style=\"width: 450px;\" src=\"https:\/\/gesiic-sorbonne.fr\/wp-content\/uploads\/2022\/09\/TFP.jpg\" alt=\"\" srcset=\"https:\/\/gesiic-sorbonne.fr\/wp-content\/uploads\/2022\/09\/TFP.jpg 1000w, https:\/\/gesiic-sorbonne.fr\/wp-content\/uploads\/2022\/09\/TFP-300x113.jpg 300w, https:\/\/gesiic-sorbonne.fr\/wp-content\/uploads\/2022\/09\/TFP-768x290.jpg 768w\" sizes=\"auto, (max-width: 450px) 100vw, 450px\" \/><\/td><\/tr><\/tbody><\/table><figcaption class=\"wp-element-caption\">Le master GESIIC a conclu un partenariat avec l&rsquo;association TheFrenchProptech. Il permet notamment d&rsquo;organiser des <a href=\"https:\/\/gesiic-sorbonne.fr\/?page_id=1464\" target=\"_blank\" rel=\"noreferrer noopener\"><mark style=\"background-color:rgba(0, 0, 0, 0)\" class=\"has-inline-color has-vivid-cyan-blue-color\">afterworks<\/mark><\/a><a href=\"https:\/\/gesiic-sorbonne.fr\/?page_id=1464\"> <\/a>avec des entrepreneurs de la proptech sur les th\u00e8mes choisis par nos \u00e9tudiants.<\/figcaption><\/figure>\n\n\n\n<hr class=\"wp-block-separator has-alpha-channel-opacity\"\/>\n\n\n\n<p><\/p>\n","protected":false},"excerpt":{"rendered":"<p>Parce que le master GESIIC s&#8217;emploie \u00e0 former les cadres de l&rsquo;industrie immobili\u00e8res de demain, il a su nouer des &hellip; <\/p>\n","protected":false},"author":4,"featured_media":0,"parent":0,"menu_order":0,"comment_status":"closed","ping_status":"closed","template":"","meta":{"_cbd_carousel_blocks":"[]","_monsterinsights_skip_tracking":false,"_monsterinsights_sitenote_active":false,"_monsterinsights_sitenote_note":"","_monsterinsights_sitenote_category":0,"footnotes":""},"class_list":["post-3473","page","type-page","status-publish","hentry"],"yoast_head":"<!-- This site is optimized with the Yoast SEO plugin v16.1.1 - https:\/\/yoast.com\/wordpress\/plugins\/seo\/ -->\n<title>ASSOCIATIONS PROFESSIONNELLES - Gestion et Strat\u00e9gie de l&#039;Investissement Immobilier et de la Construction<\/title>\n<link rel=\"canonical\" href=\"https:\/\/gesiic-sorbonne.fr\/?page_id=3473\" \/>\n<meta property=\"og:locale\" content=\"fr_FR\" \/>\n<meta property=\"og:type\" content=\"article\" \/>\n<meta property=\"og:title\" content=\"ASSOCIATIONS PROFESSIONNELLES - Gestion et Strat\u00e9gie de l&#039;Investissement Immobilier et de la Construction\" \/>\n<meta property=\"og:description\" content=\"Parce que le master GESIIC s&#8217;emploie \u00e0 former les cadres de l&rsquo;industrie immobili\u00e8res de demain, il a su nouer des &hellip;\" \/>\n<meta property=\"og:url\" content=\"https:\/\/gesiic-sorbonne.fr\/?page_id=3473\" \/>\n<meta property=\"og:site_name\" content=\"Gestion et Strat\u00e9gie de l&#039;Investissement Immobilier et de la Construction\" \/>\n<meta property=\"article:modified_time\" content=\"2024-10-23T15:08:02+00:00\" \/>\n<meta property=\"og:image\" content=\"https:\/\/gesiic-sorbonne.fr\/wp-content\/uploads\/2024\/02\/ASPIM_logo_denominationcomplete_couleur-1.png\" \/>\n<meta name=\"twitter:card\" content=\"summary_large_image\" \/>\n<meta name=\"twitter:site\" content=\"@gesiic_sorbonne\" \/>\n<meta name=\"twitter:label1\" content=\"Dur\u00e9e de lecture est.\">\n\t<meta name=\"twitter:data1\" content=\"3 minutes\">\n<script type=\"application\/ld+json\" class=\"yoast-schema-graph\">{\"@context\":\"https:\/\/schema.org\",\"@graph\":[{\"@type\":\"Organization\",\"@id\":\"https:\/\/gesiic-sorbonne.fr\/#organization\",\"name\":\"Master GESIIC de l'universit\\u00e9 Paris I\",\"url\":\"https:\/\/gesiic-sorbonne.fr\/\",\"sameAs\":[\"https:\/\/www.instagram.com\/master2gesiic\/?hl=en\",\"https:\/\/www.linkedin.com\/company\/m2-gesiic\/\",\"https:\/\/twitter.com\/gesiic_sorbonne\"],\"logo\":{\"@type\":\"ImageObject\",\"@id\":\"https:\/\/gesiic-sorbonne.fr\/#logo\",\"inLanguage\":\"fr-FR\",\"url\":\"https:\/\/gesiic-sorbonne.fr\/wp-content\/uploads\/2020\/12\/logo-master-1.png\",\"contentUrl\":\"https:\/\/gesiic-sorbonne.fr\/wp-content\/uploads\/2020\/12\/logo-master-1.png\",\"width\":318,\"height\":226,\"caption\":\"Master GESIIC de l'universit\\u00e9 Paris I\"},\"image\":{\"@id\":\"https:\/\/gesiic-sorbonne.fr\/#logo\"}},{\"@type\":\"WebSite\",\"@id\":\"https:\/\/gesiic-sorbonne.fr\/#website\",\"url\":\"https:\/\/gesiic-sorbonne.fr\/\",\"name\":\"Gestion et Strat\\u00e9gie de l'Investissement Immobilier et de la Construction\",\"description\":\"Nous formons les promoteurs et investisseurs immobiliers de demain qui fa\\u00e7onneront les villes d&#039;apr\\u00e8s-demain\",\"publisher\":{\"@id\":\"https:\/\/gesiic-sorbonne.fr\/#organization\"},\"potentialAction\":[{\"@type\":\"SearchAction\",\"target\":\"https:\/\/gesiic-sorbonne.fr\/?s={search_term_string}\",\"query-input\":\"required name=search_term_string\"}],\"inLanguage\":\"fr-FR\"},{\"@type\":\"ImageObject\",\"@id\":\"https:\/\/gesiic-sorbonne.fr\/?page_id=3473#primaryimage\",\"inLanguage\":\"fr-FR\",\"url\":\"https:\/\/gesiic-sorbonne.fr\/wp-content\/uploads\/2024\/02\/ASPIM_logo_denominationcomplete_couleur-1.png\",\"contentUrl\":\"https:\/\/gesiic-sorbonne.fr\/wp-content\/uploads\/2024\/02\/ASPIM_logo_denominationcomplete_couleur-1.png\",\"width\":2401,\"height\":1558},{\"@type\":\"WebPage\",\"@id\":\"https:\/\/gesiic-sorbonne.fr\/?page_id=3473#webpage\",\"url\":\"https:\/\/gesiic-sorbonne.fr\/?page_id=3473\",\"name\":\"ASSOCIATIONS PROFESSIONNELLES - Gestion et Strat\\u00e9gie de l&#039;Investissement Immobilier et de la Construction\",\"isPartOf\":{\"@id\":\"https:\/\/gesiic-sorbonne.fr\/#website\"},\"primaryImageOfPage\":{\"@id\":\"https:\/\/gesiic-sorbonne.fr\/?page_id=3473#primaryimage\"},\"datePublished\":\"2024-02-26T04:50:15+00:00\",\"dateModified\":\"2024-10-23T15:08:02+00:00\",\"breadcrumb\":{\"@id\":\"https:\/\/gesiic-sorbonne.fr\/?page_id=3473#breadcrumb\"},\"inLanguage\":\"fr-FR\",\"potentialAction\":[{\"@type\":\"ReadAction\",\"target\":[\"https:\/\/gesiic-sorbonne.fr\/?page_id=3473\"]}]},{\"@type\":\"BreadcrumbList\",\"@id\":\"https:\/\/gesiic-sorbonne.fr\/?page_id=3473#breadcrumb\",\"itemListElement\":[{\"@type\":\"ListItem\",\"position\":1,\"item\":{\"@type\":\"WebPage\",\"@id\":\"https:\/\/gesiic-sorbonne.fr\/\",\"url\":\"https:\/\/gesiic-sorbonne.fr\/\",\"name\":\"Accueil\"}},{\"@type\":\"ListItem\",\"position\":2,\"item\":{\"@type\":\"WebPage\",\"@id\":\"https:\/\/gesiic-sorbonne.fr\/?page_id=3473\",\"url\":\"https:\/\/gesiic-sorbonne.fr\/?page_id=3473\",\"name\":\"ASSOCIATIONS PROFESSIONNELLES\"}}]}]}<\/script>\n<!-- \/ Yoast SEO plugin. -->","_links":{"self":[{"href":"https:\/\/gesiic-sorbonne.fr\/index.php?rest_route=\/wp\/v2\/pages\/3473","targetHints":{"allow":["GET"]}}],"collection":[{"href":"https:\/\/gesiic-sorbonne.fr\/index.php?rest_route=\/wp\/v2\/pages"}],"about":[{"href":"https:\/\/gesiic-sorbonne.fr\/index.php?rest_route=\/wp\/v2\/types\/page"}],"author":[{"embeddable":true,"href":"https:\/\/gesiic-sorbonne.fr\/index.php?rest_route=\/wp\/v2\/users\/4"}],"replies":[{"embeddable":true,"href":"https:\/\/gesiic-sorbonne.fr\/index.php?rest_route=%2Fwp%2Fv2%2Fcomments&post=3473"}],"version-history":[{"count":9,"href":"https:\/\/gesiic-sorbonne.fr\/index.php?rest_route=\/wp\/v2\/pages\/3473\/revisions"}],"predecessor-version":[{"id":3678,"href":"https:\/\/gesiic-sorbonne.fr\/index.php?rest_route=\/wp\/v2\/pages\/3473\/revisions\/3678"}],"wp:attachment":[{"href":"https:\/\/gesiic-sorbonne.fr\/index.php?rest_route=%2Fwp%2Fv2%2Fmedia&parent=3473"}],"curies":[{"name":"wp","href":"https:\/\/api.w.org\/{rel}","templated":true}]}}