{"id":3402,"date":"2023-12-14T17:18:00","date_gmt":"2023-12-14T16:18:00","guid":{"rendered":"https:\/\/gesiic-sorbonne.fr\/?page_id=3402"},"modified":"2025-02-12T13:22:47","modified_gmt":"2025-02-12T12:22:47","slug":"candidatures-de-letranger","status":"publish","type":"page","link":"https:\/\/gesiic-sorbonne.fr\/?page_id=3402","title":{"rendered":"CANDIDATURES DE L\u2019\u00c9TRANGER"},"content":{"rendered":"\n<p>Si vous \u00eates dans l&rsquo;un des cas suivants :<\/p>\n\n\n\n<ul class=\"wp-block-list\">\n<li>\u00c9tudiant(e) fran\u00e7ais(e) ou ressortissant(e) de l&rsquo;UE ou de l&rsquo;EEE<\/li>\n\n\n\n<li>\u00c9tudiant(e) \u00e9tranger(e) mais \u00e9tudiant en France dans le sup\u00e9rieur depuis au moins un an,<\/li>\n\n\n\n<li>Salari\u00e9 travaillant en France<\/li>\n<\/ul>\n\n\n\n<p>vous n&rsquo;\u00eates pas concern\u00e9(e) par les informations de cette page, et devez rejoindre les <a href=\"https:\/\/gesiic-sorbonne.fr\/?page_id=879\" target=\"_blank\" rel=\"noreferrer noopener\"><mark style=\"background-color:rgba(0, 0, 0, 0)\" class=\"has-inline-color has-vivid-cyan-blue-color\">pages de candidature pour le M1<\/mark><\/a> ou <a href=\"https:\/\/gesiic-sorbonne.fr\/?page_id=883\" target=\"_blank\" rel=\"noreferrer noopener\"><mark style=\"background-color:rgba(0, 0, 0, 0)\" class=\"has-inline-color has-vivid-cyan-blue-color\">pour le M2<\/mark><\/a>.<\/p>\n\n\n\n<p>Sinon, d\u00e9couvrez ci-dessous comment candidater au master GESIIC :<\/p>\n\n\n\n<hr class=\"wp-block-separator has-alpha-channel-opacity\"\/>\n\n\n\n<div class=\"wp-block-media-text alignwide has-media-on-the-right is-stacked-on-mobile\" style=\"grid-template-columns:auto 21%\"><div class=\"wp-block-media-text__content\">\n<h3 id=\"candidature-pour-la-premiere-annee\" class=\"wp-block-heading\">CANDIDATURE POUR LE M1 GESIIC :<\/h3>\n<p><mark class=\"has-inline-color has-vivid-red-color\" style=\"background-color: rgba(0, 0, 0, 0);\"><\/mark>La candidature en M1 vous concerne si votre dipl\u00f4me le plus \u00e9lev\u00e9 est de niveau bac+3 (ou vous \u00eates en train de l&rsquo;achever).<\/p>\n<ul>\n<li><em>Pour les \u00e9tudiants qui r\u00e9sident dans un des <a href=\"https:\/\/www.campusfrance.org\/fr\/candidature-procedure-etudes-en-france\"><strong><mark class=\"has-inline-color has-vivid-cyan-blue-color\" style=\"background-color: rgba(0, 0, 0, 0);\">51 pays suivants<\/mark><\/strong><\/a>, <em>il faut candidater<\/em> par la proc\u00e9dure <strong>\u00c9tudes en France<\/strong> (de \u00ab\u00a0<a href=\"http:\/\/www.pantheonsorbonne.fr\/international\/foreign-students\/full-degree-student-application\/\" target=\"_blank\" rel=\"noreferrer noopener\"><mark class=\"has-inline-color has-vivid-cyan-blue-color\" style=\"background-color: rgba(0, 0, 0, 0);\">Campus France<\/mark><\/a>\u00ab\u00a0).<\/em><\/li>\n<li><em>Pour les autres \u00e9tudiants, pri\u00e8re de candidater par MonMaster <\/em>(cf. <a href=\"https:\/\/gesiic-sorbonne.fr\/?page_id=879\" target=\"_blank\" rel=\"noreferrer noopener\"><mark class=\"has-inline-color has-vivid-cyan-blue-color\" style=\"background-color: rgba(0, 0, 0, 0);\">page de candidature pour le M1<\/mark><\/a>)<\/li>\n<\/ul>\n<hr class=\"wp-block-separator has-alpha-channel-opacity\" \/>\n<h3 id=\"candidature-pour-la-premiere-annee\" class=\"wp-block-heading\">CANDIDATURE POUR LE M2 GESIIC :<\/h3>\n<p>Si vous disposez d&rsquo;un dipl\u00f4me de niveau au moins bac+4 (ou \u00eates en train de l&rsquo;achever), vous devez candidater en Master 2 (et non en master 1). La candidature se fait par <a href=\"https:\/\/ecandidat.univ-paris1.fr\/\" target=\"_blank\" rel=\"noreferrer noopener\"><mark class=\"has-inline-color has-vivid-cyan-blue-color\" style=\"background-color: rgba(0, 0, 0, 0);\">ecandidat<\/mark><\/a> (comme pour les \u00e9tudiants fran\u00e7ais). (cf. page de candidature <a href=\"https:\/\/gesiic-sorbonne.fr\/?page_id=883\" target=\"_blank\" rel=\"noreferrer noopener\"><mark class=\"has-inline-color has-vivid-cyan-blue-color\" style=\"background-color: rgba(0, 0, 0, 0);\">pour le M2<\/mark><\/a>)<\/p>\n<\/div><figure class=\"wp-block-media-text__media\"><img loading=\"lazy\" decoding=\"async\" width=\"140\" height=\"420\" src=\"https:\/\/gesiic-sorbonne.fr\/wp-content\/uploads\/2021\/04\/csm_assistance-telephonique-2016_95a50d91dd.jpg\" alt=\"\" class=\"wp-image-1782 size-full\" srcset=\"https:\/\/gesiic-sorbonne.fr\/wp-content\/uploads\/2021\/04\/csm_assistance-telephonique-2016_95a50d91dd.jpg 140w, https:\/\/gesiic-sorbonne.fr\/wp-content\/uploads\/2021\/04\/csm_assistance-telephonique-2016_95a50d91dd-100x300.jpg 100w\" sizes=\"auto, (max-width: 140px) 100vw, 140px\" \/><\/figure><\/div>\n\n\n\n<h3 class=\"wp-block-heading\" id=\"candidature-pour-la-premiere-annee\">NIVEAU DE LANGUE :<\/h3>\n\n\n\n<p>Les cours du master GESIIC sont en fran\u00e7ais (sauf quelques cours du M2 REIM en anglais). La ma\u00eetrise de cette langue est une n\u00e9cessit\u00e9 pour comprendre les enseignements. Un niveau C1 ou C2 est donc n\u00e9cessaire. Pour le DELF\/DALF ou TCF niveau C1, en sont dispens\u00e9s tous les \u00e9tudiants qui ont valid\u00e9 au moins un an d\u2019\u00e9tude dans un \u00e9tablissement fran\u00e7ais ou qui ont rempli leur dossier par Campus France.<\/p>\n\n\n\n<hr class=\"wp-block-separator has-alpha-channel-opacity\"\/>\n\n\n\n<h3 class=\"wp-block-heading\" id=\"candidature-pour-la-premiere-annee\">BOURSE EIFFEL<\/h3>\n\n\n\n<p>Le minist\u00e8re de l\u2019Europe et des Affaires \u00e9trang\u00e8res a mis en place un programme de bourses Eiffel pour les \u00e9tudiants \u00e9trangers d&rsquo;excellence. Voir <a href=\"https:\/\/www.campusfrance.org\/fr\/le-programme-de-bourses-france-excellence-eiffel\" target=\"_blank\" rel=\"noreferrer noopener\"><mark style=\"background-color:rgba(0, 0, 0, 0)\" class=\"has-inline-color has-vivid-cyan-blue-color\">les conditions du programme Eiffel<\/mark><\/a>.<\/p>\n\n\n\n<p>Ces bourses permettent de financer la scolarit\u00e9 et le transport de l&rsquo;\u00e9tudiant pendant son ann\u00e9e de master.<\/p>\n\n\n\n<p>La proc\u00e9dure impose de d\u00e9poser un dossier aupr\u00e8s du master qui pourra ensuite le transmettre \u00e0 l&rsquo;universit\u00e9 qui ensuite le transmettra aupr\u00e8s de Campus France. Pour pouvoir respecter le calendrier, il faut que vous transmettiez votre demande au master avant la fin d\u00e9cembre par mail \u00e0 <a href=\"mailto:M2GESIIC-EMS@univ-paris1.fr\">M2GESIIC-EMS@univ-paris1.fr<\/a> en pr\u00e9cisant bien la formation pour laquelle vous candidatez.<\/p>\n\n\n\n<hr class=\"wp-block-separator has-alpha-channel-opacity\"\/>\n\n\n\n<p><strong>T\u00c9MOIGNAGE : ENTR\u00c9E DANS LA VIE PROFESSIONNELLE<\/strong><\/p>\n\n\n\n<div class=\"wp-block-media-text is-stacked-on-mobile\" style=\"grid-template-columns:35% auto\"><figure class=\"wp-block-media-text__media\"><img loading=\"lazy\" decoding=\"async\" width=\"200\" height=\"227\" src=\"https:\/\/gesiic-sorbonne.fr\/wp-content\/uploads\/2023\/12\/Cindy.jpg\" alt=\"\" class=\"wp-image-3418 size-full\"\/><\/figure><div class=\"wp-block-media-text__content\">\n<p><i><span lang=\"FR\">\u00ab&nbsp;Le M2 GESIIC a marqu\u00e9 mes d\u00e9buts en France. Gr\u00e2ce  au master, j&rsquo;ai b\u00e9n\u00e9fici\u00e9 d&rsquo;un accueil chaleureux et d&rsquo;un suivi attentif  tout au long du cursus, tant de la part des \u00e9tudiants que des  professeurs. La diversit\u00e9 des  profils et l&rsquo;internationalit\u00e9 du programme ont favoris\u00e9 mon int\u00e9gration  tout au long de l&rsquo;ann\u00e9e acad\u00e9mique. De plus, le master m&rsquo;a permis de  postuler avec succ\u00e8s \u00e0 la Bourse d&rsquo;Excellence Eiffel, facilitant ainsi  mon s\u00e9jour en France.&nbsp;\u00bb <\/span><\/i><\/p>\n\n\n\n<p class=\"has-text-align-right\">Cindy Yazbek (promotion 2022-23)<\/p>\n<\/div><\/div>\n","protected":false},"excerpt":{"rendered":"<p>Si vous \u00eates dans l&rsquo;un des cas suivants : vous n&rsquo;\u00eates pas concern\u00e9(e) par les informations de cette page, et &hellip; <\/p>\n","protected":false},"author":4,"featured_media":0,"parent":617,"menu_order":0,"comment_status":"closed","ping_status":"closed","template":"","meta":{"_cbd_carousel_blocks":"[]","_monsterinsights_skip_tracking":false,"_monsterinsights_sitenote_active":false,"_monsterinsights_sitenote_note":"","_monsterinsights_sitenote_category":0,"footnotes":""},"class_list":["post-3402","page","type-page","status-publish","hentry"],"yoast_head":"<!-- This site is optimized with the Yoast SEO plugin v16.1.1 - https:\/\/yoast.com\/wordpress\/plugins\/seo\/ -->\n<title>CANDIDATURES DE L\u2019\u00c9TRANGER - Gestion et Strat\u00e9gie de l&#039;Investissement Immobilier et de la Construction<\/title>\n<link rel=\"canonical\" href=\"https:\/\/gesiic-sorbonne.fr\/?page_id=3402\" \/>\n<meta property=\"og:locale\" content=\"fr_FR\" \/>\n<meta property=\"og:type\" content=\"article\" \/>\n<meta property=\"og:title\" content=\"CANDIDATURES DE L\u2019\u00c9TRANGER - Gestion et Strat\u00e9gie de l&#039;Investissement Immobilier et de la Construction\" \/>\n<meta property=\"og:description\" content=\"Si vous \u00eates dans l&rsquo;un des cas suivants : vous n&rsquo;\u00eates pas concern\u00e9(e) par les informations de cette page, et &hellip;\" \/>\n<meta property=\"og:url\" content=\"https:\/\/gesiic-sorbonne.fr\/?page_id=3402\" \/>\n<meta property=\"og:site_name\" content=\"Gestion et Strat\u00e9gie de l&#039;Investissement Immobilier et de la Construction\" \/>\n<meta property=\"article:modified_time\" content=\"2025-02-12T12:22:47+00:00\" \/>\n<meta property=\"og:image\" content=\"https:\/\/gesiic-sorbonne.fr\/wp-content\/uploads\/2021\/04\/csm_assistance-telephonique-2016_95a50d91dd.jpg\" \/>\n<meta name=\"twitter:card\" content=\"summary_large_image\" \/>\n<meta name=\"twitter:site\" content=\"@gesiic_sorbonne\" \/>\n<meta name=\"twitter:label1\" content=\"Dur\u00e9e de lecture est.\">\n\t<meta name=\"twitter:data1\" content=\"3 minutes\">\n<script type=\"application\/ld+json\" class=\"yoast-schema-graph\">{\"@context\":\"https:\/\/schema.org\",\"@graph\":[{\"@type\":\"Organization\",\"@id\":\"https:\/\/gesiic-sorbonne.fr\/#organization\",\"name\":\"Master GESIIC de l'universit\\u00e9 Paris I\",\"url\":\"https:\/\/gesiic-sorbonne.fr\/\",\"sameAs\":[\"https:\/\/www.instagram.com\/master2gesiic\/?hl=en\",\"https:\/\/www.linkedin.com\/company\/m2-gesiic\/\",\"https:\/\/twitter.com\/gesiic_sorbonne\"],\"logo\":{\"@type\":\"ImageObject\",\"@id\":\"https:\/\/gesiic-sorbonne.fr\/#logo\",\"inLanguage\":\"fr-FR\",\"url\":\"https:\/\/gesiic-sorbonne.fr\/wp-content\/uploads\/2020\/12\/logo-master-1.png\",\"contentUrl\":\"https:\/\/gesiic-sorbonne.fr\/wp-content\/uploads\/2020\/12\/logo-master-1.png\",\"width\":318,\"height\":226,\"caption\":\"Master GESIIC de l'universit\\u00e9 Paris I\"},\"image\":{\"@id\":\"https:\/\/gesiic-sorbonne.fr\/#logo\"}},{\"@type\":\"WebSite\",\"@id\":\"https:\/\/gesiic-sorbonne.fr\/#website\",\"url\":\"https:\/\/gesiic-sorbonne.fr\/\",\"name\":\"Gestion et Strat\\u00e9gie de l'Investissement Immobilier et de la Construction\",\"description\":\"Nous formons les promoteurs et investisseurs immobiliers de demain qui fa\\u00e7onneront les villes d&#039;apr\\u00e8s-demain\",\"publisher\":{\"@id\":\"https:\/\/gesiic-sorbonne.fr\/#organization\"},\"potentialAction\":[{\"@type\":\"SearchAction\",\"target\":\"https:\/\/gesiic-sorbonne.fr\/?s={search_term_string}\",\"query-input\":\"required name=search_term_string\"}],\"inLanguage\":\"fr-FR\"},{\"@type\":\"ImageObject\",\"@id\":\"https:\/\/gesiic-sorbonne.fr\/?page_id=3402#primaryimage\",\"inLanguage\":\"fr-FR\",\"url\":\"https:\/\/gesiic-sorbonne.fr\/wp-content\/uploads\/2021\/04\/csm_assistance-telephonique-2016_95a50d91dd.jpg\",\"contentUrl\":\"https:\/\/gesiic-sorbonne.fr\/wp-content\/uploads\/2021\/04\/csm_assistance-telephonique-2016_95a50d91dd.jpg\",\"width\":140,\"height\":420},{\"@type\":\"WebPage\",\"@id\":\"https:\/\/gesiic-sorbonne.fr\/?page_id=3402#webpage\",\"url\":\"https:\/\/gesiic-sorbonne.fr\/?page_id=3402\",\"name\":\"CANDIDATURES DE L\\u2019\\u00c9TRANGER - Gestion et Strat\\u00e9gie de l&#039;Investissement Immobilier et de la Construction\",\"isPartOf\":{\"@id\":\"https:\/\/gesiic-sorbonne.fr\/#website\"},\"primaryImageOfPage\":{\"@id\":\"https:\/\/gesiic-sorbonne.fr\/?page_id=3402#primaryimage\"},\"datePublished\":\"2023-12-14T16:18:00+00:00\",\"dateModified\":\"2025-02-12T12:22:47+00:00\",\"breadcrumb\":{\"@id\":\"https:\/\/gesiic-sorbonne.fr\/?page_id=3402#breadcrumb\"},\"inLanguage\":\"fr-FR\",\"potentialAction\":[{\"@type\":\"ReadAction\",\"target\":[\"https:\/\/gesiic-sorbonne.fr\/?page_id=3402\"]}]},{\"@type\":\"BreadcrumbList\",\"@id\":\"https:\/\/gesiic-sorbonne.fr\/?page_id=3402#breadcrumb\",\"itemListElement\":[{\"@type\":\"ListItem\",\"position\":1,\"item\":{\"@type\":\"WebPage\",\"@id\":\"https:\/\/gesiic-sorbonne.fr\/\",\"url\":\"https:\/\/gesiic-sorbonne.fr\/\",\"name\":\"Accueil\"}},{\"@type\":\"ListItem\",\"position\":2,\"item\":{\"@type\":\"WebPage\",\"@id\":\"https:\/\/gesiic-sorbonne.fr\/?page_id=611\",\"url\":\"https:\/\/gesiic-sorbonne.fr\/?page_id=611\",\"name\":\"PR\\u00c9SENTATION\"}},{\"@type\":\"ListItem\",\"position\":3,\"item\":{\"@type\":\"WebPage\",\"@id\":\"https:\/\/gesiic-sorbonne.fr\/?page_id=617\",\"url\":\"https:\/\/gesiic-sorbonne.fr\/?page_id=617\",\"name\":\"MASTER I\"}},{\"@type\":\"ListItem\",\"position\":4,\"item\":{\"@type\":\"WebPage\",\"@id\":\"https:\/\/gesiic-sorbonne.fr\/?page_id=3402\",\"url\":\"https:\/\/gesiic-sorbonne.fr\/?page_id=3402\",\"name\":\"CANDIDATURES DE L\\u2019\\u00c9TRANGER\"}}]}]}<\/script>\n<!-- \/ Yoast SEO plugin. -->","_links":{"self":[{"href":"https:\/\/gesiic-sorbonne.fr\/index.php?rest_route=\/wp\/v2\/pages\/3402","targetHints":{"allow":["GET"]}}],"collection":[{"href":"https:\/\/gesiic-sorbonne.fr\/index.php?rest_route=\/wp\/v2\/pages"}],"about":[{"href":"https:\/\/gesiic-sorbonne.fr\/index.php?rest_route=\/wp\/v2\/types\/page"}],"author":[{"embeddable":true,"href":"https:\/\/gesiic-sorbonne.fr\/index.php?rest_route=\/wp\/v2\/users\/4"}],"replies":[{"embeddable":true,"href":"https:\/\/gesiic-sorbonne.fr\/index.php?rest_route=%2Fwp%2Fv2%2Fcomments&post=3402"}],"version-history":[{"count":7,"href":"https:\/\/gesiic-sorbonne.fr\/index.php?rest_route=\/wp\/v2\/pages\/3402\/revisions"}],"predecessor-version":[{"id":3871,"href":"https:\/\/gesiic-sorbonne.fr\/index.php?rest_route=\/wp\/v2\/pages\/3402\/revisions\/3871"}],"up":[{"embeddable":true,"href":"https:\/\/gesiic-sorbonne.fr\/index.php?rest_route=\/wp\/v2\/pages\/617"}],"wp:attachment":[{"href":"https:\/\/gesiic-sorbonne.fr\/index.php?rest_route=%2Fwp%2Fv2%2Fmedia&parent=3402"}],"curies":[{"name":"wp","href":"https:\/\/api.w.org\/{rel}","templated":true}]}}