{"id":3385,"date":"2023-12-09T01:17:46","date_gmt":"2023-12-09T00:17:46","guid":{"rendered":"https:\/\/gesiic-sorbonne.fr\/?page_id=3385"},"modified":"2024-12-07T02:25:07","modified_gmt":"2024-12-07T01:25:07","slug":"remise-de-diplomes","status":"publish","type":"page","link":"https:\/\/gesiic-sorbonne.fr\/?page_id=3385","title":{"rendered":"REMISE DE DIPL\u00d4MES"},"content":{"rendered":"\n<p>Apr\u00e8s une ann\u00e9e de travail intense et d&rsquo;apprentissages nombreux, les \u00e9tudiants du master GESIIC sont heureux de se retrouver pour la c\u00e9r\u00e9monie de remise de dipl\u00f4mes de leur formation, accompagn\u00e9s de leurs proches qui peuvent d\u00e9couvrir le lieu o\u00f9 ils ont \u00e9tudi\u00e9 pendant un \u00e0 deux ans : <\/p>\n\n\n\n<figure class=\"wp-block-embed is-type-video is-provider-youtube wp-block-embed-youtube wp-embed-aspect-16-9 wp-has-aspect-ratio\"><div class=\"wp-block-embed__wrapper\">\n<iframe loading=\"lazy\" title=\"CRD Gesiic 2024\" width=\"750\" height=\"422\" src=\"https:\/\/www.youtube.com\/embed\/yWF4K5Ez8Ig?feature=oembed\" frameborder=\"0\" allow=\"accelerometer; autoplay; clipboard-write; encrypted-media; gyroscope; picture-in-picture; web-share\" referrerpolicy=\"strict-origin-when-cross-origin\" allowfullscreen><\/iframe>\n<\/div><\/figure>\n\n\n\n<p>Depuis 2023, cette c\u00e9r\u00e9monie se tient dans le grand salon et le p\u00e9ristyle de la Sorbonne, deux \u00e9crins de prestige pour accueillir une telle c\u00e9r\u00e9monie : <\/p>\n\n\n<div class=\"wp-block-image\">\n<figure class=\"aligncenter size-full\"><img loading=\"lazy\" decoding=\"async\" width=\"735\" height=\"405\" src=\"https:\/\/gesiic-sorbonne.fr\/wp-content\/uploads\/2023\/12\/Diplomes2.jpg\" alt=\"\" class=\"wp-image-3387\" srcset=\"https:\/\/gesiic-sorbonne.fr\/wp-content\/uploads\/2023\/12\/Diplomes2.jpg 735w, https:\/\/gesiic-sorbonne.fr\/wp-content\/uploads\/2023\/12\/Diplomes2-300x165.jpg 300w\" sizes=\"auto, (max-width: 735px) 100vw, 735px\" \/><\/figure>\n<\/div>\n\n<div class=\"wp-block-image\">\n<figure class=\"aligncenter size-full\"><img loading=\"lazy\" decoding=\"async\" width=\"735\" height=\"475\" src=\"https:\/\/gesiic-sorbonne.fr\/wp-content\/uploads\/2023\/12\/Diplomes3.jpg\" alt=\"\" class=\"wp-image-3388\" srcset=\"https:\/\/gesiic-sorbonne.fr\/wp-content\/uploads\/2023\/12\/Diplomes3.jpg 735w, https:\/\/gesiic-sorbonne.fr\/wp-content\/uploads\/2023\/12\/Diplomes3-300x194.jpg 300w\" sizes=\"auto, (max-width: 735px) 100vw, 735px\" \/><\/figure>\n<\/div>\n\n\n<p>A l&rsquo;issue de la c\u00e9r\u00e9monie marqu\u00e9e par les discours des parrains\/marraines, du major et du directeur du master, cette c\u00e9r\u00e9monie se termine par de belles photos et un cocktail : <\/p>\n\n\n<div class=\"wp-block-image\">\n<figure class=\"aligncenter size-full\"><img loading=\"lazy\" decoding=\"async\" width=\"735\" height=\"401\" src=\"https:\/\/gesiic-sorbonne.fr\/wp-content\/uploads\/2023\/12\/Diplomes5.jpg\" alt=\"\" class=\"wp-image-3390\" srcset=\"https:\/\/gesiic-sorbonne.fr\/wp-content\/uploads\/2023\/12\/Diplomes5.jpg 735w, https:\/\/gesiic-sorbonne.fr\/wp-content\/uploads\/2023\/12\/Diplomes5-300x164.jpg 300w\" sizes=\"auto, (max-width: 735px) 100vw, 735px\" \/><\/figure>\n<\/div>\n\n<div class=\"wp-block-image\">\n<figure class=\"aligncenter size-full\"><img loading=\"lazy\" decoding=\"async\" width=\"735\" height=\"383\" src=\"https:\/\/gesiic-sorbonne.fr\/wp-content\/uploads\/2023\/12\/Diplomes6.jpg\" alt=\"\" class=\"wp-image-3391\" srcset=\"https:\/\/gesiic-sorbonne.fr\/wp-content\/uploads\/2023\/12\/Diplomes6.jpg 735w, https:\/\/gesiic-sorbonne.fr\/wp-content\/uploads\/2023\/12\/Diplomes6-300x156.jpg 300w\" sizes=\"auto, (max-width: 735px) 100vw, 735px\" \/><\/figure>\n<\/div>\n\n<div class=\"wp-block-image\">\n<figure class=\"aligncenter size-full\"><img loading=\"lazy\" decoding=\"async\" width=\"735\" height=\"456\" src=\"https:\/\/gesiic-sorbonne.fr\/wp-content\/uploads\/2023\/12\/Diplomes4.jpg\" alt=\"\" class=\"wp-image-3389\" srcset=\"https:\/\/gesiic-sorbonne.fr\/wp-content\/uploads\/2023\/12\/Diplomes4.jpg 735w, https:\/\/gesiic-sorbonne.fr\/wp-content\/uploads\/2023\/12\/Diplomes4-300x186.jpg 300w\" sizes=\"auto, (max-width: 735px) 100vw, 735px\" \/><\/figure>\n<\/div>\n\n\n<p><br><\/p>\n\n\n\n<p><\/p>\n","protected":false},"excerpt":{"rendered":"<p>Apr\u00e8s une ann\u00e9e de travail intense et d&rsquo;apprentissages nombreux, les \u00e9tudiants du master GESIIC sont heureux de se retrouver pour &hellip; <\/p>\n","protected":false},"author":4,"featured_media":0,"parent":633,"menu_order":0,"comment_status":"closed","ping_status":"closed","template":"","meta":{"_cbd_carousel_blocks":"[]","_monsterinsights_skip_tracking":false,"_monsterinsights_sitenote_active":false,"_monsterinsights_sitenote_note":"","_monsterinsights_sitenote_category":0,"footnotes":""},"class_list":["post-3385","page","type-page","status-publish","hentry"],"yoast_head":"<!-- This site is optimized with the Yoast SEO plugin v16.1.1 - https:\/\/yoast.com\/wordpress\/plugins\/seo\/ -->\n<title>REMISE DE DIPL\u00d4MES - Gestion et Strat\u00e9gie de l&#039;Investissement Immobilier et de la Construction<\/title>\n<link rel=\"canonical\" href=\"https:\/\/gesiic-sorbonne.fr\/?page_id=3385\" \/>\n<meta property=\"og:locale\" content=\"fr_FR\" \/>\n<meta property=\"og:type\" content=\"article\" \/>\n<meta property=\"og:title\" content=\"REMISE DE DIPL\u00d4MES - Gestion et Strat\u00e9gie de l&#039;Investissement Immobilier et de la Construction\" \/>\n<meta property=\"og:description\" content=\"Apr\u00e8s une ann\u00e9e de travail intense et d&rsquo;apprentissages nombreux, les \u00e9tudiants du master GESIIC sont heureux de se retrouver pour &hellip;\" \/>\n<meta property=\"og:url\" content=\"https:\/\/gesiic-sorbonne.fr\/?page_id=3385\" \/>\n<meta property=\"og:site_name\" content=\"Gestion et Strat\u00e9gie de l&#039;Investissement Immobilier et de la Construction\" \/>\n<meta property=\"article:modified_time\" content=\"2024-12-07T01:25:07+00:00\" \/>\n<meta property=\"og:image\" content=\"https:\/\/gesiic-sorbonne.fr\/wp-content\/uploads\/2023\/12\/Diplomes2.jpg\" \/>\n<meta name=\"twitter:card\" content=\"summary_large_image\" \/>\n<meta name=\"twitter:site\" content=\"@gesiic_sorbonne\" \/>\n<meta name=\"twitter:label1\" content=\"Dur\u00e9e de lecture est.\">\n\t<meta name=\"twitter:data1\" content=\"2 minutes\">\n<script type=\"application\/ld+json\" class=\"yoast-schema-graph\">{\"@context\":\"https:\/\/schema.org\",\"@graph\":[{\"@type\":\"Organization\",\"@id\":\"https:\/\/gesiic-sorbonne.fr\/#organization\",\"name\":\"Master GESIIC de l'universit\\u00e9 Paris I\",\"url\":\"https:\/\/gesiic-sorbonne.fr\/\",\"sameAs\":[\"https:\/\/www.instagram.com\/master2gesiic\/?hl=en\",\"https:\/\/www.linkedin.com\/company\/m2-gesiic\/\",\"https:\/\/twitter.com\/gesiic_sorbonne\"],\"logo\":{\"@type\":\"ImageObject\",\"@id\":\"https:\/\/gesiic-sorbonne.fr\/#logo\",\"inLanguage\":\"fr-FR\",\"url\":\"https:\/\/gesiic-sorbonne.fr\/wp-content\/uploads\/2020\/12\/logo-master-1.png\",\"contentUrl\":\"https:\/\/gesiic-sorbonne.fr\/wp-content\/uploads\/2020\/12\/logo-master-1.png\",\"width\":318,\"height\":226,\"caption\":\"Master GESIIC de l'universit\\u00e9 Paris I\"},\"image\":{\"@id\":\"https:\/\/gesiic-sorbonne.fr\/#logo\"}},{\"@type\":\"WebSite\",\"@id\":\"https:\/\/gesiic-sorbonne.fr\/#website\",\"url\":\"https:\/\/gesiic-sorbonne.fr\/\",\"name\":\"Gestion et Strat\\u00e9gie de l'Investissement Immobilier et de la Construction\",\"description\":\"Nous formons les promoteurs et investisseurs immobiliers de demain qui fa\\u00e7onneront les villes d&#039;apr\\u00e8s-demain\",\"publisher\":{\"@id\":\"https:\/\/gesiic-sorbonne.fr\/#organization\"},\"potentialAction\":[{\"@type\":\"SearchAction\",\"target\":\"https:\/\/gesiic-sorbonne.fr\/?s={search_term_string}\",\"query-input\":\"required name=search_term_string\"}],\"inLanguage\":\"fr-FR\"},{\"@type\":\"ImageObject\",\"@id\":\"https:\/\/gesiic-sorbonne.fr\/?page_id=3385#primaryimage\",\"inLanguage\":\"fr-FR\",\"url\":\"https:\/\/gesiic-sorbonne.fr\/wp-content\/uploads\/2023\/12\/Diplomes2.jpg\",\"contentUrl\":\"https:\/\/gesiic-sorbonne.fr\/wp-content\/uploads\/2023\/12\/Diplomes2.jpg\",\"width\":735,\"height\":405},{\"@type\":\"WebPage\",\"@id\":\"https:\/\/gesiic-sorbonne.fr\/?page_id=3385#webpage\",\"url\":\"https:\/\/gesiic-sorbonne.fr\/?page_id=3385\",\"name\":\"REMISE DE DIPL\\u00d4MES - Gestion et Strat\\u00e9gie de l&#039;Investissement Immobilier et de la Construction\",\"isPartOf\":{\"@id\":\"https:\/\/gesiic-sorbonne.fr\/#website\"},\"primaryImageOfPage\":{\"@id\":\"https:\/\/gesiic-sorbonne.fr\/?page_id=3385#primaryimage\"},\"datePublished\":\"2023-12-09T00:17:46+00:00\",\"dateModified\":\"2024-12-07T01:25:07+00:00\",\"breadcrumb\":{\"@id\":\"https:\/\/gesiic-sorbonne.fr\/?page_id=3385#breadcrumb\"},\"inLanguage\":\"fr-FR\",\"potentialAction\":[{\"@type\":\"ReadAction\",\"target\":[\"https:\/\/gesiic-sorbonne.fr\/?page_id=3385\"]}]},{\"@type\":\"BreadcrumbList\",\"@id\":\"https:\/\/gesiic-sorbonne.fr\/?page_id=3385#breadcrumb\",\"itemListElement\":[{\"@type\":\"ListItem\",\"position\":1,\"item\":{\"@type\":\"WebPage\",\"@id\":\"https:\/\/gesiic-sorbonne.fr\/\",\"url\":\"https:\/\/gesiic-sorbonne.fr\/\",\"name\":\"Accueil\"}},{\"@type\":\"ListItem\",\"position\":2,\"item\":{\"@type\":\"WebPage\",\"@id\":\"https:\/\/gesiic-sorbonne.fr\/?page_id=629\",\"url\":\"https:\/\/gesiic-sorbonne.fr\/?page_id=629\",\"name\":\"LA VIE DU MASTER\"}},{\"@type\":\"ListItem\",\"position\":3,\"item\":{\"@type\":\"WebPage\",\"@id\":\"https:\/\/gesiic-sorbonne.fr\/?page_id=633\",\"url\":\"https:\/\/gesiic-sorbonne.fr\/?page_id=633\",\"name\":\"EV\\u00c8NEMENTS\"}},{\"@type\":\"ListItem\",\"position\":4,\"item\":{\"@type\":\"WebPage\",\"@id\":\"https:\/\/gesiic-sorbonne.fr\/?page_id=3385\",\"url\":\"https:\/\/gesiic-sorbonne.fr\/?page_id=3385\",\"name\":\"REMISE DE DIPL\\u00d4MES\"}}]}]}<\/script>\n<!-- \/ Yoast SEO plugin. -->","_links":{"self":[{"href":"https:\/\/gesiic-sorbonne.fr\/index.php?rest_route=\/wp\/v2\/pages\/3385","targetHints":{"allow":["GET"]}}],"collection":[{"href":"https:\/\/gesiic-sorbonne.fr\/index.php?rest_route=\/wp\/v2\/pages"}],"about":[{"href":"https:\/\/gesiic-sorbonne.fr\/index.php?rest_route=\/wp\/v2\/types\/page"}],"author":[{"embeddable":true,"href":"https:\/\/gesiic-sorbonne.fr\/index.php?rest_route=\/wp\/v2\/users\/4"}],"replies":[{"embeddable":true,"href":"https:\/\/gesiic-sorbonne.fr\/index.php?rest_route=%2Fwp%2Fv2%2Fcomments&post=3385"}],"version-history":[{"count":2,"href":"https:\/\/gesiic-sorbonne.fr\/index.php?rest_route=\/wp\/v2\/pages\/3385\/revisions"}],"predecessor-version":[{"id":3732,"href":"https:\/\/gesiic-sorbonne.fr\/index.php?rest_route=\/wp\/v2\/pages\/3385\/revisions\/3732"}],"up":[{"embeddable":true,"href":"https:\/\/gesiic-sorbonne.fr\/index.php?rest_route=\/wp\/v2\/pages\/633"}],"wp:attachment":[{"href":"https:\/\/gesiic-sorbonne.fr\/index.php?rest_route=%2Fwp%2Fv2%2Fmedia&parent=3385"}],"curies":[{"name":"wp","href":"https:\/\/api.w.org\/{rel}","templated":true}]}}