{"id":3153,"date":"2023-03-22T19:30:37","date_gmt":"2023-03-22T18:30:37","guid":{"rendered":"https:\/\/gesiic-sorbonne.fr\/?page_id=3153"},"modified":"2025-06-25T12:27:33","modified_gmt":"2025-06-25T10:27:33","slug":"taxe-dapprentissage","status":"publish","type":"page","link":"https:\/\/gesiic-sorbonne.fr\/?page_id=3153","title":{"rendered":"TAXE D&rsquo;APPRENTISSAGE"},"content":{"rendered":"\n<p>En versant votre taxe d&rsquo;apprentissage de mani\u00e8re cibl\u00e9e au Master GESIIC de l&rsquo;Universit\u00e9 de Paris 1, vous contribuez \u00e0 son d\u00e9veloppement. Le processus de versement de taxe d&rsquo;apprentissage a chang\u00e9 plusieurs fois ces derni\u00e8res ann\u00e9es.<\/p>\n\n\n\n<p>Actuellement, ce versement se fait \u00e0 travers <a href=\"https:\/\/www.soltea.education.gouv.fr\/espace-public\/\"><strong><mark style=\"background-color:rgba(0, 0, 0, 0)\" class=\"has-inline-color has-vivid-cyan-blue-color\">Solt\u00e9a<\/mark><\/strong><\/a>, la plateforme de r\u00e9partition du solde de la taxe d&rsquo;apprentissage. Pour faire un versement au master GESIIC, voici les informations dont vous avez besoin : <\/p>\n\n\n\n<ul class=\"wp-block-list\">\n<li>UAI de l&rsquo;\u00e9tablissement Universit\u00e9 Paris 1 Panth\u00e9on Sorbonne&nbsp;: U751717J<\/li>\n\n\n\n<li>UAI de notre UFR (Ecole de management de la Sorbonne)&nbsp;: 0751966E<\/li>\n\n\n\n<li>et parmi les formations de notre UFR (menu d\u00e9roulant), vous pourrez trouver le master GESIIC.<\/li>\n<\/ul>\n\n\n\n<figure class=\"wp-block-image size-large\"><img loading=\"lazy\" decoding=\"async\" width=\"790\" height=\"1024\" src=\"https:\/\/gesiic-sorbonne.fr\/wp-content\/uploads\/2025\/06\/pas_a_pas_tableau2.png-790x1024.webp\" alt=\"\" class=\"wp-image-3968\" srcset=\"https:\/\/gesiic-sorbonne.fr\/wp-content\/uploads\/2025\/06\/pas_a_pas_tableau2.png-790x1024.webp 790w, https:\/\/gesiic-sorbonne.fr\/wp-content\/uploads\/2025\/06\/pas_a_pas_tableau2.png-231x300.webp 231w, https:\/\/gesiic-sorbonne.fr\/wp-content\/uploads\/2025\/06\/pas_a_pas_tableau2.png-768x995.webp 768w, https:\/\/gesiic-sorbonne.fr\/wp-content\/uploads\/2025\/06\/pas_a_pas_tableau2.png.webp 1003w\" sizes=\"auto, (max-width: 790px) 100vw, 790px\" \/><\/figure>\n\n\n\n<p>Le master GESIIC apparait comme \u00ab\u00a0<strong>Mention Management Sectoriel 35911<\/strong>\u00ab\u00a0.<\/p>\n\n\n\n<p>Gr\u00e2ce aux entreprises qui nous soutiennent, nous avons pu notamment : <\/p>\n\n\n\n<figure class=\"wp-block-table\"><table><tbody><tr><td class=\"has-text-align-center\" data-align=\"center\"><img loading=\"lazy\" decoding=\"async\" width=\"300\" height=\"215\" class=\"wp-image-3108\" style=\"width: 300px;\" src=\"https:\/\/gesiic-sorbonne.fr\/wp-content\/uploads\/2021\/09\/CRD2023.jpg\" alt=\"\" srcset=\"https:\/\/gesiic-sorbonne.fr\/wp-content\/uploads\/2021\/09\/CRD2023.jpg 600w, https:\/\/gesiic-sorbonne.fr\/wp-content\/uploads\/2021\/09\/CRD2023-300x215.jpg 300w\" sizes=\"auto, (max-width: 300px) 100vw, 300px\" \/><\/td><td>Organiser la c\u00e9r\u00e9monie de remise de dipl\u00f4me dans le grand salon de la Sorbonne, lieu magnifique<\/td><\/tr><tr><td class=\"has-text-align-center\" data-align=\"center\"><img loading=\"lazy\" decoding=\"async\" width=\"300\" height=\"199\" class=\"wp-image-2978\" style=\"width: 300px;\" src=\"https:\/\/gesiic-sorbonne.fr\/wp-content\/uploads\/2023\/02\/MAPIC2022.jpg\" alt=\"\" srcset=\"https:\/\/gesiic-sorbonne.fr\/wp-content\/uploads\/2023\/02\/MAPIC2022.jpg 1024w, https:\/\/gesiic-sorbonne.fr\/wp-content\/uploads\/2023\/02\/MAPIC2022-300x199.jpg 300w, https:\/\/gesiic-sorbonne.fr\/wp-content\/uploads\/2023\/02\/MAPIC2022-768x509.jpg 768w, https:\/\/gesiic-sorbonne.fr\/wp-content\/uploads\/2023\/02\/MAPIC2022-370x247.jpg 370w\" sizes=\"auto, (max-width: 300px) 100vw, 300px\" \/><\/td><td>Financer la participation d&rsquo;une d\u00e9l\u00e9gation de nos \u00e9tudiant(e)s aux salons immobiliers \u00e0 Cannes<\/td><\/tr><tr><td class=\"has-text-align-center\" data-align=\"center\"><img loading=\"lazy\" decoding=\"async\" width=\"300\" height=\"177\" class=\"wp-image-2960\" style=\"width: 300px;\" src=\"https:\/\/gesiic-sorbonne.fr\/wp-content\/uploads\/2022\/12\/ShadowBrux2022fun.jpg\" alt=\"\" srcset=\"https:\/\/gesiic-sorbonne.fr\/wp-content\/uploads\/2022\/12\/ShadowBrux2022fun.jpg 1024w, https:\/\/gesiic-sorbonne.fr\/wp-content\/uploads\/2022\/12\/ShadowBrux2022fun-300x177.jpg 300w, https:\/\/gesiic-sorbonne.fr\/wp-content\/uploads\/2022\/12\/ShadowBrux2022fun-768x454.jpg 768w\" sizes=\"auto, (max-width: 300px) 100vw, 300px\" \/><\/td><td>Envoyer nos \u00e9tudiant(e)s pour un shadow comex \u00e0 Bruxelles<\/td><\/tr><tr><td class=\"has-text-align-center\" data-align=\"center\"><img loading=\"lazy\" decoding=\"async\" width=\"300\" height=\"163\" class=\"wp-image-2439\" style=\"width: 300px;\" src=\"https:\/\/gesiic-sorbonne.fr\/wp-content\/uploads\/2021\/09\/Bruxelles1.jpg\" alt=\"\" srcset=\"https:\/\/gesiic-sorbonne.fr\/wp-content\/uploads\/2021\/09\/Bruxelles1.jpg 600w, https:\/\/gesiic-sorbonne.fr\/wp-content\/uploads\/2021\/09\/Bruxelles1-300x163.jpg 300w\" sizes=\"auto, (max-width: 300px) 100vw, 300px\" \/><\/td><td>Envoyer nos \u00e9tudiant(e)s en voyage d&rsquo;\u00e9tude \u00e0 l&rsquo;\u00e9tranger<\/td><\/tr><tr><td class=\"has-text-align-center\" data-align=\"center\"><img loading=\"lazy\" decoding=\"async\" width=\"150\" height=\"218\" class=\"wp-image-2873\" style=\"width: 150px;\" src=\"https:\/\/gesiic-sorbonne.fr\/wp-content\/uploads\/2022\/09\/CouvertureEllipses-petite.jpg\" alt=\"\" srcset=\"https:\/\/gesiic-sorbonne.fr\/wp-content\/uploads\/2022\/09\/CouvertureEllipses-petite.jpg 220w, https:\/\/gesiic-sorbonne.fr\/wp-content\/uploads\/2022\/09\/CouvertureEllipses-petite-206x300.jpg 206w\" sizes=\"auto, (max-width: 150px) 100vw, 150px\" \/><\/td><td>Acheter des livres pour nos \u00e9tudiants<\/td><\/tr><\/tbody><\/table><\/figure>\n\n\n\n<p>En effet, le master GESIIC est une formation universitaire qui s&rsquo;attache \u00e0 ce que tous les \u00e9tudiant(e)s m\u00e9ritants puissent suivre la formation et participer \u00e0 toutes nos activit\u00e9s sans subir d&rsquo;in\u00e9galit\u00e9s de revenu.<\/p>\n\n\n\n<p><strong>Vous pouvez nous aider dans cette mission en fl\u00e9chant une partie de votre taxe d&rsquo;apprentissage pour le dipl\u00f4me.<\/strong><\/p>\n\n\n\n<p><\/p>\n\n\n\n<p>Pour toute question\/difficult\u00e9\/proposition, n&rsquo;h\u00e9sitez pas \u00e0 contacter notre gestionnaire :<\/p>\n\n\n\n<p>Bureau E613<br>17 rue de la Sorbonne &#8211; 75005 Paris<br><a href=\"mailto:M2GESIIC-EMS@univ-paris1.fr\"><span class=\"has-inline-color has-vivid-cyan-blue-color\">M2GESIIC-EMS@univ-paris1.fr<\/span><\/a><br>Tel 01 40 46 26 76<\/p>\n\n\n\n<div class=\"wp-block-buttons is-layout-flex wp-block-buttons-is-layout-flex\">\n<div class=\"wp-block-button is-style-outline is-style-outline--1\"><a class=\"wp-block-button__link wp-element-button\" href=\"https:\/\/gesiic-sorbonne.fr\/?page_id=648\"><mark style=\"background-color:rgba(0, 0, 0, 0)\" class=\"has-inline-color has-vivid-cyan-blue-color\">Nos Partenaires<\/mark><\/a><\/div>\n<\/div>\n","protected":false},"excerpt":{"rendered":"<p>En versant votre taxe d&rsquo;apprentissage de mani\u00e8re cibl\u00e9e au Master GESIIC de l&rsquo;Universit\u00e9 de Paris 1, vous contribuez \u00e0 son &hellip; <\/p>\n","protected":false},"author":4,"featured_media":0,"parent":648,"menu_order":0,"comment_status":"closed","ping_status":"closed","template":"","meta":{"_cbd_carousel_blocks":"[]","_monsterinsights_skip_tracking":false,"_monsterinsights_sitenote_active":false,"_monsterinsights_sitenote_note":"","_monsterinsights_sitenote_category":0,"footnotes":""},"class_list":["post-3153","page","type-page","status-publish","hentry"],"yoast_head":"<!-- This site is optimized with the Yoast SEO plugin v16.1.1 - https:\/\/yoast.com\/wordpress\/plugins\/seo\/ -->\n<title>TAXE D&#039;APPRENTISSAGE - Gestion et Strat\u00e9gie de l&#039;Investissement Immobilier et de la Construction<\/title>\n<link rel=\"canonical\" href=\"https:\/\/gesiic-sorbonne.fr\/?page_id=3153\" \/>\n<meta property=\"og:locale\" content=\"fr_FR\" \/>\n<meta property=\"og:type\" content=\"article\" \/>\n<meta property=\"og:title\" content=\"TAXE D&#039;APPRENTISSAGE - Gestion et Strat\u00e9gie de l&#039;Investissement Immobilier et de la Construction\" \/>\n<meta property=\"og:description\" content=\"En versant votre taxe d&rsquo;apprentissage de mani\u00e8re cibl\u00e9e au Master GESIIC de l&rsquo;Universit\u00e9 de Paris 1, vous contribuez \u00e0 son &hellip;\" \/>\n<meta property=\"og:url\" content=\"https:\/\/gesiic-sorbonne.fr\/?page_id=3153\" \/>\n<meta property=\"og:site_name\" content=\"Gestion et Strat\u00e9gie de l&#039;Investissement Immobilier et de la Construction\" \/>\n<meta property=\"article:modified_time\" content=\"2025-06-25T10:27:33+00:00\" \/>\n<meta property=\"og:image\" content=\"https:\/\/gesiic-sorbonne.fr\/wp-content\/uploads\/2025\/06\/pas_a_pas_tableau2.png-790x1024.webp\" \/>\n<meta name=\"twitter:card\" content=\"summary_large_image\" \/>\n<meta name=\"twitter:site\" content=\"@gesiic_sorbonne\" \/>\n<meta name=\"twitter:label1\" content=\"Dur\u00e9e de lecture est.\">\n\t<meta name=\"twitter:data1\" content=\"3 minutes\">\n<script type=\"application\/ld+json\" class=\"yoast-schema-graph\">{\"@context\":\"https:\/\/schema.org\",\"@graph\":[{\"@type\":\"Organization\",\"@id\":\"https:\/\/gesiic-sorbonne.fr\/#organization\",\"name\":\"Master GESIIC de l'universit\\u00e9 Paris I\",\"url\":\"https:\/\/gesiic-sorbonne.fr\/\",\"sameAs\":[\"https:\/\/www.instagram.com\/master2gesiic\/?hl=en\",\"https:\/\/www.linkedin.com\/company\/m2-gesiic\/\",\"https:\/\/twitter.com\/gesiic_sorbonne\"],\"logo\":{\"@type\":\"ImageObject\",\"@id\":\"https:\/\/gesiic-sorbonne.fr\/#logo\",\"inLanguage\":\"fr-FR\",\"url\":\"https:\/\/gesiic-sorbonne.fr\/wp-content\/uploads\/2020\/12\/logo-master-1.png\",\"contentUrl\":\"https:\/\/gesiic-sorbonne.fr\/wp-content\/uploads\/2020\/12\/logo-master-1.png\",\"width\":318,\"height\":226,\"caption\":\"Master GESIIC de l'universit\\u00e9 Paris I\"},\"image\":{\"@id\":\"https:\/\/gesiic-sorbonne.fr\/#logo\"}},{\"@type\":\"WebSite\",\"@id\":\"https:\/\/gesiic-sorbonne.fr\/#website\",\"url\":\"https:\/\/gesiic-sorbonne.fr\/\",\"name\":\"Gestion et Strat\\u00e9gie de l'Investissement Immobilier et de la Construction\",\"description\":\"Nous formons les promoteurs et investisseurs immobiliers de demain qui fa\\u00e7onneront les villes d&#039;apr\\u00e8s-demain\",\"publisher\":{\"@id\":\"https:\/\/gesiic-sorbonne.fr\/#organization\"},\"potentialAction\":[{\"@type\":\"SearchAction\",\"target\":\"https:\/\/gesiic-sorbonne.fr\/?s={search_term_string}\",\"query-input\":\"required name=search_term_string\"}],\"inLanguage\":\"fr-FR\"},{\"@type\":\"ImageObject\",\"@id\":\"https:\/\/gesiic-sorbonne.fr\/?page_id=3153#primaryimage\",\"inLanguage\":\"fr-FR\",\"url\":\"https:\/\/gesiic-sorbonne.fr\/wp-content\/uploads\/2025\/06\/pas_a_pas_tableau2.png-790x1024.webp\",\"contentUrl\":\"https:\/\/gesiic-sorbonne.fr\/wp-content\/uploads\/2025\/06\/pas_a_pas_tableau2.png-790x1024.webp\"},{\"@type\":\"WebPage\",\"@id\":\"https:\/\/gesiic-sorbonne.fr\/?page_id=3153#webpage\",\"url\":\"https:\/\/gesiic-sorbonne.fr\/?page_id=3153\",\"name\":\"TAXE D'APPRENTISSAGE - Gestion et Strat\\u00e9gie de l&#039;Investissement Immobilier et de la Construction\",\"isPartOf\":{\"@id\":\"https:\/\/gesiic-sorbonne.fr\/#website\"},\"primaryImageOfPage\":{\"@id\":\"https:\/\/gesiic-sorbonne.fr\/?page_id=3153#primaryimage\"},\"datePublished\":\"2023-03-22T18:30:37+00:00\",\"dateModified\":\"2025-06-25T10:27:33+00:00\",\"breadcrumb\":{\"@id\":\"https:\/\/gesiic-sorbonne.fr\/?page_id=3153#breadcrumb\"},\"inLanguage\":\"fr-FR\",\"potentialAction\":[{\"@type\":\"ReadAction\",\"target\":[\"https:\/\/gesiic-sorbonne.fr\/?page_id=3153\"]}]},{\"@type\":\"BreadcrumbList\",\"@id\":\"https:\/\/gesiic-sorbonne.fr\/?page_id=3153#breadcrumb\",\"itemListElement\":[{\"@type\":\"ListItem\",\"position\":1,\"item\":{\"@type\":\"WebPage\",\"@id\":\"https:\/\/gesiic-sorbonne.fr\/\",\"url\":\"https:\/\/gesiic-sorbonne.fr\/\",\"name\":\"Accueil\"}},{\"@type\":\"ListItem\",\"position\":2,\"item\":{\"@type\":\"WebPage\",\"@id\":\"https:\/\/gesiic-sorbonne.fr\/?page_id=648\",\"url\":\"https:\/\/gesiic-sorbonne.fr\/?page_id=648\",\"name\":\"NOS PARTENAIRES\"}},{\"@type\":\"ListItem\",\"position\":3,\"item\":{\"@type\":\"WebPage\",\"@id\":\"https:\/\/gesiic-sorbonne.fr\/?page_id=3153\",\"url\":\"https:\/\/gesiic-sorbonne.fr\/?page_id=3153\",\"name\":\"TAXE D&rsquo;APPRENTISSAGE\"}}]}]}<\/script>\n<!-- \/ Yoast SEO plugin. -->","_links":{"self":[{"href":"https:\/\/gesiic-sorbonne.fr\/index.php?rest_route=\/wp\/v2\/pages\/3153","targetHints":{"allow":["GET"]}}],"collection":[{"href":"https:\/\/gesiic-sorbonne.fr\/index.php?rest_route=\/wp\/v2\/pages"}],"about":[{"href":"https:\/\/gesiic-sorbonne.fr\/index.php?rest_route=\/wp\/v2\/types\/page"}],"author":[{"embeddable":true,"href":"https:\/\/gesiic-sorbonne.fr\/index.php?rest_route=\/wp\/v2\/users\/4"}],"replies":[{"embeddable":true,"href":"https:\/\/gesiic-sorbonne.fr\/index.php?rest_route=%2Fwp%2Fv2%2Fcomments&post=3153"}],"version-history":[{"count":4,"href":"https:\/\/gesiic-sorbonne.fr\/index.php?rest_route=\/wp\/v2\/pages\/3153\/revisions"}],"predecessor-version":[{"id":3970,"href":"https:\/\/gesiic-sorbonne.fr\/index.php?rest_route=\/wp\/v2\/pages\/3153\/revisions\/3970"}],"up":[{"embeddable":true,"href":"https:\/\/gesiic-sorbonne.fr\/index.php?rest_route=\/wp\/v2\/pages\/648"}],"wp:attachment":[{"href":"https:\/\/gesiic-sorbonne.fr\/index.php?rest_route=%2Fwp%2Fv2%2Fmedia&parent=3153"}],"curies":[{"name":"wp","href":"https:\/\/api.w.org\/{rel}","templated":true}]}}