{"id":3091,"date":"2023-03-09T10:22:58","date_gmt":"2023-03-09T09:22:58","guid":{"rendered":"https:\/\/gesiic-sorbonne.fr\/?page_id=3091"},"modified":"2025-05-04T02:38:43","modified_gmt":"2025-05-04T00:38:43","slug":"atelier-negociation","status":"publish","type":"page","link":"https:\/\/gesiic-sorbonne.fr\/?page_id=3091","title":{"rendered":"ATELIER NEGOCIATION"},"content":{"rendered":"\n<p>Comme les <a href=\"https:\/\/gesiic-sorbonne.fr\/?page_id=2462\" target=\"_blank\" rel=\"noreferrer noopener\">shadow comex<\/a>, les ateliers de n\u00e9gociation constituent un autre exercice p\u00e9dagogique au cours desquels les \u00e9tudiants du GESIIC sont amen\u00e9s \u00e0 s&rsquo;immerger dans le r\u00f4le d&rsquo;une \u00e9quipe de cadres immobiliers en situation.<\/p>\n\n\n<div class=\"wp-block-image\">\n<figure class=\"aligncenter size-full\"><img loading=\"lazy\" decoding=\"async\" width=\"735\" height=\"423\" src=\"https:\/\/gesiic-sorbonne.fr\/wp-content\/uploads\/2023\/03\/AtelierNego2023.jpg\" alt=\"\" class=\"wp-image-3092\" srcset=\"https:\/\/gesiic-sorbonne.fr\/wp-content\/uploads\/2023\/03\/AtelierNego2023.jpg 735w, https:\/\/gesiic-sorbonne.fr\/wp-content\/uploads\/2023\/03\/AtelierNego2023-300x173.jpg 300w\" sizes=\"auto, (max-width: 735px) 100vw, 735px\" \/><\/figure>\n<\/div>\n\n\n<p><\/p>\n\n\n\n<p>Les ateliers de n\u00e9gociation de bail commercial consistent \u00e0 mener des r\u00e9unions de n\u00e9gociation parall\u00e8les,<br>avec mise en situation, par trois \u00e9quipes de preneurs (parcours RED) avec trois \u00e9quipes de bailleurs (parcours REIM) en concurrence : <\/p>\n\n\n\n<p>&#8211; Les bailleurs, qui auront pour mission de donner en location les espaces de bureaux et les places<br>de parking de leurs immeubles.<br>&#8211; Les preneurs, qui auront pour mission de prendre \u00e0 bail des espaces de bureaux et des places<br>de parking conform\u00e9ment aux besoins et objectifs exprim\u00e9s dans l\u2019\u00e9tude de cas.<br><\/p>\n\n\n\n<div class=\"wp-block-media-text has-media-on-the-right is-stacked-on-mobile\" style=\"grid-template-columns:auto 36%\"><div class=\"wp-block-media-text__content\">\n<p>Les n\u00e9gociations (encadr\u00e9es par Yilmaz Karauc) sont \u00e9tal\u00e9es sur plusieurs rounds de n\u00e9gociation men\u00e9s dans les locaux professionnels de notre partenaire Morning (pour parfaire la mise en situation).<\/p>\n<\/div><figure class=\"wp-block-media-text__media\"><img loading=\"lazy\" decoding=\"async\" width=\"320\" height=\"97\" src=\"https:\/\/gesiic-sorbonne.fr\/wp-content\/uploads\/2024\/12\/Logo_Morning.png\" alt=\"\" class=\"wp-image-3735 size-full\" srcset=\"https:\/\/gesiic-sorbonne.fr\/wp-content\/uploads\/2024\/12\/Logo_Morning.png 320w, https:\/\/gesiic-sorbonne.fr\/wp-content\/uploads\/2024\/12\/Logo_Morning-300x91.png 300w\" sizes=\"auto, (max-width: 320px) 100vw, 320px\" \/><\/figure><\/div>\n\n\n\n<p>Les groupes d&rsquo;\u00e9tudiants n\u00e9gocient en parall\u00e8le (dans des salles diff\u00e9rentes) pour arracher un deal : <\/p>\n\n\n\n<figure class=\"wp-block-image size-full\"><img loading=\"lazy\" decoding=\"async\" width=\"1000\" height=\"457\" src=\"https:\/\/gesiic-sorbonne.fr\/wp-content\/uploads\/2024\/09\/Nego2025.jpg\" alt=\"\" class=\"wp-image-3933\" srcset=\"https:\/\/gesiic-sorbonne.fr\/wp-content\/uploads\/2024\/09\/Nego2025.jpg 1000w, https:\/\/gesiic-sorbonne.fr\/wp-content\/uploads\/2024\/09\/Nego2025-300x137.jpg 300w, https:\/\/gesiic-sorbonne.fr\/wp-content\/uploads\/2024\/09\/Nego2025-768x351.jpg 768w\" sizes=\"auto, (max-width: 1000px) 100vw, 1000px\" \/><\/figure>\n\n\n\n<figure class=\"wp-block-embed is-type-video is-provider-youtube wp-block-embed-youtube wp-embed-aspect-16-9 wp-has-aspect-ratio\"><div class=\"wp-block-embed__wrapper\">\n<iframe loading=\"lazy\" title=\"GESIIC - Ateliers de n\u00e9gociation\" width=\"750\" height=\"422\" src=\"https:\/\/www.youtube.com\/embed\/NbVx54aY3f8?feature=oembed\" frameborder=\"0\" allow=\"accelerometer; autoplay; clipboard-write; encrypted-media; gyroscope; picture-in-picture; web-share\" referrerpolicy=\"strict-origin-when-cross-origin\" allowfullscreen><\/iframe>\n<\/div><\/figure>\n\n\n\n<p class=\"has-text-align-right\">(<em>Petite vid\u00e9o r\u00e9alis\u00e9e par un groupe d&rsquo;\u00e9tudiants<\/em>)<\/p>\n","protected":false},"excerpt":{"rendered":"<p>Comme les shadow comex, les ateliers de n\u00e9gociation constituent un autre exercice p\u00e9dagogique au cours desquels les \u00e9tudiants du GESIIC &hellip; <\/p>\n","protected":false},"author":4,"featured_media":0,"parent":633,"menu_order":0,"comment_status":"closed","ping_status":"closed","template":"","meta":{"_cbd_carousel_blocks":"[]","_monsterinsights_skip_tracking":false,"_monsterinsights_sitenote_active":false,"_monsterinsights_sitenote_note":"","_monsterinsights_sitenote_category":0,"footnotes":""},"class_list":["post-3091","page","type-page","status-publish","hentry"],"yoast_head":"<!-- This site is optimized with the Yoast SEO plugin v16.1.1 - https:\/\/yoast.com\/wordpress\/plugins\/seo\/ -->\n<title>ATELIER NEGOCIATION - Gestion et Strat\u00e9gie de l&#039;Investissement Immobilier et de la Construction<\/title>\n<link rel=\"canonical\" href=\"https:\/\/gesiic-sorbonne.fr\/?page_id=3091\" \/>\n<meta property=\"og:locale\" content=\"fr_FR\" \/>\n<meta property=\"og:type\" content=\"article\" \/>\n<meta property=\"og:title\" content=\"ATELIER NEGOCIATION - Gestion et Strat\u00e9gie de l&#039;Investissement Immobilier et de la Construction\" \/>\n<meta property=\"og:description\" content=\"Comme les shadow comex, les ateliers de n\u00e9gociation constituent un autre exercice p\u00e9dagogique au cours desquels les \u00e9tudiants du GESIIC &hellip;\" \/>\n<meta property=\"og:url\" content=\"https:\/\/gesiic-sorbonne.fr\/?page_id=3091\" \/>\n<meta property=\"og:site_name\" content=\"Gestion et Strat\u00e9gie de l&#039;Investissement Immobilier et de la Construction\" \/>\n<meta property=\"article:modified_time\" content=\"2025-05-04T00:38:43+00:00\" \/>\n<meta property=\"og:image\" content=\"https:\/\/gesiic-sorbonne.fr\/wp-content\/uploads\/2023\/03\/AtelierNego2023.jpg\" \/>\n<meta name=\"twitter:card\" content=\"summary_large_image\" \/>\n<meta name=\"twitter:site\" content=\"@gesiic_sorbonne\" \/>\n<meta name=\"twitter:label1\" content=\"Dur\u00e9e de lecture est.\">\n\t<meta name=\"twitter:data1\" content=\"1 minute\">\n<script type=\"application\/ld+json\" class=\"yoast-schema-graph\">{\"@context\":\"https:\/\/schema.org\",\"@graph\":[{\"@type\":\"Organization\",\"@id\":\"https:\/\/gesiic-sorbonne.fr\/#organization\",\"name\":\"Master GESIIC de l'universit\\u00e9 Paris I\",\"url\":\"https:\/\/gesiic-sorbonne.fr\/\",\"sameAs\":[\"https:\/\/www.instagram.com\/master2gesiic\/?hl=en\",\"https:\/\/www.linkedin.com\/company\/m2-gesiic\/\",\"https:\/\/twitter.com\/gesiic_sorbonne\"],\"logo\":{\"@type\":\"ImageObject\",\"@id\":\"https:\/\/gesiic-sorbonne.fr\/#logo\",\"inLanguage\":\"fr-FR\",\"url\":\"https:\/\/gesiic-sorbonne.fr\/wp-content\/uploads\/2020\/12\/logo-master-1.png\",\"contentUrl\":\"https:\/\/gesiic-sorbonne.fr\/wp-content\/uploads\/2020\/12\/logo-master-1.png\",\"width\":318,\"height\":226,\"caption\":\"Master GESIIC de l'universit\\u00e9 Paris I\"},\"image\":{\"@id\":\"https:\/\/gesiic-sorbonne.fr\/#logo\"}},{\"@type\":\"WebSite\",\"@id\":\"https:\/\/gesiic-sorbonne.fr\/#website\",\"url\":\"https:\/\/gesiic-sorbonne.fr\/\",\"name\":\"Gestion et Strat\\u00e9gie de l'Investissement Immobilier et de la Construction\",\"description\":\"Nous formons les promoteurs et investisseurs immobiliers de demain qui fa\\u00e7onneront les villes d&#039;apr\\u00e8s-demain\",\"publisher\":{\"@id\":\"https:\/\/gesiic-sorbonne.fr\/#organization\"},\"potentialAction\":[{\"@type\":\"SearchAction\",\"target\":\"https:\/\/gesiic-sorbonne.fr\/?s={search_term_string}\",\"query-input\":\"required name=search_term_string\"}],\"inLanguage\":\"fr-FR\"},{\"@type\":\"ImageObject\",\"@id\":\"https:\/\/gesiic-sorbonne.fr\/?page_id=3091#primaryimage\",\"inLanguage\":\"fr-FR\",\"url\":\"https:\/\/gesiic-sorbonne.fr\/wp-content\/uploads\/2023\/03\/AtelierNego2023.jpg\",\"contentUrl\":\"https:\/\/gesiic-sorbonne.fr\/wp-content\/uploads\/2023\/03\/AtelierNego2023.jpg\",\"width\":735,\"height\":423},{\"@type\":\"WebPage\",\"@id\":\"https:\/\/gesiic-sorbonne.fr\/?page_id=3091#webpage\",\"url\":\"https:\/\/gesiic-sorbonne.fr\/?page_id=3091\",\"name\":\"ATELIER NEGOCIATION - Gestion et Strat\\u00e9gie de l&#039;Investissement Immobilier et de la Construction\",\"isPartOf\":{\"@id\":\"https:\/\/gesiic-sorbonne.fr\/#website\"},\"primaryImageOfPage\":{\"@id\":\"https:\/\/gesiic-sorbonne.fr\/?page_id=3091#primaryimage\"},\"datePublished\":\"2023-03-09T09:22:58+00:00\",\"dateModified\":\"2025-05-04T00:38:43+00:00\",\"breadcrumb\":{\"@id\":\"https:\/\/gesiic-sorbonne.fr\/?page_id=3091#breadcrumb\"},\"inLanguage\":\"fr-FR\",\"potentialAction\":[{\"@type\":\"ReadAction\",\"target\":[\"https:\/\/gesiic-sorbonne.fr\/?page_id=3091\"]}]},{\"@type\":\"BreadcrumbList\",\"@id\":\"https:\/\/gesiic-sorbonne.fr\/?page_id=3091#breadcrumb\",\"itemListElement\":[{\"@type\":\"ListItem\",\"position\":1,\"item\":{\"@type\":\"WebPage\",\"@id\":\"https:\/\/gesiic-sorbonne.fr\/\",\"url\":\"https:\/\/gesiic-sorbonne.fr\/\",\"name\":\"Accueil\"}},{\"@type\":\"ListItem\",\"position\":2,\"item\":{\"@type\":\"WebPage\",\"@id\":\"https:\/\/gesiic-sorbonne.fr\/?page_id=629\",\"url\":\"https:\/\/gesiic-sorbonne.fr\/?page_id=629\",\"name\":\"LA VIE DU MASTER\"}},{\"@type\":\"ListItem\",\"position\":3,\"item\":{\"@type\":\"WebPage\",\"@id\":\"https:\/\/gesiic-sorbonne.fr\/?page_id=633\",\"url\":\"https:\/\/gesiic-sorbonne.fr\/?page_id=633\",\"name\":\"EV\\u00c8NEMENTS\"}},{\"@type\":\"ListItem\",\"position\":4,\"item\":{\"@type\":\"WebPage\",\"@id\":\"https:\/\/gesiic-sorbonne.fr\/?page_id=3091\",\"url\":\"https:\/\/gesiic-sorbonne.fr\/?page_id=3091\",\"name\":\"ATELIER NEGOCIATION\"}}]}]}<\/script>\n<!-- \/ Yoast SEO plugin. -->","_links":{"self":[{"href":"https:\/\/gesiic-sorbonne.fr\/index.php?rest_route=\/wp\/v2\/pages\/3091","targetHints":{"allow":["GET"]}}],"collection":[{"href":"https:\/\/gesiic-sorbonne.fr\/index.php?rest_route=\/wp\/v2\/pages"}],"about":[{"href":"https:\/\/gesiic-sorbonne.fr\/index.php?rest_route=\/wp\/v2\/types\/page"}],"author":[{"embeddable":true,"href":"https:\/\/gesiic-sorbonne.fr\/index.php?rest_route=\/wp\/v2\/users\/4"}],"replies":[{"embeddable":true,"href":"https:\/\/gesiic-sorbonne.fr\/index.php?rest_route=%2Fwp%2Fv2%2Fcomments&post=3091"}],"version-history":[{"count":4,"href":"https:\/\/gesiic-sorbonne.fr\/index.php?rest_route=\/wp\/v2\/pages\/3091\/revisions"}],"predecessor-version":[{"id":3939,"href":"https:\/\/gesiic-sorbonne.fr\/index.php?rest_route=\/wp\/v2\/pages\/3091\/revisions\/3939"}],"up":[{"embeddable":true,"href":"https:\/\/gesiic-sorbonne.fr\/index.php?rest_route=\/wp\/v2\/pages\/633"}],"wp:attachment":[{"href":"https:\/\/gesiic-sorbonne.fr\/index.php?rest_route=%2Fwp%2Fv2%2Fmedia&parent=3091"}],"curies":[{"name":"wp","href":"https:\/\/api.w.org\/{rel}","templated":true}]}}