{"id":3033,"date":"2023-02-10T11:48:49","date_gmt":"2023-02-10T10:48:49","guid":{"rendered":"https:\/\/gesiic-sorbonne.fr\/?page_id=3033"},"modified":"2025-04-01T11:38:54","modified_gmt":"2025-04-01T09:38:54","slug":"master-2-gesiic-parcours-red","status":"publish","type":"page","link":"https:\/\/gesiic-sorbonne.fr\/?page_id=3033","title":{"rendered":"MASTER 2 GESIIC &#8211; parcours RED"},"content":{"rendered":"\n<p><em>Pour une pr\u00e9sentation du d\u00e9doublement du master GESIIC en septembre 2023, cf. <a href=\"https:\/\/gesiic-sorbonne.fr\/?page_id=2997\"><mark style=\"background-color:rgba(0, 0, 0, 0)\" class=\"has-inline-color has-vivid-cyan-blue-color\">la page consacr\u00e9e<\/mark><\/a>.<\/em><\/p>\n\n\n\n<p>Le parcours RED s&rsquo;intitule <strong><mark style=\"background-color:rgba(0, 0, 0, 0)\" class=\"has-inline-color has-vivid-red-color\">Real Estate Development<\/mark><\/strong><\/p>\n\n\n\n<h3 class=\"wp-block-heading\">LES MATI\u00c8RES au parcours RED<\/h3>\n\n\n\n<p>La formation est assur\u00e9e par des enseignants-chercheurs (professeurs et ma\u00eetres de conf\u00e9rences) et des professionnels dont l\u2019expertise est reconnue au niveau national et international. Elle s\u2019articule autour des cinq modules suivants :<\/p>\n\n\n\n<div class=\"wp-block-columns is-layout-flex wp-container-core-columns-is-layout-9d6595d7 wp-block-columns-is-layout-flex\">\n<div class=\"wp-block-column is-layout-flow wp-block-column-is-layout-flow\">\n<h4 class=\"wp-block-heading\">D\u00e9veloppement immobilier <\/h4>\n\n\n\n<ul class=\"wp-block-list\">\n<li>Promotion immobili\u00e8re<\/li>\n\n\n\n<li>D\u00e9veloppement durable <\/li>\n\n\n\n<li>Financement <\/li>\n\n\n\n<li>Am\u00e9nagement urbain<\/li>\n\n\n\n<li>Asset management<\/li>\n\n\n\n<li>Marketing immobilier<\/li>\n\n\n\n<li>Prospection fonci\u00e8re<\/li>\n<\/ul>\n\n\n\n<h4 class=\"wp-block-heading\">M\u00e9moire de recherche<\/h4>\n\n\n\n<ul class=\"wp-block-list\">\n<li>M\u00e9moire de recherche<\/li>\n\n\n\n<li>Rapport d&rsquo;activit\u00e9<\/li>\n<\/ul>\n<\/div>\n\n\n\n<div class=\"wp-block-column is-layout-flow wp-block-column-is-layout-flow\">\n<h4 class=\"wp-block-heading\">Management de projets immobiliers<\/h4>\n\n\n\n<ul class=\"wp-block-list\">\n<li>Conduite de projets,<\/li>\n\n\n\n<li>Techniques et technologie du b\u00e2timent,<\/li>\n\n\n\n<li>Expertise immobili\u00e8re,<\/li>\n\n\n\n<li>N\u00e9gociation,<\/li>\n\n\n\n<li>Strat\u00e9gie immobili\u00e8re<\/li>\n<\/ul>\n\n\n\n<h4 class=\"wp-block-heading\">Mise en situation<\/h4>\n\n\n\n<ul class=\"wp-block-list\">\n<li>Conduite d&rsquo;un projet r\u00e9el <\/li>\n\n\n\n<li>Shadow comex,<\/li>\n\n\n\n<li>Atelier de n\u00e9gociation<\/li>\n<\/ul>\n<\/div>\n\n\n\n<div class=\"wp-block-column is-layout-flow wp-block-column-is-layout-flow\">\n<h4 class=\"wp-block-heading\">Droit immobilier<\/h4>\n\n\n\n<ul class=\"wp-block-list\">\n<li>Droit de l&rsquo;urbanisme<\/li>\n\n\n\n<li>Droit de la construction<\/li>\n\n\n\n<li>Droit des baux<\/li>\n\n\n\n<li>Droit des obligations <\/li>\n\n\n\n<li>Droit public et administratif<\/li>\n\n\n\n<li>Fiscalit\u00e9 du d\u00e9veloppement immobilier<\/li>\n\n\n\n<li>Droit de l&rsquo;environnement<\/li>\n<\/ul>\n\n\n\n<p><\/p>\n<\/div>\n<\/div>\n\n\n\n<hr class=\"wp-block-separator has-alpha-channel-opacity\"\/>\n\n\n\n<div class=\"wp-block-media-text alignwide is-stacked-on-mobile\" style=\"grid-template-columns:23% auto\"><figure class=\"wp-block-media-text__media\"><img loading=\"lazy\" decoding=\"async\" width=\"521\" height=\"521\" src=\"https:\/\/gesiic-sorbonne.fr\/wp-content\/uploads\/2023\/02\/Cadre-RED.gif\" alt=\"\" class=\"wp-image-3001 size-full\"\/><\/figure><div class=\"wp-block-media-text__content\">\n<h3 class=\"wp-block-heading\">M\u00e9tiers vis\u00e9s : <\/h3>\n\n\n\n<ul class=\"wp-block-list\">\n<li><strong>Responsable de programme (promotion immobili\u00e8re<\/strong>)<\/li>\n\n\n\n<li>Responsable de d\u00e9veloppement<\/li>\n\n\n\n<li>Assistant \u00e0 Ma\u00eetrise d&rsquo;Ouvrage<\/li>\n\n\n\n<li>Am\u00e9nageur, <\/li>\n\n\n\n<li>Expert immobilier, auditeur immobilier<\/li>\n\n\n\n<li>Consultant immobilier<\/li>\n<\/ul>\n<\/div><\/div>\n\n\n\n<hr class=\"wp-block-separator has-alpha-channel-opacity\"\/>\n\n\n\n<div class=\"wp-block-media-text alignwide has-media-on-the-right is-stacked-on-mobile\" style=\"grid-template-columns:auto 31%\"><div class=\"wp-block-media-text__content\">\n<h3 class=\"wp-block-heading\">Partenariat : <\/h3>\n\n\n\n<p>Le master GESIIC-RED a nou\u00e9 un partenariat pluriannuel avec la <a href=\"https:\/\/fpifrance.fr\/\" target=\"_blank\" rel=\"noreferrer noopener\"><mark style=\"background-color:rgba(0, 0, 0, 0)\" class=\"has-inline-color has-vivid-cyan-blue-color\">FPI<\/mark><\/a>. Il permet \u00e0 nos \u00e9tudiants d\u2019\u00eatre associ\u00e9s aux travaux de cette association qui repr\u00e9sente les int\u00e9r\u00eats des promoteurs immobiliers.<\/p>\n<\/div><figure class=\"wp-block-media-text__media\"><img loading=\"lazy\" decoding=\"async\" width=\"512\" height=\"301\" src=\"https:\/\/gesiic-sorbonne.fr\/wp-content\/uploads\/2021\/10\/fpi-logo.png\" alt=\"\" class=\"wp-image-2390 size-full\" srcset=\"https:\/\/gesiic-sorbonne.fr\/wp-content\/uploads\/2021\/10\/fpi-logo.png 512w, https:\/\/gesiic-sorbonne.fr\/wp-content\/uploads\/2021\/10\/fpi-logo-300x176.png 300w\" sizes=\"auto, (max-width: 512px) 100vw, 512px\" \/><\/figure><\/div>\n\n\n\n<hr class=\"wp-block-separator has-alpha-channel-opacity\"\/>\n\n\n\n<figure class=\"wp-block-image size-full\"><img loading=\"lazy\" decoding=\"async\" width=\"800\" height=\"496\" src=\"https:\/\/gesiic-sorbonne.fr\/wp-content\/uploads\/2024\/05\/Shadow-Nexity2024.jpg\" alt=\"\" class=\"wp-image-3543\" srcset=\"https:\/\/gesiic-sorbonne.fr\/wp-content\/uploads\/2024\/05\/Shadow-Nexity2024.jpg 800w, https:\/\/gesiic-sorbonne.fr\/wp-content\/uploads\/2024\/05\/Shadow-Nexity2024-300x186.jpg 300w, https:\/\/gesiic-sorbonne.fr\/wp-content\/uploads\/2024\/05\/Shadow-Nexity2024-768x476.jpg 768w\" sizes=\"auto, (max-width: 800px) 100vw, 800px\" \/><figcaption class=\"wp-element-caption\"><em>Le parcours RED en shadow comex chez Nexity (2024)<\/em><\/figcaption><\/figure>\n\n\n\n<hr class=\"wp-block-separator has-alpha-channel-opacity\"\/>\n\n\n\n<h3 class=\"wp-block-heading\">Zoom sur un cours : Promotion immobili\u00e8re <\/h3>\n\n\n\n<figure class=\"wp-block-table\"><table><tbody><tr><td class=\"has-text-align-center\" data-align=\"center\"><img loading=\"lazy\" decoding=\"async\" width=\"600\" height=\"600\" class=\"wp-image-3035\" style=\"width: 600px;\" src=\"https:\/\/gesiic-sorbonne.fr\/wp-content\/uploads\/2023\/02\/Heinry.jpg\" alt=\"\" srcset=\"https:\/\/gesiic-sorbonne.fr\/wp-content\/uploads\/2023\/02\/Heinry.jpg 200w, https:\/\/gesiic-sorbonne.fr\/wp-content\/uploads\/2023\/02\/Heinry-150x150.jpg 150w, https:\/\/gesiic-sorbonne.fr\/wp-content\/uploads\/2023\/02\/Heinry-70x70.jpg 70w, https:\/\/gesiic-sorbonne.fr\/wp-content\/uploads\/2023\/02\/Heinry-125x125.jpg 125w\" sizes=\"auto, (max-width: 600px) 100vw, 600px\" \/><br><a href=\"https:\/\/www.linkedin.com\/in\/jean-fr%C3%A9d%C3%A9ric-heinry-85180310\/?originalSubdomain=fr\" target=\"_blank\" rel=\"noreferrer noopener\">Jean-Fr\u00e9d\u00e9ric Heinry<\/a><br>Pr\u00e9sident Cogedim Entreprise<br><\/td><td>La promotion immobili\u00e8re est au coeur du parcours RED !<br><br>Pour former nos \u00e9tudiants, nous avons la chance de pouvoir compter sur deux professionnels tr\u00e8s exp\u00e9riment\u00e9s exer\u00e7ant dans le top 3 de la promotion immobili\u00e8re et du conseil et audit financier.<br><br>Principaux th\u00e8mes abord\u00e9s : <br>. D\u00e9roulement d\u2019une op\u00e9ration immobili\u00e8re&nbsp;<br>. Diff\u00e9rents types de montage&nbsp;<br>. Financement de la promotion<\/td><td class=\"has-text-align-center\" data-align=\"center\"><img loading=\"lazy\" decoding=\"async\" width=\"600\" height=\"600\" class=\"wp-image-3036\" style=\"width: 600px;\" src=\"https:\/\/gesiic-sorbonne.fr\/wp-content\/uploads\/2023\/02\/Barthet.jpg\" alt=\"\" srcset=\"https:\/\/gesiic-sorbonne.fr\/wp-content\/uploads\/2023\/02\/Barthet.jpg 200w, https:\/\/gesiic-sorbonne.fr\/wp-content\/uploads\/2023\/02\/Barthet-150x150.jpg 150w, https:\/\/gesiic-sorbonne.fr\/wp-content\/uploads\/2023\/02\/Barthet-70x70.jpg 70w, https:\/\/gesiic-sorbonne.fr\/wp-content\/uploads\/2023\/02\/Barthet-125x125.jpg 125w\" sizes=\"auto, (max-width: 600px) 100vw, 600px\" \/><br><a href=\"https:\/\/www.linkedin.com\/in\/christophe-barthet-b192144\/?original_referer=https%3A%2F%2Fwww%2Egoogle%2Efr%2F&amp;originalSubdomain=fr\" target=\"_blank\" rel=\"noreferrer noopener\">Christophe Barthet<\/a><br>Associ\u00e9, Strat\u00e9gie &amp; Transactions EY<\/td><\/tr><\/tbody><\/table><\/figure>\n\n\n\n<h3 class=\"wp-block-heading\">CHOIX P\u00c9DAGOGIQUES<\/h3>\n\n\n\n<p>Le master GESIIC se positionne comme un master professionnalisant. En compl\u00e9ment des \u00ab\u00a0cours\u00a0\u00bb list\u00e9s ci-dessous, il s&rsquo;attache \u00e0 former les futurs cadres de l&rsquo;industrie immobili\u00e8re \u00e0 travers une approche \u00ab\u00a0projet r\u00e9aliste\u00a0\u00bb :<\/p>\n\n\n\n<ul class=\"wp-block-list\">\n<li><em><a href=\"https:\/\/gesiic-sorbonne.fr\/?page_id=2462\" target=\"_blank\" rel=\"noreferrer noopener\"><mark style=\"background-color:rgba(0, 0, 0, 0)\" class=\"has-inline-color has-vivid-cyan-blue-color\">Shadow comex<\/mark><\/a><\/em> : au cours de 2 shadow comex dans l&rsquo;ann\u00e9e, les \u00e9tudiants sont amen\u00e9s \u00e0 proposer une strat\u00e9gie immobili\u00e8re \u00e0 un shadow comex constitu\u00e9 de (vrais) responsables immobiliers en entreprise.<\/li>\n\n\n\n<li><a href=\"https:\/\/gesiic-sorbonne.fr\/?page_id=3091\" target=\"_blank\" rel=\"noreferrer noopener\"><mark style=\"background-color:rgba(0, 0, 0, 0)\" class=\"has-inline-color has-vivid-cyan-blue-color\">Atelier de n\u00e9gociation<\/mark><\/a> : au cours de l&rsquo;ann\u00e9e, les \u00e9tudiants sont r\u00e9partis entre \u00e9quipes de bailleurs et de preneurs et doivent n\u00e9gocier un bail.<\/li>\n\n\n\n<li>Projet GESIIC : chaque \u00e9tudiant, en bin\u00f4me, va r\u00e9aliser durant l&rsquo;ann\u00e9e un projet de l&rsquo;id\u00e9e jusqu&rsquo;\u00e0 la cl\u00f4ture.<\/li>\n<\/ul>\n\n\n\n<p>Le rapport d&rsquo;activit\u00e9 porte sur le contrat de professionnalisation (ou le stage,) pour les \u00e9tudiants de formation initiale ou l&#8217;emploi (pour les \u00e9tudiants de formation continue) r\u00e9alis\u00e9 pendant l&rsquo;ann\u00e9e. Parall\u00e8lement, un m\u00e9moire est r\u00e9alis\u00e9 durant l&rsquo;ann\u00e9e et remis en septembre, sous l&rsquo;accompagnement individualis\u00e9 d&rsquo;un enseignant du master.<br>Un (court) s\u00e9minaire de mise \u00e0 niveau en droit ou en gestion est propos\u00e9 en d\u00e9but d&rsquo;ann\u00e9e pour ceux qui auraient besoin de se remettre \u00e0 niveau dans l&rsquo;une de ces deux disciplines.<br><\/p>\n\n\n\n<div class=\"wp-block-buttons is-layout-flex wp-block-buttons-is-layout-flex\">\n<div class=\"wp-block-button is-style-outline is-style-outline--1\"><a class=\"wp-block-button__link wp-element-button\" href=\"https:\/\/gesiic-sorbonne.fr\/?page_id=883\" style=\"border-radius:6px\"><mark style=\"background-color:rgba(0, 0, 0, 0)\" class=\"has-inline-color has-vivid-cyan-blue-color\">MODALITES DE CANDIDATURE EN MASTER II<\/mark><\/a><\/div>\n\n\n\n<div class=\"wp-block-button is-style-outline is-style-outline--2\"><a class=\"wp-block-button__link wp-element-button\" href=\"https:\/\/gesiic-sorbonne.fr\/?page_id=633\" style=\"border-radius:6px\"><mark style=\"background-color:rgba(0, 0, 0, 0)\" class=\"has-inline-color has-vivid-cyan-blue-color\">EV\u00c8NEMENTS<\/mark><\/a><\/div>\n<\/div>\n\n\n\n<hr class=\"wp-block-separator has-css-opacity\"\/>\n","protected":false},"excerpt":{"rendered":"<p>Pour une pr\u00e9sentation du d\u00e9doublement du master GESIIC en septembre 2023, cf. la page consacr\u00e9e. Le parcours RED s&rsquo;intitule Real &hellip; <\/p>\n","protected":false},"author":4,"featured_media":0,"parent":611,"menu_order":0,"comment_status":"closed","ping_status":"closed","template":"","meta":{"_cbd_carousel_blocks":"[]","_monsterinsights_skip_tracking":false,"_monsterinsights_sitenote_active":false,"_monsterinsights_sitenote_note":"","_monsterinsights_sitenote_category":0,"footnotes":""},"class_list":["post-3033","page","type-page","status-publish","hentry"],"yoast_head":"<!-- This site is optimized with the Yoast SEO plugin v16.1.1 - https:\/\/yoast.com\/wordpress\/plugins\/seo\/ -->\n<title>MASTER 2 GESIIC - parcours RED - Gestion et Strat\u00e9gie de l&#039;Investissement Immobilier et de la Construction<\/title>\n<link rel=\"canonical\" href=\"https:\/\/gesiic-sorbonne.fr\/?page_id=3033\" \/>\n<meta property=\"og:locale\" content=\"fr_FR\" \/>\n<meta property=\"og:type\" content=\"article\" \/>\n<meta property=\"og:title\" content=\"MASTER 2 GESIIC - parcours RED - Gestion et Strat\u00e9gie de l&#039;Investissement Immobilier et de la Construction\" \/>\n<meta property=\"og:description\" content=\"Pour une pr\u00e9sentation du d\u00e9doublement du master GESIIC en septembre 2023, cf. la page consacr\u00e9e. Le parcours RED s&rsquo;intitule Real &hellip;\" \/>\n<meta property=\"og:url\" content=\"https:\/\/gesiic-sorbonne.fr\/?page_id=3033\" \/>\n<meta property=\"og:site_name\" content=\"Gestion et Strat\u00e9gie de l&#039;Investissement Immobilier et de la Construction\" \/>\n<meta property=\"article:modified_time\" content=\"2025-04-01T09:38:54+00:00\" \/>\n<meta property=\"og:image\" content=\"https:\/\/gesiic-sorbonne.fr\/wp-content\/uploads\/2023\/02\/Cadre-RED.gif\" \/>\n<meta name=\"twitter:card\" content=\"summary_large_image\" \/>\n<meta name=\"twitter:site\" content=\"@gesiic_sorbonne\" \/>\n<meta name=\"twitter:label1\" content=\"Dur\u00e9e de lecture est.\">\n\t<meta name=\"twitter:data1\" content=\"4 minutes\">\n<script type=\"application\/ld+json\" class=\"yoast-schema-graph\">{\"@context\":\"https:\/\/schema.org\",\"@graph\":[{\"@type\":\"Organization\",\"@id\":\"https:\/\/gesiic-sorbonne.fr\/#organization\",\"name\":\"Master GESIIC de l'universit\\u00e9 Paris I\",\"url\":\"https:\/\/gesiic-sorbonne.fr\/\",\"sameAs\":[\"https:\/\/www.instagram.com\/master2gesiic\/?hl=en\",\"https:\/\/www.linkedin.com\/company\/m2-gesiic\/\",\"https:\/\/twitter.com\/gesiic_sorbonne\"],\"logo\":{\"@type\":\"ImageObject\",\"@id\":\"https:\/\/gesiic-sorbonne.fr\/#logo\",\"inLanguage\":\"fr-FR\",\"url\":\"https:\/\/gesiic-sorbonne.fr\/wp-content\/uploads\/2020\/12\/logo-master-1.png\",\"contentUrl\":\"https:\/\/gesiic-sorbonne.fr\/wp-content\/uploads\/2020\/12\/logo-master-1.png\",\"width\":318,\"height\":226,\"caption\":\"Master GESIIC de l'universit\\u00e9 Paris I\"},\"image\":{\"@id\":\"https:\/\/gesiic-sorbonne.fr\/#logo\"}},{\"@type\":\"WebSite\",\"@id\":\"https:\/\/gesiic-sorbonne.fr\/#website\",\"url\":\"https:\/\/gesiic-sorbonne.fr\/\",\"name\":\"Gestion et Strat\\u00e9gie de l'Investissement Immobilier et de la Construction\",\"description\":\"Nous formons les promoteurs et investisseurs immobiliers de demain qui fa\\u00e7onneront les villes d&#039;apr\\u00e8s-demain\",\"publisher\":{\"@id\":\"https:\/\/gesiic-sorbonne.fr\/#organization\"},\"potentialAction\":[{\"@type\":\"SearchAction\",\"target\":\"https:\/\/gesiic-sorbonne.fr\/?s={search_term_string}\",\"query-input\":\"required name=search_term_string\"}],\"inLanguage\":\"fr-FR\"},{\"@type\":\"ImageObject\",\"@id\":\"https:\/\/gesiic-sorbonne.fr\/?page_id=3033#primaryimage\",\"inLanguage\":\"fr-FR\",\"url\":\"https:\/\/gesiic-sorbonne.fr\/wp-content\/uploads\/2023\/02\/Cadre-RED.gif\",\"contentUrl\":\"https:\/\/gesiic-sorbonne.fr\/wp-content\/uploads\/2023\/02\/Cadre-RED.gif\",\"width\":521,\"height\":521},{\"@type\":\"WebPage\",\"@id\":\"https:\/\/gesiic-sorbonne.fr\/?page_id=3033#webpage\",\"url\":\"https:\/\/gesiic-sorbonne.fr\/?page_id=3033\",\"name\":\"MASTER 2 GESIIC - parcours RED - Gestion et Strat\\u00e9gie de l&#039;Investissement Immobilier et de la Construction\",\"isPartOf\":{\"@id\":\"https:\/\/gesiic-sorbonne.fr\/#website\"},\"primaryImageOfPage\":{\"@id\":\"https:\/\/gesiic-sorbonne.fr\/?page_id=3033#primaryimage\"},\"datePublished\":\"2023-02-10T10:48:49+00:00\",\"dateModified\":\"2025-04-01T09:38:54+00:00\",\"breadcrumb\":{\"@id\":\"https:\/\/gesiic-sorbonne.fr\/?page_id=3033#breadcrumb\"},\"inLanguage\":\"fr-FR\",\"potentialAction\":[{\"@type\":\"ReadAction\",\"target\":[\"https:\/\/gesiic-sorbonne.fr\/?page_id=3033\"]}]},{\"@type\":\"BreadcrumbList\",\"@id\":\"https:\/\/gesiic-sorbonne.fr\/?page_id=3033#breadcrumb\",\"itemListElement\":[{\"@type\":\"ListItem\",\"position\":1,\"item\":{\"@type\":\"WebPage\",\"@id\":\"https:\/\/gesiic-sorbonne.fr\/\",\"url\":\"https:\/\/gesiic-sorbonne.fr\/\",\"name\":\"Accueil\"}},{\"@type\":\"ListItem\",\"position\":2,\"item\":{\"@type\":\"WebPage\",\"@id\":\"https:\/\/gesiic-sorbonne.fr\/?page_id=611\",\"url\":\"https:\/\/gesiic-sorbonne.fr\/?page_id=611\",\"name\":\"PR\\u00c9SENTATION\"}},{\"@type\":\"ListItem\",\"position\":3,\"item\":{\"@type\":\"WebPage\",\"@id\":\"https:\/\/gesiic-sorbonne.fr\/?page_id=3033\",\"url\":\"https:\/\/gesiic-sorbonne.fr\/?page_id=3033\",\"name\":\"MASTER 2 GESIIC &#8211; parcours RED\"}}]}]}<\/script>\n<!-- \/ Yoast SEO plugin. -->","_links":{"self":[{"href":"https:\/\/gesiic-sorbonne.fr\/index.php?rest_route=\/wp\/v2\/pages\/3033","targetHints":{"allow":["GET"]}}],"collection":[{"href":"https:\/\/gesiic-sorbonne.fr\/index.php?rest_route=\/wp\/v2\/pages"}],"about":[{"href":"https:\/\/gesiic-sorbonne.fr\/index.php?rest_route=\/wp\/v2\/types\/page"}],"author":[{"embeddable":true,"href":"https:\/\/gesiic-sorbonne.fr\/index.php?rest_route=\/wp\/v2\/users\/4"}],"replies":[{"embeddable":true,"href":"https:\/\/gesiic-sorbonne.fr\/index.php?rest_route=%2Fwp%2Fv2%2Fcomments&post=3033"}],"version-history":[{"count":13,"href":"https:\/\/gesiic-sorbonne.fr\/index.php?rest_route=\/wp\/v2\/pages\/3033\/revisions"}],"predecessor-version":[{"id":3926,"href":"https:\/\/gesiic-sorbonne.fr\/index.php?rest_route=\/wp\/v2\/pages\/3033\/revisions\/3926"}],"up":[{"embeddable":true,"href":"https:\/\/gesiic-sorbonne.fr\/index.php?rest_route=\/wp\/v2\/pages\/611"}],"wp:attachment":[{"href":"https:\/\/gesiic-sorbonne.fr\/index.php?rest_route=%2Fwp%2Fv2%2Fmedia&parent=3033"}],"curies":[{"name":"wp","href":"https:\/\/api.w.org\/{rel}","templated":true}]}}