{"id":2671,"date":"2022-05-04T01:03:25","date_gmt":"2022-05-03T23:03:25","guid":{"rendered":"https:\/\/gesiic-sorbonne.fr\/?page_id=2671"},"modified":"2022-05-04T01:12:49","modified_gmt":"2022-05-03T23:12:49","slug":"temoignages","status":"publish","type":"page","link":"https:\/\/gesiic-sorbonne.fr\/?page_id=2671","title":{"rendered":"TEMOIGNAGES"},"content":{"rendered":"\n<p>Vous trouverez diff\u00e9rents t\u00e9moignages de nos \u00e9tudiants et alumnis sur les pages de ce site. Nous en proposons aussi souvent sur nos r\u00e9seaux sociaux. En voici quelques uns r\u00e9unis ci-dessous en format Konbini (il suffit de cliquer sur l&rsquo;image) :<\/p>\n\n\n\n<figure class=\"wp-block-gallery has-nested-images columns-default is-cropped wp-block-gallery-1 is-layout-flex wp-block-gallery-is-layout-flex\">\n<figure class=\"wp-block-image size-full\"><a href=\"https:\/\/www.linkedin.com\/posts\/master-2-gesiic-963b29173_continuons-notre-s%C3%A9rie-fast-interview-activity-6897254328977936384-DBcm?utm_source=linkedin_share&amp;utm_medium=member_desktop_web\" target=\"_blank\" rel=\"noopener\"><img loading=\"lazy\" decoding=\"async\" width=\"300\" height=\"486\" data-id=\"2677\" src=\"https:\/\/gesiic-sorbonne.fr\/wp-content\/uploads\/2022\/05\/Temoignages-EGallas.jpg\" alt=\"\" class=\"wp-image-2677\" srcset=\"https:\/\/gesiic-sorbonne.fr\/wp-content\/uploads\/2022\/05\/Temoignages-EGallas.jpg 300w, https:\/\/gesiic-sorbonne.fr\/wp-content\/uploads\/2022\/05\/Temoignages-EGallas-185x300.jpg 185w\" sizes=\"auto, (max-width: 300px) 100vw, 300px\" \/><\/a><\/figure>\n\n\n\n<figure class=\"wp-block-image size-full\"><a href=\"https:\/\/www.linkedin.com\/posts\/master-2-gesiic-963b29173_interview-formation-immobilier-activity-6893221104740048896-VrS8?utm_source=linkedin_share&amp;utm_medium=member_desktop_web\" target=\"_blank\" rel=\"noopener\"><img loading=\"lazy\" decoding=\"async\" width=\"577\" height=\"906\" data-id=\"2679\" src=\"https:\/\/gesiic-sorbonne.fr\/wp-content\/uploads\/2022\/05\/Temoignages-NRenaud.jpg\" alt=\"\" class=\"wp-image-2679\" srcset=\"https:\/\/gesiic-sorbonne.fr\/wp-content\/uploads\/2022\/05\/Temoignages-NRenaud.jpg 577w, https:\/\/gesiic-sorbonne.fr\/wp-content\/uploads\/2022\/05\/Temoignages-NRenaud-191x300.jpg 191w\" sizes=\"auto, (max-width: 577px) 100vw, 577px\" \/><\/a><\/figure>\n\n\n\n<figure class=\"wp-block-image size-full\"><a href=\"https:\/\/www.linkedin.com\/posts\/master-2-gesiic-963b29173_interview-sorbonne-immobilier-activity-6886753394099331072-i4y2?utm_source=linkedin_share&amp;utm_medium=member_desktop_web\" target=\"_blank\" rel=\"noopener\"><img loading=\"lazy\" decoding=\"async\" width=\"300\" height=\"437\" data-id=\"2682\" src=\"https:\/\/gesiic-sorbonne.fr\/wp-content\/uploads\/2022\/05\/Temoignages-MKersimon.jpg\" alt=\"\" class=\"wp-image-2682\" srcset=\"https:\/\/gesiic-sorbonne.fr\/wp-content\/uploads\/2022\/05\/Temoignages-MKersimon.jpg 300w, https:\/\/gesiic-sorbonne.fr\/wp-content\/uploads\/2022\/05\/Temoignages-MKersimon-206x300.jpg 206w\" sizes=\"auto, (max-width: 300px) 100vw, 300px\" \/><\/a><\/figure>\n\n\n\n<figure class=\"wp-block-image size-full\"><a href=\"https:\/\/www.linkedin.com\/posts\/master-2-gesiic-963b29173_tout-au-long-de-lann%C3%A9e-nous-vous-ferons-ugcPost-6880024214741618688-WXXp?utm_source=linkedin_share&amp;utm_medium=member_desktop_web\" target=\"_blank\" rel=\"noopener\"><img loading=\"lazy\" decoding=\"async\" width=\"300\" height=\"442\" data-id=\"2681\" src=\"https:\/\/gesiic-sorbonne.fr\/wp-content\/uploads\/2022\/05\/Temoignages-HTebib.jpg\" alt=\"\" class=\"wp-image-2681\" srcset=\"https:\/\/gesiic-sorbonne.fr\/wp-content\/uploads\/2022\/05\/Temoignages-HTebib.jpg 300w, https:\/\/gesiic-sorbonne.fr\/wp-content\/uploads\/2022\/05\/Temoignages-HTebib-204x300.jpg 204w\" sizes=\"auto, (max-width: 300px) 100vw, 300px\" \/><\/a><\/figure>\n\n\n\n<figure class=\"wp-block-image size-full\"><a href=\"https:\/\/www.linkedin.com\/posts\/master-2-gesiic-963b29173_chaque-semaine-nous-vous-faisons-d%C3%A9couvrir-activity-6789954012796985344-l_dN?utm_source=linkedin_share&amp;utm_medium=member_desktop_web\" target=\"_blank\" rel=\"noopener\"><img loading=\"lazy\" decoding=\"async\" width=\"300\" height=\"421\" data-id=\"2684\" src=\"https:\/\/gesiic-sorbonne.fr\/wp-content\/uploads\/2022\/05\/Temoignages-QAgasse.jpg\" alt=\"\" class=\"wp-image-2684\" srcset=\"https:\/\/gesiic-sorbonne.fr\/wp-content\/uploads\/2022\/05\/Temoignages-QAgasse.jpg 300w, https:\/\/gesiic-sorbonne.fr\/wp-content\/uploads\/2022\/05\/Temoignages-QAgasse-214x300.jpg 214w\" sizes=\"auto, (max-width: 300px) 100vw, 300px\" \/><\/a><\/figure>\n\n\n\n<figure class=\"wp-block-image size-full\"><a href=\"https:\/\/www.linkedin.com\/posts\/master-2-gesiic-963b29173_mastergesiic-interviewveritaez-immobilier-activity-6773668622851174400-3bYq?utm_source=linkedin_share&amp;utm_medium=member_desktop_web\" target=\"_blank\" rel=\"noopener\"><img loading=\"lazy\" decoding=\"async\" width=\"300\" height=\"476\" data-id=\"2686\" src=\"https:\/\/gesiic-sorbonne.fr\/wp-content\/uploads\/2022\/05\/Temoignages-XJianping.jpg\" alt=\"\" class=\"wp-image-2686\" srcset=\"https:\/\/gesiic-sorbonne.fr\/wp-content\/uploads\/2022\/05\/Temoignages-XJianping.jpg 300w, https:\/\/gesiic-sorbonne.fr\/wp-content\/uploads\/2022\/05\/Temoignages-XJianping-189x300.jpg 189w\" sizes=\"auto, (max-width: 300px) 100vw, 300px\" \/><\/a><\/figure>\n\n\n\n<figure class=\"wp-block-image size-full\"><a href=\"https:\/\/www.linkedin.com\/posts\/master-2-gesiic-963b29173_mastergesiic-sorbonne-leportraitdelasemaine-activity-6771128647853060096-I9Dc?utm_source=linkedin_share&amp;utm_medium=member_desktop_web\" target=\"_blank\" rel=\"noopener\"><img loading=\"lazy\" decoding=\"async\" width=\"300\" height=\"465\" data-id=\"2685\" src=\"https:\/\/gesiic-sorbonne.fr\/wp-content\/uploads\/2022\/05\/Temoignages-IZiani.jpg\" alt=\"\" class=\"wp-image-2685\" srcset=\"https:\/\/gesiic-sorbonne.fr\/wp-content\/uploads\/2022\/05\/Temoignages-IZiani.jpg 300w, https:\/\/gesiic-sorbonne.fr\/wp-content\/uploads\/2022\/05\/Temoignages-IZiani-194x300.jpg 194w\" sizes=\"auto, (max-width: 300px) 100vw, 300px\" \/><\/a><\/figure>\n\n\n\n<figure class=\"wp-block-image size-full\"><a href=\"https:\/\/www.linkedin.com\/posts\/master-2-gesiic-963b29173_master2gesiic-sorbonne-interviewverite-activity-6762061960096837633-5Fei?utm_source=linkedin_share&amp;utm_medium=member_desktop_web\" target=\"_blank\" rel=\"noopener\"><img loading=\"lazy\" decoding=\"async\" width=\"300\" height=\"461\" data-id=\"2695\" src=\"https:\/\/gesiic-sorbonne.fr\/wp-content\/uploads\/2022\/05\/Temoignages-PVelia.jpg\" alt=\"\" class=\"wp-image-2695\" srcset=\"https:\/\/gesiic-sorbonne.fr\/wp-content\/uploads\/2022\/05\/Temoignages-PVelia.jpg 300w, https:\/\/gesiic-sorbonne.fr\/wp-content\/uploads\/2022\/05\/Temoignages-PVelia-195x300.jpg 195w\" sizes=\"auto, (max-width: 300px) 100vw, 300px\" \/><\/a><\/figure>\n\n\n\n<figure class=\"wp-block-image size-full\"><a href=\"https:\/\/www.linkedin.com\/posts\/master-2-gesiic-963b29173_chaque-semaine-nous-vous-faisons-d%C3%A9couvrir-activity-6766060520177975296-oP0F?utm_source=linkedin_share&amp;utm_medium=member_desktop_web\" target=\"_blank\" rel=\"noopener\"><img loading=\"lazy\" decoding=\"async\" width=\"300\" height=\"377\" data-id=\"2689\" src=\"https:\/\/gesiic-sorbonne.fr\/wp-content\/uploads\/2022\/05\/Temoignages-PVilledieu.jpg\" alt=\"\" class=\"wp-image-2689\" srcset=\"https:\/\/gesiic-sorbonne.fr\/wp-content\/uploads\/2022\/05\/Temoignages-PVilledieu.jpg 300w, https:\/\/gesiic-sorbonne.fr\/wp-content\/uploads\/2022\/05\/Temoignages-PVilledieu-239x300.jpg 239w\" sizes=\"auto, (max-width: 300px) 100vw, 300px\" \/><\/a><\/figure>\n\n\n\n<figure class=\"wp-block-image size-full\"><a href=\"https:\/\/www.linkedin.com\/posts\/master-2-gesiic-963b29173_chaque-semaine-nous-vous-faisons-d%C3%A9couvrir-activity-6768590799954305025-shgF?utm_source=linkedin_share&amp;utm_medium=member_desktop_web\" target=\"_blank\" rel=\"noopener\"><img loading=\"lazy\" decoding=\"async\" width=\"476\" height=\"326\" data-id=\"2687\" src=\"https:\/\/gesiic-sorbonne.fr\/wp-content\/uploads\/2022\/05\/Temoignages-CFesneau.jpg\" alt=\"\" class=\"wp-image-2687\" srcset=\"https:\/\/gesiic-sorbonne.fr\/wp-content\/uploads\/2022\/05\/Temoignages-CFesneau.jpg 476w, https:\/\/gesiic-sorbonne.fr\/wp-content\/uploads\/2022\/05\/Temoignages-CFesneau-300x205.jpg 300w\" sizes=\"auto, (max-width: 476px) 100vw, 476px\" \/><\/a><\/figure>\n\n\n\n<figure class=\"wp-block-image size-full\"><a href=\"https:\/\/www.linkedin.com\/posts\/master-2-gesiic-963b29173_chaque-semaine-nous-vous-faisons-d%C3%A9couvrir-activity-6759572655420006401-na38?utm_source=linkedin_share&amp;utm_medium=member_desktop_web\" target=\"_blank\" rel=\"noopener\"><img loading=\"lazy\" decoding=\"async\" width=\"450\" height=\"326\" data-id=\"2688\" src=\"https:\/\/gesiic-sorbonne.fr\/wp-content\/uploads\/2022\/05\/Temoignages-EGyenes.jpg\" alt=\"\" class=\"wp-image-2688\" srcset=\"https:\/\/gesiic-sorbonne.fr\/wp-content\/uploads\/2022\/05\/Temoignages-EGyenes.jpg 450w, https:\/\/gesiic-sorbonne.fr\/wp-content\/uploads\/2022\/05\/Temoignages-EGyenes-300x217.jpg 300w\" sizes=\"auto, (max-width: 450px) 100vw, 450px\" \/><\/a><\/figure>\n<\/figure>\n\n\n\n<hr class=\"wp-block-separator\"\/>\n\n\n\n<p><\/p>\n","protected":false},"excerpt":{"rendered":"<p>Vous trouverez diff\u00e9rents t\u00e9moignages de nos \u00e9tudiants et alumnis sur les pages de ce site. Nous en proposons aussi souvent &hellip; <\/p>\n","protected":false},"author":4,"featured_media":0,"parent":629,"menu_order":0,"comment_status":"closed","ping_status":"closed","template":"","meta":{"_cbd_carousel_blocks":"[]","_monsterinsights_skip_tracking":false,"_monsterinsights_sitenote_active":false,"_monsterinsights_sitenote_note":"","_monsterinsights_sitenote_category":0,"footnotes":""},"class_list":["post-2671","page","type-page","status-publish","hentry"],"yoast_head":"<!-- This site is optimized with the Yoast SEO plugin v16.1.1 - https:\/\/yoast.com\/wordpress\/plugins\/seo\/ -->\n<title>TEMOIGNAGES - Gestion et Strat\u00e9gie de l&#039;Investissement Immobilier et de la Construction<\/title>\n<link rel=\"canonical\" href=\"https:\/\/gesiic-sorbonne.fr\/?page_id=2671\" \/>\n<meta property=\"og:locale\" content=\"fr_FR\" \/>\n<meta property=\"og:type\" content=\"article\" \/>\n<meta property=\"og:title\" content=\"TEMOIGNAGES - Gestion et Strat\u00e9gie de l&#039;Investissement Immobilier et de la Construction\" \/>\n<meta property=\"og:description\" content=\"Vous trouverez diff\u00e9rents t\u00e9moignages de nos \u00e9tudiants et alumnis sur les pages de ce site. Nous en proposons aussi souvent &hellip;\" \/>\n<meta property=\"og:url\" content=\"https:\/\/gesiic-sorbonne.fr\/?page_id=2671\" \/>\n<meta property=\"og:site_name\" content=\"Gestion et Strat\u00e9gie de l&#039;Investissement Immobilier et de la Construction\" \/>\n<meta property=\"article:modified_time\" content=\"2022-05-03T23:12:49+00:00\" \/>\n<meta property=\"og:image\" content=\"https:\/\/gesiic-sorbonne.fr\/wp-content\/uploads\/2022\/05\/Temoignages-EGallas.jpg\" \/>\n<meta name=\"twitter:card\" content=\"summary_large_image\" \/>\n<meta name=\"twitter:site\" content=\"@gesiic_sorbonne\" \/>\n<meta name=\"twitter:label1\" content=\"Dur\u00e9e de lecture est.\">\n\t<meta name=\"twitter:data1\" content=\"3 minutes\">\n<script type=\"application\/ld+json\" class=\"yoast-schema-graph\">{\"@context\":\"https:\/\/schema.org\",\"@graph\":[{\"@type\":\"Organization\",\"@id\":\"https:\/\/gesiic-sorbonne.fr\/#organization\",\"name\":\"Master GESIIC de l'universit\\u00e9 Paris I\",\"url\":\"https:\/\/gesiic-sorbonne.fr\/\",\"sameAs\":[\"https:\/\/www.instagram.com\/master2gesiic\/?hl=en\",\"https:\/\/www.linkedin.com\/company\/m2-gesiic\/\",\"https:\/\/twitter.com\/gesiic_sorbonne\"],\"logo\":{\"@type\":\"ImageObject\",\"@id\":\"https:\/\/gesiic-sorbonne.fr\/#logo\",\"inLanguage\":\"fr-FR\",\"url\":\"https:\/\/gesiic-sorbonne.fr\/wp-content\/uploads\/2020\/12\/logo-master-1.png\",\"contentUrl\":\"https:\/\/gesiic-sorbonne.fr\/wp-content\/uploads\/2020\/12\/logo-master-1.png\",\"width\":318,\"height\":226,\"caption\":\"Master GESIIC de l'universit\\u00e9 Paris I\"},\"image\":{\"@id\":\"https:\/\/gesiic-sorbonne.fr\/#logo\"}},{\"@type\":\"WebSite\",\"@id\":\"https:\/\/gesiic-sorbonne.fr\/#website\",\"url\":\"https:\/\/gesiic-sorbonne.fr\/\",\"name\":\"Gestion et Strat\\u00e9gie de l'Investissement Immobilier et de la Construction\",\"description\":\"Nous formons les promoteurs et investisseurs immobiliers de demain qui fa\\u00e7onneront les villes d&#039;apr\\u00e8s-demain\",\"publisher\":{\"@id\":\"https:\/\/gesiic-sorbonne.fr\/#organization\"},\"potentialAction\":[{\"@type\":\"SearchAction\",\"target\":\"https:\/\/gesiic-sorbonne.fr\/?s={search_term_string}\",\"query-input\":\"required name=search_term_string\"}],\"inLanguage\":\"fr-FR\"},{\"@type\":\"ImageObject\",\"@id\":\"https:\/\/gesiic-sorbonne.fr\/?page_id=2671#primaryimage\",\"inLanguage\":\"fr-FR\",\"url\":\"https:\/\/gesiic-sorbonne.fr\/wp-content\/uploads\/2022\/05\/Temoignages-EGallas.jpg\",\"contentUrl\":\"https:\/\/gesiic-sorbonne.fr\/wp-content\/uploads\/2022\/05\/Temoignages-EGallas.jpg\",\"width\":300,\"height\":486},{\"@type\":\"WebPage\",\"@id\":\"https:\/\/gesiic-sorbonne.fr\/?page_id=2671#webpage\",\"url\":\"https:\/\/gesiic-sorbonne.fr\/?page_id=2671\",\"name\":\"TEMOIGNAGES - Gestion et Strat\\u00e9gie de l&#039;Investissement Immobilier et de la Construction\",\"isPartOf\":{\"@id\":\"https:\/\/gesiic-sorbonne.fr\/#website\"},\"primaryImageOfPage\":{\"@id\":\"https:\/\/gesiic-sorbonne.fr\/?page_id=2671#primaryimage\"},\"datePublished\":\"2022-05-03T23:03:25+00:00\",\"dateModified\":\"2022-05-03T23:12:49+00:00\",\"breadcrumb\":{\"@id\":\"https:\/\/gesiic-sorbonne.fr\/?page_id=2671#breadcrumb\"},\"inLanguage\":\"fr-FR\",\"potentialAction\":[{\"@type\":\"ReadAction\",\"target\":[\"https:\/\/gesiic-sorbonne.fr\/?page_id=2671\"]}]},{\"@type\":\"BreadcrumbList\",\"@id\":\"https:\/\/gesiic-sorbonne.fr\/?page_id=2671#breadcrumb\",\"itemListElement\":[{\"@type\":\"ListItem\",\"position\":1,\"item\":{\"@type\":\"WebPage\",\"@id\":\"https:\/\/gesiic-sorbonne.fr\/\",\"url\":\"https:\/\/gesiic-sorbonne.fr\/\",\"name\":\"Accueil\"}},{\"@type\":\"ListItem\",\"position\":2,\"item\":{\"@type\":\"WebPage\",\"@id\":\"https:\/\/gesiic-sorbonne.fr\/?page_id=629\",\"url\":\"https:\/\/gesiic-sorbonne.fr\/?page_id=629\",\"name\":\"LA VIE DU MASTER\"}},{\"@type\":\"ListItem\",\"position\":3,\"item\":{\"@type\":\"WebPage\",\"@id\":\"https:\/\/gesiic-sorbonne.fr\/?page_id=2671\",\"url\":\"https:\/\/gesiic-sorbonne.fr\/?page_id=2671\",\"name\":\"TEMOIGNAGES\"}}]}]}<\/script>\n<!-- \/ Yoast SEO plugin. -->","_links":{"self":[{"href":"https:\/\/gesiic-sorbonne.fr\/index.php?rest_route=\/wp\/v2\/pages\/2671","targetHints":{"allow":["GET"]}}],"collection":[{"href":"https:\/\/gesiic-sorbonne.fr\/index.php?rest_route=\/wp\/v2\/pages"}],"about":[{"href":"https:\/\/gesiic-sorbonne.fr\/index.php?rest_route=\/wp\/v2\/types\/page"}],"author":[{"embeddable":true,"href":"https:\/\/gesiic-sorbonne.fr\/index.php?rest_route=\/wp\/v2\/users\/4"}],"replies":[{"embeddable":true,"href":"https:\/\/gesiic-sorbonne.fr\/index.php?rest_route=%2Fwp%2Fv2%2Fcomments&post=2671"}],"version-history":[{"count":11,"href":"https:\/\/gesiic-sorbonne.fr\/index.php?rest_route=\/wp\/v2\/pages\/2671\/revisions"}],"predecessor-version":[{"id":2696,"href":"https:\/\/gesiic-sorbonne.fr\/index.php?rest_route=\/wp\/v2\/pages\/2671\/revisions\/2696"}],"up":[{"embeddable":true,"href":"https:\/\/gesiic-sorbonne.fr\/index.php?rest_route=\/wp\/v2\/pages\/629"}],"wp:attachment":[{"href":"https:\/\/gesiic-sorbonne.fr\/index.php?rest_route=%2Fwp%2Fv2%2Fmedia&parent=2671"}],"curies":[{"name":"wp","href":"https:\/\/api.w.org\/{rel}","templated":true}]}}