{"id":2556,"date":"2022-02-06T18:09:27","date_gmt":"2022-02-06T17:09:27","guid":{"rendered":"https:\/\/gesiic-sorbonne.fr\/?page_id=2556"},"modified":"2026-02-20T20:18:24","modified_gmt":"2026-02-20T19:18:24","slug":"conferences-metier","status":"publish","type":"page","link":"https:\/\/gesiic-sorbonne.fr\/?page_id=2556","title":{"rendered":"CONF\u00c9RENCE M\u00c9TIERS"},"content":{"rendered":"\n<p>Le master GESIIC organise chaque ann\u00e9e une conf\u00e9rence m\u00e9tiers pour permettre aux \u00e9tudiants de d\u00e9couvrir les m\u00e9tiers de l&rsquo;immobilier (g\u00e9n\u00e9ralement au d\u00e9but du second semestre universitaire). Lors de cette conf\u00e9rence, un consultant du cabinet Michael Page (avec lequel le GESIIC a un <a href=\"https:\/\/gesiic-sorbonne.fr\/?page_id=648\" target=\"_blank\" rel=\"noreferrer noopener\"><strong><mark style=\"background-color:rgba(0, 0, 0, 0)\" class=\"has-inline-color has-vivid-cyan-blue-color\">partenariat<\/mark><\/strong><\/a> vient pr\u00e9senter les <strong>m\u00e9tiers de l&rsquo;immobilier<\/strong> (diversit\u00e9, \u00e9volutions, r\u00e9mun\u00e9rations, carri\u00e8res&#8230;).<br><br>Puis une pr\u00e9sentation de plusieurs m\u00e9tiers (selon les ann\u00e9es) est propos\u00e9e par des professionnels les exer\u00e7ant :<\/p>\n\n\n\n<div class=\"wp-block-media-text has-media-on-the-right is-stacked-on-mobile\"><div class=\"wp-block-media-text__content\">\n<ul class=\"wp-block-list\">\n<li>asset management immobilier<\/li>\n<\/ul>\n\n\n\n<ul class=\"wp-block-list\">\n<li>promotion immobili\u00e8re<\/li>\n<\/ul>\n\n\n\n<ul class=\"wp-block-list\">\n<li>g\u00e9rant de fonds immobilier<\/li>\n<\/ul>\n\n\n\n<ul class=\"wp-block-list\">\n<li>expert immobilier<\/li>\n<\/ul>\n\n\n\n<ul class=\"wp-block-list\">\n<li>consultant immobilier<\/li>\n<\/ul>\n<\/div><figure class=\"wp-block-media-text__media\"><img loading=\"lazy\" decoding=\"async\" width=\"900\" height=\"675\" src=\"https:\/\/gesiic-sorbonne.fr\/wp-content\/uploads\/2025\/02\/Confmetiers2025.jpg\" alt=\"\" class=\"wp-image-3840 size-full\" srcset=\"https:\/\/gesiic-sorbonne.fr\/wp-content\/uploads\/2025\/02\/Confmetiers2025.jpg 900w, https:\/\/gesiic-sorbonne.fr\/wp-content\/uploads\/2025\/02\/Confmetiers2025-300x225.jpg 300w, https:\/\/gesiic-sorbonne.fr\/wp-content\/uploads\/2025\/02\/Confmetiers2025-768x576.jpg 768w\" sizes=\"auto, (max-width: 900px) 100vw, 900px\" \/><\/figure><\/div>\n\n\n\n<p><br>Un temps d&rsquo;\u00e9change est pr\u00e9vu pour permettre aux \u00e9tudiants d&rsquo;interroger les professionnels.<\/p>\n\n\n\n<p>Cette conf\u00e9rence se d\u00e9roule traditionnellement en Sorbonne (ou au centre Panth\u00e9on). Elle est plus particuli\u00e8rement destin\u00e9e aux \u00e9tudiants poursuivant un Bac+3 et qui s&rsquo;appr\u00eatent \u00e0 candidater en master, mais elle peut concerner toute personne d\u00e9sireuse d&rsquo;en savoir plus sur les m\u00e9tiers d&rsquo;une branche qui repr\u00e9sente plus de 10% du PIB.<\/p>\n\n\n<div class=\"wp-block-image\">\n<figure class=\"aligncenter size-full\"><img loading=\"lazy\" decoding=\"async\" width=\"800\" height=\"380\" src=\"https:\/\/gesiic-sorbonne.fr\/wp-content\/uploads\/2025\/02\/Confmetiers2025large.jpg\" alt=\"\" class=\"wp-image-3839\" srcset=\"https:\/\/gesiic-sorbonne.fr\/wp-content\/uploads\/2025\/02\/Confmetiers2025large.jpg 800w, https:\/\/gesiic-sorbonne.fr\/wp-content\/uploads\/2025\/02\/Confmetiers2025large-300x143.jpg 300w, https:\/\/gesiic-sorbonne.fr\/wp-content\/uploads\/2025\/02\/Confmetiers2025large-768x365.jpg 768w\" sizes=\"auto, (max-width: 800px) 100vw, 800px\" \/><\/figure>\n<\/div>\n\n\n<div class=\"wp-block-group is-layout-flex wp-block-group-is-layout-flex\">\n<p><\/p>\n<\/div>\n\n\n\n<hr class=\"wp-block-separator has-alpha-channel-opacity\"\/>\n\n\n\n<h2 class=\"wp-block-heading\" id=\"details-pratiques\">D\u00e9tails pratiques :<\/h2>\n\n\n\n<figure class=\"wp-block-table\"><table><tbody><tr><td><mark style=\"background-color:rgba(0, 0, 0, 0)\" class=\"has-inline-color has-vivid-red-color\">Edition 2026 : <strong>mardi 17 f\u00e9vrier 2026 \u00e0 17h30 (Amphi 2B au centre Panth\u00e9on)<\/strong><\/mark><br><br>L&rsquo;entr\u00e9e en Sorbonne est libre pour toute personne disposant d&rsquo;une carte (\u00e9tudiants ou personnel) de Paris 1.<br><br>Pour les autres personnes, afin de pouvoir entrer en Sorbonne, il faudra simplement remplir le lien suivant au moins 2 jours avant l&rsquo;\u00e9v\u00e8nement : <br><a href=\"https:\/\/docs.google.com\/forms\/d\/e\/1FAIpQLScIVC7A0UBPg3jW_1UlJPjYtOxzdW2YBp_zz1YPs8HxzrYMZg\/viewform?usp=header\">https:\/\/docs.google.com\/forms\/d\/e\/1FAIpQLScIVC7A0UBPg3jW_1UlJPjYtOxzdW2YBp_zz1YPs8HxzrYMZg\/viewform?usp=header<\/a><\/td><td><br><span class=\"has-inline-color has-white-color\">aaa<\/span><\/td><td><br><\/td><\/tr><\/tbody><\/table><\/figure>\n\n\n\n<h2 class=\"wp-block-heading\" id=\"details-pratiques\"><\/h2>\n\n\n<div class=\"wp-block-image\">\n<figure class=\"aligncenter size-full\"><img loading=\"lazy\" decoding=\"async\" width=\"2448\" height=\"1016\" src=\"https:\/\/gesiic-sorbonne.fr\/wp-content\/uploads\/2026\/02\/CentrePantheon-Amphi2B.png\" alt=\"\" class=\"wp-image-4095\" srcset=\"https:\/\/gesiic-sorbonne.fr\/wp-content\/uploads\/2026\/02\/CentrePantheon-Amphi2B.png 2448w, https:\/\/gesiic-sorbonne.fr\/wp-content\/uploads\/2026\/02\/CentrePantheon-Amphi2B-300x125.png 300w, https:\/\/gesiic-sorbonne.fr\/wp-content\/uploads\/2026\/02\/CentrePantheon-Amphi2B-1024x425.png 1024w, https:\/\/gesiic-sorbonne.fr\/wp-content\/uploads\/2026\/02\/CentrePantheon-Amphi2B-768x319.png 768w, https:\/\/gesiic-sorbonne.fr\/wp-content\/uploads\/2026\/02\/CentrePantheon-Amphi2B-1536x637.png 1536w, https:\/\/gesiic-sorbonne.fr\/wp-content\/uploads\/2026\/02\/CentrePantheon-Amphi2B-2048x850.png 2048w\" sizes=\"auto, (max-width: 2448px) 100vw, 2448px\" \/><\/figure>\n<\/div>\n\n\n<p>Pour trouver l&rsquo;amphi 2B, entrer par le 131 rue Saint-Jacques, tourner un peu \u00e0 gauche dans la galerie (Saint-Jacques) puis prendre la rampe qui descend vers la caf\u00e9t\u00e9ria : l&rsquo;amphi 2B est juste en face.<\/p>\n\n\n\n<hr class=\"wp-block-separator has-css-opacity\"\/>\n\n\n\n<h2 class=\"wp-block-heading\" id=\"details-pratiques\">Pr\u00e9sentations f\u00e9vrier 2026 :<\/h2>\n\n\n\n<div class=\"wp-block-buttons is-layout-flex wp-block-buttons-is-layout-flex\">\n<div class=\"wp-block-button aligncenter\"><a class=\"wp-block-button__link wp-element-button\" href=\"https:\/\/gesiic-sorbonne.fr\/wp-content\/uploads\/2025\/02\/Presentation-Michael-Page-Conference-Metiers-GESIIC-04-02-2025.pdf\" target=\"_blank\" rel=\"noreferrer noopener\"><strong><mark style=\"background-color:rgba(0, 0, 0, 0)\" class=\"has-inline-color has-white-color\"><mark style=\"background-color:rgba(0, 0, 0, 0)\" class=\"has-inline-color has-white-color\">Carri\u00e8res <\/mark><\/mark><mark style=\"background-color:rgba(0, 0, 0, 0)\" class=\"has-inline-color has-vivid-cyan-blue-color\">immobili\u00e8res<\/mark><\/strong><\/a><\/div>\n\n\n\n<div class=\"wp-block-button aligncenter\"><a class=\"wp-block-button__link wp-element-button\" href=\"https:\/\/gesiic-sorbonne.fr\/wp-content\/uploads\/2026\/02\/Resp-developppement.pdf\" target=\"_blank\" rel=\"noreferrer noopener\">Responsable <mark style=\"background-color:rgba(0, 0, 0, 0)\" class=\"has-inline-color has-vivid-cyan-blue-color\"><strong>d\u00e9veloppement<\/strong><\/mark><\/a><\/div>\n\n\n\n<div class=\"wp-block-button aligncenter\"><a class=\"wp-block-button__link wp-element-button\" href=\"https:\/\/gesiic-sorbonne.fr\/wp-content\/uploads\/2026\/02\/Resp_programme.pdf\" target=\"_blank\" rel=\"noreferrer noopener\"><strong><mark style=\"background-color:rgba(0, 0, 0, 0)\" class=\"has-inline-color has-white-color\">Responsable de <\/mark><mark style=\"background-color:rgba(0, 0, 0, 0)\" class=\"has-inline-color has-vivid-cyan-blue-color\">programme<\/mark><\/strong><\/a><\/div>\n\n\n\n<div class=\"wp-block-button aligncenter\"><a class=\"wp-block-button__link wp-element-button\"><strong><mark style=\"background-color:rgba(0, 0, 0, 0)\" class=\"has-inline-color has-white-color\">Asset<\/mark><\/strong> manager immobilier<\/a><\/div>\n\n\n\n<div class=\"wp-block-button aligncenter\"><a class=\"wp-block-button__link wp-element-button\"><strong>Consultant<\/strong> immobilier<\/a><\/div>\n<\/div>\n\n\n\n<h2 class=\"wp-block-heading\" id=\"details-pratiques\">Pr\u00e9sentations f\u00e9vrier 2025 :<\/h2>\n\n\n\n<div class=\"wp-block-buttons is-layout-flex wp-block-buttons-is-layout-flex\">\n<div class=\"wp-block-button aligncenter\"><a class=\"wp-block-button__link wp-element-button\" href=\"https:\/\/gesiic-sorbonne.fr\/wp-content\/uploads\/2025\/02\/Conference-Metiers-GESIIC-ASSET-MANAGEMENT-04022025.pdf\" target=\"_blank\" rel=\"noreferrer noopener\"><strong><mark style=\"background-color:rgba(0, 0, 0, 0)\" class=\"has-inline-color has-white-color\">Asset<\/mark><\/strong> manager immobilier<\/a><\/div>\n\n\n\n<div class=\"wp-block-button aligncenter\"><a class=\"wp-block-button__link wp-element-button\" href=\"https:\/\/gesiic-sorbonne.fr\/wp-content\/uploads\/2025\/02\/Fund-Manager-NIV-Presentation-FM-Master-GESIC.pdf\" target=\"_blank\" rel=\"noreferrer noopener\"><strong><mark style=\"background-color:rgba(0, 0, 0, 0)\" class=\"has-inline-color has-white-color\">Fund<\/mark> <\/strong>manager immobilier<\/a><\/div>\n\n\n\n<div class=\"wp-block-button aligncenter\"><a class=\"wp-block-button__link wp-element-button\" href=\"https:\/\/gesiic-sorbonne.fr\/wp-content\/uploads\/2025\/02\/Presentation-conference-des-metiers-promoteur-.pdf\" target=\"_blank\" rel=\"noreferrer noopener\"><strong><mark style=\"background-color:rgba(0, 0, 0, 0)\" class=\"has-inline-color has-white-color\">Responsable de programme<\/mark><\/strong>\/d\u00e9veloppement<strong><mark style=\"background-color:rgba(0, 0, 0, 0)\" class=\"has-inline-color has-white-color\"><\/mark><\/strong><\/a><\/div>\n\n\n\n<div class=\"wp-block-button aligncenter\"><a class=\"wp-block-button__link wp-element-button\" href=\"https:\/\/gesiic-sorbonne.fr\/wp-content\/uploads\/2025\/02\/Expert-immobilier-Conference-metier-Sorbonne-2025.pdf\" target=\"_blank\" rel=\"noreferrer noopener\"><strong><mark style=\"background-color:rgba(0, 0, 0, 0)\" class=\"has-inline-color has-white-color\">Expert<\/mark> <\/strong>immobilier<\/a><\/div>\n\n\n\n<div class=\"wp-block-button aligncenter\"><a class=\"wp-block-button__link wp-element-button\" href=\"https:\/\/gesiic-sorbonne.fr\/wp-content\/uploads\/2025\/02\/Presentation-Michael-Page-Conference-Metiers-GESIIC-04-02-2025.pdf\" target=\"_blank\" rel=\"noreferrer noopener\"><strong><mark style=\"background-color:rgba(0, 0, 0, 0)\" class=\"has-inline-color has-white-color\"><mark style=\"background-color:rgba(0, 0, 0, 0)\" class=\"has-inline-color has-white-color\">Carri\u00e8res <\/mark><\/mark><mark style=\"background-color:rgba(0, 0, 0, 0)\" class=\"has-inline-color has-vivid-cyan-blue-color\">immobili\u00e8res<\/mark><\/strong><\/a><\/div>\n<\/div>\n\n\n\n<div class=\"wp-block-buttons is-layout-flex wp-block-buttons-is-layout-flex\"><\/div>\n\n\n\n<hr class=\"wp-block-separator has-alpha-channel-opacity\"\/>\n\n\n\n<p>Nos partenaires pour cette conf\u00e9rence des m\u00e9tiers de l&rsquo;immobilier organis\u00e9e par le master GESIIC :<\/p>\n\n\n\n<figure class=\"wp-block-gallery has-nested-images columns-default is-cropped wp-block-gallery-1 is-layout-flex wp-block-gallery-is-layout-flex\">\n<figure class=\"wp-block-image size-large\"><img loading=\"lazy\" decoding=\"async\" width=\"400\" height=\"400\" data-id=\"3703\" src=\"https:\/\/gesiic-sorbonne.fr\/wp-content\/uploads\/2024\/11\/Logo-ASPIM400x400.jpg\" alt=\"\" class=\"wp-image-3703\" srcset=\"https:\/\/gesiic-sorbonne.fr\/wp-content\/uploads\/2024\/11\/Logo-ASPIM400x400.jpg 400w, https:\/\/gesiic-sorbonne.fr\/wp-content\/uploads\/2024\/11\/Logo-ASPIM400x400-300x300.jpg 300w, https:\/\/gesiic-sorbonne.fr\/wp-content\/uploads\/2024\/11\/Logo-ASPIM400x400-150x150.jpg 150w, https:\/\/gesiic-sorbonne.fr\/wp-content\/uploads\/2024\/11\/Logo-ASPIM400x400-250x250.jpg 250w, https:\/\/gesiic-sorbonne.fr\/wp-content\/uploads\/2024\/11\/Logo-ASPIM400x400-70x70.jpg 70w, https:\/\/gesiic-sorbonne.fr\/wp-content\/uploads\/2024\/11\/Logo-ASPIM400x400-246x246.jpg 246w, https:\/\/gesiic-sorbonne.fr\/wp-content\/uploads\/2024\/11\/Logo-ASPIM400x400-276x276.jpg 276w, https:\/\/gesiic-sorbonne.fr\/wp-content\/uploads\/2024\/11\/Logo-ASPIM400x400-125x125.jpg 125w\" sizes=\"auto, (max-width: 400px) 100vw, 400px\" \/><\/figure>\n\n\n\n<figure class=\"wp-block-image size-large\"><img loading=\"lazy\" decoding=\"async\" width=\"1024\" height=\"830\" data-id=\"3634\" src=\"https:\/\/gesiic-sorbonne.fr\/wp-content\/uploads\/2024\/09\/ADI-LogotypeSans-RVB-1024x830.png\" alt=\"\" class=\"wp-image-3634\" srcset=\"https:\/\/gesiic-sorbonne.fr\/wp-content\/uploads\/2024\/09\/ADI-LogotypeSans-RVB-1024x830.png 1024w, https:\/\/gesiic-sorbonne.fr\/wp-content\/uploads\/2024\/09\/ADI-LogotypeSans-RVB-300x243.png 300w, https:\/\/gesiic-sorbonne.fr\/wp-content\/uploads\/2024\/09\/ADI-LogotypeSans-RVB-768x623.png 768w, https:\/\/gesiic-sorbonne.fr\/wp-content\/uploads\/2024\/09\/ADI-LogotypeSans-RVB-1536x1245.png 1536w, https:\/\/gesiic-sorbonne.fr\/wp-content\/uploads\/2024\/09\/ADI-LogotypeSans-RVB.png 1787w\" sizes=\"auto, (max-width: 1024px) 100vw, 1024px\" \/><\/figure>\n\n\n\n<figure class=\"wp-block-image size-large\"><img loading=\"lazy\" decoding=\"async\" width=\"512\" height=\"301\" data-id=\"2390\" src=\"https:\/\/gesiic-sorbonne.fr\/wp-content\/uploads\/2021\/10\/fpi-logo.png\" alt=\"\" class=\"wp-image-2390\" srcset=\"https:\/\/gesiic-sorbonne.fr\/wp-content\/uploads\/2021\/10\/fpi-logo.png 512w, https:\/\/gesiic-sorbonne.fr\/wp-content\/uploads\/2021\/10\/fpi-logo-300x176.png 300w\" sizes=\"auto, (max-width: 512px) 100vw, 512px\" \/><\/figure>\n\n\n\n<figure class=\"wp-block-image size-large\"><img loading=\"lazy\" decoding=\"async\" width=\"1024\" height=\"536\" data-id=\"2719\" src=\"https:\/\/gesiic-sorbonne.fr\/wp-content\/uploads\/2022\/05\/logo-MPage-1024x536.png\" alt=\"\" class=\"wp-image-2719\" srcset=\"https:\/\/gesiic-sorbonne.fr\/wp-content\/uploads\/2022\/05\/logo-MPage-1024x536.png 1024w, https:\/\/gesiic-sorbonne.fr\/wp-content\/uploads\/2022\/05\/logo-MPage-300x157.png 300w, https:\/\/gesiic-sorbonne.fr\/wp-content\/uploads\/2022\/05\/logo-MPage-768x402.png 768w, https:\/\/gesiic-sorbonne.fr\/wp-content\/uploads\/2022\/05\/logo-MPage.png 1200w\" sizes=\"auto, (max-width: 1024px) 100vw, 1024px\" \/><\/figure>\n<\/figure>\n","protected":false},"excerpt":{"rendered":"<p>Le master GESIIC organise chaque ann\u00e9e une conf\u00e9rence m\u00e9tiers pour permettre aux \u00e9tudiants de d\u00e9couvrir les m\u00e9tiers de l&rsquo;immobilier (g\u00e9n\u00e9ralement &hellip; <\/p>\n","protected":false},"author":4,"featured_media":0,"parent":633,"menu_order":0,"comment_status":"closed","ping_status":"closed","template":"","meta":{"_cbd_carousel_blocks":"[]","_monsterinsights_skip_tracking":false,"_monsterinsights_sitenote_active":false,"_monsterinsights_sitenote_note":"","_monsterinsights_sitenote_category":0,"footnotes":""},"class_list":["post-2556","page","type-page","status-publish","hentry"],"yoast_head":"<!-- This site is optimized with the Yoast SEO plugin v16.1.1 - https:\/\/yoast.com\/wordpress\/plugins\/seo\/ -->\n<title>CONF\u00c9RENCE M\u00c9TIERS - Gestion et Strat\u00e9gie de l&#039;Investissement Immobilier et de la Construction<\/title>\n<link rel=\"canonical\" href=\"https:\/\/gesiic-sorbonne.fr\/?page_id=2556\" \/>\n<meta property=\"og:locale\" content=\"fr_FR\" \/>\n<meta property=\"og:type\" content=\"article\" \/>\n<meta property=\"og:title\" content=\"CONF\u00c9RENCE M\u00c9TIERS - Gestion et Strat\u00e9gie de l&#039;Investissement Immobilier et de la Construction\" \/>\n<meta property=\"og:description\" content=\"Le master GESIIC organise chaque ann\u00e9e une conf\u00e9rence m\u00e9tiers pour permettre aux \u00e9tudiants de d\u00e9couvrir les m\u00e9tiers de l&rsquo;immobilier (g\u00e9n\u00e9ralement &hellip;\" \/>\n<meta property=\"og:url\" content=\"https:\/\/gesiic-sorbonne.fr\/?page_id=2556\" \/>\n<meta property=\"og:site_name\" content=\"Gestion et Strat\u00e9gie de l&#039;Investissement Immobilier et de la Construction\" \/>\n<meta property=\"article:modified_time\" content=\"2026-02-20T19:18:24+00:00\" \/>\n<meta property=\"og:image\" content=\"https:\/\/gesiic-sorbonne.fr\/wp-content\/uploads\/2025\/02\/Confmetiers2025.jpg\" \/>\n<meta name=\"twitter:card\" content=\"summary_large_image\" \/>\n<meta name=\"twitter:site\" content=\"@gesiic_sorbonne\" \/>\n<meta name=\"twitter:label1\" content=\"Dur\u00e9e de lecture est.\">\n\t<meta name=\"twitter:data1\" content=\"2 minutes\">\n<script type=\"application\/ld+json\" class=\"yoast-schema-graph\">{\"@context\":\"https:\/\/schema.org\",\"@graph\":[{\"@type\":\"Organization\",\"@id\":\"https:\/\/gesiic-sorbonne.fr\/#organization\",\"name\":\"Master GESIIC de l'universit\\u00e9 Paris I\",\"url\":\"https:\/\/gesiic-sorbonne.fr\/\",\"sameAs\":[\"https:\/\/www.instagram.com\/master2gesiic\/?hl=en\",\"https:\/\/www.linkedin.com\/company\/m2-gesiic\/\",\"https:\/\/twitter.com\/gesiic_sorbonne\"],\"logo\":{\"@type\":\"ImageObject\",\"@id\":\"https:\/\/gesiic-sorbonne.fr\/#logo\",\"inLanguage\":\"fr-FR\",\"url\":\"https:\/\/gesiic-sorbonne.fr\/wp-content\/uploads\/2020\/12\/logo-master-1.png\",\"contentUrl\":\"https:\/\/gesiic-sorbonne.fr\/wp-content\/uploads\/2020\/12\/logo-master-1.png\",\"width\":318,\"height\":226,\"caption\":\"Master GESIIC de l'universit\\u00e9 Paris I\"},\"image\":{\"@id\":\"https:\/\/gesiic-sorbonne.fr\/#logo\"}},{\"@type\":\"WebSite\",\"@id\":\"https:\/\/gesiic-sorbonne.fr\/#website\",\"url\":\"https:\/\/gesiic-sorbonne.fr\/\",\"name\":\"Gestion et Strat\\u00e9gie de l'Investissement Immobilier et de la Construction\",\"description\":\"Nous formons les promoteurs et investisseurs immobiliers de demain qui fa\\u00e7onneront les villes d&#039;apr\\u00e8s-demain\",\"publisher\":{\"@id\":\"https:\/\/gesiic-sorbonne.fr\/#organization\"},\"potentialAction\":[{\"@type\":\"SearchAction\",\"target\":\"https:\/\/gesiic-sorbonne.fr\/?s={search_term_string}\",\"query-input\":\"required name=search_term_string\"}],\"inLanguage\":\"fr-FR\"},{\"@type\":\"ImageObject\",\"@id\":\"https:\/\/gesiic-sorbonne.fr\/?page_id=2556#primaryimage\",\"inLanguage\":\"fr-FR\",\"url\":\"https:\/\/gesiic-sorbonne.fr\/wp-content\/uploads\/2025\/02\/Confmetiers2025.jpg\",\"contentUrl\":\"https:\/\/gesiic-sorbonne.fr\/wp-content\/uploads\/2025\/02\/Confmetiers2025.jpg\",\"width\":900,\"height\":675},{\"@type\":\"WebPage\",\"@id\":\"https:\/\/gesiic-sorbonne.fr\/?page_id=2556#webpage\",\"url\":\"https:\/\/gesiic-sorbonne.fr\/?page_id=2556\",\"name\":\"CONF\\u00c9RENCE M\\u00c9TIERS - Gestion et Strat\\u00e9gie de l&#039;Investissement Immobilier et de la Construction\",\"isPartOf\":{\"@id\":\"https:\/\/gesiic-sorbonne.fr\/#website\"},\"primaryImageOfPage\":{\"@id\":\"https:\/\/gesiic-sorbonne.fr\/?page_id=2556#primaryimage\"},\"datePublished\":\"2022-02-06T17:09:27+00:00\",\"dateModified\":\"2026-02-20T19:18:24+00:00\",\"breadcrumb\":{\"@id\":\"https:\/\/gesiic-sorbonne.fr\/?page_id=2556#breadcrumb\"},\"inLanguage\":\"fr-FR\",\"potentialAction\":[{\"@type\":\"ReadAction\",\"target\":[\"https:\/\/gesiic-sorbonne.fr\/?page_id=2556\"]}]},{\"@type\":\"BreadcrumbList\",\"@id\":\"https:\/\/gesiic-sorbonne.fr\/?page_id=2556#breadcrumb\",\"itemListElement\":[{\"@type\":\"ListItem\",\"position\":1,\"item\":{\"@type\":\"WebPage\",\"@id\":\"https:\/\/gesiic-sorbonne.fr\/\",\"url\":\"https:\/\/gesiic-sorbonne.fr\/\",\"name\":\"Accueil\"}},{\"@type\":\"ListItem\",\"position\":2,\"item\":{\"@type\":\"WebPage\",\"@id\":\"https:\/\/gesiic-sorbonne.fr\/?page_id=629\",\"url\":\"https:\/\/gesiic-sorbonne.fr\/?page_id=629\",\"name\":\"LA VIE DU MASTER\"}},{\"@type\":\"ListItem\",\"position\":3,\"item\":{\"@type\":\"WebPage\",\"@id\":\"https:\/\/gesiic-sorbonne.fr\/?page_id=633\",\"url\":\"https:\/\/gesiic-sorbonne.fr\/?page_id=633\",\"name\":\"EV\\u00c8NEMENTS\"}},{\"@type\":\"ListItem\",\"position\":4,\"item\":{\"@type\":\"WebPage\",\"@id\":\"https:\/\/gesiic-sorbonne.fr\/?page_id=2556\",\"url\":\"https:\/\/gesiic-sorbonne.fr\/?page_id=2556\",\"name\":\"CONF\\u00c9RENCE M\\u00c9TIERS\"}}]}]}<\/script>\n<!-- \/ Yoast SEO plugin. -->","_links":{"self":[{"href":"https:\/\/gesiic-sorbonne.fr\/index.php?rest_route=\/wp\/v2\/pages\/2556","targetHints":{"allow":["GET"]}}],"collection":[{"href":"https:\/\/gesiic-sorbonne.fr\/index.php?rest_route=\/wp\/v2\/pages"}],"about":[{"href":"https:\/\/gesiic-sorbonne.fr\/index.php?rest_route=\/wp\/v2\/types\/page"}],"author":[{"embeddable":true,"href":"https:\/\/gesiic-sorbonne.fr\/index.php?rest_route=\/wp\/v2\/users\/4"}],"replies":[{"embeddable":true,"href":"https:\/\/gesiic-sorbonne.fr\/index.php?rest_route=%2Fwp%2Fv2%2Fcomments&post=2556"}],"version-history":[{"count":43,"href":"https:\/\/gesiic-sorbonne.fr\/index.php?rest_route=\/wp\/v2\/pages\/2556\/revisions"}],"predecessor-version":[{"id":4122,"href":"https:\/\/gesiic-sorbonne.fr\/index.php?rest_route=\/wp\/v2\/pages\/2556\/revisions\/4122"}],"up":[{"embeddable":true,"href":"https:\/\/gesiic-sorbonne.fr\/index.php?rest_route=\/wp\/v2\/pages\/633"}],"wp:attachment":[{"href":"https:\/\/gesiic-sorbonne.fr\/index.php?rest_route=%2Fwp%2Fv2%2Fmedia&parent=2556"}],"curies":[{"name":"wp","href":"https:\/\/api.w.org\/{rel}","templated":true}]}}