{"id":2462,"date":"2021-12-28T01:15:55","date_gmt":"2021-12-28T00:15:55","guid":{"rendered":"https:\/\/gesiic-sorbonne.fr\/?page_id=2462"},"modified":"2025-05-16T09:02:24","modified_gmt":"2025-05-16T07:02:24","slug":"shadow-comex","status":"publish","type":"page","link":"https:\/\/gesiic-sorbonne.fr\/?page_id=2462","title":{"rendered":"SHADOW COMEX"},"content":{"rendered":"\n<p>Inspir\u00e9s de la pratique des shadow comex au sein du groupe Accor, nos shadow comex constituent un exercice p\u00e9dagogique au cours desquels les \u00e9tudiants du GESIIC sont amen\u00e9s \u00e0 s&rsquo;immerger dans le r\u00f4le d&rsquo;une \u00e9quipe de cadres missionn\u00e9s pour pr\u00e9senter un projet strat\u00e9gique \u00e0 un comit\u00e9 ex\u00e9cutif.<\/p>\n\n\n<div class=\"wp-block-image\">\n<figure class=\"aligncenter size-full\"><img loading=\"lazy\" decoding=\"async\" width=\"735\" height=\"279\" src=\"https:\/\/gesiic-sorbonne.fr\/wp-content\/uploads\/2021\/12\/ShadowComex3.jpg\" alt=\"\" class=\"wp-image-2466\" srcset=\"https:\/\/gesiic-sorbonne.fr\/wp-content\/uploads\/2021\/12\/ShadowComex3.jpg 735w, https:\/\/gesiic-sorbonne.fr\/wp-content\/uploads\/2021\/12\/ShadowComex3-300x114.jpg 300w\" sizes=\"auto, (max-width: 735px) 100vw, 735px\" \/><\/figure>\n<\/div>\n\n\n<p>Pour rendre l&rsquo;exercice plus r\u00e9aliste, les \u00e9tudiants travaillent sur de vraies donn\u00e9es et pr\u00e9sentent leur projet aux cadres dirigeants de l&rsquo;entreprise concern\u00e9e par le cas&#8230; dans les locaux de cette entreprise :<\/p>\n\n\n<div class=\"wp-block-image\">\n<figure class=\"aligncenter size-full\"><img loading=\"lazy\" decoding=\"async\" width=\"735\" height=\"435\" src=\"https:\/\/gesiic-sorbonne.fr\/wp-content\/uploads\/2023\/12\/Shadow-Bouygues.jpg\" alt=\"\" class=\"wp-image-3426\" srcset=\"https:\/\/gesiic-sorbonne.fr\/wp-content\/uploads\/2023\/12\/Shadow-Bouygues.jpg 735w, https:\/\/gesiic-sorbonne.fr\/wp-content\/uploads\/2023\/12\/Shadow-Bouygues-300x178.jpg 300w\" sizes=\"auto, (max-width: 735px) 100vw, 735px\" \/><figcaption class=\"wp-element-caption\">Shadow comex GESIIC chez Bouygues Immobilier face \u00e0 Thibault Martinerie (Directeur Marketing Strat\u00e9gique) et plusieurs hauts cadres du groupe Bouygues Immobilier<\/figcaption><\/figure>\n<\/div>\n\n<div class=\"wp-block-image\">\n<figure class=\"aligncenter size-full\"><img loading=\"lazy\" decoding=\"async\" width=\"735\" height=\"331\" src=\"https:\/\/gesiic-sorbonne.fr\/wp-content\/uploads\/2021\/12\/ShadowComex2.jpg\" alt=\"\" class=\"wp-image-2465\" srcset=\"https:\/\/gesiic-sorbonne.fr\/wp-content\/uploads\/2021\/12\/ShadowComex2.jpg 735w, https:\/\/gesiic-sorbonne.fr\/wp-content\/uploads\/2021\/12\/ShadowComex2-300x135.jpg 300w\" sizes=\"auto, (max-width: 735px) 100vw, 735px\" \/><figcaption class=\"wp-element-caption\">Shadow comex GESIIC chez Wework face \u00e0 Rebecca Nachanakian (DG Europe du Sud, B\u00e9n\u00e9lux et Nordics) et plusieurs hauts cadres de Wework France<\/figcaption><\/figure>\n<\/div>\n\n<div class=\"wp-block-image\">\n<figure class=\"aligncenter size-full\"><img loading=\"lazy\" decoding=\"async\" width=\"753\" height=\"344\" src=\"https:\/\/gesiic-sorbonne.fr\/wp-content\/uploads\/2022\/12\/ShadowBrux2022.jpg\" alt=\"\" class=\"wp-image-2949\" srcset=\"https:\/\/gesiic-sorbonne.fr\/wp-content\/uploads\/2022\/12\/ShadowBrux2022.jpg 753w, https:\/\/gesiic-sorbonne.fr\/wp-content\/uploads\/2022\/12\/ShadowBrux2022-300x137.jpg 300w, https:\/\/gesiic-sorbonne.fr\/wp-content\/uploads\/2022\/12\/ShadowBrux2022-750x344.jpg 750w\" sizes=\"auto, (max-width: 753px) 100vw, 753px\" \/><figcaption class=\"wp-element-caption\">Shadow comex GESIIC chez Besix face \u00e0 Jan Van Steirteghem (Directeur G\u00e9n\u00e9ral Europe) et plusieurs hauts cadres du groupe Besix<\/figcaption><\/figure>\n<\/div>\n\n<div class=\"wp-block-image\">\n<figure class=\"aligncenter size-full\"><img loading=\"lazy\" decoding=\"async\" width=\"735\" height=\"480\" src=\"https:\/\/gesiic-sorbonne.fr\/wp-content\/uploads\/2023\/03\/SCNexity2023.jpg\" alt=\"\" class=\"wp-image-3127\" srcset=\"https:\/\/gesiic-sorbonne.fr\/wp-content\/uploads\/2023\/03\/SCNexity2023.jpg 735w, https:\/\/gesiic-sorbonne.fr\/wp-content\/uploads\/2023\/03\/SCNexity2023-300x196.jpg 300w\" sizes=\"auto, (max-width: 735px) 100vw, 735px\" \/><figcaption class=\"wp-element-caption\">Shadow comex GESIIC chez Nexity face \u00e0 Fran\u00e7ois Desgardins (directeur innovation) et Noemie Lifchitz (Directrice de la relation Client)<\/figcaption><\/figure>\n<\/div>\n\n<div class=\"wp-block-image\">\n<figure class=\"aligncenter size-full\"><img loading=\"lazy\" decoding=\"async\" width=\"735\" height=\"235\" src=\"https:\/\/gesiic-sorbonne.fr\/wp-content\/uploads\/2021\/12\/ShadowComex1.jpg\" alt=\"\" class=\"wp-image-2464\" srcset=\"https:\/\/gesiic-sorbonne.fr\/wp-content\/uploads\/2021\/12\/ShadowComex1.jpg 735w, https:\/\/gesiic-sorbonne.fr\/wp-content\/uploads\/2021\/12\/ShadowComex1-300x96.jpg 300w\" sizes=\"auto, (max-width: 735px) 100vw, 735px\" \/><figcaption class=\"wp-element-caption\">Les \u00e9tudiants qui ne pr\u00e9sentent pas constituent aussi le comex et peuvent apprendre au contact de ces cadres exp\u00e9riment\u00e9s comment accueillir un projet strat\u00e9gique innovant.<\/figcaption><\/figure>\n<\/div>\n\n\n<p>Ces shadow comex permettent \u00e0 nos \u00e9tudiants non seulement de mettre en pratique leurs connaissances en immobilier. Mais pour rendre l&rsquo;exercice encore plus concret, nous organisons (chaque fois que c&rsquo;est possible) la visite, sur site, des biens immobiliers concern\u00e9s :<\/p>\n\n\n<div class=\"wp-block-image\">\n<figure class=\"aligncenter size-full\"><img loading=\"lazy\" decoding=\"async\" width=\"735\" height=\"381\" src=\"https:\/\/gesiic-sorbonne.fr\/wp-content\/uploads\/2023\/06\/ShadowADP2023-2SC.jpg\" alt=\"\" class=\"wp-image-3239\" srcset=\"https:\/\/gesiic-sorbonne.fr\/wp-content\/uploads\/2023\/06\/ShadowADP2023-2SC.jpg 735w, https:\/\/gesiic-sorbonne.fr\/wp-content\/uploads\/2023\/06\/ShadowADP2023-2SC-300x156.jpg 300w\" sizes=\"auto, (max-width: 735px) 100vw, 735px\" \/><figcaption class=\"wp-element-caption\">Shadow comex GESIIC puis visite du parc immobilier avec Hubert Fontanel (Directeur de l&rsquo;immobilier adjoint)  et plusieurs hauts cadres de la direction immobili\u00e8re d&rsquo;Aeroports de Paris<\/figcaption><\/figure>\n<\/div>\n\n\n<p>Ils sont aussi l&rsquo;occasion de travailler leurs soft skills et leur capacit\u00e9 \u00e0 prendre de la hauteur, avec l&rsquo;aide d&rsquo;Yilmaz Karauc (notre responsable des shadow comex) et Anne Brendel (notre coach certifi\u00e9e).<\/p>\n\n\n\n<figure class=\"wp-block-table\"><table><tbody><tr><td class=\"has-text-align-center\" data-align=\"center\">Pour p\u00e9renniser ces shadow comex, le master GESIIC a conclu un partenariat de 5 ans avec le groupe Nexity pour r\u00e9aliser chaque ann\u00e9e l&rsquo;un des shadow comex avec ses \u00e9quipes.<\/td><td><img decoding=\"async\" src=\"https:\/\/gesiic-sorbonne.fr\/wp-content\/uploads\/2021\/01\/nexity.png\" alt=\"\" style=\"width: 350px;\"><\/td><td class=\"has-text-align-center\" data-align=\"center\"> <img loading=\"lazy\" decoding=\"async\" width=\"700\" height=\"394\" class=\"wp-image-2760\" style=\"width: 700px;\" src=\"https:\/\/gesiic-sorbonne.fr\/wp-content\/uploads\/2022\/06\/PartenaireNexity.jpg\" alt=\"\" srcset=\"https:\/\/gesiic-sorbonne.fr\/wp-content\/uploads\/2022\/06\/PartenaireNexity.jpg 680w, https:\/\/gesiic-sorbonne.fr\/wp-content\/uploads\/2022\/06\/PartenaireNexity-300x169.jpg 300w\" sizes=\"auto, (max-width: 700px) 100vw, 700px\" \/> <\/td><\/tr><\/tbody><\/table><\/figure>\n\n\n\n<p>Ils constituent une exp\u00e9rience inoubliable :<\/p>\n\n\n<div class=\"wp-block-image\">\n<figure class=\"aligncenter size-large\"><img loading=\"lazy\" decoding=\"async\" width=\"1024\" height=\"937\" src=\"https:\/\/gesiic-sorbonne.fr\/wp-content\/uploads\/2021\/04\/BI-wework-1024x937.gif\" alt=\"\" class=\"wp-image-1785\" srcset=\"https:\/\/gesiic-sorbonne.fr\/wp-content\/uploads\/2021\/04\/BI-wework-1024x937.gif 1024w, https:\/\/gesiic-sorbonne.fr\/wp-content\/uploads\/2021\/04\/BI-wework-300x274.gif 300w, https:\/\/gesiic-sorbonne.fr\/wp-content\/uploads\/2021\/04\/BI-wework-768x703.gif 768w\" sizes=\"auto, (max-width: 1024px) 100vw, 1024px\" \/><\/figure>\n<\/div>\n\n<div class=\"wp-block-image\">\n<figure class=\"aligncenter size-large\"><img loading=\"lazy\" decoding=\"async\" width=\"1024\" height=\"952\" src=\"https:\/\/gesiic-sorbonne.fr\/wp-content\/uploads\/2022\/03\/BI-ShadowComexNexity2022-1024x952.gif\" alt=\"\" class=\"wp-image-2630\" srcset=\"https:\/\/gesiic-sorbonne.fr\/wp-content\/uploads\/2022\/03\/BI-ShadowComexNexity2022-1024x952.gif 1024w, https:\/\/gesiic-sorbonne.fr\/wp-content\/uploads\/2022\/03\/BI-ShadowComexNexity2022-300x279.gif 300w, https:\/\/gesiic-sorbonne.fr\/wp-content\/uploads\/2022\/03\/BI-ShadowComexNexity2022-768x714.gif 768w\" sizes=\"auto, (max-width: 1024px) 100vw, 1024px\" \/><\/figure>\n<\/div>\n\n\n<p><\/p>\n","protected":false},"excerpt":{"rendered":"<p>Inspir\u00e9s de la pratique des shadow comex au sein du groupe Accor, nos shadow comex constituent un exercice p\u00e9dagogique au &hellip; <\/p>\n","protected":false},"author":4,"featured_media":0,"parent":633,"menu_order":0,"comment_status":"closed","ping_status":"closed","template":"","meta":{"_cbd_carousel_blocks":"[]","_monsterinsights_skip_tracking":false,"_monsterinsights_sitenote_active":false,"_monsterinsights_sitenote_note":"","_monsterinsights_sitenote_category":0,"footnotes":""},"class_list":["post-2462","page","type-page","status-publish","hentry"],"yoast_head":"<!-- This site is optimized with the Yoast SEO plugin v16.1.1 - https:\/\/yoast.com\/wordpress\/plugins\/seo\/ -->\n<title>SHADOW COMEX - Gestion et Strat\u00e9gie de l&#039;Investissement Immobilier et de la Construction<\/title>\n<link rel=\"canonical\" href=\"https:\/\/gesiic-sorbonne.fr\/?page_id=2462\" \/>\n<meta property=\"og:locale\" content=\"fr_FR\" \/>\n<meta property=\"og:type\" content=\"article\" \/>\n<meta property=\"og:title\" content=\"SHADOW COMEX - Gestion et Strat\u00e9gie de l&#039;Investissement Immobilier et de la Construction\" \/>\n<meta property=\"og:description\" content=\"Inspir\u00e9s de la pratique des shadow comex au sein du groupe Accor, nos shadow comex constituent un exercice p\u00e9dagogique au &hellip;\" \/>\n<meta property=\"og:url\" content=\"https:\/\/gesiic-sorbonne.fr\/?page_id=2462\" \/>\n<meta property=\"og:site_name\" content=\"Gestion et Strat\u00e9gie de l&#039;Investissement Immobilier et de la Construction\" \/>\n<meta property=\"article:modified_time\" content=\"2025-05-16T07:02:24+00:00\" \/>\n<meta property=\"og:image\" content=\"https:\/\/gesiic-sorbonne.fr\/wp-content\/uploads\/2021\/12\/ShadowComex3.jpg\" \/>\n<meta name=\"twitter:card\" content=\"summary_large_image\" \/>\n<meta name=\"twitter:site\" content=\"@gesiic_sorbonne\" \/>\n<meta name=\"twitter:label1\" content=\"Dur\u00e9e de lecture est.\">\n\t<meta name=\"twitter:data1\" content=\"4 minutes\">\n<script type=\"application\/ld+json\" class=\"yoast-schema-graph\">{\"@context\":\"https:\/\/schema.org\",\"@graph\":[{\"@type\":\"Organization\",\"@id\":\"https:\/\/gesiic-sorbonne.fr\/#organization\",\"name\":\"Master GESIIC de l'universit\\u00e9 Paris I\",\"url\":\"https:\/\/gesiic-sorbonne.fr\/\",\"sameAs\":[\"https:\/\/www.instagram.com\/master2gesiic\/?hl=en\",\"https:\/\/www.linkedin.com\/company\/m2-gesiic\/\",\"https:\/\/twitter.com\/gesiic_sorbonne\"],\"logo\":{\"@type\":\"ImageObject\",\"@id\":\"https:\/\/gesiic-sorbonne.fr\/#logo\",\"inLanguage\":\"fr-FR\",\"url\":\"https:\/\/gesiic-sorbonne.fr\/wp-content\/uploads\/2020\/12\/logo-master-1.png\",\"contentUrl\":\"https:\/\/gesiic-sorbonne.fr\/wp-content\/uploads\/2020\/12\/logo-master-1.png\",\"width\":318,\"height\":226,\"caption\":\"Master GESIIC de l'universit\\u00e9 Paris I\"},\"image\":{\"@id\":\"https:\/\/gesiic-sorbonne.fr\/#logo\"}},{\"@type\":\"WebSite\",\"@id\":\"https:\/\/gesiic-sorbonne.fr\/#website\",\"url\":\"https:\/\/gesiic-sorbonne.fr\/\",\"name\":\"Gestion et Strat\\u00e9gie de l'Investissement Immobilier et de la Construction\",\"description\":\"Nous formons les promoteurs et investisseurs immobiliers de demain qui fa\\u00e7onneront les villes d&#039;apr\\u00e8s-demain\",\"publisher\":{\"@id\":\"https:\/\/gesiic-sorbonne.fr\/#organization\"},\"potentialAction\":[{\"@type\":\"SearchAction\",\"target\":\"https:\/\/gesiic-sorbonne.fr\/?s={search_term_string}\",\"query-input\":\"required name=search_term_string\"}],\"inLanguage\":\"fr-FR\"},{\"@type\":\"ImageObject\",\"@id\":\"https:\/\/gesiic-sorbonne.fr\/?page_id=2462#primaryimage\",\"inLanguage\":\"fr-FR\",\"url\":\"https:\/\/gesiic-sorbonne.fr\/wp-content\/uploads\/2021\/12\/ShadowComex3.jpg\",\"contentUrl\":\"https:\/\/gesiic-sorbonne.fr\/wp-content\/uploads\/2021\/12\/ShadowComex3.jpg\",\"width\":735,\"height\":279},{\"@type\":\"WebPage\",\"@id\":\"https:\/\/gesiic-sorbonne.fr\/?page_id=2462#webpage\",\"url\":\"https:\/\/gesiic-sorbonne.fr\/?page_id=2462\",\"name\":\"SHADOW COMEX - Gestion et Strat\\u00e9gie de l&#039;Investissement Immobilier et de la Construction\",\"isPartOf\":{\"@id\":\"https:\/\/gesiic-sorbonne.fr\/#website\"},\"primaryImageOfPage\":{\"@id\":\"https:\/\/gesiic-sorbonne.fr\/?page_id=2462#primaryimage\"},\"datePublished\":\"2021-12-28T00:15:55+00:00\",\"dateModified\":\"2025-05-16T07:02:24+00:00\",\"breadcrumb\":{\"@id\":\"https:\/\/gesiic-sorbonne.fr\/?page_id=2462#breadcrumb\"},\"inLanguage\":\"fr-FR\",\"potentialAction\":[{\"@type\":\"ReadAction\",\"target\":[\"https:\/\/gesiic-sorbonne.fr\/?page_id=2462\"]}]},{\"@type\":\"BreadcrumbList\",\"@id\":\"https:\/\/gesiic-sorbonne.fr\/?page_id=2462#breadcrumb\",\"itemListElement\":[{\"@type\":\"ListItem\",\"position\":1,\"item\":{\"@type\":\"WebPage\",\"@id\":\"https:\/\/gesiic-sorbonne.fr\/\",\"url\":\"https:\/\/gesiic-sorbonne.fr\/\",\"name\":\"Accueil\"}},{\"@type\":\"ListItem\",\"position\":2,\"item\":{\"@type\":\"WebPage\",\"@id\":\"https:\/\/gesiic-sorbonne.fr\/?page_id=629\",\"url\":\"https:\/\/gesiic-sorbonne.fr\/?page_id=629\",\"name\":\"LA VIE DU MASTER\"}},{\"@type\":\"ListItem\",\"position\":3,\"item\":{\"@type\":\"WebPage\",\"@id\":\"https:\/\/gesiic-sorbonne.fr\/?page_id=633\",\"url\":\"https:\/\/gesiic-sorbonne.fr\/?page_id=633\",\"name\":\"EV\\u00c8NEMENTS\"}},{\"@type\":\"ListItem\",\"position\":4,\"item\":{\"@type\":\"WebPage\",\"@id\":\"https:\/\/gesiic-sorbonne.fr\/?page_id=2462\",\"url\":\"https:\/\/gesiic-sorbonne.fr\/?page_id=2462\",\"name\":\"SHADOW COMEX\"}}]}]}<\/script>\n<!-- \/ Yoast SEO plugin. -->","_links":{"self":[{"href":"https:\/\/gesiic-sorbonne.fr\/index.php?rest_route=\/wp\/v2\/pages\/2462","targetHints":{"allow":["GET"]}}],"collection":[{"href":"https:\/\/gesiic-sorbonne.fr\/index.php?rest_route=\/wp\/v2\/pages"}],"about":[{"href":"https:\/\/gesiic-sorbonne.fr\/index.php?rest_route=\/wp\/v2\/types\/page"}],"author":[{"embeddable":true,"href":"https:\/\/gesiic-sorbonne.fr\/index.php?rest_route=\/wp\/v2\/users\/4"}],"replies":[{"embeddable":true,"href":"https:\/\/gesiic-sorbonne.fr\/index.php?rest_route=%2Fwp%2Fv2%2Fcomments&post=2462"}],"version-history":[{"count":14,"href":"https:\/\/gesiic-sorbonne.fr\/index.php?rest_route=\/wp\/v2\/pages\/2462\/revisions"}],"predecessor-version":[{"id":3944,"href":"https:\/\/gesiic-sorbonne.fr\/index.php?rest_route=\/wp\/v2\/pages\/2462\/revisions\/3944"}],"up":[{"embeddable":true,"href":"https:\/\/gesiic-sorbonne.fr\/index.php?rest_route=\/wp\/v2\/pages\/633"}],"wp:attachment":[{"href":"https:\/\/gesiic-sorbonne.fr\/index.php?rest_route=%2Fwp%2Fv2%2Fmedia&parent=2462"}],"curies":[{"name":"wp","href":"https:\/\/api.w.org\/{rel}","templated":true}]}}