{"id":1743,"date":"2021-03-31T13:20:31","date_gmt":"2021-03-31T11:20:31","guid":{"rendered":"https:\/\/gesiic-sorbonne.fr\/?page_id=1743"},"modified":"2025-01-08T14:36:49","modified_gmt":"2025-01-08T13:36:49","slug":"accreditation","status":"publish","type":"page","link":"https:\/\/gesiic-sorbonne.fr\/?page_id=1743","title":{"rendered":"ACCR\u00c9DITATION RICS"},"content":{"rendered":"\n<p>La RICS (Royal Institution of Chartered Surveyors) est une organisation professionnelle internationale. Elle garantit, partout dans le monde, la comp\u00e9tence des personnes qu\u2019elle qualifie et qui adh\u00e8rent \u00e0 sa charte. En accr\u00e9ditant le master GESIIC au terme d&rsquo;un processus rigoureux, la RICS signale la qualit\u00e9 de sa formation et lui conf\u00e8re une notori\u00e9t\u00e9 internationale.<\/p>\n\n\n\n<p>Pour nos \u00e9tudiants, le fait d&rsquo;\u00eatre dipl\u00f4m\u00e9 d&rsquo;une formation accr\u00e9dit\u00e9e RICS constitue une voie d\u2019acc\u00e8s \u00e0 la qualification de Chartered Surveyor, qui acc\u00e9l\u00e8re sensiblement la possibilit\u00e9 de devenir membre de la RICS \u00e0 titre individuel. Elle leur permet aussi d&rsquo;acc\u00e9der aux donn\u00e9es et aux \u00e9v\u00e8nements de ce r\u00e9seau mondial.<\/p>\n\n\n\n<p>En tant que formation accr\u00e9dit\u00e9e, le master GESIIC est \u00e9valu\u00e9 chaque ann\u00e9e par deux\u00a0<em>external examiners<\/em>\u00a0qui participent \u00e0 la vie du master et sont force de proposition. Le master GESIIC remercie ces professionnels qui acceptent b\u00e9n\u00e9volement de contribuer \u00e0 la qualit\u00e9 de notre formation.<br><br>Pour ce quadriennal, nos\u00a0<em>external examiners<\/em>\u00a0sont :<br>&#8211; MRICS <a href=\"https:\/\/www.linkedin.com\/in\/richardmalle\/\" target=\"_blank\" rel=\"noreferrer noopener\"><span class=\"has-inline-color has-vivid-cyan-blue-color\">Richard Malle<\/span><\/a> (Directeur Strat\u00e9gie, Data &amp; Innovation &#8211; Colliers International)<br>&#8211; MRICS <a href=\"https:\/\/www.linkedin.com\/in\/charles-henri-de-marignan-90840712\/\" target=\"_blank\" rel=\"noreferrer noopener\"><span class=\"has-inline-color has-vivid-cyan-blue-color\">Charles-Henri de Marignan<\/span><\/a> (N\u00e9gociateur immobilier &#8211; Saint Joseph Immobilier)<\/p>\n\n\n\n<hr class=\"wp-block-separator has-alpha-channel-opacity\"\/>\n\n\n\n<div class=\"wp-block-media-text is-stacked-on-mobile\" style=\"grid-template-columns:57% auto\"><figure class=\"wp-block-media-text__media\"><img loading=\"lazy\" decoding=\"async\" width=\"800\" height=\"430\" src=\"https:\/\/gesiic-sorbonne.fr\/wp-content\/uploads\/2024\/02\/GTRics-1.jpg\" alt=\"\" class=\"wp-image-3492 size-full\" srcset=\"https:\/\/gesiic-sorbonne.fr\/wp-content\/uploads\/2024\/02\/GTRics-1.jpg 800w, https:\/\/gesiic-sorbonne.fr\/wp-content\/uploads\/2024\/02\/GTRics-1-300x161.jpg 300w, https:\/\/gesiic-sorbonne.fr\/wp-content\/uploads\/2024\/02\/GTRics-1-768x413.jpg 768w\" sizes=\"auto, (max-width: 800px) 100vw, 800px\" \/><\/figure><div class=\"wp-block-media-text__content\">\n<p>Le master GESIIC est associ\u00e9 au groupe de travail \u00ab\u00a0Corporate Real Estate &amp; Strategic Facility Management\u00a0\u00bb de la RICS France.<\/p>\n\n\n\n<p>A cette occasion, ses \u00e9tudiants pr\u00e9sentent leurs travaux devant des professionnels du secteur immobilier.<\/p>\n<\/div><\/div>\n\n\n\n<hr class=\"wp-block-separator has-alpha-channel-opacity\"\/>\n\n\n\n<p id=\"block-8068d372-785f-47d8-b7e3-651a3a4afe35\"><a href=\"https:\/\/www.rics.org\/fr\/\" target=\"_blank\" rel=\"noreferrer noopener\"><mark style=\"background-color:rgba(0, 0, 0, 0)\" class=\"has-inline-color has-vivid-cyan-blue-color\">Site de la RICS<\/mark><\/a><\/p>\n\n\n\n<p id=\"block-ef5643e1-694c-4186-8a96-a602643357d6\"><mark style=\"background-color:rgba(0, 0, 0, 0)\" class=\"has-inline-color has-vivid-cyan-blue-color\"><a href=\"https:\/\/www.rics.org\/join-rics\" target=\"_blank\" rel=\"noreferrer noopener\">Certification RICS<\/a><\/mark><\/p>\n\n\n\n<p id=\"block-97f94bb8-4011-4f9b-ba41-367aefc1776f\"><a href=\"http:\/\/www.businessimmo.com\/contents\/40950\/l-impact-de-la-qualification-rics-dans-la-gestion-de-carrieres\" target=\"_blank\" rel=\"noreferrer noopener\"><mark style=\"background-color:rgba(0, 0, 0, 0)\" class=\"has-inline-color has-vivid-cyan-blue-color\">Impact de RICS sur la carri\u00e8re<\/mark><\/a><\/p>\n","protected":false},"excerpt":{"rendered":"<p>La RICS (Royal Institution of Chartered Surveyors) est une organisation professionnelle internationale. Elle garantit, partout dans le monde, la comp\u00e9tence &hellip; <\/p>\n","protected":false},"author":13,"featured_media":0,"parent":648,"menu_order":0,"comment_status":"closed","ping_status":"closed","template":"","meta":{"_cbd_carousel_blocks":"[]","_monsterinsights_skip_tracking":false,"_monsterinsights_sitenote_active":false,"_monsterinsights_sitenote_note":"","_monsterinsights_sitenote_category":0,"footnotes":""},"class_list":["post-1743","page","type-page","status-publish","hentry"],"yoast_head":"<!-- This site is optimized with the Yoast SEO plugin v16.1.1 - https:\/\/yoast.com\/wordpress\/plugins\/seo\/ -->\n<title>ACCR\u00c9DITATION RICS - Gestion et Strat\u00e9gie de l&#039;Investissement Immobilier et de la Construction<\/title>\n<link rel=\"canonical\" href=\"https:\/\/gesiic-sorbonne.fr\/?page_id=1743\" \/>\n<meta property=\"og:locale\" content=\"fr_FR\" \/>\n<meta property=\"og:type\" content=\"article\" \/>\n<meta property=\"og:title\" content=\"ACCR\u00c9DITATION RICS - Gestion et Strat\u00e9gie de l&#039;Investissement Immobilier et de la Construction\" \/>\n<meta property=\"og:description\" content=\"La RICS (Royal Institution of Chartered Surveyors) est une organisation professionnelle internationale. Elle garantit, partout dans le monde, la comp\u00e9tence &hellip;\" \/>\n<meta property=\"og:url\" content=\"https:\/\/gesiic-sorbonne.fr\/?page_id=1743\" \/>\n<meta property=\"og:site_name\" content=\"Gestion et Strat\u00e9gie de l&#039;Investissement Immobilier et de la Construction\" \/>\n<meta property=\"article:modified_time\" content=\"2025-01-08T13:36:49+00:00\" \/>\n<meta property=\"og:image\" content=\"https:\/\/gesiic-sorbonne.fr\/wp-content\/uploads\/2024\/02\/GTRics-1.jpg\" \/>\n<meta name=\"twitter:card\" content=\"summary_large_image\" \/>\n<meta name=\"twitter:site\" content=\"@gesiic_sorbonne\" \/>\n<meta name=\"twitter:label1\" content=\"Dur\u00e9e de lecture est.\">\n\t<meta name=\"twitter:data1\" content=\"1 minute\">\n<script type=\"application\/ld+json\" class=\"yoast-schema-graph\">{\"@context\":\"https:\/\/schema.org\",\"@graph\":[{\"@type\":\"Organization\",\"@id\":\"https:\/\/gesiic-sorbonne.fr\/#organization\",\"name\":\"Master GESIIC de l'universit\\u00e9 Paris I\",\"url\":\"https:\/\/gesiic-sorbonne.fr\/\",\"sameAs\":[\"https:\/\/www.instagram.com\/master2gesiic\/?hl=en\",\"https:\/\/www.linkedin.com\/company\/m2-gesiic\/\",\"https:\/\/twitter.com\/gesiic_sorbonne\"],\"logo\":{\"@type\":\"ImageObject\",\"@id\":\"https:\/\/gesiic-sorbonne.fr\/#logo\",\"inLanguage\":\"fr-FR\",\"url\":\"https:\/\/gesiic-sorbonne.fr\/wp-content\/uploads\/2020\/12\/logo-master-1.png\",\"contentUrl\":\"https:\/\/gesiic-sorbonne.fr\/wp-content\/uploads\/2020\/12\/logo-master-1.png\",\"width\":318,\"height\":226,\"caption\":\"Master GESIIC de l'universit\\u00e9 Paris I\"},\"image\":{\"@id\":\"https:\/\/gesiic-sorbonne.fr\/#logo\"}},{\"@type\":\"WebSite\",\"@id\":\"https:\/\/gesiic-sorbonne.fr\/#website\",\"url\":\"https:\/\/gesiic-sorbonne.fr\/\",\"name\":\"Gestion et Strat\\u00e9gie de l'Investissement Immobilier et de la Construction\",\"description\":\"Nous formons les promoteurs et investisseurs immobiliers de demain qui fa\\u00e7onneront les villes d&#039;apr\\u00e8s-demain\",\"publisher\":{\"@id\":\"https:\/\/gesiic-sorbonne.fr\/#organization\"},\"potentialAction\":[{\"@type\":\"SearchAction\",\"target\":\"https:\/\/gesiic-sorbonne.fr\/?s={search_term_string}\",\"query-input\":\"required name=search_term_string\"}],\"inLanguage\":\"fr-FR\"},{\"@type\":\"ImageObject\",\"@id\":\"https:\/\/gesiic-sorbonne.fr\/?page_id=1743#primaryimage\",\"inLanguage\":\"fr-FR\",\"url\":\"https:\/\/gesiic-sorbonne.fr\/wp-content\/uploads\/2024\/02\/GTRics-1.jpg\",\"contentUrl\":\"https:\/\/gesiic-sorbonne.fr\/wp-content\/uploads\/2024\/02\/GTRics-1.jpg\",\"width\":800,\"height\":430},{\"@type\":\"WebPage\",\"@id\":\"https:\/\/gesiic-sorbonne.fr\/?page_id=1743#webpage\",\"url\":\"https:\/\/gesiic-sorbonne.fr\/?page_id=1743\",\"name\":\"ACCR\\u00c9DITATION RICS - Gestion et Strat\\u00e9gie de l&#039;Investissement Immobilier et de la Construction\",\"isPartOf\":{\"@id\":\"https:\/\/gesiic-sorbonne.fr\/#website\"},\"primaryImageOfPage\":{\"@id\":\"https:\/\/gesiic-sorbonne.fr\/?page_id=1743#primaryimage\"},\"datePublished\":\"2021-03-31T11:20:31+00:00\",\"dateModified\":\"2025-01-08T13:36:49+00:00\",\"breadcrumb\":{\"@id\":\"https:\/\/gesiic-sorbonne.fr\/?page_id=1743#breadcrumb\"},\"inLanguage\":\"fr-FR\",\"potentialAction\":[{\"@type\":\"ReadAction\",\"target\":[\"https:\/\/gesiic-sorbonne.fr\/?page_id=1743\"]}]},{\"@type\":\"BreadcrumbList\",\"@id\":\"https:\/\/gesiic-sorbonne.fr\/?page_id=1743#breadcrumb\",\"itemListElement\":[{\"@type\":\"ListItem\",\"position\":1,\"item\":{\"@type\":\"WebPage\",\"@id\":\"https:\/\/gesiic-sorbonne.fr\/\",\"url\":\"https:\/\/gesiic-sorbonne.fr\/\",\"name\":\"Accueil\"}},{\"@type\":\"ListItem\",\"position\":2,\"item\":{\"@type\":\"WebPage\",\"@id\":\"https:\/\/gesiic-sorbonne.fr\/?page_id=648\",\"url\":\"https:\/\/gesiic-sorbonne.fr\/?page_id=648\",\"name\":\"NOS PARTENAIRES\"}},{\"@type\":\"ListItem\",\"position\":3,\"item\":{\"@type\":\"WebPage\",\"@id\":\"https:\/\/gesiic-sorbonne.fr\/?page_id=1743\",\"url\":\"https:\/\/gesiic-sorbonne.fr\/?page_id=1743\",\"name\":\"ACCR\\u00c9DITATION RICS\"}}]}]}<\/script>\n<!-- \/ Yoast SEO plugin. -->","_links":{"self":[{"href":"https:\/\/gesiic-sorbonne.fr\/index.php?rest_route=\/wp\/v2\/pages\/1743","targetHints":{"allow":["GET"]}}],"collection":[{"href":"https:\/\/gesiic-sorbonne.fr\/index.php?rest_route=\/wp\/v2\/pages"}],"about":[{"href":"https:\/\/gesiic-sorbonne.fr\/index.php?rest_route=\/wp\/v2\/types\/page"}],"author":[{"embeddable":true,"href":"https:\/\/gesiic-sorbonne.fr\/index.php?rest_route=\/wp\/v2\/users\/13"}],"replies":[{"embeddable":true,"href":"https:\/\/gesiic-sorbonne.fr\/index.php?rest_route=%2Fwp%2Fv2%2Fcomments&post=1743"}],"version-history":[{"count":13,"href":"https:\/\/gesiic-sorbonne.fr\/index.php?rest_route=\/wp\/v2\/pages\/1743\/revisions"}],"predecessor-version":[{"id":3779,"href":"https:\/\/gesiic-sorbonne.fr\/index.php?rest_route=\/wp\/v2\/pages\/1743\/revisions\/3779"}],"up":[{"embeddable":true,"href":"https:\/\/gesiic-sorbonne.fr\/index.php?rest_route=\/wp\/v2\/pages\/648"}],"wp:attachment":[{"href":"https:\/\/gesiic-sorbonne.fr\/index.php?rest_route=%2Fwp%2Fv2%2Fmedia&parent=1743"}],"curies":[{"name":"wp","href":"https:\/\/api.w.org\/{rel}","templated":true}]}}