{"id":1676,"date":"2021-03-31T10:58:14","date_gmt":"2021-03-31T08:58:14","guid":{"rendered":"https:\/\/gesiic-sorbonne.fr\/?page_id=1676"},"modified":"2024-05-23T17:39:30","modified_gmt":"2024-05-23T15:39:30","slug":"international-2","status":"publish","type":"page","link":"https:\/\/gesiic-sorbonne.fr\/?page_id=1676","title":{"rendered":"INTERNATIONAL"},"content":{"rendered":"\n<p>Dans la continuit\u00e9 de ses&nbsp;<a href=\"https:\/\/gesiic-sorbonne.fr\/?page_id=1988\"><mark style=\"background-color:rgba(0, 0, 0, 0)\" class=\"has-inline-color has-vivid-cyan-blue-color\">collaborations internationales<\/mark><\/a>, le master GESIIC a inaugur\u00e9 un partenariat avec l&rsquo;<a href=\"http:\/\/executive-master-immobilier.be\/\" target=\"_blank\" rel=\"noreferrer noopener\"><mark style=\"background-color:rgba(0, 0, 0, 0)\" class=\"has-inline-color has-vivid-cyan-blue-color\">executive master immobilier<\/mark><\/a>&nbsp;(EMI) de l&rsquo;universit\u00e9 Saint-Louis de Bruxelles et de l&rsquo;ICHEC. Ce master enti\u00e8rement d\u00e9volu \u00e0 la formation continue est accr\u00e9dit\u00e9 RICS comme le GESIIC.<\/p>\n\n\n\n<p>Dans le cadre de ce partenariat, des voyages d&rsquo;\u00e9tude de nos masters ont \u00e9t\u00e9 organis\u00e9s \u00e0 Bruxelles et \u00e0 Paris en 2018, 2019, 2021 et 2022 :<\/p>\n\n\n<div class=\"wp-block-image\">\n<figure class=\"aligncenter size-large\"><img loading=\"lazy\" decoding=\"async\" width=\"735\" height=\"160\" src=\"https:\/\/gesiic-sorbonne.fr\/wp-content\/uploads\/2021\/03\/csm_bandeau-Bruxelles_0562bb4f73.jpg\" alt=\"\" class=\"wp-image-1677\" srcset=\"https:\/\/gesiic-sorbonne.fr\/wp-content\/uploads\/2021\/03\/csm_bandeau-Bruxelles_0562bb4f73.jpg 735w, https:\/\/gesiic-sorbonne.fr\/wp-content\/uploads\/2021\/03\/csm_bandeau-Bruxelles_0562bb4f73-300x65.jpg 300w\" sizes=\"auto, (max-width: 735px) 100vw, 735px\" \/><\/figure>\n<\/div>\n\n\n<figure class=\"wp-block-table\"><table><tbody><tr><td><img loading=\"lazy\" decoding=\"async\" width=\"300\" height=\"205\" class=\"wp-image-1680\" style=\"width: 300px;\" src=\"https:\/\/gesiic-sorbonne.fr\/wp-content\/uploads\/2021\/03\/EMI-Paris2019-2.jpg\" alt=\"\" srcset=\"https:\/\/gesiic-sorbonne.fr\/wp-content\/uploads\/2021\/03\/EMI-Paris2019-2.jpg 425w, https:\/\/gesiic-sorbonne.fr\/wp-content\/uploads\/2021\/03\/EMI-Paris2019-2-300x205.jpg 300w\" sizes=\"auto, (max-width: 300px) 100vw, 300px\" \/><\/td><td><img loading=\"lazy\" decoding=\"async\" width=\"200\" height=\"199\" class=\"wp-image-1681\" style=\"width: 200px;\" src=\"https:\/\/gesiic-sorbonne.fr\/wp-content\/uploads\/2021\/03\/Logo_RICS.gif\" alt=\"\"><\/td><td><img loading=\"lazy\" decoding=\"async\" width=\"300\" height=\"79\" class=\"wp-image-1909\" style=\"width: 300px;\" src=\"https:\/\/gesiic-sorbonne.fr\/wp-content\/uploads\/2021\/04\/EMI.png\" alt=\"\" srcset=\"https:\/\/gesiic-sorbonne.fr\/wp-content\/uploads\/2021\/04\/EMI.png 468w, https:\/\/gesiic-sorbonne.fr\/wp-content\/uploads\/2021\/04\/EMI-300x79.png 300w\" sizes=\"auto, (max-width: 300px) 100vw, 300px\" \/><\/td><\/tr><\/tbody><\/table><\/figure>\n\n\n\n<p>Au-del\u00e0 des ces voyages de d\u00e9couverte, les 2 masters ont initi\u00e9 plusieurs coop\u00e9rations dont des d\u00e9l\u00e9gations communes aux salons immobiliers internationaux :<\/p>\n\n\n<div class=\"wp-block-image\">\n<figure class=\"aligncenter size-full\"><img loading=\"lazy\" decoding=\"async\" width=\"800\" height=\"508\" src=\"https:\/\/gesiic-sorbonne.fr\/wp-content\/uploads\/2024\/03\/MIPIM2024.jpg\" alt=\"\" class=\"wp-image-3528\" srcset=\"https:\/\/gesiic-sorbonne.fr\/wp-content\/uploads\/2024\/03\/MIPIM2024.jpg 800w, https:\/\/gesiic-sorbonne.fr\/wp-content\/uploads\/2024\/03\/MIPIM2024-300x191.jpg 300w, https:\/\/gesiic-sorbonne.fr\/wp-content\/uploads\/2024\/03\/MIPIM2024-768x488.jpg 768w\" sizes=\"auto, (max-width: 800px) 100vw, 800px\" \/><\/figure>\n<\/div>\n\n\n<p><\/p>\n","protected":false},"excerpt":{"rendered":"<p>Dans la continuit\u00e9 de ses&nbsp;collaborations internationales, le master GESIIC a inaugur\u00e9 un partenariat avec l&rsquo;executive master immobilier&nbsp;(EMI) de l&rsquo;universit\u00e9 Saint-Louis &hellip; <\/p>\n","protected":false},"author":13,"featured_media":0,"parent":633,"menu_order":0,"comment_status":"closed","ping_status":"closed","template":"","meta":{"_cbd_carousel_blocks":"[]","_monsterinsights_skip_tracking":false,"_monsterinsights_sitenote_active":false,"_monsterinsights_sitenote_note":"","_monsterinsights_sitenote_category":0,"footnotes":""},"class_list":["post-1676","page","type-page","status-publish","hentry"],"yoast_head":"<!-- This site is optimized with the Yoast SEO plugin v16.1.1 - https:\/\/yoast.com\/wordpress\/plugins\/seo\/ -->\n<title>INTERNATIONAL - Gestion et Strat\u00e9gie de l&#039;Investissement Immobilier et de la Construction<\/title>\n<link rel=\"canonical\" href=\"https:\/\/gesiic-sorbonne.fr\/?page_id=1676\" \/>\n<meta property=\"og:locale\" content=\"fr_FR\" \/>\n<meta property=\"og:type\" content=\"article\" \/>\n<meta property=\"og:title\" content=\"INTERNATIONAL - Gestion et Strat\u00e9gie de l&#039;Investissement Immobilier et de la Construction\" \/>\n<meta property=\"og:description\" content=\"Dans la continuit\u00e9 de ses&nbsp;collaborations internationales, le master GESIIC a inaugur\u00e9 un partenariat avec l&rsquo;executive master immobilier&nbsp;(EMI) de l&rsquo;universit\u00e9 Saint-Louis &hellip;\" \/>\n<meta property=\"og:url\" content=\"https:\/\/gesiic-sorbonne.fr\/?page_id=1676\" \/>\n<meta property=\"og:site_name\" content=\"Gestion et Strat\u00e9gie de l&#039;Investissement Immobilier et de la Construction\" \/>\n<meta property=\"article:modified_time\" content=\"2024-05-23T15:39:30+00:00\" \/>\n<meta property=\"og:image\" content=\"https:\/\/gesiic-sorbonne.fr\/wp-content\/uploads\/2021\/03\/csm_bandeau-Bruxelles_0562bb4f73.jpg\" \/>\n<meta name=\"twitter:card\" content=\"summary_large_image\" \/>\n<meta name=\"twitter:site\" content=\"@gesiic_sorbonne\" \/>\n<meta name=\"twitter:label1\" content=\"Dur\u00e9e de lecture est.\">\n\t<meta name=\"twitter:data1\" content=\"2 minutes\">\n<script type=\"application\/ld+json\" class=\"yoast-schema-graph\">{\"@context\":\"https:\/\/schema.org\",\"@graph\":[{\"@type\":\"Organization\",\"@id\":\"https:\/\/gesiic-sorbonne.fr\/#organization\",\"name\":\"Master GESIIC de l'universit\\u00e9 Paris I\",\"url\":\"https:\/\/gesiic-sorbonne.fr\/\",\"sameAs\":[\"https:\/\/www.instagram.com\/master2gesiic\/?hl=en\",\"https:\/\/www.linkedin.com\/company\/m2-gesiic\/\",\"https:\/\/twitter.com\/gesiic_sorbonne\"],\"logo\":{\"@type\":\"ImageObject\",\"@id\":\"https:\/\/gesiic-sorbonne.fr\/#logo\",\"inLanguage\":\"fr-FR\",\"url\":\"https:\/\/gesiic-sorbonne.fr\/wp-content\/uploads\/2020\/12\/logo-master-1.png\",\"contentUrl\":\"https:\/\/gesiic-sorbonne.fr\/wp-content\/uploads\/2020\/12\/logo-master-1.png\",\"width\":318,\"height\":226,\"caption\":\"Master GESIIC de l'universit\\u00e9 Paris I\"},\"image\":{\"@id\":\"https:\/\/gesiic-sorbonne.fr\/#logo\"}},{\"@type\":\"WebSite\",\"@id\":\"https:\/\/gesiic-sorbonne.fr\/#website\",\"url\":\"https:\/\/gesiic-sorbonne.fr\/\",\"name\":\"Gestion et Strat\\u00e9gie de l'Investissement Immobilier et de la Construction\",\"description\":\"Nous formons les promoteurs et investisseurs immobiliers de demain qui fa\\u00e7onneront les villes d&#039;apr\\u00e8s-demain\",\"publisher\":{\"@id\":\"https:\/\/gesiic-sorbonne.fr\/#organization\"},\"potentialAction\":[{\"@type\":\"SearchAction\",\"target\":\"https:\/\/gesiic-sorbonne.fr\/?s={search_term_string}\",\"query-input\":\"required name=search_term_string\"}],\"inLanguage\":\"fr-FR\"},{\"@type\":\"ImageObject\",\"@id\":\"https:\/\/gesiic-sorbonne.fr\/?page_id=1676#primaryimage\",\"inLanguage\":\"fr-FR\",\"url\":\"https:\/\/gesiic-sorbonne.fr\/wp-content\/uploads\/2021\/03\/csm_bandeau-Bruxelles_0562bb4f73.jpg\",\"contentUrl\":\"https:\/\/gesiic-sorbonne.fr\/wp-content\/uploads\/2021\/03\/csm_bandeau-Bruxelles_0562bb4f73.jpg\",\"width\":735,\"height\":160},{\"@type\":\"WebPage\",\"@id\":\"https:\/\/gesiic-sorbonne.fr\/?page_id=1676#webpage\",\"url\":\"https:\/\/gesiic-sorbonne.fr\/?page_id=1676\",\"name\":\"INTERNATIONAL - Gestion et Strat\\u00e9gie de l&#039;Investissement Immobilier et de la Construction\",\"isPartOf\":{\"@id\":\"https:\/\/gesiic-sorbonne.fr\/#website\"},\"primaryImageOfPage\":{\"@id\":\"https:\/\/gesiic-sorbonne.fr\/?page_id=1676#primaryimage\"},\"datePublished\":\"2021-03-31T08:58:14+00:00\",\"dateModified\":\"2024-05-23T15:39:30+00:00\",\"breadcrumb\":{\"@id\":\"https:\/\/gesiic-sorbonne.fr\/?page_id=1676#breadcrumb\"},\"inLanguage\":\"fr-FR\",\"potentialAction\":[{\"@type\":\"ReadAction\",\"target\":[\"https:\/\/gesiic-sorbonne.fr\/?page_id=1676\"]}]},{\"@type\":\"BreadcrumbList\",\"@id\":\"https:\/\/gesiic-sorbonne.fr\/?page_id=1676#breadcrumb\",\"itemListElement\":[{\"@type\":\"ListItem\",\"position\":1,\"item\":{\"@type\":\"WebPage\",\"@id\":\"https:\/\/gesiic-sorbonne.fr\/\",\"url\":\"https:\/\/gesiic-sorbonne.fr\/\",\"name\":\"Accueil\"}},{\"@type\":\"ListItem\",\"position\":2,\"item\":{\"@type\":\"WebPage\",\"@id\":\"https:\/\/gesiic-sorbonne.fr\/?page_id=629\",\"url\":\"https:\/\/gesiic-sorbonne.fr\/?page_id=629\",\"name\":\"LA VIE DU MASTER\"}},{\"@type\":\"ListItem\",\"position\":3,\"item\":{\"@type\":\"WebPage\",\"@id\":\"https:\/\/gesiic-sorbonne.fr\/?page_id=633\",\"url\":\"https:\/\/gesiic-sorbonne.fr\/?page_id=633\",\"name\":\"EV\\u00c8NEMENTS\"}},{\"@type\":\"ListItem\",\"position\":4,\"item\":{\"@type\":\"WebPage\",\"@id\":\"https:\/\/gesiic-sorbonne.fr\/?page_id=1676\",\"url\":\"https:\/\/gesiic-sorbonne.fr\/?page_id=1676\",\"name\":\"INTERNATIONAL\"}}]}]}<\/script>\n<!-- \/ Yoast SEO plugin. -->","_links":{"self":[{"href":"https:\/\/gesiic-sorbonne.fr\/index.php?rest_route=\/wp\/v2\/pages\/1676","targetHints":{"allow":["GET"]}}],"collection":[{"href":"https:\/\/gesiic-sorbonne.fr\/index.php?rest_route=\/wp\/v2\/pages"}],"about":[{"href":"https:\/\/gesiic-sorbonne.fr\/index.php?rest_route=\/wp\/v2\/types\/page"}],"author":[{"embeddable":true,"href":"https:\/\/gesiic-sorbonne.fr\/index.php?rest_route=\/wp\/v2\/users\/13"}],"replies":[{"embeddable":true,"href":"https:\/\/gesiic-sorbonne.fr\/index.php?rest_route=%2Fwp%2Fv2%2Fcomments&post=1676"}],"version-history":[{"count":20,"href":"https:\/\/gesiic-sorbonne.fr\/index.php?rest_route=\/wp\/v2\/pages\/1676\/revisions"}],"predecessor-version":[{"id":3540,"href":"https:\/\/gesiic-sorbonne.fr\/index.php?rest_route=\/wp\/v2\/pages\/1676\/revisions\/3540"}],"up":[{"embeddable":true,"href":"https:\/\/gesiic-sorbonne.fr\/index.php?rest_route=\/wp\/v2\/pages\/633"}],"wp:attachment":[{"href":"https:\/\/gesiic-sorbonne.fr\/index.php?rest_route=%2Fwp%2Fv2%2Fmedia&parent=1676"}],"curies":[{"name":"wp","href":"https:\/\/api.w.org\/{rel}","templated":true}]}}