{"id":1661,"date":"2021-03-31T10:45:23","date_gmt":"2021-03-31T08:45:23","guid":{"rendered":"https:\/\/gesiic-sorbonne.fr\/?page_id=1661"},"modified":"2025-05-16T09:11:37","modified_gmt":"2025-05-16T07:11:37","slug":"conference","status":"publish","type":"page","link":"https:\/\/gesiic-sorbonne.fr\/?page_id=1661","title":{"rendered":"CONF\u00c9RENCES"},"content":{"rendered":"\n<h2 class=\"wp-block-heading\">Notre prochaine conf\u00e9rence :<\/h2>\n\n\n\n<hr class=\"wp-block-separator has-alpha-channel-opacity\"\/>\n\n\n\n<hr class=\"wp-block-separator has-alpha-channel-opacity\"\/>\n\n\n\n<hr class=\"wp-block-separator has-alpha-channel-opacity\"\/>\n\n\n\n<h2 class=\"wp-block-heading\">Quelques unes de nos conf\u00e9rences pass\u00e9es (liste non-exhaustive) :<\/h2>\n\n\n\n<div class=\"wp-block-media-text alignwide is-stacked-on-mobile\" style=\"grid-template-columns:34% auto\"><figure class=\"wp-block-media-text__media\"><img loading=\"lazy\" decoding=\"async\" width=\"1000\" height=\"632\" src=\"https:\/\/gesiic-sorbonne.fr\/wp-content\/uploads\/2024\/09\/ConferenceZAN2025.jpg\" alt=\"\" class=\"wp-image-3905 size-full\" srcset=\"https:\/\/gesiic-sorbonne.fr\/wp-content\/uploads\/2024\/09\/ConferenceZAN2025.jpg 1000w, https:\/\/gesiic-sorbonne.fr\/wp-content\/uploads\/2024\/09\/ConferenceZAN2025-300x190.jpg 300w, https:\/\/gesiic-sorbonne.fr\/wp-content\/uploads\/2024\/09\/ConferenceZAN2025-768x485.jpg 768w\" sizes=\"auto, (max-width: 1000px) 100vw, 1000px\" \/><\/figure><div class=\"wp-block-media-text__content\">\n<h4 class=\"wp-block-heading\"><strong>JEAN-FREDERIC HEINRY<\/strong> <strong>(+ Marie Pastier-Mollet et Guillaume Chanson)<\/strong><\/h4>\n\n\n\n<p>nous ont tenu une conf\u00e9rence intitul\u00e9e<\/p>\n\n\n\n<h4 class=\"wp-block-heading\">\u00ab\u00a0<em>Z\u00e9ro Artificialisation Nette (ZAN) : Un enjeu incontournable mais une contrainte suppl\u00e9mentaire<\/em> ?\u00a0\u00bb<\/h4>\n\n\n\n<p><strong>Jeudi 6 mars 2025 &#8211;&nbsp;Amphith\u00e9\u00e2tre Oury<\/strong>&nbsp;(Sorbonne)<\/p>\n<\/div><\/div>\n\n\n\n<p><\/p>\n\n\n\n<div class=\"wp-block-media-text alignwide is-stacked-on-mobile\" style=\"grid-template-columns:34% auto\"><figure class=\"wp-block-media-text__media\"><img loading=\"lazy\" decoding=\"async\" width=\"1024\" height=\"551\" src=\"https:\/\/gesiic-sorbonne.fr\/wp-content\/uploads\/2024\/09\/2005-Debats-1024x551.jpg\" alt=\"\" class=\"wp-image-3873 size-full\" srcset=\"https:\/\/gesiic-sorbonne.fr\/wp-content\/uploads\/2024\/09\/2005-Debats-1024x551.jpg 1024w, https:\/\/gesiic-sorbonne.fr\/wp-content\/uploads\/2024\/09\/2005-Debats-300x161.jpg 300w, https:\/\/gesiic-sorbonne.fr\/wp-content\/uploads\/2024\/09\/2005-Debats-768x413.jpg 768w, https:\/\/gesiic-sorbonne.fr\/wp-content\/uploads\/2024\/09\/2005-Debats.jpg 1212w\" sizes=\"auto, (max-width: 1024px) 100vw, 1024px\" \/><\/figure><div class=\"wp-block-media-text__content\">\n<h4 class=\"wp-block-heading\"><strong>Les d\u00e9bats du GESIIC<\/strong><\/h4>\n\n\n\n<p>D\u00e9bats organis\u00e9 par les \u00e9tudiants du master, avec l&rsquo;accompagnement d&rsquo;enseignants et alumni :<\/p>\n\n\n\n<h4 class=\"wp-block-heading\">\u00ab\u00a0<em>Financiarisation de l&rsquo;immobilier : un levier ou un pari risqu\u00e9<\/em> ?\u00a0\u00bb<\/h4>\n\n\n\n<p><strong>Jeudi 13 f\u00e9vrier 2025 &#8211;\u00a0Amphith\u00e9\u00e2tre Bachelard <\/strong>(Sorbonne)<\/p>\n<\/div><\/div>\n\n\n\n<p><\/p>\n\n\n\n<div class=\"wp-block-media-text alignwide is-stacked-on-mobile\" style=\"grid-template-columns:34% auto\"><figure class=\"wp-block-media-text__media\"><img loading=\"lazy\" decoding=\"async\" width=\"425\" height=\"319\" src=\"https:\/\/gesiic-sorbonne.fr\/wp-content\/uploads\/2025\/01\/Titant2024.jpg\" alt=\"\" class=\"wp-image-3807 size-full\" srcset=\"https:\/\/gesiic-sorbonne.fr\/wp-content\/uploads\/2025\/01\/Titant2024.jpg 425w, https:\/\/gesiic-sorbonne.fr\/wp-content\/uploads\/2025\/01\/Titant2024-300x225.jpg 300w\" sizes=\"auto, (max-width: 425px) 100vw, 425px\" \/><\/figure><div class=\"wp-block-media-text__content\">\n<h4 class=\"wp-block-heading\"><strong>JEAN-MARIE TRITANT<\/strong><\/h4>\n\n\n\n<p>nous a tenu une conf\u00e9rence intitul\u00e9e<\/p>\n\n\n\n<h4 class=\"wp-block-heading\">\u00ab\u00a0THE FUTURE OF COMMERCIAL REAL ESTATE\u00a0\u00bb<\/h4>\n\n\n\n<p><strong>Mercredi 5 septembre 2024 &#8211;&nbsp;Amphith\u00e9\u00e2tre Lefebvre<\/strong>&nbsp;(Sorbonne)<\/p>\n<\/div><\/div>\n\n\n\n<p><\/p>\n\n\n\n<div class=\"wp-block-media-text alignwide is-stacked-on-mobile\" style=\"grid-template-columns:34% auto\"><figure class=\"wp-block-media-text__media\"><img loading=\"lazy\" decoding=\"async\" width=\"300\" height=\"200\" src=\"https:\/\/gesiic-sorbonne.fr\/wp-content\/uploads\/2021\/03\/Conferences.jpg\" alt=\"\" class=\"wp-image-1662 size-full\"\/><\/figure><div class=\"wp-block-media-text__content\">\n<h4 class=\"wp-block-heading\"><strong>PHILIPPE CHIAMBARETTA<\/strong><\/h4>\n\n\n\n<p>nous a tenu une conf\u00e9rence intitul\u00e9e<\/p>\n\n\n\n<h4 class=\"wp-block-heading\">\u00ab\u00a0R\u00c9ENCHANTER&nbsp; LES CHAMPS-\u00c9LYS\u00c9ES\u00a0\u00bb<\/h4>\n\n\n\n<p><strong>Mercredi 27 novembre 2019 &#8211;&nbsp;<\/strong><strong>Amphith\u00e9\u00e2tre Descartes<\/strong>&nbsp;(Sorbonne)<\/p>\n<\/div><\/div>\n\n\n\n<p><\/p>\n\n\n\n<div class=\"wp-block-media-text alignwide is-stacked-on-mobile\" style=\"grid-template-columns:34% auto\"><figure class=\"wp-block-media-text__media\"><img loading=\"lazy\" decoding=\"async\" width=\"709\" height=\"580\" src=\"https:\/\/gesiic-sorbonne.fr\/wp-content\/uploads\/2021\/03\/Auzannet-conf3.jpg\" alt=\"\" class=\"wp-image-1668 size-full\" srcset=\"https:\/\/gesiic-sorbonne.fr\/wp-content\/uploads\/2021\/03\/Auzannet-conf3.jpg 709w, https:\/\/gesiic-sorbonne.fr\/wp-content\/uploads\/2021\/03\/Auzannet-conf3-300x245.jpg 300w\" sizes=\"auto, (max-width: 709px) 100vw, 709px\" \/><\/figure><div class=\"wp-block-media-text__content\">\n<h4 class=\"wp-block-heading\"><strong><strong>PASCAL AUZANNET<\/strong><\/strong><\/h4>\n\n\n\n<p>nous a tenu une conf\u00e9rence intitul\u00e9e<\/p>\n\n\n\n<h4 class=\"wp-block-heading\">\u00ab\u00a0LE FUTUR M\u00c9TRO DU GRAND PARIS : ENJEUX ET CHRONIQUE D\u2019UNE D\u00c9CISION POLITIQUE\u00a0\u00bb<\/h4>\n\n\n\n<p><strong><strong>Jeudi 22 mai 2014 \u2013&nbsp;Amphith\u00e9\u00e2tre Bachelard<\/strong><\/strong>&nbsp;(Sorbonne)<\/p>\n<\/div><\/div>\n\n\n\n<p><\/p>\n\n\n\n<p>Le master GESIIC souhaite \u00e0 travers ces conf\u00e9rences participer aux d\u00e9bats structurants de l&rsquo;immobilier.<\/p>\n\n\n\n<p><\/p>\n","protected":false},"excerpt":{"rendered":"<p>Notre prochaine conf\u00e9rence : Quelques unes de nos conf\u00e9rences pass\u00e9es (liste non-exhaustive) : JEAN-FREDERIC HEINRY (+ Marie Pastier-Mollet et Guillaume &hellip; <\/p>\n","protected":false},"author":13,"featured_media":0,"parent":633,"menu_order":0,"comment_status":"closed","ping_status":"closed","template":"","meta":{"_cbd_carousel_blocks":"[]","_monsterinsights_skip_tracking":false,"_monsterinsights_sitenote_active":false,"_monsterinsights_sitenote_note":"","_monsterinsights_sitenote_category":0,"footnotes":""},"class_list":["post-1661","page","type-page","status-publish","hentry"],"yoast_head":"<!-- This site is optimized with the Yoast SEO plugin v16.1.1 - https:\/\/yoast.com\/wordpress\/plugins\/seo\/ -->\n<title>CONF\u00c9RENCES - Gestion et Strat\u00e9gie de l&#039;Investissement Immobilier et de la Construction<\/title>\n<link rel=\"canonical\" href=\"https:\/\/gesiic-sorbonne.fr\/?page_id=1661\" \/>\n<meta property=\"og:locale\" content=\"fr_FR\" \/>\n<meta property=\"og:type\" content=\"article\" \/>\n<meta property=\"og:title\" content=\"CONF\u00c9RENCES - Gestion et Strat\u00e9gie de l&#039;Investissement Immobilier et de la Construction\" \/>\n<meta property=\"og:description\" content=\"Notre prochaine conf\u00e9rence : Quelques unes de nos conf\u00e9rences pass\u00e9es (liste non-exhaustive) : JEAN-FREDERIC HEINRY (+ Marie Pastier-Mollet et Guillaume &hellip;\" \/>\n<meta property=\"og:url\" content=\"https:\/\/gesiic-sorbonne.fr\/?page_id=1661\" \/>\n<meta property=\"og:site_name\" content=\"Gestion et Strat\u00e9gie de l&#039;Investissement Immobilier et de la Construction\" \/>\n<meta property=\"article:modified_time\" content=\"2025-05-16T07:11:37+00:00\" \/>\n<meta property=\"og:image\" content=\"https:\/\/gesiic-sorbonne.fr\/wp-content\/uploads\/2024\/09\/ConferenceZAN2025.jpg\" \/>\n<meta name=\"twitter:card\" content=\"summary_large_image\" \/>\n<meta name=\"twitter:site\" content=\"@gesiic_sorbonne\" \/>\n<meta name=\"twitter:label1\" content=\"Dur\u00e9e de lecture est.\">\n\t<meta name=\"twitter:data1\" content=\"1 minute\">\n<script type=\"application\/ld+json\" class=\"yoast-schema-graph\">{\"@context\":\"https:\/\/schema.org\",\"@graph\":[{\"@type\":\"Organization\",\"@id\":\"https:\/\/gesiic-sorbonne.fr\/#organization\",\"name\":\"Master GESIIC de l'universit\\u00e9 Paris I\",\"url\":\"https:\/\/gesiic-sorbonne.fr\/\",\"sameAs\":[\"https:\/\/www.instagram.com\/master2gesiic\/?hl=en\",\"https:\/\/www.linkedin.com\/company\/m2-gesiic\/\",\"https:\/\/twitter.com\/gesiic_sorbonne\"],\"logo\":{\"@type\":\"ImageObject\",\"@id\":\"https:\/\/gesiic-sorbonne.fr\/#logo\",\"inLanguage\":\"fr-FR\",\"url\":\"https:\/\/gesiic-sorbonne.fr\/wp-content\/uploads\/2020\/12\/logo-master-1.png\",\"contentUrl\":\"https:\/\/gesiic-sorbonne.fr\/wp-content\/uploads\/2020\/12\/logo-master-1.png\",\"width\":318,\"height\":226,\"caption\":\"Master GESIIC de l'universit\\u00e9 Paris I\"},\"image\":{\"@id\":\"https:\/\/gesiic-sorbonne.fr\/#logo\"}},{\"@type\":\"WebSite\",\"@id\":\"https:\/\/gesiic-sorbonne.fr\/#website\",\"url\":\"https:\/\/gesiic-sorbonne.fr\/\",\"name\":\"Gestion et Strat\\u00e9gie de l'Investissement Immobilier et de la Construction\",\"description\":\"Nous formons les promoteurs et investisseurs immobiliers de demain qui fa\\u00e7onneront les villes d&#039;apr\\u00e8s-demain\",\"publisher\":{\"@id\":\"https:\/\/gesiic-sorbonne.fr\/#organization\"},\"potentialAction\":[{\"@type\":\"SearchAction\",\"target\":\"https:\/\/gesiic-sorbonne.fr\/?s={search_term_string}\",\"query-input\":\"required name=search_term_string\"}],\"inLanguage\":\"fr-FR\"},{\"@type\":\"ImageObject\",\"@id\":\"https:\/\/gesiic-sorbonne.fr\/?page_id=1661#primaryimage\",\"inLanguage\":\"fr-FR\",\"url\":\"https:\/\/gesiic-sorbonne.fr\/wp-content\/uploads\/2024\/09\/ConferenceZAN2025.jpg\",\"contentUrl\":\"https:\/\/gesiic-sorbonne.fr\/wp-content\/uploads\/2024\/09\/ConferenceZAN2025.jpg\",\"width\":1000,\"height\":632},{\"@type\":\"WebPage\",\"@id\":\"https:\/\/gesiic-sorbonne.fr\/?page_id=1661#webpage\",\"url\":\"https:\/\/gesiic-sorbonne.fr\/?page_id=1661\",\"name\":\"CONF\\u00c9RENCES - Gestion et Strat\\u00e9gie de l&#039;Investissement Immobilier et de la Construction\",\"isPartOf\":{\"@id\":\"https:\/\/gesiic-sorbonne.fr\/#website\"},\"primaryImageOfPage\":{\"@id\":\"https:\/\/gesiic-sorbonne.fr\/?page_id=1661#primaryimage\"},\"datePublished\":\"2021-03-31T08:45:23+00:00\",\"dateModified\":\"2025-05-16T07:11:37+00:00\",\"breadcrumb\":{\"@id\":\"https:\/\/gesiic-sorbonne.fr\/?page_id=1661#breadcrumb\"},\"inLanguage\":\"fr-FR\",\"potentialAction\":[{\"@type\":\"ReadAction\",\"target\":[\"https:\/\/gesiic-sorbonne.fr\/?page_id=1661\"]}]},{\"@type\":\"BreadcrumbList\",\"@id\":\"https:\/\/gesiic-sorbonne.fr\/?page_id=1661#breadcrumb\",\"itemListElement\":[{\"@type\":\"ListItem\",\"position\":1,\"item\":{\"@type\":\"WebPage\",\"@id\":\"https:\/\/gesiic-sorbonne.fr\/\",\"url\":\"https:\/\/gesiic-sorbonne.fr\/\",\"name\":\"Accueil\"}},{\"@type\":\"ListItem\",\"position\":2,\"item\":{\"@type\":\"WebPage\",\"@id\":\"https:\/\/gesiic-sorbonne.fr\/?page_id=629\",\"url\":\"https:\/\/gesiic-sorbonne.fr\/?page_id=629\",\"name\":\"LA VIE DU MASTER\"}},{\"@type\":\"ListItem\",\"position\":3,\"item\":{\"@type\":\"WebPage\",\"@id\":\"https:\/\/gesiic-sorbonne.fr\/?page_id=633\",\"url\":\"https:\/\/gesiic-sorbonne.fr\/?page_id=633\",\"name\":\"EV\\u00c8NEMENTS\"}},{\"@type\":\"ListItem\",\"position\":4,\"item\":{\"@type\":\"WebPage\",\"@id\":\"https:\/\/gesiic-sorbonne.fr\/?page_id=1661\",\"url\":\"https:\/\/gesiic-sorbonne.fr\/?page_id=1661\",\"name\":\"CONF\\u00c9RENCES\"}}]}]}<\/script>\n<!-- \/ Yoast SEO plugin. -->","_links":{"self":[{"href":"https:\/\/gesiic-sorbonne.fr\/index.php?rest_route=\/wp\/v2\/pages\/1661","targetHints":{"allow":["GET"]}}],"collection":[{"href":"https:\/\/gesiic-sorbonne.fr\/index.php?rest_route=\/wp\/v2\/pages"}],"about":[{"href":"https:\/\/gesiic-sorbonne.fr\/index.php?rest_route=\/wp\/v2\/types\/page"}],"author":[{"embeddable":true,"href":"https:\/\/gesiic-sorbonne.fr\/index.php?rest_route=\/wp\/v2\/users\/13"}],"replies":[{"embeddable":true,"href":"https:\/\/gesiic-sorbonne.fr\/index.php?rest_route=%2Fwp%2Fv2%2Fcomments&post=1661"}],"version-history":[{"count":22,"href":"https:\/\/gesiic-sorbonne.fr\/index.php?rest_route=\/wp\/v2\/pages\/1661\/revisions"}],"predecessor-version":[{"id":3947,"href":"https:\/\/gesiic-sorbonne.fr\/index.php?rest_route=\/wp\/v2\/pages\/1661\/revisions\/3947"}],"up":[{"embeddable":true,"href":"https:\/\/gesiic-sorbonne.fr\/index.php?rest_route=\/wp\/v2\/pages\/633"}],"wp:attachment":[{"href":"https:\/\/gesiic-sorbonne.fr\/index.php?rest_route=%2Fwp%2Fv2%2Fmedia&parent=1661"}],"curies":[{"name":"wp","href":"https:\/\/api.w.org\/{rel}","templated":true}]}}