{"id":1443,"date":"2021-01-28T22:04:40","date_gmt":"2021-01-28T21:04:40","guid":{"rendered":"https:\/\/gesiic-sorbonne.fr\/?page_id=1443"},"modified":"2026-04-16T00:42:08","modified_gmt":"2026-04-15T22:42:08","slug":"voyages-detudes","status":"publish","type":"page","link":"https:\/\/gesiic-sorbonne.fr\/?page_id=1443","title":{"rendered":"VOYAGES D&rsquo;\u00c9TUDES"},"content":{"rendered":"\n<p>D\u00e9couvrez les voyages d&rsquo;\u00e9tudes r\u00e9alis\u00e9s par le master Gesiic :<\/p>\n\n\n\n<figure class=\"wp-block-gallery has-nested-images columns-default is-cropped wp-block-gallery-1 is-layout-flex wp-block-gallery-is-layout-flex\">\n<figure class=\"wp-block-image size-large\"><img loading=\"lazy\" decoding=\"async\" width=\"300\" height=\"193\" data-id=\"4148\" src=\"https:\/\/gesiic-sorbonne.fr\/wp-content\/uploads\/2026\/04\/Bruxelles2026.jpg\" alt=\"\" class=\"wp-image-4148\"\/><figcaption class=\"wp-element-caption\"><strong>Bruxelles 2026<\/strong><\/figcaption><\/figure>\n\n\n\n<figure class=\"wp-block-image size-full\"><img loading=\"lazy\" decoding=\"async\" width=\"300\" height=\"193\" data-id=\"3613\" src=\"https:\/\/gesiic-sorbonne.fr\/wp-content\/uploads\/2024\/07\/Luxembourg-1.jpg\" alt=\"\" class=\"wp-image-3613\"\/><figcaption class=\"wp-element-caption\"><strong><mark style=\"background-color:rgba(0, 0, 0, 0)\" class=\"has-inline-color has-white-color\"><a href=\"https:\/\/twitter.com\/GESIIC_Sorbonne\/status\/1656622996453224452\" target=\"_blank\" rel=\"noreferrer noopener\">Luxembourg 2024<\/a><\/mark><\/strong><\/figcaption><\/figure>\n\n\n\n<figure class=\"wp-block-image size-large\"><img loading=\"lazy\" decoding=\"async\" width=\"300\" height=\"193\" data-id=\"3199\" src=\"https:\/\/gesiic-sorbonne.fr\/wp-content\/uploads\/2023\/05\/Voyage-Londres.jpg\" alt=\"\" class=\"wp-image-3199\"\/><figcaption class=\"wp-element-caption\"><strong><mark style=\"background-color:rgba(0, 0, 0, 0)\" class=\"has-inline-color has-white-color\"><a href=\"https:\/\/twitter.com\/GESIIC_Sorbonne\/status\/1656622996453224452\" target=\"_blank\" rel=\"noreferrer noopener\">Londres 2023<\/a><\/mark><\/strong><\/figcaption><\/figure>\n\n\n\n<figure class=\"wp-block-image size-large\"><img loading=\"lazy\" decoding=\"async\" width=\"300\" height=\"193\" data-id=\"2434\" src=\"https:\/\/gesiic-sorbonne.fr\/wp-content\/uploads\/2021\/12\/Voyage-Brux-1.jpg\" alt=\"\" class=\"wp-image-2434\"\/><figcaption class=\"wp-element-caption\"><strong><a href=\"https:\/\/twitter.com\/GESIIC_Sorbonne\/status\/1469949662392209408\" target=\"_blank\" rel=\"noreferrer noopener\"><mark style=\"background-color:rgba(0, 0, 0, 0)\" class=\"has-inline-color has-white-color\">Bruxelles 2021<\/mark><\/a><\/strong><\/figcaption><\/figure>\n\n\n\n<figure class=\"wp-block-image size-large\"><img loading=\"lazy\" decoding=\"async\" width=\"300\" height=\"193\" data-id=\"1449\" src=\"https:\/\/gesiic-sorbonne.fr\/wp-content\/uploads\/2021\/01\/dijon2019.jpg\" alt=\"\" class=\"wp-image-1449\"\/><figcaption class=\"wp-element-caption\"><a rel=\"noreferrer noopener\" href=\"https:\/\/twitter.com\/GESIIC_Sorbonne\/status\/1172604116738158592?s=20\" target=\"_blank\"><strong><span class=\"has-inline-color has-white-color\">Dijon 2019<\/span><\/strong><\/a><\/figcaption><\/figure>\n\n\n\n<figure class=\"wp-block-image size-full\"><img loading=\"lazy\" decoding=\"async\" width=\"300\" height=\"181\" data-id=\"1445\" src=\"https:\/\/gesiic-sorbonne.fr\/wp-content\/uploads\/2021\/01\/csm_Bruxelles2018_15f8cca231.jpg\" alt=\"\" class=\"wp-image-1445\"\/><figcaption class=\"wp-element-caption\"><strong><mark style=\"background-color:rgba(0, 0, 0, 0)\" class=\"has-inline-color has-white-color\"><a href=\"https:\/\/twitter.com\/GESIIC_Sorbonne\/status\/1066641248558219265\" target=\"_blank\" rel=\"noreferrer noopener\">Bruxelles 201<\/a><\/mark><\/strong><a href=\"https:\/\/www.pantheonsorbonne.fr\/fileadmin\/CEP\/Master-GESIIC\/Photos\/2018-19\/BI-Marseille2018.gif\" target=\"_blank\" rel=\"noreferrer noopener\"><strong><mark style=\"background-color:rgba(0, 0, 0, 0)\" class=\"has-inline-color has-white-color\">8<\/mark><\/strong><\/a><\/figcaption><\/figure>\n\n\n\n<figure class=\"wp-block-image size-large\"><img loading=\"lazy\" decoding=\"async\" width=\"300\" height=\"179\" data-id=\"1447\" src=\"https:\/\/gesiic-sorbonne.fr\/wp-content\/uploads\/2021\/01\/csm_Marseille-port_99d0eb5b52.jpg\" alt=\"\" class=\"wp-image-1447\"\/><figcaption class=\"wp-element-caption\"><a rel=\"noreferrer noopener\" href=\"https:\/\/www.pantheonsorbonne.fr\/fileadmin\/CEP\/Master-GESIIC\/Photos\/2018-19\/BI-Marseille2018.gif\" target=\"_blank\"><strong><span class=\"has-inline-color has-white-color\">Marseille 2018<\/span><\/strong><\/a><\/figcaption><\/figure>\n\n\n\n<figure class=\"wp-block-image size-large\"><img loading=\"lazy\" decoding=\"async\" width=\"299\" height=\"167\" data-id=\"1448\" src=\"https:\/\/gesiic-sorbonne.fr\/wp-content\/uploads\/2021\/01\/csm_Reims2017-MmeVautrin_3cfc386284.jpg\" alt=\"\" class=\"wp-image-1448\"\/><figcaption class=\"wp-element-caption\"><a rel=\"noreferrer noopener\" href=\"https:\/\/www.pantheonsorbonne.fr\/diplomes\/gesiic\/evenements\/voyages\/voyages-reims\/\" target=\"_blank\"><strong><span class=\"has-inline-color has-white-color\">Reims 2017<\/span><\/strong><\/a><\/figcaption><\/figure>\n\n\n\n<figure class=\"wp-block-image size-large\"><img loading=\"lazy\" decoding=\"async\" width=\"299\" height=\"176\" data-id=\"1444\" src=\"https:\/\/gesiic-sorbonne.fr\/wp-content\/uploads\/2021\/01\/csm_Brest-Arenaexterieur_82bbaf367b.jpg\" alt=\"\" class=\"wp-image-1444\"\/><figcaption class=\"wp-element-caption\"><strong><a href=\"https:\/\/gesiic-sorbonne.fr\/?page_id=1454\"><span class=\"has-inline-color has-white-color\">Brest 2016<\/span><\/a><\/strong><\/figcaption><\/figure>\n\n\n\n<figure class=\"wp-block-image size-full\"><img loading=\"lazy\" decoding=\"async\" width=\"300\" height=\"193\" data-id=\"2435\" src=\"https:\/\/gesiic-sorbonne.fr\/wp-content\/uploads\/2021\/12\/Voyage-Calais.jpg\" alt=\"\" class=\"wp-image-2435\"\/><figcaption class=\"wp-element-caption\"><strong><mark style=\"background-color:rgba(0, 0, 0, 0)\" class=\"has-inline-color has-white-color\"><a href=\"https:\/\/gesiic-sorbonne.fr\/?page_id=1458\" target=\"_blank\" rel=\"noreferrer noopener\">Calais 2015<\/a><\/mark><\/strong><\/figcaption><\/figure>\n\n\n\n<figure class=\"wp-block-image size-full\"><img loading=\"lazy\" decoding=\"async\" width=\"389\" height=\"323\" data-id=\"719\" src=\"https:\/\/gesiic-sorbonne.fr\/wp-content\/uploads\/2020\/12\/cropped-logo-2.png\" alt=\"\" class=\"wp-image-719\" srcset=\"https:\/\/gesiic-sorbonne.fr\/wp-content\/uploads\/2020\/12\/cropped-logo-2.png 389w, https:\/\/gesiic-sorbonne.fr\/wp-content\/uploads\/2020\/12\/cropped-logo-2-300x249.png 300w\" sizes=\"auto, (max-width: 389px) 100vw, 389px\" \/><\/figure>\n\n\n\n<figure class=\"wp-block-image size-full\"><img loading=\"lazy\" decoding=\"async\" width=\"389\" height=\"323\" data-id=\"719\" src=\"https:\/\/gesiic-sorbonne.fr\/wp-content\/uploads\/2020\/12\/cropped-logo-2.png\" alt=\"\" class=\"wp-image-719\" srcset=\"https:\/\/gesiic-sorbonne.fr\/wp-content\/uploads\/2020\/12\/cropped-logo-2.png 389w, https:\/\/gesiic-sorbonne.fr\/wp-content\/uploads\/2020\/12\/cropped-logo-2-300x249.png 300w\" sizes=\"auto, (max-width: 389px) 100vw, 389px\" \/><\/figure>\n<\/figure>\n\n\n\n<figure class=\"wp-block-gallery has-nested-images columns-default is-cropped wp-block-gallery-2 is-layout-flex wp-block-gallery-is-layout-flex\">\n<figure class=\"wp-block-image size-large\"><img loading=\"lazy\" decoding=\"async\" width=\"300\" height=\"193\" data-id=\"2436\" src=\"https:\/\/gesiic-sorbonne.fr\/wp-content\/uploads\/2021\/12\/Voyage-blanc.jpg\" alt=\"\" class=\"wp-image-2436\"\/><\/figure>\n\n\n\n<figure class=\"wp-block-image size-large\"><img loading=\"lazy\" decoding=\"async\" width=\"300\" height=\"193\" data-id=\"2436\" src=\"https:\/\/gesiic-sorbonne.fr\/wp-content\/uploads\/2021\/12\/Voyage-blanc.jpg\" alt=\"\" class=\"wp-image-2436\"\/><\/figure>\n<\/figure>\n\n\n\n<p><\/p>\n\n\n\n<p><\/p>\n\n\n\n<p><\/p>\n","protected":false},"excerpt":{"rendered":"<p>D\u00e9couvrez les voyages d&rsquo;\u00e9tudes r\u00e9alis\u00e9s par le master Gesiic :<\/p>\n","protected":false},"author":13,"featured_media":0,"parent":0,"menu_order":0,"comment_status":"closed","ping_status":"closed","template":"","meta":{"_cbd_carousel_blocks":"[]","_monsterinsights_skip_tracking":false,"_monsterinsights_sitenote_active":false,"_monsterinsights_sitenote_note":"","_monsterinsights_sitenote_category":0,"footnotes":""},"class_list":["post-1443","page","type-page","status-publish","hentry"],"yoast_head":"<!-- This site is optimized with the Yoast SEO plugin v16.1.1 - https:\/\/yoast.com\/wordpress\/plugins\/seo\/ -->\n<title>VOYAGES D&#039;\u00c9TUDES - Gestion et Strat\u00e9gie de l&#039;Investissement Immobilier et de la Construction<\/title>\n<link rel=\"canonical\" href=\"https:\/\/gesiic-sorbonne.fr\/?page_id=1443\" \/>\n<meta property=\"og:locale\" content=\"fr_FR\" \/>\n<meta property=\"og:type\" content=\"article\" \/>\n<meta property=\"og:title\" content=\"VOYAGES D&#039;\u00c9TUDES - Gestion et Strat\u00e9gie de l&#039;Investissement Immobilier et de la Construction\" \/>\n<meta property=\"og:description\" content=\"D\u00e9couvrez les voyages d&rsquo;\u00e9tudes r\u00e9alis\u00e9s par le master Gesiic :\" \/>\n<meta property=\"og:url\" content=\"https:\/\/gesiic-sorbonne.fr\/?page_id=1443\" \/>\n<meta property=\"og:site_name\" content=\"Gestion et Strat\u00e9gie de l&#039;Investissement Immobilier et de la Construction\" \/>\n<meta property=\"article:modified_time\" content=\"2026-04-15T22:42:08+00:00\" \/>\n<meta property=\"og:image\" content=\"https:\/\/gesiic-sorbonne.fr\/wp-content\/uploads\/2026\/04\/Bruxelles2026.jpg\" \/>\n<meta name=\"twitter:card\" content=\"summary_large_image\" \/>\n<meta name=\"twitter:site\" content=\"@gesiic_sorbonne\" \/>\n<meta name=\"twitter:label1\" content=\"Dur\u00e9e de lecture est.\">\n\t<meta name=\"twitter:data1\" content=\"3 minutes\">\n<script type=\"application\/ld+json\" class=\"yoast-schema-graph\">{\"@context\":\"https:\/\/schema.org\",\"@graph\":[{\"@type\":\"Organization\",\"@id\":\"https:\/\/gesiic-sorbonne.fr\/#organization\",\"name\":\"Master GESIIC de l'universit\\u00e9 Paris I\",\"url\":\"https:\/\/gesiic-sorbonne.fr\/\",\"sameAs\":[\"https:\/\/www.instagram.com\/master2gesiic\/?hl=en\",\"https:\/\/www.linkedin.com\/company\/m2-gesiic\/\",\"https:\/\/twitter.com\/gesiic_sorbonne\"],\"logo\":{\"@type\":\"ImageObject\",\"@id\":\"https:\/\/gesiic-sorbonne.fr\/#logo\",\"inLanguage\":\"fr-FR\",\"url\":\"https:\/\/gesiic-sorbonne.fr\/wp-content\/uploads\/2020\/12\/logo-master-1.png\",\"contentUrl\":\"https:\/\/gesiic-sorbonne.fr\/wp-content\/uploads\/2020\/12\/logo-master-1.png\",\"width\":318,\"height\":226,\"caption\":\"Master GESIIC de l'universit\\u00e9 Paris I\"},\"image\":{\"@id\":\"https:\/\/gesiic-sorbonne.fr\/#logo\"}},{\"@type\":\"WebSite\",\"@id\":\"https:\/\/gesiic-sorbonne.fr\/#website\",\"url\":\"https:\/\/gesiic-sorbonne.fr\/\",\"name\":\"Gestion et Strat\\u00e9gie de l'Investissement Immobilier et de la Construction\",\"description\":\"Nous formons les promoteurs et investisseurs immobiliers de demain qui fa\\u00e7onneront les villes d&#039;apr\\u00e8s-demain\",\"publisher\":{\"@id\":\"https:\/\/gesiic-sorbonne.fr\/#organization\"},\"potentialAction\":[{\"@type\":\"SearchAction\",\"target\":\"https:\/\/gesiic-sorbonne.fr\/?s={search_term_string}\",\"query-input\":\"required name=search_term_string\"}],\"inLanguage\":\"fr-FR\"},{\"@type\":\"ImageObject\",\"@id\":\"https:\/\/gesiic-sorbonne.fr\/?page_id=1443#primaryimage\",\"inLanguage\":\"fr-FR\",\"url\":\"https:\/\/gesiic-sorbonne.fr\/wp-content\/uploads\/2026\/04\/Bruxelles2026.jpg\",\"contentUrl\":\"https:\/\/gesiic-sorbonne.fr\/wp-content\/uploads\/2026\/04\/Bruxelles2026.jpg\",\"width\":300,\"height\":193},{\"@type\":\"WebPage\",\"@id\":\"https:\/\/gesiic-sorbonne.fr\/?page_id=1443#webpage\",\"url\":\"https:\/\/gesiic-sorbonne.fr\/?page_id=1443\",\"name\":\"VOYAGES D'\\u00c9TUDES - Gestion et Strat\\u00e9gie de l&#039;Investissement Immobilier et de la Construction\",\"isPartOf\":{\"@id\":\"https:\/\/gesiic-sorbonne.fr\/#website\"},\"primaryImageOfPage\":{\"@id\":\"https:\/\/gesiic-sorbonne.fr\/?page_id=1443#primaryimage\"},\"datePublished\":\"2021-01-28T21:04:40+00:00\",\"dateModified\":\"2026-04-15T22:42:08+00:00\",\"breadcrumb\":{\"@id\":\"https:\/\/gesiic-sorbonne.fr\/?page_id=1443#breadcrumb\"},\"inLanguage\":\"fr-FR\",\"potentialAction\":[{\"@type\":\"ReadAction\",\"target\":[\"https:\/\/gesiic-sorbonne.fr\/?page_id=1443\"]}]},{\"@type\":\"BreadcrumbList\",\"@id\":\"https:\/\/gesiic-sorbonne.fr\/?page_id=1443#breadcrumb\",\"itemListElement\":[{\"@type\":\"ListItem\",\"position\":1,\"item\":{\"@type\":\"WebPage\",\"@id\":\"https:\/\/gesiic-sorbonne.fr\/\",\"url\":\"https:\/\/gesiic-sorbonne.fr\/\",\"name\":\"Accueil\"}},{\"@type\":\"ListItem\",\"position\":2,\"item\":{\"@type\":\"WebPage\",\"@id\":\"https:\/\/gesiic-sorbonne.fr\/?page_id=1443\",\"url\":\"https:\/\/gesiic-sorbonne.fr\/?page_id=1443\",\"name\":\"VOYAGES D&rsquo;\\u00c9TUDES\"}}]}]}<\/script>\n<!-- \/ Yoast SEO plugin. -->","_links":{"self":[{"href":"https:\/\/gesiic-sorbonne.fr\/index.php?rest_route=\/wp\/v2\/pages\/1443","targetHints":{"allow":["GET"]}}],"collection":[{"href":"https:\/\/gesiic-sorbonne.fr\/index.php?rest_route=\/wp\/v2\/pages"}],"about":[{"href":"https:\/\/gesiic-sorbonne.fr\/index.php?rest_route=\/wp\/v2\/types\/page"}],"author":[{"embeddable":true,"href":"https:\/\/gesiic-sorbonne.fr\/index.php?rest_route=\/wp\/v2\/users\/13"}],"replies":[{"embeddable":true,"href":"https:\/\/gesiic-sorbonne.fr\/index.php?rest_route=%2Fwp%2Fv2%2Fcomments&post=1443"}],"version-history":[{"count":17,"href":"https:\/\/gesiic-sorbonne.fr\/index.php?rest_route=\/wp\/v2\/pages\/1443\/revisions"}],"predecessor-version":[{"id":4154,"href":"https:\/\/gesiic-sorbonne.fr\/index.php?rest_route=\/wp\/v2\/pages\/1443\/revisions\/4154"}],"wp:attachment":[{"href":"https:\/\/gesiic-sorbonne.fr\/index.php?rest_route=%2Fwp%2Fv2%2Fmedia&parent=1443"}],"curies":[{"name":"wp","href":"https:\/\/api.w.org\/{rel}","templated":true}]}}