{"id":1138,"date":"2021-01-26T17:31:05","date_gmt":"2021-01-26T16:31:05","guid":{"rendered":"https:\/\/gesiic-sorbonne.fr\/?page_id=1138"},"modified":"2025-05-28T11:07:43","modified_gmt":"2025-05-28T09:07:43","slug":"jobdating","status":"publish","type":"page","link":"https:\/\/gesiic-sorbonne.fr\/?page_id=1138","title":{"rendered":"JOBDATING"},"content":{"rendered":"\n<figure class=\"wp-block-table\"><table><tbody><tr><td><img loading=\"lazy\" decoding=\"async\" src=\"https:\/\/gesiic-sorbonne.fr\/wp-content\/uploads\/2021\/01\/jobdating-2019.gif\" alt=\"\" width=\"759\" height=\"221\"><\/td><td><a href=\"https:\/\/gesiic-sorbonne.fr\/wp-content\/uploads\/2022\/06\/BI-jobdating2022.gif\" target=\"_blank\" rel=\"noreferrer noopener\"><img loading=\"lazy\" decoding=\"async\" width=\"300\" height=\"224\" class=\"wp-image-2729\" style=\"width: 300px;\" src=\"https:\/\/gesiic-sorbonne.fr\/wp-content\/uploads\/2022\/06\/BI-jobdating2022.gif\" alt=\"\"><\/a><\/td><\/tr><\/tbody><\/table><\/figure>\n\n\n\n<p>Le master GESIIC organise chaque ann\u00e9e son jobdating (g\u00e9n\u00e9ralement en mai-juin).<\/p>\n\n\n\n<figure class=\"wp-block-table\"><table><tbody><tr><td><img decoding=\"async\" src=\"https:\/\/gesiic-sorbonne.fr\/wp-content\/uploads\/2021\/01\/JOBDATING.jpg\" alt=\"\" style=\"width: 2000px;\"><\/td><td><br><span class=\"has-inline-color has-white-color\">aaa<\/span><\/td><td>Lors de cet \u00e9v\u00e8nement, de nombreuses entreprises viennent faire passer des entretiens de recrutement \u00e0 nos \u00e9tudiants : \u00e9tudiants commen\u00e7ant leur master 1 ou 2, \u00e9tudiants finissant leur master 2 et alumnis. Les offres propos\u00e9es par les entreprises peuvent concerner des CDI (junior ou senior), des contrats de professionnalisation et des stages.<br><br><br>Le jobdating se d\u00e9roule traditionnellement dans l&rsquo;appartement D\u00e9canal (\u00e0 l&rsquo;exception des \u00e9ditions 2020 et 2021 en d\u00e9mat\u00e9rialis\u00e9 pour s&rsquo;adapter \u00e0 la situation sanitaire).<\/td><\/tr><\/tbody><\/table><\/figure>\n\n\n\n<p>Retrouvez les \u00e9ditions (en cliquant sur les ann\u00e9es)\u00a0<a href=\"https:\/\/gesiic-sorbonne.fr\/?p=1251\" target=\"_blank\" rel=\"noreferrer noopener\"><mark style=\"background-color:rgba(0, 0, 0, 0)\" class=\"has-inline-color has-vivid-cyan-blue-color\">2017<\/mark><\/a>,\u00a0<a href=\"https:\/\/gesiic-sorbonne.fr\/?p=1237\" target=\"_blank\" rel=\"noreferrer noopener\"><mark style=\"background-color:rgba(0, 0, 0, 0)\" class=\"has-inline-color has-vivid-cyan-blue-color\">2018<\/mark><\/a>, <a href=\"https:\/\/gesiic-sorbonne.fr\/?p=1221\" target=\"_blank\" rel=\"noreferrer noopener\"><mark style=\"background-color:rgba(0, 0, 0, 0)\" class=\"has-inline-color has-vivid-cyan-blue-color\">2019<\/mark><\/a>, <a href=\"https:\/\/gesiic-sorbonne.fr\/?p=1218\" target=\"_blank\" rel=\"noreferrer noopener\"><mark style=\"background-color:rgba(0, 0, 0, 0)\" class=\"has-inline-color has-vivid-cyan-blue-color\">2020<\/mark><\/a>, <a href=\"https:\/\/gesiic-sorbonne.fr\/?page_id=2170\" target=\"_blank\" rel=\"noreferrer noopener\"><mark style=\"background-color:rgba(0, 0, 0, 0)\" class=\"has-inline-color has-vivid-cyan-blue-color\">2021<\/mark><\/a>, <a href=\"https:\/\/gesiic-sorbonne.fr\/?p=2715\" target=\"_blank\" rel=\"noreferrer noopener\"><mark style=\"background-color:rgba(0, 0, 0, 0)\" class=\"has-inline-color has-vivid-cyan-blue-color\">2022<\/mark><\/a>, <a href=\"https:\/\/gesiic-sorbonne.fr\/?p=3210\" target=\"_blank\" rel=\"noreferrer noopener\"><mark style=\"background-color:rgba(0, 0, 0, 0)\" class=\"has-inline-color has-vivid-cyan-blue-color\">2023<\/mark><\/a>, <a href=\"https:\/\/gesiic-sorbonne.fr\/?page_id=3555\"><mark style=\"background-color:rgba(0, 0, 0, 0)\" class=\"has-inline-color has-vivid-cyan-blue-color\">2024<\/mark><\/a> et <a href=\"https:\/\/gesiic-sorbonne.fr\/?page_id=3952\" data-type=\"page\" data-id=\"3952\">2025<\/a>.<\/p>\n\n\n\n<p>Pour les entreprises qui souhaiteraient participer \u00e0 cet \u00e9v\u00e8nement, pri\u00e8re de nous envoyer la demande \u00e0 l&rsquo;adresse suivante : <a href=\"mailto:gesiic@univ-paris1.fr\">gesiic@univ-paris1.fr<\/a><\/p>\n\n\n\n<h3 class=\"wp-block-heading\">Quelques entreprises ayant particip\u00e9 \u00e0 nos derniers jobdatings<\/h3>\n\n\n\n<figure class=\"wp-block-table\"><table><tbody><tr><td class=\"has-text-align-center\" data-align=\"center\"><img decoding=\"async\" src=\"https:\/\/gesiic-sorbonne.fr\/wp-content\/uploads\/2021\/04\/allianz.jpg\" alt=\"\" style=\"width: 400px;\"><\/td><td><img loading=\"lazy\" decoding=\"async\" width=\"400\" height=\"56\" class=\"wp-image-2716\" style=\"width: 400px;\" src=\"https:\/\/gesiic-sorbonne.fr\/wp-content\/uploads\/2022\/05\/Logo-accessite.jpg\" alt=\"\" srcset=\"https:\/\/gesiic-sorbonne.fr\/wp-content\/uploads\/2022\/05\/Logo-accessite.jpg 515w, https:\/\/gesiic-sorbonne.fr\/wp-content\/uploads\/2022\/05\/Logo-accessite-300x42.jpg 300w\" sizes=\"auto, (max-width: 400px) 100vw, 400px\" \/><\/td><td class=\"has-text-align-center\" data-align=\"center\"><img decoding=\"async\" src=\"https:\/\/gesiic-sorbonne.fr\/wp-content\/uploads\/2021\/01\/altarea.png\" alt=\"\"><\/td><td><img loading=\"lazy\" decoding=\"async\" width=\"400\" height=\"206\" class=\"wp-image-2717\" style=\"width: 400px;\" src=\"https:\/\/gesiic-sorbonne.fr\/wp-content\/uploads\/2022\/05\/Logo-Angeris07.png\" alt=\"\" srcset=\"https:\/\/gesiic-sorbonne.fr\/wp-content\/uploads\/2022\/05\/Logo-Angeris07.png 375w, https:\/\/gesiic-sorbonne.fr\/wp-content\/uploads\/2022\/05\/Logo-Angeris07-300x154.png 300w\" sizes=\"auto, (max-width: 400px) 100vw, 400px\" \/><\/td><\/tr><tr><td class=\"has-text-align-center\" data-align=\"center\"><img decoding=\"async\" src=\"https:\/\/gesiic-sorbonne.fr\/wp-content\/uploads\/2021\/04\/logo-artelia-1024x1024.jpg\" alt=\"\" style=\"width: 400px;\"><\/td><td><img decoding=\"async\" src=\"https:\/\/gesiic-sorbonne.fr\/wp-content\/uploads\/2021\/07\/logoArthurLoyd.png\" alt=\"\" style=\"width: 300px;\"><\/td><td class=\"has-text-align-center\" data-align=\"center\"><img decoding=\"async\" src=\"https:\/\/gesiic-sorbonne.fr\/wp-content\/uploads\/2022\/04\/logo-BESIX.png\" alt=\"\" style=\"width: 400px;\"><\/td><td><img loading=\"lazy\" decoding=\"async\" width=\"300\" height=\"84\" class=\"wp-image-3568\" style=\"width: 300px;\" src=\"https:\/\/gesiic-sorbonne.fr\/wp-content\/uploads\/2024\/06\/logo-bnpre.png\" alt=\"\" srcset=\"https:\/\/gesiic-sorbonne.fr\/wp-content\/uploads\/2024\/06\/logo-bnpre.png 726w, https:\/\/gesiic-sorbonne.fr\/wp-content\/uploads\/2024\/06\/logo-bnpre-300x84.png 300w\" sizes=\"auto, (max-width: 300px) 100vw, 300px\" \/><\/td><\/tr><tr><td class=\"has-text-align-center\" data-align=\"center\"><img loading=\"lazy\" decoding=\"async\" width=\"400\" height=\"155\" class=\"wp-image-3220\" style=\"width: 400px;\" src=\"https:\/\/gesiic-sorbonne.fr\/wp-content\/uploads\/2023\/05\/Logo-Bouygues.gif\" alt=\"\"><\/td><td><img decoding=\"async\" style=\"width: 400px;\" src=\"https:\/\/gesiic-sorbonne.fr\/wp-content\/uploads\/2021\/04\/ca-immo.png\" alt=\"\"><\/td><td class=\"has-text-align-center\" data-align=\"center\"><img decoding=\"async\" style=\"width: 400px;\" src=\"https:\/\/gesiic-sorbonne.fr\/wp-content\/uploads\/2021\/01\/capsynthese.png\" alt=\"\"><\/td><td><img decoding=\"async\" style=\"width: 350px;\" src=\"https:\/\/gesiic-sorbonne.fr\/wp-content\/uploads\/2021\/04\/cropped-icon_CBRE.png\" alt=\"\"><\/td><\/tr><tr><td class=\"has-text-align-center\" data-align=\"center\"><img loading=\"lazy\" decoding=\"async\" width=\"400\" height=\"99\" class=\"wp-image-3569\" style=\"width: 400px;\" src=\"https:\/\/gesiic-sorbonne.fr\/wp-content\/uploads\/2024\/06\/LogoCDC-habitat.png\" alt=\"\" srcset=\"https:\/\/gesiic-sorbonne.fr\/wp-content\/uploads\/2024\/06\/LogoCDC-habitat.png 2560w, https:\/\/gesiic-sorbonne.fr\/wp-content\/uploads\/2024\/06\/LogoCDC-habitat-300x74.png 300w, https:\/\/gesiic-sorbonne.fr\/wp-content\/uploads\/2024\/06\/LogoCDC-habitat-1024x253.png 1024w, https:\/\/gesiic-sorbonne.fr\/wp-content\/uploads\/2024\/06\/LogoCDC-habitat-768x190.png 768w, https:\/\/gesiic-sorbonne.fr\/wp-content\/uploads\/2024\/06\/LogoCDC-habitat-1536x380.png 1536w, https:\/\/gesiic-sorbonne.fr\/wp-content\/uploads\/2024\/06\/LogoCDC-habitat-2048x506.png 2048w\" sizes=\"auto, (max-width: 400px) 100vw, 400px\" \/><\/td><td><img decoding=\"async\" style=\"width: 400px;\" src=\"https:\/\/gesiic-sorbonne.fr\/wp-content\/uploads\/2021\/01\/logo-constructa.png\" alt=\"\"><\/td><td class=\"has-text-align-center\" data-align=\"center\"><img decoding=\"async\" style=\"width: 400px;\" src=\"https:\/\/gesiic-sorbonne.fr\/wp-content\/uploads\/2021\/01\/eiffage.png\" alt=\"\"><\/td><td><img decoding=\"async\" style=\"width: 400px;\" src=\"https:\/\/gesiic-sorbonne.fr\/wp-content\/uploads\/2021\/07\/logoEtyo.png\" alt=\"\"><\/td><\/tr><tr><td class=\"has-text-align-center\" data-align=\"center\"><img loading=\"lazy\" decoding=\"async\" width=\"400\" height=\"400\" class=\"wp-image-3219\" style=\"width: 400px;\" src=\"https:\/\/gesiic-sorbonne.fr\/wp-content\/uploads\/2023\/05\/Logo-Evolis.gif\" alt=\"\"><\/td><td><img decoding=\"async\" src=\"https:\/\/gesiic-sorbonne.fr\/wp-content\/uploads\/2021\/07\/Logo_Foncia.png\" alt=\"\"><\/td><td class=\"has-text-align-center\" data-align=\"center\"><img decoding=\"async\" src=\"https:\/\/gesiic-sorbonne.fr\/wp-content\/uploads\/2022\/05\/Logo-gecina-logo-darkblue.png\" alt=\"\"><\/td><td><img decoding=\"async\" src=\"https:\/\/gesiic-sorbonne.fr\/wp-content\/uploads\/2021\/01\/icade.png\" alt=\"\"><\/td><\/tr><tr><td class=\"has-text-align-center\" data-align=\"center\"><img decoding=\"async\" src=\"https:\/\/gesiic-sorbonne.fr\/wp-content\/uploads\/2021\/04\/ID-AL-Groupe.png\" alt=\"\"><\/td><td><img decoding=\"async\" src=\"https:\/\/gesiic-sorbonne.fr\/wp-content\/uploads\/2021\/07\/immo-mousquetaires-squarelogo-1591077833268.png\" alt=\"\"><\/td><td class=\"has-text-align-center\" data-align=\"center\"><img decoding=\"async\" src=\"https:\/\/gesiic-sorbonne.fr\/wp-content\/uploads\/2021\/07\/logoImmobel.png\" alt=\"\"><\/td><td><img decoding=\"async\" style=\"width: 400px;\" src=\"https:\/\/gesiic-sorbonne.fr\/wp-content\/uploads\/2021\/04\/1200px-JLL_logo.svg_-1024x457.png\" alt=\"\"><\/td><\/tr><tr><td class=\"has-text-align-center\" data-align=\"center\"><img loading=\"lazy\" decoding=\"async\" width=\"150\" height=\"62\" class=\"wp-image-3570\" style=\"width: 150px;\" src=\"https:\/\/gesiic-sorbonne.fr\/wp-content\/uploads\/2024\/06\/Logo-Knight_Frank_Logo.svg_.png\" alt=\"\" srcset=\"https:\/\/gesiic-sorbonne.fr\/wp-content\/uploads\/2024\/06\/Logo-Knight_Frank_Logo.svg_.png 1280w, https:\/\/gesiic-sorbonne.fr\/wp-content\/uploads\/2024\/06\/Logo-Knight_Frank_Logo.svg_-300x124.png 300w, https:\/\/gesiic-sorbonne.fr\/wp-content\/uploads\/2024\/06\/Logo-Knight_Frank_Logo.svg_-1024x422.png 1024w, https:\/\/gesiic-sorbonne.fr\/wp-content\/uploads\/2024\/06\/Logo-Knight_Frank_Logo.svg_-768x316.png 768w\" sizes=\"auto, (max-width: 150px) 100vw, 150px\" \/><\/td><td><img loading=\"lazy\" decoding=\"async\" width=\"400\" height=\"399\" class=\"wp-image-3221\" style=\"width: 400px;\" src=\"https:\/\/gesiic-sorbonne.fr\/wp-content\/uploads\/2023\/05\/Logo-LNC2.jpg\" alt=\"\" srcset=\"https:\/\/gesiic-sorbonne.fr\/wp-content\/uploads\/2023\/05\/Logo-LNC2.jpg 301w, https:\/\/gesiic-sorbonne.fr\/wp-content\/uploads\/2023\/05\/Logo-LNC2-150x150.jpg 150w, https:\/\/gesiic-sorbonne.fr\/wp-content\/uploads\/2023\/05\/Logo-LNC2-250x250.jpg 250w, https:\/\/gesiic-sorbonne.fr\/wp-content\/uploads\/2023\/05\/Logo-LNC2-70x70.jpg 70w, https:\/\/gesiic-sorbonne.fr\/wp-content\/uploads\/2023\/05\/Logo-LNC2-246x246.jpg 246w, https:\/\/gesiic-sorbonne.fr\/wp-content\/uploads\/2023\/05\/Logo-LNC2-276x276.jpg 276w, https:\/\/gesiic-sorbonne.fr\/wp-content\/uploads\/2023\/05\/Logo-LNC2-125x125.jpg 125w\" sizes=\"auto, (max-width: 400px) 100vw, 400px\" \/><\/td><td class=\"has-text-align-center\" data-align=\"center\"><img loading=\"lazy\" decoding=\"async\" width=\"150\" height=\"55\" class=\"wp-image-3571\" style=\"width: 150px;\" src=\"https:\/\/gesiic-sorbonne.fr\/wp-content\/uploads\/2024\/06\/Logo-Marignan.png\" alt=\"\" srcset=\"https:\/\/gesiic-sorbonne.fr\/wp-content\/uploads\/2024\/06\/Logo-Marignan.png 369w, https:\/\/gesiic-sorbonne.fr\/wp-content\/uploads\/2024\/06\/Logo-Marignan-300x111.png 300w\" sizes=\"auto, (max-width: 150px) 100vw, 150px\" \/><\/td><td><img loading=\"lazy\" decoding=\"async\" width=\"400\" height=\"209\" class=\"wp-image-2719\" style=\"width: 400px;\" src=\"https:\/\/gesiic-sorbonne.fr\/wp-content\/uploads\/2022\/05\/logo-MPage.png\" alt=\"\" srcset=\"https:\/\/gesiic-sorbonne.fr\/wp-content\/uploads\/2022\/05\/logo-MPage.png 1200w, https:\/\/gesiic-sorbonne.fr\/wp-content\/uploads\/2022\/05\/logo-MPage-300x157.png 300w, https:\/\/gesiic-sorbonne.fr\/wp-content\/uploads\/2022\/05\/logo-MPage-1024x536.png 1024w, https:\/\/gesiic-sorbonne.fr\/wp-content\/uploads\/2022\/05\/logo-MPage-768x402.png 768w\" sizes=\"auto, (max-width: 400px) 100vw, 400px\" \/><\/td><\/tr><tr><td class=\"has-text-align-center\" data-align=\"center\"><img decoding=\"async\" src=\"https:\/\/gesiic-sorbonne.fr\/wp-content\/uploads\/2021\/01\/nexity.png\" alt=\"\" style=\"width: 400px;\"><\/td><td><img decoding=\"async\" src=\"https:\/\/gesiic-sorbonne.fr\/wp-content\/uploads\/2021\/04\/ogic_logo_sans-signature_noir_rvb-1024x640-1.jpg\" alt=\"\" style=\"width: 400px;\"><\/td><td class=\"has-text-align-center\" data-align=\"center\"><img decoding=\"async\" src=\"https:\/\/gesiic-sorbonne.fr\/wp-content\/uploads\/2021\/01\/csm_PAREFbaseline-Logo_a9d4c52d25.jpg\" alt=\"\" style=\"width: 400px;\"><\/td><td><img loading=\"lazy\" decoding=\"async\" width=\"300\" height=\"88\" class=\"wp-image-3572\" style=\"width: 300px;\" src=\"https:\/\/gesiic-sorbonne.fr\/wp-content\/uploads\/2024\/06\/Logo-parella-colorblack-gres.png\" alt=\"\" srcset=\"https:\/\/gesiic-sorbonne.fr\/wp-content\/uploads\/2024\/06\/Logo-parella-colorblack-gres.png 758w, https:\/\/gesiic-sorbonne.fr\/wp-content\/uploads\/2024\/06\/Logo-parella-colorblack-gres-300x88.png 300w, https:\/\/gesiic-sorbonne.fr\/wp-content\/uploads\/2024\/06\/Logo-parella-colorblack-gres-750x223.png 750w\" sizes=\"auto, (max-width: 300px) 100vw, 300px\" \/><\/td><\/tr><tr><td class=\"has-text-align-center\" data-align=\"center\"><img decoding=\"async\" src=\"https:\/\/gesiic-sorbonne.fr\/wp-content\/uploads\/2023\/05\/Logo-Pichet.jpg\" alt=\"\"><\/td><td><img loading=\"lazy\" decoding=\"async\" width=\"400\" height=\"156\" class=\"wp-image-3216\" style=\"width: 400px;\" src=\"https:\/\/gesiic-sorbonne.fr\/wp-content\/uploads\/2023\/05\/Logo-SCC.jpg\" alt=\"\" srcset=\"https:\/\/gesiic-sorbonne.fr\/wp-content\/uploads\/2023\/05\/Logo-SCC.jpg 512w, https:\/\/gesiic-sorbonne.fr\/wp-content\/uploads\/2023\/05\/Logo-SCC-300x117.jpg 300w\" sizes=\"auto, (max-width: 400px) 100vw, 400px\" \/><\/td><td class=\"has-text-align-center\" data-align=\"center\"><img loading=\"lazy\" decoding=\"async\" width=\"400\" height=\"136\" class=\"wp-image-3573\" style=\"width: 400px;\" src=\"https:\/\/gesiic-sorbonne.fr\/wp-content\/uploads\/2024\/06\/Logo-URW.png\" alt=\"\" srcset=\"https:\/\/gesiic-sorbonne.fr\/wp-content\/uploads\/2024\/06\/Logo-URW.png 2560w, https:\/\/gesiic-sorbonne.fr\/wp-content\/uploads\/2024\/06\/Logo-URW-300x102.png 300w, https:\/\/gesiic-sorbonne.fr\/wp-content\/uploads\/2024\/06\/Logo-URW-1024x347.png 1024w, https:\/\/gesiic-sorbonne.fr\/wp-content\/uploads\/2024\/06\/Logo-URW-768x260.png 768w, https:\/\/gesiic-sorbonne.fr\/wp-content\/uploads\/2024\/06\/Logo-URW-1536x521.png 1536w, https:\/\/gesiic-sorbonne.fr\/wp-content\/uploads\/2024\/06\/Logo-URW-2048x694.png 2048w\" sizes=\"auto, (max-width: 400px) 100vw, 400px\" \/><\/td><td><img decoding=\"async\" style=\"width: 400px;\" src=\"https:\/\/gesiic-sorbonne.fr\/wp-content\/uploads\/2021\/01\/csm_upstone-logo_7705400082.jpg\" alt=\"\"><\/td><\/tr><\/tbody><\/table><\/figure>\n\n\n\n<p><\/p>\n\n\n\n<p><\/p>\n\n\n\n<hr class=\"wp-block-separator has-css-opacity\"\/>\n\n\n\n<div class=\"wp-block-media-text alignwide is-stacked-on-mobile\" style=\"grid-template-columns:25% auto\"><figure class=\"wp-block-media-text__media\"><img loading=\"lazy\" decoding=\"async\" width=\"250\" height=\"250\" src=\"https:\/\/gesiic-sorbonne.fr\/wp-content\/uploads\/2023\/06\/Brillet.jpg\" alt=\"\" class=\"wp-image-3225 size-full\" srcset=\"https:\/\/gesiic-sorbonne.fr\/wp-content\/uploads\/2023\/06\/Brillet.jpg 250w, https:\/\/gesiic-sorbonne.fr\/wp-content\/uploads\/2023\/06\/Brillet-150x150.jpg 150w, https:\/\/gesiic-sorbonne.fr\/wp-content\/uploads\/2023\/06\/Brillet-70x70.jpg 70w, https:\/\/gesiic-sorbonne.fr\/wp-content\/uploads\/2023\/06\/Brillet-246x246.jpg 246w, https:\/\/gesiic-sorbonne.fr\/wp-content\/uploads\/2023\/06\/Brillet-125x125.jpg 125w\" sizes=\"auto, (max-width: 250px) 100vw, 250px\" \/><\/figure><div class=\"wp-block-media-text__content\">\n<p><em>\u00ab\u00a0<\/em>&nbsp;<em>Nous \u00e9tions ravis d\u2019avoir pu rencontrer les \u00e9tudiants du Gesiic. Avec mon \u00e9quipe, nous avons pu \u00e9changer avec de nombreux profils ayant des projets professionnels tr\u00e8s vari\u00e9s.\u00a0\u00bb<\/em><\/p>\n\n\n\n<p><\/p>\n\n\n\n<p class=\"has-text-align-right\"><strong>Florentine BRILLET<\/strong><br>Charg\u00e9e de Recrutement &#8211; <a href=\"https:\/\/www.la-francaise.com\/fr\/\" target=\"_blank\" rel=\"noreferrer noopener\"><mark style=\"background-color:rgba(0, 0, 0, 0)\" class=\"has-inline-color has-vivid-cyan-blue-color\">La Fran\u00e7aise<\/mark><\/a><\/p>\n<\/div><\/div>\n\n\n\n<hr class=\"wp-block-separator has-alpha-channel-opacity\"\/>\n\n\n\n<p>Pour les entreprises souhaitant participer \u00e0 notre prochain jobdating, pri\u00e8re de nous en faire part par mail \u00e0 <a href=\"mailto:gesiic@univ-paris1.fr\"><mark style=\"background-color:rgba(0, 0, 0, 0)\" class=\"has-inline-color has-vivid-cyan-blue-color\">gesiic@univ-paris1.fr<\/mark><\/a> .<\/p>\n","protected":false},"excerpt":{"rendered":"<p>Le master GESIIC organise chaque ann\u00e9e son jobdating (g\u00e9n\u00e9ralement en mai-juin). aaa Lors de cet \u00e9v\u00e8nement, de nombreuses entreprises viennent &hellip; <\/p>\n","protected":false},"author":13,"featured_media":0,"parent":633,"menu_order":0,"comment_status":"closed","ping_status":"closed","template":"","meta":{"_cbd_carousel_blocks":"[]","_monsterinsights_skip_tracking":false,"_monsterinsights_sitenote_active":false,"_monsterinsights_sitenote_note":"","_monsterinsights_sitenote_category":0,"footnotes":""},"class_list":["post-1138","page","type-page","status-publish","hentry"],"yoast_head":"<!-- This site is optimized with the Yoast SEO plugin v16.1.1 - https:\/\/yoast.com\/wordpress\/plugins\/seo\/ -->\n<title>JOBDATING - Gestion et Strat\u00e9gie de l&#039;Investissement Immobilier et de la Construction<\/title>\n<link rel=\"canonical\" href=\"https:\/\/gesiic-sorbonne.fr\/?page_id=1138\" \/>\n<meta property=\"og:locale\" content=\"fr_FR\" \/>\n<meta property=\"og:type\" content=\"article\" \/>\n<meta property=\"og:title\" content=\"JOBDATING - Gestion et Strat\u00e9gie de l&#039;Investissement Immobilier et de la Construction\" \/>\n<meta property=\"og:description\" content=\"Le master GESIIC organise chaque ann\u00e9e son jobdating (g\u00e9n\u00e9ralement en mai-juin). aaa Lors de cet \u00e9v\u00e8nement, de nombreuses entreprises viennent &hellip;\" \/>\n<meta property=\"og:url\" content=\"https:\/\/gesiic-sorbonne.fr\/?page_id=1138\" \/>\n<meta property=\"og:site_name\" content=\"Gestion et Strat\u00e9gie de l&#039;Investissement Immobilier et de la Construction\" \/>\n<meta property=\"article:modified_time\" content=\"2025-05-28T09:07:43+00:00\" \/>\n<meta property=\"og:image\" content=\"https:\/\/gesiic-sorbonne.fr\/wp-content\/uploads\/2021\/01\/jobdating-2019.gif\" \/>\n<meta name=\"twitter:card\" content=\"summary_large_image\" \/>\n<meta name=\"twitter:site\" content=\"@gesiic_sorbonne\" \/>\n<meta name=\"twitter:label1\" content=\"Dur\u00e9e de lecture est.\">\n\t<meta name=\"twitter:data1\" content=\"9 minutes\">\n<script type=\"application\/ld+json\" class=\"yoast-schema-graph\">{\"@context\":\"https:\/\/schema.org\",\"@graph\":[{\"@type\":\"Organization\",\"@id\":\"https:\/\/gesiic-sorbonne.fr\/#organization\",\"name\":\"Master GESIIC de l'universit\\u00e9 Paris I\",\"url\":\"https:\/\/gesiic-sorbonne.fr\/\",\"sameAs\":[\"https:\/\/www.instagram.com\/master2gesiic\/?hl=en\",\"https:\/\/www.linkedin.com\/company\/m2-gesiic\/\",\"https:\/\/twitter.com\/gesiic_sorbonne\"],\"logo\":{\"@type\":\"ImageObject\",\"@id\":\"https:\/\/gesiic-sorbonne.fr\/#logo\",\"inLanguage\":\"fr-FR\",\"url\":\"https:\/\/gesiic-sorbonne.fr\/wp-content\/uploads\/2020\/12\/logo-master-1.png\",\"contentUrl\":\"https:\/\/gesiic-sorbonne.fr\/wp-content\/uploads\/2020\/12\/logo-master-1.png\",\"width\":318,\"height\":226,\"caption\":\"Master GESIIC de l'universit\\u00e9 Paris I\"},\"image\":{\"@id\":\"https:\/\/gesiic-sorbonne.fr\/#logo\"}},{\"@type\":\"WebSite\",\"@id\":\"https:\/\/gesiic-sorbonne.fr\/#website\",\"url\":\"https:\/\/gesiic-sorbonne.fr\/\",\"name\":\"Gestion et Strat\\u00e9gie de l'Investissement Immobilier et de la Construction\",\"description\":\"Nous formons les promoteurs et investisseurs immobiliers de demain qui fa\\u00e7onneront les villes d&#039;apr\\u00e8s-demain\",\"publisher\":{\"@id\":\"https:\/\/gesiic-sorbonne.fr\/#organization\"},\"potentialAction\":[{\"@type\":\"SearchAction\",\"target\":\"https:\/\/gesiic-sorbonne.fr\/?s={search_term_string}\",\"query-input\":\"required name=search_term_string\"}],\"inLanguage\":\"fr-FR\"},{\"@type\":\"ImageObject\",\"@id\":\"https:\/\/gesiic-sorbonne.fr\/?page_id=1138#primaryimage\",\"inLanguage\":\"fr-FR\",\"url\":\"https:\/\/gesiic-sorbonne.fr\/wp-content\/uploads\/2021\/01\/jobdating-2019.gif\",\"contentUrl\":\"https:\/\/gesiic-sorbonne.fr\/wp-content\/uploads\/2021\/01\/jobdating-2019.gif\",\"width\":734,\"height\":214},{\"@type\":\"WebPage\",\"@id\":\"https:\/\/gesiic-sorbonne.fr\/?page_id=1138#webpage\",\"url\":\"https:\/\/gesiic-sorbonne.fr\/?page_id=1138\",\"name\":\"JOBDATING - Gestion et Strat\\u00e9gie de l&#039;Investissement Immobilier et de la Construction\",\"isPartOf\":{\"@id\":\"https:\/\/gesiic-sorbonne.fr\/#website\"},\"primaryImageOfPage\":{\"@id\":\"https:\/\/gesiic-sorbonne.fr\/?page_id=1138#primaryimage\"},\"datePublished\":\"2021-01-26T16:31:05+00:00\",\"dateModified\":\"2025-05-28T09:07:43+00:00\",\"breadcrumb\":{\"@id\":\"https:\/\/gesiic-sorbonne.fr\/?page_id=1138#breadcrumb\"},\"inLanguage\":\"fr-FR\",\"potentialAction\":[{\"@type\":\"ReadAction\",\"target\":[\"https:\/\/gesiic-sorbonne.fr\/?page_id=1138\"]}]},{\"@type\":\"BreadcrumbList\",\"@id\":\"https:\/\/gesiic-sorbonne.fr\/?page_id=1138#breadcrumb\",\"itemListElement\":[{\"@type\":\"ListItem\",\"position\":1,\"item\":{\"@type\":\"WebPage\",\"@id\":\"https:\/\/gesiic-sorbonne.fr\/\",\"url\":\"https:\/\/gesiic-sorbonne.fr\/\",\"name\":\"Accueil\"}},{\"@type\":\"ListItem\",\"position\":2,\"item\":{\"@type\":\"WebPage\",\"@id\":\"https:\/\/gesiic-sorbonne.fr\/?page_id=629\",\"url\":\"https:\/\/gesiic-sorbonne.fr\/?page_id=629\",\"name\":\"LA VIE DU MASTER\"}},{\"@type\":\"ListItem\",\"position\":3,\"item\":{\"@type\":\"WebPage\",\"@id\":\"https:\/\/gesiic-sorbonne.fr\/?page_id=633\",\"url\":\"https:\/\/gesiic-sorbonne.fr\/?page_id=633\",\"name\":\"EV\\u00c8NEMENTS\"}},{\"@type\":\"ListItem\",\"position\":4,\"item\":{\"@type\":\"WebPage\",\"@id\":\"https:\/\/gesiic-sorbonne.fr\/?page_id=1138\",\"url\":\"https:\/\/gesiic-sorbonne.fr\/?page_id=1138\",\"name\":\"JOBDATING\"}}]}]}<\/script>\n<!-- \/ Yoast SEO plugin. -->","_links":{"self":[{"href":"https:\/\/gesiic-sorbonne.fr\/index.php?rest_route=\/wp\/v2\/pages\/1138","targetHints":{"allow":["GET"]}}],"collection":[{"href":"https:\/\/gesiic-sorbonne.fr\/index.php?rest_route=\/wp\/v2\/pages"}],"about":[{"href":"https:\/\/gesiic-sorbonne.fr\/index.php?rest_route=\/wp\/v2\/types\/page"}],"author":[{"embeddable":true,"href":"https:\/\/gesiic-sorbonne.fr\/index.php?rest_route=\/wp\/v2\/users\/13"}],"replies":[{"embeddable":true,"href":"https:\/\/gesiic-sorbonne.fr\/index.php?rest_route=%2Fwp%2Fv2%2Fcomments&post=1138"}],"version-history":[{"count":50,"href":"https:\/\/gesiic-sorbonne.fr\/index.php?rest_route=\/wp\/v2\/pages\/1138\/revisions"}],"predecessor-version":[{"id":3956,"href":"https:\/\/gesiic-sorbonne.fr\/index.php?rest_route=\/wp\/v2\/pages\/1138\/revisions\/3956"}],"up":[{"embeddable":true,"href":"https:\/\/gesiic-sorbonne.fr\/index.php?rest_route=\/wp\/v2\/pages\/633"}],"wp:attachment":[{"href":"https:\/\/gesiic-sorbonne.fr\/index.php?rest_route=%2Fwp%2Fv2%2Fmedia&parent=1138"}],"curies":[{"name":"wp","href":"https:\/\/api.w.org\/{rel}","templated":true}]}}